{"id":9863,"date":"2025-09-28T03:47:22","date_gmt":"2025-09-28T03:47:22","guid":{"rendered":"https:\/\/dersuessestopp.com\/product\/x-encoder-belt-for-vulpes-and-aquila-class-devices\/"},"modified":"2025-09-28T04:10:18","modified_gmt":"2025-09-28T04:10:18","slug":"remen-x-enkodera-za-uredaje-klase-vulpes-i-aquila","status":"publish","type":"product","link":"https:\/\/dersuessestopp.com\/hr\/product\/x-encoder-belt-for-vulpes-and-aquila-class-devices\/","title":{"rendered":"X remen enkodera (za ure\u0111aje klase VULPES i AQUILA)"},"content":{"rendered":"<p>Konstantno o\u010ditavanje polo\u017eaja: Remen enkodera osigurava kontinuirano o\u010ditavanje polo\u017eaja nosa\u010da\/glave, \u0161to je klju\u010dno za odr\u017eavanje stabilnosti i preciznosti ispisa. Robusna konstrukcija: Izra\u0111en od izdr\u017eljivih materijala, remen enkodera karakterizira izdr\u017eljivost, otpornost na habanje i dugi vijek trajanja. Kompatibilnost s Imago modelima: To jam\u010di potpunu kompatibilnost i operativnu u\u010dinkovitost.<\/p>","protected":false},"excerpt":{"rendered":"<p>Enkoder remen klju\u010dni je element sustava ispisa. To je izuzetno va\u017ena komponenta koja utje\u010de na stabilnost, preciznost i u\u010dinkovitost cijelog procesa ispisa.<\/p>","protected":false},"featured_media":9838,"comment_status":"open","ping_status":"closed","template":"","meta":[],"product_brand":[],"product_cat":[84,76,38,85,75,77],"product_tag":[],"class_list":{"0":"post-9863","1":"product","2":"type-product","3":"status-publish","4":"has-post-thumbnail","6":"product_cat-aluminum-printers","7":"product_cat-food-printers","8":"product_cat-imago-food-printers","9":"product_cat-nano-solvent-printers","10":"product_cat-operation-of-devices","11":"product_cat-uv-led-printers","13":"first","14":"instock","15":"shipping-taxable","16":"purchasable","17":"product-type-simple"},"_links":{"self":[{"href":"https:\/\/dersuessestopp.com\/hr\/wp-json\/wp\/v2\/product\/9863","targetHints":{"allow":["GET"]}}],"collection":[{"href":"https:\/\/dersuessestopp.com\/hr\/wp-json\/wp\/v2\/product"}],"about":[{"href":"https:\/\/dersuessestopp.com\/hr\/wp-json\/wp\/v2\/types\/product"}],"replies":[{"embeddable":true,"href":"https:\/\/dersuessestopp.com\/hr\/wp-json\/wp\/v2\/comments?post=9863"}],"version-history":[{"count":1,"href":"https:\/\/dersuessestopp.com\/hr\/wp-json\/wp\/v2\/product\/9863\/revisions"}],"predecessor-version":[{"id":10000,"href":"https:\/\/dersuessestopp.com\/hr\/wp-json\/wp\/v2\/product\/9863\/revisions\/10000"}],"wp:featuredmedia":[{"embeddable":true,"href":"https:\/\/dersuessestopp.com\/hr\/wp-json\/wp\/v2\/media\/9838"}],"wp:attachment":[{"href":"https:\/\/dersuessestopp.com\/hr\/wp-json\/wp\/v2\/media?parent=9863"}],"wp:term":[{"taxonomy":"product_brand","embeddable":true,"href":"https:\/\/dersuessestopp.com\/hr\/wp-json\/wp\/v2\/product_brand?post=9863"},{"taxonomy":"product_cat","embeddable":true,"href":"https:\/\/dersuessestopp.com\/hr\/wp-json\/wp\/v2\/product_cat?post=9863"},{"taxonomy":"product_tag","embeddable":true,"href":"https:\/\/dersuessestopp.com\/hr\/wp-json\/wp\/v2\/product_tag?post=9863"}],"curies":[{"name":"wp","href":"https:\/\/api.w.org\/{rel}","templated":true}]}}