{"id":9862,"date":"2025-09-28T03:47:22","date_gmt":"2025-09-28T03:47:22","guid":{"rendered":"https:\/\/dersuessestopp.com\/product\/dust-free-sticks-5-pieces\/"},"modified":"2025-09-28T04:10:18","modified_gmt":"2025-09-28T04:10:18","slug":"stapici-protiv-prasine-5-komada","status":"publish","type":"product","link":"https:\/\/dersuessestopp.com\/hr\/product\/dust-free-sticks-5-pieces\/","title":{"rendered":"\u0160tapi\u0107i protiv pra\u0161ine, 5 komada"},"content":{"rendered":"<p>Sigurno za glavu za ispis: \u0160tapi\u0107i su posebno dizajnirani da budu nje\u017eni prema glavi za ispis, minimiziraju\u0107i rizik od o\u0161te\u0107enja. U\u010dinkovito uklanjanje one\u010di\u0161\u0107enja: Jedinstvena struktura \u0161tapi\u0107a omogu\u0107uje u\u010dinkovito uklanjanje one\u010di\u0161\u0107enja poput vi\u0161ka tinte ili pra\u0161ine. Prakti\u010dno pakiranje: \u0160tapi\u0107i su pakirani na na\u010din koji osigurava njihovu \u010disto\u0107u i jednostavnost skladi\u0161tenja, spremni za upotrebu u bilo kojem trenutku.<\/p>","protected":false},"excerpt":{"rendered":"<p>\u0160tapi\u0107i protiv pra\u0161ine nezamjenjiv su alat za precizno i u\u010dinkovito \u010di\u0161\u0107enje glave pisa\u010da i poklopca. Njihova upotreba poma\u017ee u odr\u017eavanju visoke kvalitete ispisa uklanjanjem potencijalnih problema povezanih s kontaminacijom i pote\u0161ko\u0107ama s ispisom.<\/p>","protected":false},"featured_media":9861,"comment_status":"open","ping_status":"closed","template":"","meta":[],"product_brand":[],"product_cat":[84,76,38,85,75,77],"product_tag":[],"class_list":{"0":"post-9862","1":"product","2":"type-product","3":"status-publish","4":"has-post-thumbnail","6":"product_cat-aluminum-printers","7":"product_cat-food-printers","8":"product_cat-imago-food-printers","9":"product_cat-nano-solvent-printers","10":"product_cat-operation-of-devices","11":"product_cat-uv-led-printers","13":"first","14":"instock","15":"shipping-taxable","16":"purchasable","17":"product-type-simple"},"_links":{"self":[{"href":"https:\/\/dersuessestopp.com\/hr\/wp-json\/wp\/v2\/product\/9862","targetHints":{"allow":["GET"]}}],"collection":[{"href":"https:\/\/dersuessestopp.com\/hr\/wp-json\/wp\/v2\/product"}],"about":[{"href":"https:\/\/dersuessestopp.com\/hr\/wp-json\/wp\/v2\/types\/product"}],"replies":[{"embeddable":true,"href":"https:\/\/dersuessestopp.com\/hr\/wp-json\/wp\/v2\/comments?post=9862"}],"version-history":[{"count":1,"href":"https:\/\/dersuessestopp.com\/hr\/wp-json\/wp\/v2\/product\/9862\/revisions"}],"predecessor-version":[{"id":9999,"href":"https:\/\/dersuessestopp.com\/hr\/wp-json\/wp\/v2\/product\/9862\/revisions\/9999"}],"wp:featuredmedia":[{"embeddable":true,"href":"https:\/\/dersuessestopp.com\/hr\/wp-json\/wp\/v2\/media\/9861"}],"wp:attachment":[{"href":"https:\/\/dersuessestopp.com\/hr\/wp-json\/wp\/v2\/media?parent=9862"}],"wp:term":[{"taxonomy":"product_brand","embeddable":true,"href":"https:\/\/dersuessestopp.com\/hr\/wp-json\/wp\/v2\/product_brand?post=9862"},{"taxonomy":"product_cat","embeddable":true,"href":"https:\/\/dersuessestopp.com\/hr\/wp-json\/wp\/v2\/product_cat?post=9862"},{"taxonomy":"product_tag","embeddable":true,"href":"https:\/\/dersuessestopp.com\/hr\/wp-json\/wp\/v2\/product_tag?post=9862"}],"curies":[{"name":"wp","href":"https:\/\/api.w.org\/{rel}","templated":true}]}}