{"id":9860,"date":"2025-09-28T03:47:18","date_gmt":"2025-09-28T03:47:18","guid":{"rendered":"https:\/\/dersuessestopp.com\/product\/dust-free-cotton-swabs-20-pieces\/"},"modified":"2025-09-28T04:10:19","modified_gmt":"2025-09-28T04:10:19","slug":"pamucni-stapici-protiv-prasine-20-komada","status":"publish","type":"product","link":"https:\/\/dersuessestopp.com\/hr\/product\/dust-free-cotton-swabs-20-pieces\/","title":{"rendered":"Pamu\u010dni \u0161tapi\u0107i bez pra\u0161ine, 20 komada"},"content":{"rendered":"<p>Nje\u017eni i sigurni: Nje\u017eni prema glavi pisa\u010da, eliminiraju rizik od o\u0161te\u0107enja tijekom procesa \u010di\u0161\u0107enja. U\u010dinkovito uklanjanje ne\u010disto\u0107a: Zahvaljuju\u0107i jedinstvenoj strukturi vlakana, \u0161tapi\u0107i u\u010dinkovito uklanjaju sve ne\u010disto\u0107e, poput vi\u0161ka tinte ili pra\u0161ine. Prakti\u010dno pakiranje: \u0160tapi\u0107i su pa\u017eljivo pakirani kako bi ostali \u010disti i jednostavni za pohranu, uvijek spremni za upotrebu.<\/p>","protected":false},"excerpt":{"rendered":"<p>\u010ci\u0161\u0107enje bez pra\u0161ine pouzdan je alat za precizno i u\u010dinkovito \u010di\u0161\u0107enje va\u0161eg Imago pisa\u010da. Neophodni su za odr\u017eavanje optimalnih performansi va\u0161eg ure\u0111aja.<\/p>","protected":false},"featured_media":9859,"comment_status":"open","ping_status":"closed","template":"","meta":[],"product_brand":[],"product_cat":[84,81,76,38,85,77],"product_tag":[],"class_list":{"0":"post-9860","1":"product","2":"type-product","3":"status-publish","4":"has-post-thumbnail","6":"product_cat-aluminum-printers","7":"product_cat-equipment-operation","8":"product_cat-food-printers","9":"product_cat-imago-food-printers","10":"product_cat-nano-solvent-printers","11":"product_cat-uv-led-printers","13":"first","14":"instock","15":"shipping-taxable","16":"purchasable","17":"product-type-simple"},"_links":{"self":[{"href":"https:\/\/dersuessestopp.com\/hr\/wp-json\/wp\/v2\/product\/9860","targetHints":{"allow":["GET"]}}],"collection":[{"href":"https:\/\/dersuessestopp.com\/hr\/wp-json\/wp\/v2\/product"}],"about":[{"href":"https:\/\/dersuessestopp.com\/hr\/wp-json\/wp\/v2\/types\/product"}],"replies":[{"embeddable":true,"href":"https:\/\/dersuessestopp.com\/hr\/wp-json\/wp\/v2\/comments?post=9860"}],"version-history":[{"count":1,"href":"https:\/\/dersuessestopp.com\/hr\/wp-json\/wp\/v2\/product\/9860\/revisions"}],"predecessor-version":[{"id":10004,"href":"https:\/\/dersuessestopp.com\/hr\/wp-json\/wp\/v2\/product\/9860\/revisions\/10004"}],"wp:featuredmedia":[{"embeddable":true,"href":"https:\/\/dersuessestopp.com\/hr\/wp-json\/wp\/v2\/media\/9859"}],"wp:attachment":[{"href":"https:\/\/dersuessestopp.com\/hr\/wp-json\/wp\/v2\/media?parent=9860"}],"wp:term":[{"taxonomy":"product_brand","embeddable":true,"href":"https:\/\/dersuessestopp.com\/hr\/wp-json\/wp\/v2\/product_brand?post=9860"},{"taxonomy":"product_cat","embeddable":true,"href":"https:\/\/dersuessestopp.com\/hr\/wp-json\/wp\/v2\/product_cat?post=9860"},{"taxonomy":"product_tag","embeddable":true,"href":"https:\/\/dersuessestopp.com\/hr\/wp-json\/wp\/v2\/product_tag?post=9860"}],"curies":[{"name":"wp","href":"https:\/\/api.w.org\/{rel}","templated":true}]}}