{"id":9854,"date":"2025-09-28T03:47:05","date_gmt":"2025-09-28T03:47:05","guid":{"rendered":"https:\/\/dersuessestopp.com\/product\/syringe-with-hose-for-cleaning-the-print-head\/"},"modified":"2025-09-28T04:10:19","modified_gmt":"2025-09-28T04:10:19","slug":"strcaljka-s-crijevom-za-ciscenje-glave-pisaca","status":"publish","type":"product","link":"https:\/\/dersuessestopp.com\/hr\/product\/syringe-with-hose-for-cleaning-the-print-head\/","title":{"rendered":"\u0160trcaljka s crijevom za \u010di\u0161\u0107enje glave za ispis"},"content":{"rendered":"<p>Ispiranje glave: Dizajnirano za u\u010dinkovito ispiranje glave za ispis, uklanjaju\u0107i sve ostatke tinte i ne\u010disto\u0107e. Jednostavnost kori\u0161tenja: Jednostavan za kori\u0161tenje, omogu\u0107uje u\u010dinkovito \u010di\u0161\u0107enje glave za ispis. Crijevo osigurava preciznost: Dugo crijevo omogu\u0107uje precizno usmjeravanje teku\u0107ine na prava mjesta, uklanjaju\u0107i ne\u010disto\u0107e.<\/p>","protected":false},"excerpt":{"rendered":"<p>\u0160trcaljka s crijevom pouzdan je alat za ru\u010dno ispiranje glave pisa\u010da u Imago pisa\u010dima. To je bitan element za odr\u017eavanje ure\u0111aja u optimalnom stanju, uklanjanje kontaminacije i pobolj\u0161anje kvalitete ispisa.<\/p>","protected":false},"featured_media":9853,"comment_status":"open","ping_status":"closed","template":"","meta":[],"product_brand":[],"product_cat":[84,81,76,38,85,90,77],"product_tag":[],"class_list":{"0":"post-9854","1":"product","2":"type-product","3":"status-publish","4":"has-post-thumbnail","6":"product_cat-aluminum-printers","7":"product_cat-equipment-operation","8":"product_cat-food-printers","9":"product_cat-imago-food-printers","10":"product_cat-nano-solvent-printers","11":"product_cat-printer-accessories","12":"product_cat-uv-led-printers","14":"first","15":"instock","16":"shipping-taxable","17":"purchasable","18":"product-type-simple"},"_links":{"self":[{"href":"https:\/\/dersuessestopp.com\/hr\/wp-json\/wp\/v2\/product\/9854","targetHints":{"allow":["GET"]}}],"collection":[{"href":"https:\/\/dersuessestopp.com\/hr\/wp-json\/wp\/v2\/product"}],"about":[{"href":"https:\/\/dersuessestopp.com\/hr\/wp-json\/wp\/v2\/types\/product"}],"replies":[{"embeddable":true,"href":"https:\/\/dersuessestopp.com\/hr\/wp-json\/wp\/v2\/comments?post=9854"}],"version-history":[{"count":1,"href":"https:\/\/dersuessestopp.com\/hr\/wp-json\/wp\/v2\/product\/9854\/revisions"}],"predecessor-version":[{"id":10007,"href":"https:\/\/dersuessestopp.com\/hr\/wp-json\/wp\/v2\/product\/9854\/revisions\/10007"}],"wp:featuredmedia":[{"embeddable":true,"href":"https:\/\/dersuessestopp.com\/hr\/wp-json\/wp\/v2\/media\/9853"}],"wp:attachment":[{"href":"https:\/\/dersuessestopp.com\/hr\/wp-json\/wp\/v2\/media?parent=9854"}],"wp:term":[{"taxonomy":"product_brand","embeddable":true,"href":"https:\/\/dersuessestopp.com\/hr\/wp-json\/wp\/v2\/product_brand?post=9854"},{"taxonomy":"product_cat","embeddable":true,"href":"https:\/\/dersuessestopp.com\/hr\/wp-json\/wp\/v2\/product_cat?post=9854"},{"taxonomy":"product_tag","embeddable":true,"href":"https:\/\/dersuessestopp.com\/hr\/wp-json\/wp\/v2\/product_tag?post=9854"}],"curies":[{"name":"wp","href":"https:\/\/api.w.org\/{rel}","templated":true}]}}