{"id":9848,"date":"2025-09-28T03:46:55","date_gmt":"2025-09-28T03:46:55","guid":{"rendered":"https:\/\/dersuessestopp.com\/product\/anodized-aluminum-sheets-320x500-mm-thickness-0-8-mm-42-pieces\/"},"modified":"2025-09-28T04:38:10","modified_gmt":"2025-09-28T04:38:10","slug":"eloksirani-aluminijski-limovi-debljine-320x500-mm-08-mm-42-komada","status":"publish","type":"product","link":"https:\/\/dersuessestopp.com\/hr\/product\/anodized-aluminum-sheets-320x500-mm-thickness-0-8-mm-42-pieces\/","title":{"rendered":"Anodizirani aluminijski limovi: 320\u00d7500 mm, debljine 0,8 mm \u2013 42 komada"},"content":{"rendered":"<p>Otkrijte primjenu eloksiranih aluminijskih plo\u010da Anodizirane plo\u010de koriste se gdje god je potrebna trajnost i kvaliteta proizvoda, npr. plo\u010dice s natpisima za ure\u0111aje, upravlja\u010dke plo\u010de, opisne plo\u010de, oznake zgrada i prostorija, muzejski izlozi, oznake skladi\u0161ta, ali i vrhunske posjetnice, ravnala, namjenske plo\u010dice u nakitu i broj\u010danici satova. Tehnologija ispisa na eloksiranom aluminiju Tehnologija inkjet ispisa na eloksiranom aluminiju nudi velike mogu\u0107nosti za kori\u0161tenje ovog materijala u mnogim industrijama. Anodizirani aluminij s ravnom povr\u0161inom tiska se bilo kojom grafikom pomo\u0107u digitalnog tiska, a zatim se podvrgava kupki za brtvljenje. Tehnologija omogu\u0107uje neuni\u0161tiv ispis koji je otporan na ogrebotine i kemikalije. Konkurencija je s graviranjem i drugim metodama ispisa koje ne pru\u017eaju takvu trajnost i preciznost. Posebna tinta se talo\u017ei u pore oksidnog premaza, \u0161to rezultira preciznim otiskom koji je vidljiv \u010dak i pod pove\u0107alom. \u017delite li pokrenuti vlastitu proizvodnju plo\u010da? Naru\u010dite tehnolo\u0161ki paket za ispis na eloksiranom aluminiju i bit \u0107ete preusmjereni na stranicu o tehnologiji ispisa na eloksiranom aluminiju. Primjena eloksiranog aluminija Anodizirani aluminij koristi se tamo gdje su dijelovi izlo\u017eeni atmosferskim \u010dimbenicima ili agresivnim okru\u017eenjima kiseline i vlage koji uzrokuju koroziju. Zbog visoke tvrdo\u0107e cakline, dijelovi se koriste i za komponente izlo\u017eene abrazivnim \u010dimbenicima. Karakteristi\u010dna zna\u010dajka tehnologije eloksiranja je mogu\u0107nost bojanja dijelova. To dijelovima daje vrlo estetski izgled s mogu\u0107no\u0161\u0107u personalizacije ovisno o potrebama. Obojeni elementi koriste se kao komponente ku\u0107i\u0161ta strojeva i ure\u0111aja, namje\u0161taja, upravlja\u010dkih plo\u010da i svakodnevnih naprava. Mogu\u0107nost bojanja oksidnog premaza nudi ogroman potencijal za budu\u0107e primjene eloksiranog aluminija.<\/p>","protected":false},"excerpt":{"rendered":"<p>Tanki limovi od eloksiranog aluminija, dimenzija 320 \u00d7 500 mm i debljine 0,8 mm. Zavr\u0161na obrada lima: SATEN. Limovi su idealni za ispis na Aquila Aluminium pisa\u010du. Na ovoj aukciji nudimo pakete od 42 lista. Cijena po komadu: 54 PLN.<\/p>","protected":false},"featured_media":9846,"comment_status":"open","ping_status":"closed","template":"","meta":[],"product_brand":[],"product_cat":[87,88,38],"product_tag":[],"class_list":{"0":"post-9848","1":"product","2":"type-product","3":"status-publish","4":"has-post-thumbnail","6":"product_cat-anodized-aluminum-sheets","7":"product_cat-for-printers-from-the-aluminum-series","8":"product_cat-imago-food-printers","10":"first","11":"instock","12":"shipping-taxable","13":"purchasable","14":"product-type-simple"},"_links":{"self":[{"href":"https:\/\/dersuessestopp.com\/hr\/wp-json\/wp\/v2\/product\/9848","targetHints":{"allow":["GET"]}}],"collection":[{"href":"https:\/\/dersuessestopp.com\/hr\/wp-json\/wp\/v2\/product"}],"about":[{"href":"https:\/\/dersuessestopp.com\/hr\/wp-json\/wp\/v2\/types\/product"}],"replies":[{"embeddable":true,"href":"https:\/\/dersuessestopp.com\/hr\/wp-json\/wp\/v2\/comments?post=9848"}],"version-history":[{"count":1,"href":"https:\/\/dersuessestopp.com\/hr\/wp-json\/wp\/v2\/product\/9848\/revisions"}],"predecessor-version":[{"id":10009,"href":"https:\/\/dersuessestopp.com\/hr\/wp-json\/wp\/v2\/product\/9848\/revisions\/10009"}],"wp:featuredmedia":[{"embeddable":true,"href":"https:\/\/dersuessestopp.com\/hr\/wp-json\/wp\/v2\/media\/9846"}],"wp:attachment":[{"href":"https:\/\/dersuessestopp.com\/hr\/wp-json\/wp\/v2\/media?parent=9848"}],"wp:term":[{"taxonomy":"product_brand","embeddable":true,"href":"https:\/\/dersuessestopp.com\/hr\/wp-json\/wp\/v2\/product_brand?post=9848"},{"taxonomy":"product_cat","embeddable":true,"href":"https:\/\/dersuessestopp.com\/hr\/wp-json\/wp\/v2\/product_cat?post=9848"},{"taxonomy":"product_tag","embeddable":true,"href":"https:\/\/dersuessestopp.com\/hr\/wp-json\/wp\/v2\/product_tag?post=9848"}],"curies":[{"name":"wp","href":"https:\/\/api.w.org\/{rel}","templated":true}]}}