{"id":9842,"date":"2025-09-28T03:45:12","date_gmt":"2025-09-28T03:45:12","guid":{"rendered":"https:\/\/dersuessestopp.com\/product\/kaptop-for-aquila-class-devices\/"},"modified":"2025-09-28T04:10:40","modified_gmt":"2025-09-28T04:10:40","slug":"kaptop-za-uredaje-klase-aquila","status":"publish","type":"product","link":"https:\/\/dersuessestopp.com\/hr\/product\/kaptop-for-aquila-class-devices\/","title":{"rendered":"Kaptop (za ure\u0111aje klase Aquila)"},"content":{"rendered":"<p>Sigurno \u010di\u0161\u0107enje: Poklopac ima izravan kontakt s glavom za ispis, \u0161to omogu\u0107uje precizno i sigurno uklanjanje vi\u0161ka tinte i ne\u010disto\u0107a. Za\u0161tita glave za ispis: Pru\u017ea optimalnu za\u0161titu osjetljivih komponenti glave za ispis, \u0161tite\u0107i je od nakupljanja tinte i potencijalnog o\u0161te\u0107enja. U\u010dinkovito uklanjanje vi\u0161ka tinte: Cjev\u010dica poklopca prianja uz glavu za ispis, u\u010dinkovito uklanjaju\u0107i vi\u0161ak tinte i omogu\u0107uju\u0107i precizan ispis bez mrlja ili razmazivanja. Sigurno mjesto za &quot;ispljuvavanje&quot; tinte: Tijekom procesa ispisa, glava za ispis mo\u017eda \u0107e morati &quot;ispljunuti&quot; vi\u0161ak tinte. Poklopac je sigurno mjesto koje skuplja evakuiranu tintu, sprje\u010davaju\u0107i njezino prolijevanje po drugim dijelovima pisa\u010da.<\/p>","protected":false},"excerpt":{"rendered":"<p>Poklopac, dio stanice za \u010di\u0161\u0107enje, igra klju\u010dnu ulogu u odr\u017eavanju \u010disto\u0107e i u\u010dinkovitosti glave za ispis u Imago pisa\u010du. To je neizostavan element tijekom postupka \u010di\u0161\u0107enja, koji izravno utje\u010de na kvalitetu i preciznost va\u0161ih ispisa.<\/p>","protected":false},"featured_media":9838,"comment_status":"open","ping_status":"closed","template":"","meta":[],"product_brand":[],"product_cat":[84,85,75,77,38],"product_tag":[],"class_list":{"0":"post-9842","1":"product","2":"type-product","3":"status-publish","4":"has-post-thumbnail","6":"product_cat-aluminum-printers","7":"product_cat-nano-solvent-printers","8":"product_cat-operation-of-devices","9":"product_cat-uv-led-printers","10":"product_cat-imago-food-printers","12":"first","13":"instock","14":"shipping-taxable","15":"purchasable","16":"product-type-simple"},"_links":{"self":[{"href":"https:\/\/dersuessestopp.com\/hr\/wp-json\/wp\/v2\/product\/9842","targetHints":{"allow":["GET"]}}],"collection":[{"href":"https:\/\/dersuessestopp.com\/hr\/wp-json\/wp\/v2\/product"}],"about":[{"href":"https:\/\/dersuessestopp.com\/hr\/wp-json\/wp\/v2\/types\/product"}],"replies":[{"embeddable":true,"href":"https:\/\/dersuessestopp.com\/hr\/wp-json\/wp\/v2\/comments?post=9842"}],"version-history":[{"count":1,"href":"https:\/\/dersuessestopp.com\/hr\/wp-json\/wp\/v2\/product\/9842\/revisions"}],"predecessor-version":[{"id":10016,"href":"https:\/\/dersuessestopp.com\/hr\/wp-json\/wp\/v2\/product\/9842\/revisions\/10016"}],"wp:featuredmedia":[{"embeddable":true,"href":"https:\/\/dersuessestopp.com\/hr\/wp-json\/wp\/v2\/media\/9838"}],"wp:attachment":[{"href":"https:\/\/dersuessestopp.com\/hr\/wp-json\/wp\/v2\/media?parent=9842"}],"wp:term":[{"taxonomy":"product_brand","embeddable":true,"href":"https:\/\/dersuessestopp.com\/hr\/wp-json\/wp\/v2\/product_brand?post=9842"},{"taxonomy":"product_cat","embeddable":true,"href":"https:\/\/dersuessestopp.com\/hr\/wp-json\/wp\/v2\/product_cat?post=9842"},{"taxonomy":"product_tag","embeddable":true,"href":"https:\/\/dersuessestopp.com\/hr\/wp-json\/wp\/v2\/product_tag?post=9842"}],"curies":[{"name":"wp","href":"https:\/\/api.w.org\/{rel}","templated":true}]}}