{"id":9841,"date":"2025-09-28T03:45:12","date_gmt":"2025-09-28T03:45:12","guid":{"rendered":"https:\/\/dersuessestopp.com\/product\/vsg-lite-module-suction-attachment\/"},"modified":"2025-09-28T04:10:40","modified_gmt":"2025-09-28T04:10:40","slug":"vsg-lite-modul-za-usisavanje","status":"publish","type":"product","link":"https:\/\/dersuessestopp.com\/hr\/product\/vsg-lite-module-suction-attachment\/","title":{"rendered":"VSG Lite modul \u2013 nastavak za usisavanje"},"content":{"rendered":"<p>Jednostavno rje\u0161enje koje podr\u017eava IMAGO digitalne pisa\u010de. Dizajn ure\u0111aja je estetski i jednostavan za kori\u0161tenje, a njegov rad i odr\u017eavanje izuzetno ekonomi\u010dni. Kada se ne koristi, VSG Lite se automatski isklju\u010duje, \u0161to doprinosi ni\u017eim operativnim tro\u0161kovima. Pojedina\u010dne funkcije kontroliraju se pomo\u0107u samo tri gumba, \u0161to ure\u0111aj \u010dini jednostavnim za kori\u0161tenje. Vakuumski stol za UV LED i Nanosolventne pisa\u010de VSG Lite modul automatski zagla\u0111uje podlogu tijekom ispisa i omogu\u0107uje podupiranje tankih materijala, pove\u0107avaju\u0107i preciznost i ponovljivost UV LED ispisa na papiru, foliji, metalnim plo\u010dama, \u0161perplo\u010di i tkaninama. Istovremeno sprje\u010dava deformaciju detalja pod utjecajem topline UV LED lampe, \u010dime se olak\u0161ava ispis na akrilu, PVC-u i drugim plastikama.<\/p>","protected":false},"excerpt":{"rendered":"<p>VSG Lite modul \u2013 Ispisujte s najve\u0107om precizno\u0161\u0107u na tankim materijalima. VSG Lite modul je univerzalni alat opremljen vakuumskim stolom. Modul omogu\u0107uje ispis na materijalima na kojima je te\u0161ko ispisivati, poput tankih podloga i materijala koji se lako deformiraju.<\/p>","protected":false},"featured_media":9840,"comment_status":"open","ping_status":"closed","template":"","meta":[],"product_brand":[],"product_cat":[83,38,82],"product_tag":[],"class_list":{"0":"post-9841","1":"product","2":"type-product","3":"status-publish","4":"has-post-thumbnail","6":"product_cat-devices","7":"product_cat-imago-food-printers","8":"product_cat-peripheral-devices","10":"first","11":"instock","12":"shipping-taxable","13":"purchasable","14":"product-type-simple"},"_links":{"self":[{"href":"https:\/\/dersuessestopp.com\/hr\/wp-json\/wp\/v2\/product\/9841","targetHints":{"allow":["GET"]}}],"collection":[{"href":"https:\/\/dersuessestopp.com\/hr\/wp-json\/wp\/v2\/product"}],"about":[{"href":"https:\/\/dersuessestopp.com\/hr\/wp-json\/wp\/v2\/types\/product"}],"replies":[{"embeddable":true,"href":"https:\/\/dersuessestopp.com\/hr\/wp-json\/wp\/v2\/comments?post=9841"}],"version-history":[{"count":1,"href":"https:\/\/dersuessestopp.com\/hr\/wp-json\/wp\/v2\/product\/9841\/revisions"}],"predecessor-version":[{"id":10015,"href":"https:\/\/dersuessestopp.com\/hr\/wp-json\/wp\/v2\/product\/9841\/revisions\/10015"}],"wp:featuredmedia":[{"embeddable":true,"href":"https:\/\/dersuessestopp.com\/hr\/wp-json\/wp\/v2\/media\/9840"}],"wp:attachment":[{"href":"https:\/\/dersuessestopp.com\/hr\/wp-json\/wp\/v2\/media?parent=9841"}],"wp:term":[{"taxonomy":"product_brand","embeddable":true,"href":"https:\/\/dersuessestopp.com\/hr\/wp-json\/wp\/v2\/product_brand?post=9841"},{"taxonomy":"product_cat","embeddable":true,"href":"https:\/\/dersuessestopp.com\/hr\/wp-json\/wp\/v2\/product_cat?post=9841"},{"taxonomy":"product_tag","embeddable":true,"href":"https:\/\/dersuessestopp.com\/hr\/wp-json\/wp\/v2\/product_tag?post=9841"}],"curies":[{"name":"wp","href":"https:\/\/api.w.org\/{rel}","templated":true}]}}