{"id":9839,"date":"2025-09-28T03:45:07","date_gmt":"2025-09-28T03:45:07","guid":{"rendered":"https:\/\/dersuessestopp.com\/product\/damper-for-aquila-aluminium-and-nanosolvent-printers-1-piece\/"},"modified":"2025-09-28T04:10:40","modified_gmt":"2025-09-28T04:10:40","slug":"prigusivac-za-aluminijske-i-nanosolventne-pisace-aquila-1-komad","status":"publish","type":"product","link":"https:\/\/dersuessestopp.com\/hr\/product\/damper-for-aquila-aluminium-and-nanosolvent-printers-1-piece\/","title":{"rendered":"Prigu\u0161iva\u010d (za AQUILA ALUMINIUM i NANOSOLVENT pisa\u010de) 1 komad"},"content":{"rendered":"<p>Prigu\u0161iva\u010d jam\u010di neprekinuti dovod tinte u glavu pisa\u010da, uklanjaju\u0107i rizik od prekida ispisa i osiguravaju\u0107i nesmetan rad pisa\u010da. Unutar prigu\u0161iva\u010da nalazi se sveobuhvatni sklop ventila, filtera i membrane koji u\u010dinkovito \u010disti i kontrolira protok tinte. Prigu\u0161iva\u010d nije samo spremnik, ve\u0107 klju\u010dna komponenta koja osigurava optimalne radne uvjete za glavu pisa\u010da, \u0161to se prevodi u preciznost i trajnost ispisa.<\/p>","protected":false},"excerpt":{"rendered":"<p>Prigu\u0161iva\u010d je klju\u010dna komponenta montirana izravno na glavu za ispis. Njegov glavni zadatak je osigurati kontinuiranu opskrbu tintom glavom, \u0161to izravno utje\u010de na kvalitetu i stabilnost va\u0161ih ispisa. Cijena je za 1 prigu\u0161iva\u010d.<\/p>","protected":false},"featured_media":9838,"comment_status":"open","ping_status":"closed","template":"","meta":[],"product_brand":[],"product_cat":[81,38,80,79],"product_tag":[],"class_list":{"0":"post-9839","1":"product","2":"type-product","3":"status-publish","4":"has-post-thumbnail","6":"product_cat-equipment-operation","7":"product_cat-imago-food-printers","8":"product_cat-nanosolvent-printers","9":"product_cat-printers-for-aluminum","11":"first","12":"instock","13":"shipping-taxable","14":"purchasable","15":"product-type-simple"},"_links":{"self":[{"href":"https:\/\/dersuessestopp.com\/hr\/wp-json\/wp\/v2\/product\/9839","targetHints":{"allow":["GET"]}}],"collection":[{"href":"https:\/\/dersuessestopp.com\/hr\/wp-json\/wp\/v2\/product"}],"about":[{"href":"https:\/\/dersuessestopp.com\/hr\/wp-json\/wp\/v2\/types\/product"}],"replies":[{"embeddable":true,"href":"https:\/\/dersuessestopp.com\/hr\/wp-json\/wp\/v2\/comments?post=9839"}],"version-history":[{"count":1,"href":"https:\/\/dersuessestopp.com\/hr\/wp-json\/wp\/v2\/product\/9839\/revisions"}],"predecessor-version":[{"id":10017,"href":"https:\/\/dersuessestopp.com\/hr\/wp-json\/wp\/v2\/product\/9839\/revisions\/10017"}],"wp:featuredmedia":[{"embeddable":true,"href":"https:\/\/dersuessestopp.com\/hr\/wp-json\/wp\/v2\/media\/9838"}],"wp:attachment":[{"href":"https:\/\/dersuessestopp.com\/hr\/wp-json\/wp\/v2\/media?parent=9839"}],"wp:term":[{"taxonomy":"product_brand","embeddable":true,"href":"https:\/\/dersuessestopp.com\/hr\/wp-json\/wp\/v2\/product_brand?post=9839"},{"taxonomy":"product_cat","embeddable":true,"href":"https:\/\/dersuessestopp.com\/hr\/wp-json\/wp\/v2\/product_cat?post=9839"},{"taxonomy":"product_tag","embeddable":true,"href":"https:\/\/dersuessestopp.com\/hr\/wp-json\/wp\/v2\/product_tag?post=9839"}],"curies":[{"name":"wp","href":"https:\/\/api.w.org\/{rel}","templated":true}]}}