{"id":9837,"date":"2025-09-28T03:45:06","date_gmt":"2025-09-28T03:45:06","guid":{"rendered":"https:\/\/dersuessestopp.com\/product\/aquila-colour-edge-printer\/"},"modified":"2025-09-28T04:10:40","modified_gmt":"2025-09-28T04:10:40","slug":"aquila-pisac-s-rubom-u-boji","status":"publish","type":"product","link":"https:\/\/dersuessestopp.com\/hr\/product\/aquila-colour-edge-printer\/","title":{"rendered":"AQUILA Colour EDGE pisa\u010d"},"content":{"rendered":"<p>Aquila Colour EDGE Otkrijte jedini poljski pisa\u010d za ispis rubova knjiga koji nudi u\u010dinkovit ispis i za male i za velike proizvodne serije. UV LED tehnologija digitalnog ispisa osigurava trajnost ispisa, preciznost boja i automatizaciju procesa ozna\u010davanja, smanjuju\u0107i vrijeme proizvodnje i tro\u0161kove. Sa \u0161irokim rasponom podr\u017eanih veli\u010dina knjiga, omogu\u0107uje personalizaciju i sveobuhvatnu zavr\u0161nu obradu za svaki projekt. Funkcionalni komplet pribora Dodatni stol za preinaku alata omogu\u0107uje vam pripremu seta knjiga za ozna\u010davanje dok se prethodna serija tiska, osiguravaju\u0107i kontinuirani rad stroja. Oprema uklju\u010duje alate poput \u0161kripaca i plo\u010da za precizno pozicioniranje knjiga, kao i odbojnike za pozicioniranje \u0161kripaca na stolu. Setovi plo\u010da za pozicioniranje prilago\u0111eni su razli\u010ditim veli\u010dinama knjiga, olak\u0161avaju\u0107i pripremu materijala i smanjuju\u0107i otpad u proizvodnji. Stol za promjenu opremljen je \u0161inama koje omogu\u0107uju jednostavno pomicanje praznih knjiga na radni stol, pobolj\u0161avaju\u0107i ergonomiju rada. Dodatni stol za probni ispis omogu\u0107uje vam testiranje funkcija stroja bez potrebe za rastavljanjem. To zna\u010di da je za upravljanje strojem potreban samo jedan operater. To smanjuje tro\u0161kove proizvodnje i osloba\u0111a ljudske resurse za druge zadatke. Tehnologija prilago\u0111ena zahtjevima industrije Na\u0161a UV LED tehnologija ispisa posebno je dizajnirana da ne lijepi rubove knjiga. Tinta osu\u0161ena UV LED lampom osigurava trajnost dizajna, a istovremeno jam\u010di suhe otiske spremne za trenutnu upotrebu. Ova funkcionalnost osigurava u\u010dinkovitost procesa i idealno je prilago\u0111ena specifi\u010dnim potrebama izdava\u010dke i tiskarske industrije. Zra\u010dno hla\u0111ena UV LED lampa koja se koristi u ure\u0111aju ne zahtijeva odr\u017eavanje i ne zahtijeva nikakvu pa\u017enju tijekom rada. Osim toga, odgovaraju\u0107e pode\u0161ena snaga UV LED lampe omogu\u0107uje ispis na proizvodima osjetljivim na toplinu bez rizika od deformacije proizvoda. Fleksibilnost i ubrzanje proizvodnje Aquila Colour Edge omogu\u0107uje u\u010dinkovit ispis i malih, personaliziranih naklada knjiga i velikih proizvodnih serija. Napredna tehnologija digitalnog tiska omogu\u0107uje tiskarama brzu prilagodbu potrebama kupaca, osiguravaju\u0107i nesmetano izvr\u0161avanje pojedina\u010dnih narud\u017ebi i velikih komercijalnih projekata. Sustav automatizira ozna\u010davanje rubova knjiga, skra\u0107uju\u0107i vrijeme proizvodnje i smanjuju\u0107i operativne tro\u0161kove. Istovremeno, eliminira potrebu za ru\u010dnim bojanjem. S Aquila Color Edgeom mogu\u0107e je ozna\u010davati rubove knjiga veli\u010dine od 12\u00d77,5 cm do 45\u00d745 cm, \u0161to vam omogu\u0107uje obradu \u0161irokog spektra narud\u017ebi i ponudu sveobuhvatne zavr\u0161ne obrade va\u0161im kupcima. Visokoprecizni ispis u punom spektru boja Na\u0161a napredna UV LED tehnologija digitalnog ispisa osigurava preciznu reprodukciju bilo koje grafike u punom spektru boja. Pru\u017ea vam iznimne detalje i intenzitet boja, zadovoljavaju\u0107i najvi\u0161e standarde zavr\u0161ne obrade. Precizni parametri ure\u0111aja omogu\u0107uju vam ispis fotografija u fotografskoj kvaliteti i slo\u017eene grafike s najve\u0107om precizno\u0161\u0107u. Osim toga, Aquila Colour EDGE nudi mogu\u0107nost ujedna\u010denog, monokromatskog pokrivanja rubova knjiga, \u0161to zna\u010dajno smanjuje vrijeme proizvodnje va\u0161ih trenutnih projekata i smanjuje otpad u proizvodnji. Ve\u0107a vrijednost ponu\u0111enog proizvoda i pro\u0161irenje asortimana proizvoda Tisak na rubove knjiga kori\u0161tenjem napredne Aquila Colour EDGE tehnologije zna\u010dajno pove\u0107ava njihovu vizualnu privla\u010dnost, omogu\u0107uju\u0107i vam ponudu vi\u0161ih prodajnih cijena i privla\u010denje novih kupaca. Osim toga, mogu\u0107nost ponude jedinstvenih knjiga omogu\u0107uje vam pro\u0161irenje portfelja usluga i otvara nove tr\u017ei\u0161ne segmente za tiskare. Posjedovanje vlastitog pisa\u010da za rubni tisak daje vam fleksibilnost za izradu raznih proizvoda, od luksuznih izdanja do posebnih izdanja. Sve to zna\u010di da ulaganje u naprednu tehnologiju koju nudi Aquila Color EDGE ja\u010da poziciju brenda kao lidera u inovacijama na tr\u017ei\u0161tu. Napredna personalizacija ograni\u010denih i kolekcionarskih serija Pisa\u010d za rubni tisak omogu\u0107uje vam izradu ograni\u010denih ili ekskluzivnih izdanja knjiga koja su privla\u010dnija kolekcionarima i ljubiteljima knji\u017eevnosti. Istovremenim ispisom seta knjiga na Aquila ColourEDGE-u mogu\u0107e je odabrati razli\u010dite grafike za svaku knjigu koja se tiska. Ova funkcionalnost idealna je za izradu serija knjiga gdje se otisnuti rub svakog sveska odnosi na njegov individualni karakter i sadr\u017eaj. Tako\u0111er nudi velike mogu\u0107nosti za personalizaciju i izradu proizvoda ograni\u010denog izdanja s posvetama. Brzi povrat ulaganja i minimizirani tro\u0161kovi proizvodnje. Napredna funkcionalnost, dugi vijek trajanja i prednosti kori\u0161tenja Aquila Colour EDGE-a omogu\u0107uju pove\u0107anje mar\u017ei i ubrzanu proizvodnju u tiskarama. To omogu\u0107uje brz povrat ulaganja, nude\u0107i tiskarama pove\u0107ane prihode i dugoro\u010dno zadovoljstvo kupaca. S preciznim pozicioniranjem i signalizacijom pogre\u0161aka tvrtke Aquila Colour EDGE, mo\u017eete smanjiti pogre\u0161ke i otpad tijekom proizvodnje ukra\u0161enih rubova knjiga.<\/p>","protected":false},"excerpt":{"rendered":"<p>Otkrijte jedini poljski pisa\u010d za ispis rubova knjiga koji nudi u\u010dinkovit ispis i za male i za velike produkcijske serije.<\/p>","protected":false},"featured_media":9836,"comment_status":"open","ping_status":"closed","template":"","meta":[],"product_brand":[],"product_cat":[78,38,77],"product_tag":[],"class_list":{"0":"post-9837","1":"product","2":"type-product","3":"status-publish","4":"has-post-thumbnail","6":"product_cat-equipment","7":"product_cat-imago-food-printers","8":"product_cat-uv-led-printers","10":"first","11":"instock","12":"shipping-taxable","13":"purchasable","14":"product-type-simple"},"_links":{"self":[{"href":"https:\/\/dersuessestopp.com\/hr\/wp-json\/wp\/v2\/product\/9837","targetHints":{"allow":["GET"]}}],"collection":[{"href":"https:\/\/dersuessestopp.com\/hr\/wp-json\/wp\/v2\/product"}],"about":[{"href":"https:\/\/dersuessestopp.com\/hr\/wp-json\/wp\/v2\/types\/product"}],"replies":[{"embeddable":true,"href":"https:\/\/dersuessestopp.com\/hr\/wp-json\/wp\/v2\/comments?post=9837"}],"version-history":[{"count":1,"href":"https:\/\/dersuessestopp.com\/hr\/wp-json\/wp\/v2\/product\/9837\/revisions"}],"predecessor-version":[{"id":10018,"href":"https:\/\/dersuessestopp.com\/hr\/wp-json\/wp\/v2\/product\/9837\/revisions\/10018"}],"wp:featuredmedia":[{"embeddable":true,"href":"https:\/\/dersuessestopp.com\/hr\/wp-json\/wp\/v2\/media\/9836"}],"wp:attachment":[{"href":"https:\/\/dersuessestopp.com\/hr\/wp-json\/wp\/v2\/media?parent=9837"}],"wp:term":[{"taxonomy":"product_brand","embeddable":true,"href":"https:\/\/dersuessestopp.com\/hr\/wp-json\/wp\/v2\/product_brand?post=9837"},{"taxonomy":"product_cat","embeddable":true,"href":"https:\/\/dersuessestopp.com\/hr\/wp-json\/wp\/v2\/product_cat?post=9837"},{"taxonomy":"product_tag","embeddable":true,"href":"https:\/\/dersuessestopp.com\/hr\/wp-json\/wp\/v2\/product_tag?post=9837"}],"curies":[{"name":"wp","href":"https:\/\/api.w.org\/{rel}","templated":true}]}}