{"id":9003,"date":"2025-09-23T12:03:26","date_gmt":"2025-09-23T12:03:26","guid":{"rendered":"https:\/\/dersuessestopp.com\/?post_type=product&#038;p=9003"},"modified":"2025-10-08T19:22:20","modified_gmt":"2025-10-08T19:22:20","slug":"cw-120-g-1-zlica","status":"publish","type":"product","link":"https:\/\/dersuessestopp.com\/hr\/product\/cw-120-g1tb\/","title":{"rendered":"CW 120 G1TB"},"content":{"rendered":"<p data-start=\"115\" data-end=\"368\"><img fetchpriority=\"high\" decoding=\"async\" class=\"alignnone wp-image-11517 size-full\" src=\"https:\/\/dersuessestopp.com\/wp-content\/uploads\/2025\/09\/CW120G1TB_CW120G2TB-Dettagli.jpg\" alt=\"\" width=\"2000\" height=\"600\" srcset=\"https:\/\/dersuessestopp.com\/wp-content\/uploads\/2025\/09\/CW120G1TB_CW120G2TB-Dettagli.jpg 2000w, https:\/\/dersuessestopp.com\/wp-content\/uploads\/2025\/09\/CW120G1TB_CW120G2TB-Dettagli-300x90.jpg 300w, https:\/\/dersuessestopp.com\/wp-content\/uploads\/2025\/09\/CW120G1TB_CW120G2TB-Dettagli-1024x307.jpg 1024w, https:\/\/dersuessestopp.com\/wp-content\/uploads\/2025\/09\/CW120G1TB_CW120G2TB-Dettagli-768x230.jpg 768w, https:\/\/dersuessestopp.com\/wp-content\/uploads\/2025\/09\/CW120G1TB_CW120G2TB-Dettagli-1536x461.jpg 1536w, https:\/\/dersuessestopp.com\/wp-content\/uploads\/2025\/09\/CW120G1TB_CW120G2TB-Dettagli-250x75.jpg 250w, https:\/\/dersuessestopp.com\/wp-content\/uploads\/2025\/09\/CW120G1TB_CW120G2TB-Dettagli-600x180.jpg 600w\" sizes=\"(max-width: 2000px) 100vw, 2000px\" \/><\/p>\n<p data-start=\"115\" data-end=\"368\">The <strong data-start=\"119\" data-end=\"134\">CW 120 G1TB<\/strong> je <strong data-start=\"140\" data-end=\"166\">ventilirani hladnjak za vino<\/strong> s <strong data-start=\"179\" data-end=\"208\">vrata bez okvira s punim staklom<\/strong>, LED rasvjeta i <strong data-start=\"228\" data-end=\"261\">Klizne metalne police u obliku slova Z<\/strong>. Dizajniran za dvozonsko skladi\u0161tenje vina, odr\u017eava preciznu kontrolu temperature za optimalno o\u010duvanje.<\/p>\n<h2 data-start=\"737\" data-end=\"748\">Kapacitet<\/h2>\n<div class=\"_tableContainer_1rjym_1\">\n<div class=\"group _tableWrapper_1rjym_13 flex w-fit flex-col-reverse\">\n<table>\n<thead>\n<tr>\n<th>Model<\/th>\n<th>Boce od 75 cl<\/th>\n<th>Bilje\u0161ke<\/th>\n<\/tr>\n<\/thead>\n<tbody>\n<tr>\n<td>CW 120 G1TB<\/td>\n<td>68<\/td>\n<td>Kapacitet mo\u017ee varirati ovisno o pakiranju<\/td>\n<\/tr>\n<\/tbody>\n<\/table>\n<h2 data-start=\"1065\" data-end=\"1078\">Dimenzije<\/h2>\n<div class=\"_tableContainer_1rjym_1\">\n<div class=\"group _tableWrapper_1rjym_13 flex w-fit flex-col-reverse\">\n<table>\n<thead>\n<tr>\n<th>Opis<\/th>\n<th>Mjerenje (mm)<\/th>\n<\/tr>\n<\/thead>\n<tbody>\n<tr>\n<td>Vanjske dimenzije (\u0160xDxV)<\/td>\n<td>595 \u00d7 700 \u00d7 1210<\/td>\n<\/tr>\n<tr>\n<td>Dimenzije pakiranja (\u0160xDxV)<\/td>\n<td>645 \u00d7 770 \u00d7 1411<\/td>\n<\/tr>\n<tr>\n<td>Unutarnja \u0161irina (A)<\/td>\n<td>500<\/td>\n<\/tr>\n<tr>\n<td>Unutarnja dubina (B)<\/td>\n<td>540<\/td>\n<\/tr>\n<tr>\n<td>Unutarnja visina (C)<\/td>\n<td>1030<\/td>\n<\/tr>\n<tr>\n<td>Minimalna dubina (D)<\/td>\n<td>380<\/td>\n<\/tr>\n<tr>\n<td>Minimalna visina (E)<\/td>\n<td>820<\/td>\n<\/tr>\n<tr>\n<td>Bo\u010dna naljepnica<\/td>\n<td>648 \u00d7 1185<\/td>\n<\/tr>\n<tr>\n<td>Naljepnica za staklo<\/td>\n<td>462 \u00d7 940<\/td>\n<\/tr>\n<\/tbody>\n<\/table>\n<h2 data-start=\"1461\" data-end=\"1482\">Tehni\u010dke zna\u010dajke<\/h2>\n<div class=\"_tableContainer_1rjym_1\">\n<div class=\"group _tableWrapper_1rjym_13 flex w-fit flex-col-reverse\">\n<table>\n<thead>\n<tr>\n<th>Zna\u010dajka<\/th>\n<th>Specifikacija<\/th>\n<\/tr>\n<\/thead>\n<tbody>\n<tr>\n<td>Raspon temperature<\/td>\n<td>+2\u00b0C \/ +20\u00b0C<\/td>\n<\/tr>\n<tr>\n<td>Klimatski razred<\/td>\n<td>S-ST<\/td>\n<\/tr>\n<tr>\n<td>Neto \/ Bruto volumen<\/td>\n<td>257 \/ 265 L<\/td>\n<\/tr>\n<tr>\n<td>Vanjsko tijelo<\/td>\n<td>Prethodno obojeni lim s antikorozivnom obradom<\/td>\n<\/tr>\n<tr>\n<td>Vrata<\/td>\n<td>Crno puno staklo<\/td>\n<\/tr>\n<tr>\n<td>Unutarnja obloga<\/td>\n<td>ABS<\/td>\n<\/tr>\n<tr>\n<td>Termostat<\/td>\n<td>Elektroni\u010dki zaslon osjetljiv na dodir<\/td>\n<\/tr>\n<tr>\n<td>Razina buke<\/td>\n<td>42 dB<\/td>\n<\/tr>\n<tr>\n<td>Debljina izolacije<\/td>\n<td>55 mm<\/td>\n<\/tr>\n<tr>\n<td>Sustav za odmrzavanje<\/td>\n<td>Automatski (kompresor isklju\u010den)<\/td>\n<\/tr>\n<tr>\n<td>Rasvjeta<\/td>\n<td>1 horizontalna + 2 vertikalne LED diode<\/td>\n<\/tr>\n<tr>\n<td>Brava i klju\u010d<\/td>\n<td>Da<\/td>\n<\/tr>\n<tr>\n<td>Vrata s mogu\u0107no\u0161\u0107u otvaranja i zatvaranja<\/td>\n<td>Da<\/td>\n<\/tr>\n<tr>\n<td>Police<\/td>\n<td>5 \u00d7 452 \u00d7 535 mm + 1 \u00d7 452 \u00d7 380 mm (klizne metalne police u obliku slova Z)<\/td>\n<\/tr>\n<tr>\n<td>Kota\u010di\u0107i i no\u017eice<\/td>\n<td>4 stope<\/td>\n<\/tr>\n<\/tbody>\n<\/table>\n<h2 data-start=\"2108\" data-end=\"2126\">Elektri\u010dni podaci<\/h2>\n<div class=\"_tableContainer_1rjym_1\">\n<div class=\"group _tableWrapper_1rjym_13 flex w-fit flex-col-reverse\">\n<table>\n<thead>\n<tr>\n<th>Specifikacija<\/th>\n<th>Vrijednost<\/th>\n<\/tr>\n<\/thead>\n<tbody>\n<tr>\n<td>Napon<\/td>\n<td>220 V<\/td>\n<\/tr>\n<tr>\n<td>Frekvencija<\/td>\n<td>50 Hz<\/td>\n<\/tr>\n<tr>\n<td>Rashladno sredstvo<\/td>\n<td>R600A<\/td>\n<\/tr>\n<tr>\n<td>Apsorpcija snage<\/td>\n<td>115 W<\/td>\n<\/tr>\n<tr>\n<td>Potro\u0161nja energije (24 sata)<\/td>\n<td>0,43 kWh<\/td>\n<\/tr>\n<tr>\n<td>Neto \/ Bruto te\u017eina<\/td>\n<td>80 \/ 85 kg<\/td>\n<\/tr>\n<\/tbody>\n<\/table>\n<\/div>\n<\/div>\n<\/div>\n<\/div>\n<\/div>\n<\/div>\n<\/div>\n<\/div>","protected":false},"excerpt":{"rendered":"<p>The CW 120 G1TB is a ventilated wine cooler featuring a full glass frameless door, LED lighting, and Z-shape sliding metal shelves. Designed for dual-zone wine storage, it maintains precise temperature control for optimal preservation. Capacity Model 75 cl Bottles Notes CW 120 G1TB 68 Capacity may vary depending on packaging Dimensions Description Measurement (mm) [&hellip;]<\/p>\n","protected":false},"featured_media":9004,"comment_status":"open","ping_status":"closed","template":"","meta":[],"product_brand":[],"product_cat":[49],"product_tag":[],"class_list":{"0":"post-9003","1":"product","2":"type-product","3":"status-publish","4":"has-post-thumbnail","6":"product_cat-wine-fridges","8":"first","9":"instock","10":"shipping-taxable","11":"product-type-simple"},"_links":{"self":[{"href":"https:\/\/dersuessestopp.com\/hr\/wp-json\/wp\/v2\/product\/9003","targetHints":{"allow":["GET"]}}],"collection":[{"href":"https:\/\/dersuessestopp.com\/hr\/wp-json\/wp\/v2\/product"}],"about":[{"href":"https:\/\/dersuessestopp.com\/hr\/wp-json\/wp\/v2\/types\/product"}],"replies":[{"embeddable":true,"href":"https:\/\/dersuessestopp.com\/hr\/wp-json\/wp\/v2\/comments?post=9003"}],"version-history":[{"count":4,"href":"https:\/\/dersuessestopp.com\/hr\/wp-json\/wp\/v2\/product\/9003\/revisions"}],"predecessor-version":[{"id":11519,"href":"https:\/\/dersuessestopp.com\/hr\/wp-json\/wp\/v2\/product\/9003\/revisions\/11519"}],"wp:featuredmedia":[{"embeddable":true,"href":"https:\/\/dersuessestopp.com\/hr\/wp-json\/wp\/v2\/media\/9004"}],"wp:attachment":[{"href":"https:\/\/dersuessestopp.com\/hr\/wp-json\/wp\/v2\/media?parent=9003"}],"wp:term":[{"taxonomy":"product_brand","embeddable":true,"href":"https:\/\/dersuessestopp.com\/hr\/wp-json\/wp\/v2\/product_brand?post=9003"},{"taxonomy":"product_cat","embeddable":true,"href":"https:\/\/dersuessestopp.com\/hr\/wp-json\/wp\/v2\/product_cat?post=9003"},{"taxonomy":"product_tag","embeddable":true,"href":"https:\/\/dersuessestopp.com\/hr\/wp-json\/wp\/v2\/product_tag?post=9003"}],"curies":[{"name":"wp","href":"https:\/\/api.w.org\/{rel}","templated":true}]}}