{"id":8995,"date":"2025-09-23T12:03:43","date_gmt":"2025-09-23T12:03:43","guid":{"rendered":"https:\/\/dersuessestopp.com\/?post_type=product&#038;p=8995"},"modified":"2025-10-08T19:21:41","modified_gmt":"2025-10-08T19:21:41","slug":"cw-51-g1tb","status":"publish","type":"product","link":"https:\/\/dersuessestopp.com\/hr\/product\/cw-51-g1tb\/","title":{"rendered":"CW 51 G1TB"},"content":{"rendered":"<p data-start=\"190\" data-end=\"465\"><img fetchpriority=\"high\" decoding=\"async\" class=\"alignnone wp-image-11526 size-full\" src=\"https:\/\/dersuessestopp.com\/wp-content\/uploads\/2025\/09\/CW-46-G2TB-1.jpg\" alt=\"\" width=\"2000\" height=\"600\" srcset=\"https:\/\/dersuessestopp.com\/wp-content\/uploads\/2025\/09\/CW-46-G2TB-1.jpg 2000w, https:\/\/dersuessestopp.com\/wp-content\/uploads\/2025\/09\/CW-46-G2TB-1-300x90.jpg 300w, https:\/\/dersuessestopp.com\/wp-content\/uploads\/2025\/09\/CW-46-G2TB-1-1024x307.jpg 1024w, https:\/\/dersuessestopp.com\/wp-content\/uploads\/2025\/09\/CW-46-G2TB-1-768x230.jpg 768w, https:\/\/dersuessestopp.com\/wp-content\/uploads\/2025\/09\/CW-46-G2TB-1-1536x461.jpg 1536w, https:\/\/dersuessestopp.com\/wp-content\/uploads\/2025\/09\/CW-46-G2TB-1-250x75.jpg 250w, https:\/\/dersuessestopp.com\/wp-content\/uploads\/2025\/09\/CW-46-G2TB-1-600x180.jpg 600w\" sizes=\"(max-width: 2000px) 100vw, 2000px\" \/><\/p>\n<p data-start=\"190\" data-end=\"465\">The <strong data-start=\"210\" data-end=\"224\">CW 51 G1TB<\/strong> je ventilirani hladnjak za vino s potpuno bezokvirnim staklenim vratima i uklonjivim drvenim policama, pogodan za precizno kontrolirano skladi\u0161tenje vina. Ova serija tako\u0111er uklju\u010duje modele s dvije zone i INOX ladicama za specijalizirane potrebe skladi\u0161tenja.<\/p>\n<p data-start=\"467\" data-end=\"486\"><strong data-start=\"467\" data-end=\"484\">Klju\u010dne zna\u010dajke:<\/strong><\/p>\n<ul data-start=\"487\" data-end=\"835\">\n<li data-start=\"487\" data-end=\"528\">\n<p data-start=\"489\" data-end=\"528\">Vrata bez okvira od punog stakla (CW modeli)<\/p>\n<\/li>\n<li data-start=\"529\" data-end=\"567\">\n<p data-start=\"531\" data-end=\"567\">Elektroni\u010dki termostat s dodirnim zaslonom<\/p>\n<\/li>\n<li data-start=\"568\" data-end=\"608\">\n<p data-start=\"570\" data-end=\"608\">Uklonjive drvene police (CW modeli)<\/p>\n<\/li>\n<li data-start=\"609\" data-end=\"663\">\n<p data-start=\"611\" data-end=\"663\">Ladice od nehr\u0111aju\u0107eg \u010delika (DW 82 INOX \/ DW 82 BLACK)<\/p>\n<\/li>\n<li data-start=\"664\" data-end=\"693\">\n<p data-start=\"666\" data-end=\"693\">Ventilirani sustav hla\u0111enja<\/p>\n<\/li>\n<li data-start=\"694\" data-end=\"715\">\n<p data-start=\"696\" data-end=\"715\">Automatsko odmrzavanje<\/p>\n<\/li>\n<li data-start=\"716\" data-end=\"774\">\n<p data-start=\"718\" data-end=\"774\">Horizontalna ili vertikalna LED rasvjeta ovisno o modelu<\/p>\n<\/li>\n<li data-start=\"775\" data-end=\"803\">\n<p data-start=\"777\" data-end=\"803\">Brava i klju\u010d (CW modeli)<\/p>\n<\/li>\n<li data-start=\"804\" data-end=\"835\">\n<p data-start=\"806\" data-end=\"835\">Vrata s mogu\u0107no\u0161\u0107u promjene smjera (modeli CW)<\/p>\n<\/li>\n<\/ul>\n<h3><strong>Kapacitet<\/strong><\/h3>\n<table>\n<thead>\n<tr>\n<th>Model<\/th>\n<th>Kapacitet boce (75 cl)<\/th>\n<th>Kapacitet limenke (0,33 l)<\/th>\n<th>Bilje\u0161ke<\/th>\n<\/tr>\n<\/thead>\n<tbody>\n<tr>\n<td>CW 51 G1TB<\/td>\n<td>52<\/td>\n<td>\u2013<\/td>\n<td>Podaci se mogu razlikovati ovisno o pakiranju<\/td>\n<\/tr>\n<tr>\n<td>CW 46 G2TB<\/td>\n<td>46<\/td>\n<td>\u2013<\/td>\n<td>Dvozonski hladnjak<\/td>\n<\/tr>\n<tr>\n<td>DW 82 INOX<\/td>\n<td>45<\/td>\n<td>171 Gore \/ 92 Dolje<\/td>\n<td>Ladice od nehr\u0111aju\u0107eg \u010delika<\/td>\n<\/tr>\n<tr>\n<td>DW 82 CRNA<\/td>\n<td>45<\/td>\n<td>171 Gore \/ 92 Dolje<\/td>\n<td>Ladice od nehr\u0111aju\u0107eg \u010delika<\/td>\n<\/tr>\n<\/tbody>\n<\/table>\n<h3><strong>Dimenzije<\/strong><\/h3>\n<table>\n<thead>\n<tr>\n<th>Model<\/th>\n<th>Vanjski (\u0160xDxV mm)<\/th>\n<th>Pakiranje (\u0160xDxV mm)<\/th>\n<th>\u0160irina (A)<\/th>\n<th>Dubina (B)<\/th>\n<th>Visina (C)<\/th>\n<th>Minimalna dubina (D)<\/th>\n<th>Minimalna visina (E)<\/th>\n<th>Naljepnica za staklo (mm)<\/th>\n<th>Bo\u010dna naljepnica (mm)<\/th>\n<\/tr>\n<\/thead>\n<tbody>\n<tr>\n<td>CW 51 G1TB<\/td>\n<td>595 \u00d7 573 \u00d7 820<\/td>\n<td>660 \u00d7 625 \u00d7 1015<\/td>\n<td>510<\/td>\n<td>445<\/td>\n<td>650<\/td>\n<td>305<\/td>\n<td>550<\/td>\n<td>462 \u00d7 560<\/td>\n<td>530 \u00d7 805<\/td>\n<\/tr>\n<tr>\n<td>CW 46 G2TB<\/td>\n<td>595 \u00d7 573 \u00d7 820<\/td>\n<td>660 \u00d7 625 \u00d7 1015<\/td>\n<td>510<\/td>\n<td>445<\/td>\n<td>650<\/td>\n<td>305<\/td>\n<td>550<\/td>\n<td>462 \u00d7 560<\/td>\n<td>530 \u00d7 805<\/td>\n<\/tr>\n<tr>\n<td>DW 82 INOX<\/td>\n<td>595 \u00d7 628 \u00d7 820<\/td>\n<td>660 \u00d7 588 \u00d7 880<\/td>\n<td>510<\/td>\n<td>430<\/td>\n<td>650<\/td>\n<td>\u2013<\/td>\n<td>\u2013<\/td>\n<td>\u2013<\/td>\n<td>\u2013<\/td>\n<\/tr>\n<tr>\n<td>DW 82 CRNA<\/td>\n<td>595 \u00d7 584 \u00d7 820<\/td>\n<td>660 \u00d7 588 \u00d7 880<\/td>\n<td>510<\/td>\n<td>430<\/td>\n<td>650<\/td>\n<td>\u2013<\/td>\n<td>\u2013<\/td>\n<td>\u2013<\/td>\n<td>\u2013<\/td>\n<\/tr>\n<\/tbody>\n<\/table>\n<h3 data-start=\"1969\" data-end=\"1993\"><strong>Tehni\u010dke zna\u010dajke<\/strong><\/h3>\n<div class=\"_tableContainer_1rjym_1\">\n<div class=\"group _tableWrapper_1rjym_13 flex w-fit flex-col-reverse\">\n<table>\n<thead>\n<tr>\n<th>Zna\u010dajka<\/th>\n<th>CW 51 G1TB<\/th>\n<th>CW 46 G2TB<\/th>\n<th>DW 82 INOX<\/th>\n<th>DW 82 CRNA<\/th>\n<\/tr>\n<\/thead>\n<tbody>\n<tr>\n<td>Raspon temperature<\/td>\n<td>+2\u00b0C \/ +20\u00b0C<\/td>\n<td>+2\u00b0C \/ +20\u00b0C<\/td>\n<td>0\u00b0C \/ +15\u00b0C<\/td>\n<td>0\u00b0C \/ +15\u00b0C<\/td>\n<\/tr>\n<tr>\n<td>Klimatski razred<\/td>\n<td>S-ST<\/td>\n<td>S-ST<\/td>\n<td>S-ST<\/td>\n<td>S-ST<\/td>\n<\/tr>\n<tr>\n<td>Neto \/ Bruto volumen<\/td>\n<td>145 \/ 150 L<\/td>\n<td>143 \/ 148 L<\/td>\n<td>137 \/ 145 L<\/td>\n<td>137 \/ 145 L<\/td>\n<\/tr>\n<tr>\n<td>Vanjsko tijelo<\/td>\n<td>Prethodno obojeni lim s antikorozivnom za\u0161titom<\/td>\n<td>Prethodno obojeni lim s antikorozivnom za\u0161titom<\/td>\n<td>Prethodno obojeni lim s antikorozivnom za\u0161titom<\/td>\n<td>Prethodno obojeni lim s antikorozivnom za\u0161titom<\/td>\n<\/tr>\n<tr>\n<td>Vrata<\/td>\n<td>Crno puno staklo<\/td>\n<td>Crno puno staklo<\/td>\n<td>Ladice od INOX 304 materijala<\/td>\n<td>Hladno valjana \u010deli\u010dna plo\u010da, prednja strana ladice od crnog stakla<\/td>\n<\/tr>\n<tr>\n<td>Unutarnja obloga<\/td>\n<td>ABS<\/td>\n<td>ABS<\/td>\n<td>ABS<\/td>\n<td>ABS<\/td>\n<\/tr>\n<tr>\n<td>Termostat<\/td>\n<td>Elektroni\u010dki zaslon osjetljiv na dodir<\/td>\n<td>Elektroni\u010dki zaslon osjetljiv na dodir<\/td>\n<td>Elektronika<\/td>\n<td>Elektronika<\/td>\n<\/tr>\n<tr>\n<td>Razina buke<\/td>\n<td>41 dB<\/td>\n<td>38 dB<\/td>\n<td>40 dB<\/td>\n<td>40 dB<\/td>\n<\/tr>\n<tr>\n<td>Debljina izolacije<\/td>\n<td>45 mm<\/td>\n<td>45 mm<\/td>\n<td>45 mm<\/td>\n<td>45 mm<\/td>\n<\/tr>\n<tr>\n<td>Odmrzavanje<\/td>\n<td>Automatski (kompresor isklju\u010den)<\/td>\n<td>Automatski (kompresor isklju\u010den)<\/td>\n<td>Automatski (kompresor isklju\u010den)<\/td>\n<td>Automatski (kompresor isklju\u010den)<\/td>\n<\/tr>\n<tr>\n<td>Rasvjeta<\/td>\n<td>1 horizontalna LED dioda<\/td>\n<td>2 horizontalne LED diode<\/td>\n<td>2 vertikalne LED diode<\/td>\n<td>2 vertikalne LED diode<\/td>\n<\/tr>\n<tr>\n<td>Brava i klju\u010d<\/td>\n<td>Da<\/td>\n<td>Da<\/td>\n<td>\u2013<\/td>\n<td>\u2013<\/td>\n<\/tr>\n<tr>\n<td>Vrata s mogu\u0107no\u0161\u0107u otvaranja i zatvaranja<\/td>\n<td>Da<\/td>\n<td>Da<\/td>\n<td>\u2013<\/td>\n<td>\u2013<\/td>\n<\/tr>\n<tr>\n<td>Police \/ Ladice<\/td>\n<td>5 \u00d7 447 \u00d7 492 + 1 \u00d7 292 \u00d7 492 mm<\/td>\n<td>5 \u00d7 447 \u00d7 492 + 1 \u00d7 292 \u00d7 492 mm<\/td>\n<td>2 ladice od INOX 304 \u010delika<\/td>\n<td>2 ladice od INOX 304 \u010delika<\/td>\n<\/tr>\n<tr>\n<td>Kota\u010di\u0107i i no\u017eice<\/td>\n<td>4 stope<\/td>\n<td>4 stope<\/td>\n<td>4 stope<\/td>\n<td>4 stope<\/td>\n<\/tr>\n<tr>\n<td>Neto \/ Bruto te\u017eina<\/td>\n<td>43 \/ 47 kg<\/td>\n<td>45 \/ 49 kg<\/td>\n<td>48 \/ 52 kg<\/td>\n<td>44 \/ 50 kg<\/td>\n<\/tr>\n<\/tbody>\n<\/table>\n<h3 data-start=\"3414\" data-end=\"3435\"><strong>Elektri\u010dni podaci<\/strong><\/h3>\n<div class=\"_tableContainer_1rjym_1\">\n<div class=\"group _tableWrapper_1rjym_13 flex w-fit flex-col-reverse\">\n<table>\n<thead>\n<tr>\n<th>Zna\u010dajka<\/th>\n<th>CW 51 G1TB<\/th>\n<th>CW 46 G2TB<\/th>\n<th>DW 82 INOX<\/th>\n<th>DW 82 CRNA<\/th>\n<\/tr>\n<\/thead>\n<tbody>\n<tr>\n<td>Napon<\/td>\n<td>220 V<\/td>\n<td>220 V<\/td>\n<td>220 V<\/td>\n<td>220 V<\/td>\n<\/tr>\n<tr>\n<td>Frekvencija<\/td>\n<td>50 Hz<\/td>\n<td>50 Hz<\/td>\n<td>50 Hz<\/td>\n<td>50 Hz<\/td>\n<\/tr>\n<tr>\n<td>Rashladno sredstvo<\/td>\n<td>R600A<\/td>\n<td>R600A<\/td>\n<td>R600A<\/td>\n<td>R600A<\/td>\n<\/tr>\n<tr>\n<td>Apsorpcija snage<\/td>\n<td>95 W<\/td>\n<td>95 W<\/td>\n<td>115 W<\/td>\n<td>115 W<\/td>\n<\/tr>\n<tr>\n<td>Potro\u0161nja energije (24 sata)<\/td>\n<td>0,40 kWh<\/td>\n<td>0,39 kWh<\/td>\n<td>0,324 kWh<\/td>\n<td>0,324 kWh<\/td>\n<\/tr>\n<\/tbody>\n<\/table>\n<\/div>\n<\/div>\n<\/div>\n<\/div>","protected":false},"excerpt":{"rendered":"<p>The CW 51 G1TB is a ventilated wine cooler with a full frameless glass door and removable wooden shelves, suitable for precise temperature-controlled wine storage. This series also includes dual-zone and INOX drawer models for specialized storage needs. Key Features: Full glass frameless door (CW models) Electronic touch screen thermostat Removable wooden shelves (CW models) [&hellip;]<\/p>\n","protected":false},"featured_media":9007,"comment_status":"open","ping_status":"closed","template":"","meta":[],"product_brand":[],"product_cat":[49],"product_tag":[],"class_list":{"0":"post-8995","1":"product","2":"type-product","3":"status-publish","4":"has-post-thumbnail","6":"product_cat-wine-fridges","8":"first","9":"instock","10":"shipping-taxable","11":"product-type-simple"},"_links":{"self":[{"href":"https:\/\/dersuessestopp.com\/hr\/wp-json\/wp\/v2\/product\/8995","targetHints":{"allow":["GET"]}}],"collection":[{"href":"https:\/\/dersuessestopp.com\/hr\/wp-json\/wp\/v2\/product"}],"about":[{"href":"https:\/\/dersuessestopp.com\/hr\/wp-json\/wp\/v2\/types\/product"}],"replies":[{"embeddable":true,"href":"https:\/\/dersuessestopp.com\/hr\/wp-json\/wp\/v2\/comments?post=8995"}],"version-history":[{"count":2,"href":"https:\/\/dersuessestopp.com\/hr\/wp-json\/wp\/v2\/product\/8995\/revisions"}],"predecessor-version":[{"id":11528,"href":"https:\/\/dersuessestopp.com\/hr\/wp-json\/wp\/v2\/product\/8995\/revisions\/11528"}],"wp:featuredmedia":[{"embeddable":true,"href":"https:\/\/dersuessestopp.com\/hr\/wp-json\/wp\/v2\/media\/9007"}],"wp:attachment":[{"href":"https:\/\/dersuessestopp.com\/hr\/wp-json\/wp\/v2\/media?parent=8995"}],"wp:term":[{"taxonomy":"product_brand","embeddable":true,"href":"https:\/\/dersuessestopp.com\/hr\/wp-json\/wp\/v2\/product_brand?post=8995"},{"taxonomy":"product_cat","embeddable":true,"href":"https:\/\/dersuessestopp.com\/hr\/wp-json\/wp\/v2\/product_cat?post=8995"},{"taxonomy":"product_tag","embeddable":true,"href":"https:\/\/dersuessestopp.com\/hr\/wp-json\/wp\/v2\/product_tag?post=8995"}],"curies":[{"name":"wp","href":"https:\/\/api.w.org\/{rel}","templated":true}]}}