{"id":8985,"date":"2025-09-23T11:51:51","date_gmt":"2025-09-23T11:51:51","guid":{"rendered":"https:\/\/dersuessestopp.com\/?post_type=product&#038;p=8985"},"modified":"2025-10-08T19:17:58","modified_gmt":"2025-10-08T19:17:58","slug":"cw-20-g1tb","status":"publish","type":"product","link":"https:\/\/dersuessestopp.com\/hr\/product\/cw-20-g1tb\/","title":{"rendered":"CW 20 G1TB"},"content":{"rendered":"<p data-start=\"187\" data-end=\"430\"><img fetchpriority=\"high\" decoding=\"async\" class=\"alignnone wp-image-11495 size-full\" src=\"https:\/\/dersuessestopp.com\/wp-content\/uploads\/2025\/09\/CW20G1TB_CW37G1TB_CW37G2TB-Dettagli.jpg\" alt=\"\" width=\"2000\" height=\"600\" srcset=\"https:\/\/dersuessestopp.com\/wp-content\/uploads\/2025\/09\/CW20G1TB_CW37G1TB_CW37G2TB-Dettagli.jpg 2000w, https:\/\/dersuessestopp.com\/wp-content\/uploads\/2025\/09\/CW20G1TB_CW37G1TB_CW37G2TB-Dettagli-300x90.jpg 300w, https:\/\/dersuessestopp.com\/wp-content\/uploads\/2025\/09\/CW20G1TB_CW37G1TB_CW37G2TB-Dettagli-1024x307.jpg 1024w, https:\/\/dersuessestopp.com\/wp-content\/uploads\/2025\/09\/CW20G1TB_CW37G1TB_CW37G2TB-Dettagli-768x230.jpg 768w, https:\/\/dersuessestopp.com\/wp-content\/uploads\/2025\/09\/CW20G1TB_CW37G1TB_CW37G2TB-Dettagli-1536x461.jpg 1536w, https:\/\/dersuessestopp.com\/wp-content\/uploads\/2025\/09\/CW20G1TB_CW37G1TB_CW37G2TB-Dettagli-250x75.jpg 250w, https:\/\/dersuessestopp.com\/wp-content\/uploads\/2025\/09\/CW20G1TB_CW37G1TB_CW37G2TB-Dettagli-600x180.jpg 600w\" sizes=\"(max-width: 2000px) 100vw, 2000px\" \/><\/p>\n<p data-start=\"187\" data-end=\"430\">The <strong data-start=\"207\" data-end=\"221\">CW 20 G1TB<\/strong> je kompaktni ventilirani hladnjak za vino s potpuno bezokvirnim staklenim vratima i uklonjivim drvenim policama. Dizajniran za preciznu kontrolu temperature, idealan je za ljubitelje vina i male profesionalne prostore.<\/p>\n<p data-start=\"432\" data-end=\"451\"><strong data-start=\"432\" data-end=\"449\">Klju\u010dne zna\u010dajke:<\/strong><\/p>\n<ul data-start=\"452\" data-end=\"688\">\n<li data-start=\"452\" data-end=\"481\">\n<p data-start=\"454\" data-end=\"481\">Vrata bez okvira s punim staklom<\/p>\n<\/li>\n<li data-start=\"482\" data-end=\"507\">\n<p data-start=\"484\" data-end=\"507\">Elektroni\u010dki termostat<\/p>\n<\/li>\n<li data-start=\"508\" data-end=\"536\">\n<p data-start=\"510\" data-end=\"536\">Uklonjive drvene police<\/p>\n<\/li>\n<li data-start=\"537\" data-end=\"566\">\n<p data-start=\"539\" data-end=\"566\">Ventilirani sustav hla\u0111enja<\/p>\n<\/li>\n<li data-start=\"567\" data-end=\"603\">\n<p data-start=\"569\" data-end=\"603\">Raspon temperature: +2\u00b0C do +20\u00b0C<\/p>\n<\/li>\n<li data-start=\"604\" data-end=\"625\">\n<p data-start=\"606\" data-end=\"625\">Automatsko odmrzavanje<\/p>\n<\/li>\n<li data-start=\"626\" data-end=\"651\">\n<p data-start=\"628\" data-end=\"651\">Vertikalna LED rasvjeta<\/p>\n<\/li>\n<li data-start=\"652\" data-end=\"668\">\n<p data-start=\"654\" data-end=\"668\">Brava i klju\u010d<\/p>\n<\/li>\n<li data-start=\"669\" data-end=\"688\">\n<p data-start=\"671\" data-end=\"688\">Vrata koja se mogu okrenuti<\/p>\n<\/li>\n<\/ul>\n<h3 data-start=\"695\" data-end=\"709\"><strong>Kapacitet<\/strong><\/h3>\n<table>\n<thead>\n<tr>\n<th>Model<\/th>\n<th>Kapacitet boce (75 cl)<\/th>\n<th>Bilje\u0161ke<\/th>\n<\/tr>\n<\/thead>\n<tbody>\n<tr>\n<td>CW 20 G1TB<\/td>\n<td>18<\/td>\n<td>Podaci se mogu razlikovati ovisno o pakiranju<\/td>\n<\/tr>\n<tr>\n<td>CW 37 G1TB<\/td>\n<td>28<\/td>\n<td>Podaci se mogu razlikovati ovisno o pakiranju<\/td>\n<\/tr>\n<tr>\n<td>CW 37 G2TB<\/td>\n<td>28<\/td>\n<td>Dvozonski hladnjak temperature<\/td>\n<\/tr>\n<\/tbody>\n<\/table>\n<div><\/div>\n<h3><strong>Dimenzije<\/strong><\/h3>\n<table>\n<thead>\n<tr>\n<th>Model<\/th>\n<th>Vanjski (\u0160xDxV mm)<\/th>\n<th>Pakiranje (\u0160xDxV mm)<\/th>\n<th>Unutarnja \u0161irina (A)<\/th>\n<th>Dubina (B)<\/th>\n<th>Visina (C)<\/th>\n<th>Minimalna dubina (D)<\/th>\n<th>Minimalna visina (E)<\/th>\n<th>Naljepnica za staklo (mm)<\/th>\n<th>Bo\u010dna naljepnica (mm)<\/th>\n<\/tr>\n<\/thead>\n<tbody>\n<tr>\n<td>CW 20 G1TB<\/td>\n<td>295 \u00d7 573 \u00d7 820<\/td>\n<td>332 \u00d7 625 \u00d7 870<\/td>\n<td>215<\/td>\n<td>445<\/td>\n<td>650<\/td>\n<td>325<\/td>\n<td>530<\/td>\n<td>162 \u00d7 560<\/td>\n<td>530 \u00d7 805<\/td>\n<\/tr>\n<tr>\n<td>CW 37 G1TB<\/td>\n<td>380 \u00d7 578 \u00d7 820<\/td>\n<td>435 \u00d7 655 \u00d7 870<\/td>\n<td>300<\/td>\n<td>445<\/td>\n<td>650<\/td>\n<td>325<\/td>\n<td>530<\/td>\n<td>247 \u00d7 560<\/td>\n<td>530 \u00d7 805<\/td>\n<\/tr>\n<tr>\n<td>CW 37 G2TB<\/td>\n<td>380 \u00d7 578 \u00d7 820<\/td>\n<td>435 \u00d7 655 \u00d7 870<\/td>\n<td>300<\/td>\n<td>445<\/td>\n<td>650<\/td>\n<td>325<\/td>\n<td>530<\/td>\n<td>247 \u00d7 560<\/td>\n<td>530 \u00d7 805<\/td>\n<\/tr>\n<\/tbody>\n<\/table>\n<div class=\"group _tableWrapper_1rjym_13 flex w-fit flex-col-reverse\"><\/div>\n<h3><strong>Tehni\u010dke zna\u010dajke<\/strong><\/h3>\n<table>\n<thead>\n<tr>\n<th>Zna\u010dajka<\/th>\n<th>CW 20 G1TB<\/th>\n<th>CW 37 G1TB<\/th>\n<th>CW 37 G2TB<\/th>\n<\/tr>\n<\/thead>\n<tbody>\n<tr>\n<td>Raspon temperature<\/td>\n<td>+2\u00b0C \/ +20\u00b0C<\/td>\n<td>+2\u00b0C \/ +20\u00b0C<\/td>\n<td>+2\u00b0C \/ +20\u00b0C<\/td>\n<\/tr>\n<tr>\n<td>Klimatski razred<\/td>\n<td>S-ST<\/td>\n<td>S-ST<\/td>\n<td>S-ST<\/td>\n<\/tr>\n<tr>\n<td>Neto \/ Bruto volumen<\/td>\n<td>58 \/ 60 L<\/td>\n<td>85 \/ 88 L<\/td>\n<td>80 \/ 85 L<\/td>\n<\/tr>\n<tr>\n<td>Vanjsko tijelo<\/td>\n<td>Prethodno obojeni lim s antikorozivnom za\u0161titom<\/td>\n<td>Prethodno obojeni lim s antikorozivnom za\u0161titom<\/td>\n<td>Prethodno obojeni lim s antikorozivnom za\u0161titom<\/td>\n<\/tr>\n<tr>\n<td>Vrata<\/td>\n<td>Crno puno staklo<\/td>\n<td>Crno puno staklo<\/td>\n<td>Crno puno staklo<\/td>\n<\/tr>\n<tr>\n<td>Unutarnja obloga<\/td>\n<td>ABS<\/td>\n<td>ABS<\/td>\n<td>ABS<\/td>\n<\/tr>\n<tr>\n<td>Termostat<\/td>\n<td>Elektroni\u010dki zaslon osjetljiv na dodir<\/td>\n<td>Elektroni\u010dki zaslon osjetljiv na dodir<\/td>\n<td>Elektroni\u010dki zaslon osjetljiv na dodir<\/td>\n<\/tr>\n<tr>\n<td>Razina buke<\/td>\n<td>40 dB<\/td>\n<td>42 dB<\/td>\n<td>40 dB<\/td>\n<\/tr>\n<tr>\n<td>Debljina izolacije<\/td>\n<td>45 mm<\/td>\n<td>45 mm<\/td>\n<td>45 mm<\/td>\n<\/tr>\n<tr>\n<td>Odmrzavanje<\/td>\n<td>Automatski (kompresor isklju\u010den)<\/td>\n<td>Automatski (kompresor isklju\u010den)<\/td>\n<td>Automatski (kompresor isklju\u010den)<\/td>\n<\/tr>\n<tr>\n<td>Rasvjeta<\/td>\n<td>1 okomita LED dioda<\/td>\n<td>1 okomita LED dioda<\/td>\n<td>1 okomita LED dioda<\/td>\n<\/tr>\n<tr>\n<td>Brava i klju\u010d<\/td>\n<td>Da<\/td>\n<td>Da<\/td>\n<td>Da<\/td>\n<\/tr>\n<tr>\n<td>Vrata s mogu\u0107no\u0161\u0107u otvaranja i zatvaranja<\/td>\n<td>Da<\/td>\n<td>Da<\/td>\n<td>Da<\/td>\n<\/tr>\n<tr>\n<td>Police (\u0160xV)<\/td>\n<td>5 \u00d7 447 \u00d7 199 + 1 \u00d7 296 \u00d7 203<\/td>\n<td>5 \u00d7 447 \u00d7 297 + 1 \u00d7 308 \u00d7 288<\/td>\n<td>5 \u00d7 447 \u00d7 297 + 1 \u00d7 308 \u00d7 288<\/td>\n<\/tr>\n<tr>\n<td>Kota\u010di\u0107i i no\u017eice<\/td>\n<td>4 stope<\/td>\n<td>4 stope<\/td>\n<td>4 stope<\/td>\n<\/tr>\n<tr>\n<td>Neto \/ Bruto te\u017eina<\/td>\n<td>30 \/ 32 kg<\/td>\n<td>36 \/ 39 kg<\/td>\n<td>38 \/ 41 kg<\/td>\n<\/tr>\n<\/tbody>\n<\/table>\n<h3><strong>Elektri\u010dni podaci<\/strong><\/h3>\n<table>\n<thead>\n<tr>\n<th>Zna\u010dajka<\/th>\n<th>CW 20 G1TB<\/th>\n<th>CW 37 G1TB<\/th>\n<th>CW 37 G2TB<\/th>\n<\/tr>\n<\/thead>\n<tbody>\n<tr>\n<td>Napon<\/td>\n<td>220 V<\/td>\n<td>220 V<\/td>\n<td>220 V<\/td>\n<\/tr>\n<tr>\n<td>Frekvencija<\/td>\n<td>50 Hz<\/td>\n<td>50 Hz<\/td>\n<td>50 Hz<\/td>\n<\/tr>\n<tr>\n<td>Rashladno sredstvo<\/td>\n<td>R600A<\/td>\n<td>R600A<\/td>\n<td>R600A<\/td>\n<\/tr>\n<tr>\n<td>Apsorpcija snage<\/td>\n<td>65 W<\/td>\n<td>80 W<\/td>\n<td>80 W<\/td>\n<\/tr>\n<tr>\n<td>Potro\u0161nja energije (24 sata)<\/td>\n<td>0,35 kWh<\/td>\n<td>0,39 kWh<\/td>\n<td>0,39 kWh<\/td>\n<\/tr>\n<\/tbody>\n<\/table>","protected":false},"excerpt":{"rendered":"<p>The CW 20 G1TB is a compact ventilated wine cooler with a full frameless glass door and removable wooden shelves. Designed for precise temperature control, it is ideal for wine enthusiasts and small professional settings. Key Features: Full glass frameless door Electronic thermostat Removable wooden shelves Ventilated cooling system Temperature range: +2\u00b0C to +20\u00b0C Automatic [&hellip;]<\/p>\n","protected":false},"featured_media":8991,"comment_status":"open","ping_status":"closed","template":"","meta":[],"product_brand":[],"product_cat":[49],"product_tag":[],"class_list":{"0":"post-8985","1":"product","2":"type-product","3":"status-publish","4":"has-post-thumbnail","6":"product_cat-wine-fridges","8":"first","9":"instock","10":"shipping-taxable","11":"product-type-simple"},"_links":{"self":[{"href":"https:\/\/dersuessestopp.com\/hr\/wp-json\/wp\/v2\/product\/8985","targetHints":{"allow":["GET"]}}],"collection":[{"href":"https:\/\/dersuessestopp.com\/hr\/wp-json\/wp\/v2\/product"}],"about":[{"href":"https:\/\/dersuessestopp.com\/hr\/wp-json\/wp\/v2\/types\/product"}],"replies":[{"embeddable":true,"href":"https:\/\/dersuessestopp.com\/hr\/wp-json\/wp\/v2\/comments?post=8985"}],"version-history":[{"count":3,"href":"https:\/\/dersuessestopp.com\/hr\/wp-json\/wp\/v2\/product\/8985\/revisions"}],"predecessor-version":[{"id":11521,"href":"https:\/\/dersuessestopp.com\/hr\/wp-json\/wp\/v2\/product\/8985\/revisions\/11521"}],"wp:featuredmedia":[{"embeddable":true,"href":"https:\/\/dersuessestopp.com\/hr\/wp-json\/wp\/v2\/media\/8991"}],"wp:attachment":[{"href":"https:\/\/dersuessestopp.com\/hr\/wp-json\/wp\/v2\/media?parent=8985"}],"wp:term":[{"taxonomy":"product_brand","embeddable":true,"href":"https:\/\/dersuessestopp.com\/hr\/wp-json\/wp\/v2\/product_brand?post=8985"},{"taxonomy":"product_cat","embeddable":true,"href":"https:\/\/dersuessestopp.com\/hr\/wp-json\/wp\/v2\/product_cat?post=8985"},{"taxonomy":"product_tag","embeddable":true,"href":"https:\/\/dersuessestopp.com\/hr\/wp-json\/wp\/v2\/product_tag?post=8985"}],"curies":[{"name":"wp","href":"https:\/\/api.w.org\/{rel}","templated":true}]}}