{"id":8973,"date":"2025-09-23T11:43:42","date_gmt":"2025-09-23T11:43:42","guid":{"rendered":"https:\/\/dersuessestopp.com\/?post_type=product&#038;p=8973"},"modified":"2025-10-07T22:44:52","modified_gmt":"2025-10-07T22:44:52","slug":"icool-401-w","status":"publish","type":"product","link":"https:\/\/dersuessestopp.com\/hr\/product\/icool-401-w\/","title":{"rendered":"ICOOL 401 W"},"content":{"rendered":"<p data-start=\"179\" data-end=\"528\"><img fetchpriority=\"high\" decoding=\"async\" class=\"alignnone wp-image-11493 size-full\" src=\"https:\/\/dersuessestopp.com\/wp-content\/uploads\/2025\/09\/ICOOL-401-W-Dettagli.jpg\" alt=\"\" width=\"2000\" height=\"600\" srcset=\"https:\/\/dersuessestopp.com\/wp-content\/uploads\/2025\/09\/ICOOL-401-W-Dettagli.jpg 2000w, https:\/\/dersuessestopp.com\/wp-content\/uploads\/2025\/09\/ICOOL-401-W-Dettagli-300x90.jpg 300w, https:\/\/dersuessestopp.com\/wp-content\/uploads\/2025\/09\/ICOOL-401-W-Dettagli-1024x307.jpg 1024w, https:\/\/dersuessestopp.com\/wp-content\/uploads\/2025\/09\/ICOOL-401-W-Dettagli-768x230.jpg 768w, https:\/\/dersuessestopp.com\/wp-content\/uploads\/2025\/09\/ICOOL-401-W-Dettagli-1536x461.jpg 1536w, https:\/\/dersuessestopp.com\/wp-content\/uploads\/2025\/09\/ICOOL-401-W-Dettagli-250x75.jpg 250w, https:\/\/dersuessestopp.com\/wp-content\/uploads\/2025\/09\/ICOOL-401-W-Dettagli-600x180.jpg 600w\" sizes=\"(max-width: 2000px) 100vw, 2000px\" \/><\/p>\n<p data-start=\"179\" data-end=\"528\">The <strong data-start=\"183\" data-end=\"198\">ICOOL 401 W<\/strong> je <strong data-start=\"204\" data-end=\"234\">vrhunski stati\u010dki hladnjak za vino<\/strong> s <strong data-start=\"240\" data-end=\"262\">upravljanje ventilatorom uklju\u010deno\/isklju\u010deno<\/strong> i moderan dizajn. S <strong data-start=\"296\" data-end=\"325\">vrata bez okvira s punim staklom<\/strong>, termoformirana ABS unutra\u0161njost i <strong data-start=\"358\" data-end=\"392\">metalne police s drvenim ukrasima<\/strong>, kombinira stil i funkcionalnost, \u0161to ga \u010dini idealnim za <strong data-start=\"451\" data-end=\"525\">skladi\u0161tenje vina u restoranima, vinskim barovima, hotelima ili privatnim kolekcijama<\/strong>.<\/p>\n<h2 data-start=\"1033\" data-end=\"1044\"><strong>Kapacitet<\/strong><\/h2>\n<div class=\"_tableContainer_1rjym_1\">\n<div class=\"group _tableWrapper_1rjym_13 flex w-fit flex-col-reverse\">\n<table>\n<thead>\n<tr>\n<th>Model<\/th>\n<th>Kapacitet boce (75 cl)<\/th>\n<th>Bilje\u0161ke<\/th>\n<\/tr>\n<\/thead>\n<tbody>\n<tr>\n<td>ICOOL 401 W<\/td>\n<td>126<\/td>\n<td>Kapacitet mo\u017ee varirati ovisno o pakiranju<\/td>\n<\/tr>\n<\/tbody>\n<\/table>\n<\/div>\n<h2 data-start=\"1312\" data-end=\"1325\"><strong>Dimenzije<\/strong><\/h2>\n<div class=\"_tableContainer_1rjym_1\">\n<div class=\"group _tableWrapper_1rjym_13 flex w-fit flex-col-reverse\">\n<table>\n<thead>\n<tr>\n<th>Opis<\/th>\n<th>Mjerenje (mm)<\/th>\n<\/tr>\n<\/thead>\n<tbody>\n<tr>\n<td>Vanjske dimenzije (\u0160xDxV)<\/td>\n<td>600 \u00d7 651 \u00d7 1861<\/td>\n<\/tr>\n<tr>\n<td>Dimenzije pakiranja (\u0160xDxV)<\/td>\n<td>650 \u00d7 685 \u00d7 2058<\/td>\n<\/tr>\n<tr>\n<td>Unutarnja \u0161irina (A)<\/td>\n<td>491<\/td>\n<\/tr>\n<tr>\n<td>Unutarnja dubina (B)<\/td>\n<td>487<\/td>\n<\/tr>\n<tr>\n<td>Unutarnja visina (C)<\/td>\n<td>1556<\/td>\n<\/tr>\n<tr>\n<td>Minimalna dubina (D)<\/td>\n<td>179<\/td>\n<\/tr>\n<tr>\n<td>Minimalna visina (E)<\/td>\n<td>1337<\/td>\n<\/tr>\n<tr>\n<td>Bo\u010dna naljepnica<\/td>\n<td>569 \u00d7 1810<\/td>\n<\/tr>\n<tr>\n<td>Naljepnica za staklo<\/td>\n<td>482 \u00d7 1507<\/td>\n<\/tr>\n<\/tbody>\n<\/table>\n<\/div>\n<h2 data-start=\"1710\" data-end=\"1731\"><strong>Tehni\u010dke zna\u010dajke<\/strong><\/h2>\n<div class=\"_tableContainer_1rjym_1\">\n<div class=\"group _tableWrapper_1rjym_13 flex w-fit flex-col-reverse\">\n<table>\n<thead>\n<tr>\n<th>Zna\u010dajka<\/th>\n<th>Specifikacija<\/th>\n<\/tr>\n<\/thead>\n<tbody>\n<tr>\n<td>Raspon temperature (ventilator isklju\u010den)<\/td>\n<td>+16\u00b0C \/ +8\u00b0C \/ +5\u00b0C<\/td>\n<\/tr>\n<tr>\n<td>Raspon temperature (ventilator uklju\u010den)<\/td>\n<td>+3\u00b0C \/ +16\u00b0C<\/td>\n<\/tr>\n<tr>\n<td>Klimatski razred<\/td>\n<td>ST<\/td>\n<\/tr>\n<tr>\n<td>Bruto volumen<\/td>\n<td>360 L<\/td>\n<\/tr>\n<tr>\n<td>Vanjsko tijelo<\/td>\n<td>Prethodno obojeni lim s antikorozivnom obradom<\/td>\n<\/tr>\n<tr>\n<td>Unutarnja obloga<\/td>\n<td>ABS<\/td>\n<\/tr>\n<tr>\n<td>Termostat<\/td>\n<td>Elektronika<\/td>\n<\/tr>\n<tr>\n<td>Razina buke<\/td>\n<td>60 dB<\/td>\n<\/tr>\n<tr>\n<td>Debljina izolacije<\/td>\n<td>40 mm<\/td>\n<\/tr>\n<tr>\n<td>Sustav za odmrzavanje<\/td>\n<td>Automatski s elektri\u010dnim grija\u010dem<\/td>\n<\/tr>\n<tr>\n<td>Rasvjeta<\/td>\n<td>2 vertikalne LED diode, 7 W<\/td>\n<\/tr>\n<tr>\n<td>Samozatvaraju\u0107a vrata<\/td>\n<td>Meko zatvaranje<\/td>\n<\/tr>\n<tr>\n<td>Brava i klju\u010d<\/td>\n<td>Da<\/td>\n<\/tr>\n<tr>\n<td>Police<\/td>\n<td>5 \u00d7 510 \u00d7 414 mm (metalni s drvenim obrubom)<\/td>\n<\/tr>\n<tr>\n<td>Kota\u010di\u0107i i no\u017eice<\/td>\n<td>4 kota\u010di\u0107a + 2 no\u017eice<\/td>\n<\/tr>\n<\/tbody>\n<\/table>\n<\/div>\n<h2 data-start=\"2357\" data-end=\"2375\"><strong>Elektri\u010dni podaci<\/strong><\/h2>\n<div class=\"_tableContainer_1rjym_1\">\n<div class=\"group _tableWrapper_1rjym_13 flex w-fit flex-col-reverse\">\n<table>\n<thead>\n<tr>\n<th>Specifikacija<\/th>\n<th>Vrijednost<\/th>\n<\/tr>\n<\/thead>\n<tbody>\n<tr>\n<td>Napon<\/td>\n<td>220\u2013240 V<\/td>\n<\/tr>\n<tr>\n<td>Frekvencija<\/td>\n<td>50 Hz<\/td>\n<\/tr>\n<tr>\n<td>Rashladno sredstvo<\/td>\n<td>R600A<\/td>\n<\/tr>\n<tr>\n<td>Apsorpcija snage<\/td>\n<td>250 W<\/td>\n<\/tr>\n<tr>\n<td>Potro\u0161nja energije (24 sata)<\/td>\n<td>2,1 kWh<\/td>\n<\/tr>\n<tr>\n<td>Neto \/ Bruto te\u017eina<\/td>\n<td>80 \/ 94 kg<\/td>\n<\/tr>\n<\/tbody>\n<\/table>\n<\/div>\n<\/div>\n<\/div>\n<\/div>\n<\/div>","protected":false},"excerpt":{"rendered":"<p>The ICOOL 401 W is a premium static wine cooler with on\/off fan control and a modern design. Featuring a full glass frameless door, thermoformed ABS interior, and metal shelves with wooden trim, it combines style and functionality, making it ideal for wine storage in restaurants, wine bars, hotels, or private collections. Capacity Model Bottle [&hellip;]<\/p>\n","protected":false},"featured_media":8974,"comment_status":"open","ping_status":"closed","template":"","meta":[],"product_brand":[],"product_cat":[106,49],"product_tag":[],"class_list":{"0":"post-8973","1":"product","2":"type-product","3":"status-publish","4":"has-post-thumbnail","6":"product_cat-wine-coolers-wine-cellars","7":"product_cat-wine-fridges","9":"first","10":"instock","11":"shipping-taxable","12":"product-type-simple"},"_links":{"self":[{"href":"https:\/\/dersuessestopp.com\/hr\/wp-json\/wp\/v2\/product\/8973","targetHints":{"allow":["GET"]}}],"collection":[{"href":"https:\/\/dersuessestopp.com\/hr\/wp-json\/wp\/v2\/product"}],"about":[{"href":"https:\/\/dersuessestopp.com\/hr\/wp-json\/wp\/v2\/types\/product"}],"replies":[{"embeddable":true,"href":"https:\/\/dersuessestopp.com\/hr\/wp-json\/wp\/v2\/comments?post=8973"}],"version-history":[{"count":5,"href":"https:\/\/dersuessestopp.com\/hr\/wp-json\/wp\/v2\/product\/8973\/revisions"}],"predecessor-version":[{"id":11540,"href":"https:\/\/dersuessestopp.com\/hr\/wp-json\/wp\/v2\/product\/8973\/revisions\/11540"}],"wp:featuredmedia":[{"embeddable":true,"href":"https:\/\/dersuessestopp.com\/hr\/wp-json\/wp\/v2\/media\/8974"}],"wp:attachment":[{"href":"https:\/\/dersuessestopp.com\/hr\/wp-json\/wp\/v2\/media?parent=8973"}],"wp:term":[{"taxonomy":"product_brand","embeddable":true,"href":"https:\/\/dersuessestopp.com\/hr\/wp-json\/wp\/v2\/product_brand?post=8973"},{"taxonomy":"product_cat","embeddable":true,"href":"https:\/\/dersuessestopp.com\/hr\/wp-json\/wp\/v2\/product_cat?post=8973"},{"taxonomy":"product_tag","embeddable":true,"href":"https:\/\/dersuessestopp.com\/hr\/wp-json\/wp\/v2\/product_tag?post=8973"}],"curies":[{"name":"wp","href":"https:\/\/api.w.org\/{rel}","templated":true}]}}