{"id":8966,"date":"2025-09-23T11:37:32","date_gmt":"2025-09-23T11:37:32","guid":{"rendered":"https:\/\/dersuessestopp.com\/?post_type=product&#038;p=8966"},"modified":"2025-09-23T11:37:32","modified_gmt":"2025-09-23T11:37:32","slug":"clw-820-l-noce-medio","status":"publish","type":"product","link":"https:\/\/dersuessestopp.com\/hr\/product\/clw-820-l-noce-medio\/","title":{"rendered":"CLW 820 L NOCE MEDIO"},"content":{"rendered":"<p data-start=\"196\" data-end=\"569\">The <strong data-start=\"200\" data-end=\"224\">CLW 820 L NOCE MEDIO<\/strong> je <strong data-start=\"230\" data-end=\"260\">vrhunski stati\u010dki hladnjak za vino<\/strong> s opcijom <strong data-start=\"275\" data-end=\"309\">Smart Link WiFi daljinski upravlja\u010d<\/strong>, dizajniran za <strong data-start=\"324\" data-end=\"365\">profesionalno skladi\u0161tenje i izlaganje vina<\/strong>. Ovaj model ima <strong data-start=\"387\" data-end=\"424\">dvije sastavljene rashladne jedinice<\/strong>, kombiniraju\u0107i veliki kapacitet, tihi rad i sofisticirani dizajn. Idealno za <strong data-start=\"505\" data-end=\"566\">vinski podrumi, restorani, hoteli i privatni kolekcionari<\/strong>.<\/p>\n<h2 data-start=\"1321\" data-end=\"1332\">Kapacitet<\/h2>\n<div class=\"_tableContainer_1rjym_1\">\n<div class=\"group _tableWrapper_1rjym_13 flex w-fit flex-col-reverse\">\n<table>\n<thead>\n<tr>\n<th>Model<\/th>\n<th>Kapacitet boce (75 cl)<\/th>\n<th>Bilje\u0161ke<\/th>\n<\/tr>\n<\/thead>\n<tbody>\n<tr>\n<td>CLW 820 L NOCE MEDIO<\/td>\n<td>252<\/td>\n<td>Kapacitet mo\u017ee varirati ovisno o pakiranju<\/td>\n<\/tr>\n<\/tbody>\n<\/table>\n<h2 data-start=\"1625\" data-end=\"1638\">Dimenzije<\/h2>\n<div class=\"_tableContainer_1rjym_1\">\n<div class=\"group _tableWrapper_1rjym_13 flex w-fit flex-col-reverse\">\n<table>\n<thead>\n<tr>\n<th>Opis<\/th>\n<th>Mjerenje (mm)<\/th>\n<\/tr>\n<\/thead>\n<tbody>\n<tr>\n<td>Vanjske dimenzije (\u0160xDxV)<\/td>\n<td>1295 \u00d7 635 \u00d7 1880<\/td>\n<\/tr>\n<tr>\n<td>Dimenzije pakiranja (\u0160xDxV)<\/td>\n<td>1345 \u00d7 740 \u00d7 2050<\/td>\n<\/tr>\n<tr>\n<td>Unutarnja \u0161irina (A)<\/td>\n<td>522 \u00d7 2<\/td>\n<\/tr>\n<tr>\n<td>Unutarnja dubina (B)<\/td>\n<td>449<\/td>\n<\/tr>\n<tr>\n<td>Unutarnja visina (C)<\/td>\n<td>1557<\/td>\n<\/tr>\n<tr>\n<td>Minimalna dubina (D)<\/td>\n<td>179<\/td>\n<\/tr>\n<tr>\n<td>Minimalna visina (E)<\/td>\n<td>1337<\/td>\n<\/tr>\n<tr>\n<td>Naljepnica za staklo<\/td>\n<td>503 \u00d7 1544 (\u00d7 2)<\/td>\n<\/tr>\n<\/tbody>\n<\/table>\n<\/div>\n<h2 data-start=\"2004\" data-end=\"2025\">Tehni\u010dke zna\u010dajke<\/h2>\n<div class=\"_tableContainer_1rjym_1\">\n<div class=\"group _tableWrapper_1rjym_13 flex w-fit flex-col-reverse\">\n<table>\n<thead>\n<tr>\n<th>Zna\u010dajka<\/th>\n<th>Specifikacija<\/th>\n<\/tr>\n<\/thead>\n<tbody>\n<tr>\n<td>Raspon temperature (ventilator isklju\u010den)<\/td>\n<td>+16\u00b0C \/ +10\u00b0C \/ +5\u00b0C<\/td>\n<\/tr>\n<tr>\n<td>Raspon temperature (ventilator uklju\u010den)<\/td>\n<td>+4\u00b0C \/ +18\u00b0C<\/td>\n<\/tr>\n<tr>\n<td>Klimatski razred<\/td>\n<td>4<\/td>\n<\/tr>\n<tr>\n<td>Neto \/ Bruto volumen<\/td>\n<td>684 L \/ 764 L<\/td>\n<\/tr>\n<tr>\n<td>Premazivanje<\/td>\n<td>Masivno drvo jasena (srednji orah)<\/td>\n<\/tr>\n<tr>\n<td>Unutarnja obloga<\/td>\n<td>ABS<\/td>\n<\/tr>\n<tr>\n<td>Termostat<\/td>\n<td>Elektronika<\/td>\n<\/tr>\n<tr>\n<td>Razina buke<\/td>\n<td>55 dB (po jedinici)<\/td>\n<\/tr>\n<tr>\n<td>Daljinski upravlja\u010d<\/td>\n<td>Opcionalni Smart Link WiFi<\/td>\n<\/tr>\n<tr>\n<td>Debljina izolacije<\/td>\n<td>40 mm<\/td>\n<\/tr>\n<tr>\n<td>Sustav za odmrzavanje<\/td>\n<td>Automatski (kompresor isklju\u010den) + Ru\u010dni<\/td>\n<\/tr>\n<tr>\n<td>Rasvjeta<\/td>\n<td>4 vertikalne LED diode<\/td>\n<\/tr>\n<tr>\n<td>Samozatvaraju\u0107a vrata<\/td>\n<td>Da<\/td>\n<\/tr>\n<tr>\n<td>Brava i klju\u010d<\/td>\n<td>Da<\/td>\n<\/tr>\n<tr>\n<td>Police (\u0160xV)<\/td>\n<td>10 \u00d7 513 \u00d7 410 mm<\/td>\n<\/tr>\n<tr>\n<td>Drvene police<\/td>\n<td>Izborno<\/td>\n<\/tr>\n<tr>\n<td>Kota\u010di\u0107i i no\u017eice<\/td>\n<td>4 noge + 4 kota\u010di\u0107a<\/td>\n<\/tr>\n<\/tbody>\n<\/table>\n<\/div>\n<h2 data-start=\"2704\" data-end=\"2722\">Elektri\u010dni podaci<\/h2>\n<div class=\"_tableContainer_1rjym_1\">\n<div class=\"group _tableWrapper_1rjym_13 flex w-fit flex-col-reverse\">\n<table>\n<thead>\n<tr>\n<th>Specifikacija<\/th>\n<th>Vrijednost<\/th>\n<\/tr>\n<\/thead>\n<tbody>\n<tr>\n<td>Napon<\/td>\n<td>220 V<\/td>\n<\/tr>\n<tr>\n<td>Frekvencija<\/td>\n<td>50 Hz<\/td>\n<\/tr>\n<tr>\n<td>Rashladno sredstvo<\/td>\n<td>R600A<\/td>\n<\/tr>\n<tr>\n<td>Apsorpcija snage<\/td>\n<td>244 Z<\/td>\n<\/tr>\n<tr>\n<td>Potro\u0161nja energije (24 sata)<\/td>\n<td>5,68 kWh<\/td>\n<\/tr>\n<tr>\n<td>Neto \/ Bruto te\u017eina<\/td>\n<td>160 \/ 174 kg<\/td>\n<\/tr>\n<\/tbody>\n<\/table>\n<\/div>\n<\/div>\n<\/div>\n<\/div>\n<\/div>\n<\/div>","protected":false},"excerpt":{"rendered":"<p>The CLW 820 L NOCE MEDIO is a premium static wine cooler with optional Smart Link WiFi remote control, designed for professional wine storage and display. This model features two assembled refrigeration units, combining large capacity, quiet operation, and sophisticated design. Ideal for wine cellars, restaurants, hotels, and private collectors. Capacity Model Bottle Capacity (75 [&hellip;]<\/p>\n","protected":false},"featured_media":8968,"comment_status":"open","ping_status":"closed","template":"","meta":[],"product_brand":[],"product_cat":[49],"product_tag":[],"class_list":{"0":"post-8966","1":"product","2":"type-product","3":"status-publish","4":"has-post-thumbnail","6":"product_cat-wine-fridges","8":"first","9":"instock","10":"shipping-taxable","11":"product-type-simple"},"_links":{"self":[{"href":"https:\/\/dersuessestopp.com\/hr\/wp-json\/wp\/v2\/product\/8966","targetHints":{"allow":["GET"]}}],"collection":[{"href":"https:\/\/dersuessestopp.com\/hr\/wp-json\/wp\/v2\/product"}],"about":[{"href":"https:\/\/dersuessestopp.com\/hr\/wp-json\/wp\/v2\/types\/product"}],"replies":[{"embeddable":true,"href":"https:\/\/dersuessestopp.com\/hr\/wp-json\/wp\/v2\/comments?post=8966"}],"version-history":[{"count":1,"href":"https:\/\/dersuessestopp.com\/hr\/wp-json\/wp\/v2\/product\/8966\/revisions"}],"predecessor-version":[{"id":8971,"href":"https:\/\/dersuessestopp.com\/hr\/wp-json\/wp\/v2\/product\/8966\/revisions\/8971"}],"wp:featuredmedia":[{"embeddable":true,"href":"https:\/\/dersuessestopp.com\/hr\/wp-json\/wp\/v2\/media\/8968"}],"wp:attachment":[{"href":"https:\/\/dersuessestopp.com\/hr\/wp-json\/wp\/v2\/media?parent=8966"}],"wp:term":[{"taxonomy":"product_brand","embeddable":true,"href":"https:\/\/dersuessestopp.com\/hr\/wp-json\/wp\/v2\/product_brand?post=8966"},{"taxonomy":"product_cat","embeddable":true,"href":"https:\/\/dersuessestopp.com\/hr\/wp-json\/wp\/v2\/product_cat?post=8966"},{"taxonomy":"product_tag","embeddable":true,"href":"https:\/\/dersuessestopp.com\/hr\/wp-json\/wp\/v2\/product_tag?post=8966"}],"curies":[{"name":"wp","href":"https:\/\/api.w.org\/{rel}","templated":true}]}}