{"id":8962,"date":"2025-09-23T11:38:24","date_gmt":"2025-09-23T11:38:24","guid":{"rendered":"https:\/\/dersuessestopp.com\/?post_type=product&#038;p=8962"},"modified":"2025-09-23T11:38:24","modified_gmt":"2025-09-23T11:38:24","slug":"clw-820-l-crna","status":"publish","type":"product","link":"https:\/\/dersuessestopp.com\/hr\/product\/clw-820-l-black\/","title":{"rendered":"CLW 820 L CRNA"},"content":{"rendered":"<p data-start=\"189\" data-end=\"456\">The <strong data-start=\"209\" data-end=\"228\">CLW 820 L CRNA<\/strong> je vrhunski stati\u010dki hladnjak za vino s opcijskim radom ventilatora (uklju\u010deno\/isklju\u010deno) i premazom od punog drva. Ovaj model se sastoji od <strong data-start=\"345\" data-end=\"380\">2 sastavljene rashladne jedinice<\/strong>; energetski razred i razina buke odnose se na jednu jedinicu. Dostupne zavr\u0161ne obrade:<\/p>\n<ul data-start=\"457\" data-end=\"572\">\n<li data-start=\"457\" data-end=\"481\">\n<p data-start=\"459\" data-end=\"481\"><strong data-start=\"459\" data-end=\"469\">Crna:<\/strong> Crni pepeo<\/p>\n<\/li>\n<li data-start=\"482\" data-end=\"515\">\n<p data-start=\"484\" data-end=\"515\"><strong data-start=\"484\" data-end=\"502\">Srednji orah:<\/strong> Orahov jasen<\/p>\n<\/li>\n<li data-start=\"516\" data-end=\"543\">\n<p data-start=\"518\" data-end=\"543\"><strong data-start=\"518\" data-end=\"528\">Bijela:<\/strong> Izbijeljeni pepeo<\/p>\n<\/li>\n<li data-start=\"544\" data-end=\"572\">\n<p data-start=\"546\" data-end=\"572\"><strong data-start=\"546\" data-end=\"558\">Prirodno:<\/strong> Prirodni pepeo<\/p>\n<\/li>\n<\/ul>\n<p data-start=\"574\" data-end=\"593\"><strong data-start=\"574\" data-end=\"591\">Klju\u010dne zna\u010dajke:<\/strong><\/p>\n<ul data-start=\"594\" data-end=\"742\">\n<li data-start=\"594\" data-end=\"620\">\n<p data-start=\"596\" data-end=\"620\">Premaz od punog jasenovog drva<\/p>\n<\/li>\n<li data-start=\"621\" data-end=\"648\">\n<p data-start=\"623\" data-end=\"648\">Drvene police po izboru<\/p>\n<\/li>\n<li data-start=\"649\" data-end=\"673\">\n<p data-start=\"651\" data-end=\"673\">Zrcalna \u010deli\u010dna plo\u010da<\/p>\n<\/li>\n<li data-start=\"674\" data-end=\"698\">\n<p data-start=\"676\" data-end=\"698\">Uklju\u010divanje\/isklju\u010divanje ventilatora<\/p>\n<\/li>\n<li data-start=\"699\" data-end=\"742\">\n<p data-start=\"701\" data-end=\"742\">Smart Link WiFi opcionalni daljinski upravlja\u010d<\/p>\n<\/li>\n<\/ul>\n<h3 data-start=\"749\" data-end=\"763\"><strong>Kapacitet<\/strong><\/h3>\n<table>\n<thead>\n<tr>\n<th>Model<\/th>\n<th>Kapacitet boce (75 cl)<\/th>\n<th>Bilje\u0161ke<\/th>\n<\/tr>\n<\/thead>\n<tbody>\n<tr>\n<td>CLW 820 L CRNA<\/td>\n<td>252<\/td>\n<td>Podaci se mogu razlikovati ovisno o pakiranju<\/td>\n<\/tr>\n<\/tbody>\n<\/table>\n<div><\/div>\n<div class=\"group _tableWrapper_1rjym_13 flex w-fit flex-col-reverse\">\n<h3 data-start=\"923\" data-end=\"939\">Dimenzije<\/h3>\n<table>\n<thead>\n<tr>\n<th>Opis<\/th>\n<th>Mjerenje (mm)<\/th>\n<\/tr>\n<\/thead>\n<tbody>\n<tr>\n<td>Vanjske dimenzije (\u0160xDxV)<\/td>\n<td>1295 \u00d7 635 \u00d7 1880<\/td>\n<\/tr>\n<tr>\n<td>Dimenzije pakiranja (\u0160xDxV)<\/td>\n<td>1345 \u00d7 740 \u00d7 2050<\/td>\n<\/tr>\n<tr>\n<td>Unutarnja \u0161irina (A)<\/td>\n<td>522 \u00d7 2<\/td>\n<\/tr>\n<tr>\n<td>Unutarnja dubina (B)<\/td>\n<td>449<\/td>\n<\/tr>\n<tr>\n<td>Unutarnja visina (C)<\/td>\n<td>1557<\/td>\n<\/tr>\n<tr>\n<td>Minimalna dubina (D)<\/td>\n<td>179<\/td>\n<\/tr>\n<tr>\n<td>Minimalna visina (E)<\/td>\n<td>1337<\/td>\n<\/tr>\n<tr>\n<td>Naljepnica za staklo<\/td>\n<td>503 \u00d7 1544 (\u00d7 2)<\/td>\n<\/tr>\n<\/tbody>\n<\/table>\n<div><\/div>\n<div class=\"_tableContainer_1rjym_1\">\n<div class=\"group _tableWrapper_1rjym_13 flex w-fit flex-col-reverse\">\n<h3 data-start=\"1307\" data-end=\"1331\"><strong>Tehni\u010dke zna\u010dajke<\/strong><\/h3>\n<div class=\"_tableContainer_1rjym_1\">\n<div class=\"group _tableWrapper_1rjym_13 flex w-fit flex-col-reverse\">\n<table>\n<thead>\n<tr>\n<th>Zna\u010dajka<\/th>\n<th>Specifikacija<\/th>\n<\/tr>\n<\/thead>\n<tbody>\n<tr>\n<td>Raspon temperature (ventilator isklju\u010den)<\/td>\n<td>+16\u00b0C \/ +10\u00b0C \/ +5\u00b0C<\/td>\n<\/tr>\n<tr>\n<td>Raspon temperature (ventilator uklju\u010den)<\/td>\n<td>+4\u00b0C \/ +18\u00b0C<\/td>\n<\/tr>\n<tr>\n<td>Klimatski razred<\/td>\n<td>4<\/td>\n<\/tr>\n<tr>\n<td>Neto \/ Bruto volumen<\/td>\n<td>684 L \/ 764 L<\/td>\n<\/tr>\n<tr>\n<td>Premazivanje<\/td>\n<td>Masivno jasenovo drvo<\/td>\n<\/tr>\n<tr>\n<td>Unutarnja obloga<\/td>\n<td>ABS<\/td>\n<\/tr>\n<tr>\n<td>Termostat<\/td>\n<td>Elektronika<\/td>\n<\/tr>\n<tr>\n<td>Razina buke<\/td>\n<td>55 dB (po jedinici)<\/td>\n<\/tr>\n<tr>\n<td>Daljinski upravlja\u010d<\/td>\n<td>Opcionalni Smart Link WiFi<\/td>\n<\/tr>\n<tr>\n<td>Debljina izolacije<\/td>\n<td>40 mm<\/td>\n<\/tr>\n<tr>\n<td>Sustav za odmrzavanje<\/td>\n<td>Automatski (kompresor isklju\u010den) + Ru\u010dni<\/td>\n<\/tr>\n<tr>\n<td>Rasvjeta<\/td>\n<td>4 vertikalne LED diode<\/td>\n<\/tr>\n<tr>\n<td>Samozatvaraju\u0107a vrata<\/td>\n<td>Da<\/td>\n<\/tr>\n<tr>\n<td>Brava i klju\u010d<\/td>\n<td>Da<\/td>\n<\/tr>\n<tr>\n<td>Police (\u0160xV)<\/td>\n<td>10 \u00d7 513 \u00d7 410 mm, Drvene police opcionalno<\/td>\n<\/tr>\n<tr>\n<td>Kota\u010di\u0107i i no\u017eice<\/td>\n<td>4 noge + 4 kota\u010di\u0107a<\/td>\n<\/tr>\n<tr>\n<td>Neto \/ Bruto te\u017eina<\/td>\n<td>160 \/ 174 kg<\/td>\n<\/tr>\n<\/tbody>\n<\/table>\n<\/div>\n<\/div>\n<\/div>\n<div>\n<h3 data-start=\"2028\" data-end=\"2049\"><strong>Elektri\u010dni podaci<\/strong><\/h3>\n<table>\n<thead>\n<tr>\n<th>Specifikacija<\/th>\n<th>Vrijednost<\/th>\n<\/tr>\n<\/thead>\n<tbody>\n<tr>\n<td>Napon<\/td>\n<td>220 V<\/td>\n<\/tr>\n<tr>\n<td>Frekvencija<\/td>\n<td>50 Hz<\/td>\n<\/tr>\n<tr>\n<td>Rashladno sredstvo<\/td>\n<td>R600A<\/td>\n<\/tr>\n<tr>\n<td>Apsorpcija snage<\/td>\n<td>244 Z<\/td>\n<\/tr>\n<tr>\n<td>Potro\u0161nja energije (24 sata)<\/td>\n<td>5,68 kWh<\/td>\n<\/tr>\n<\/tbody>\n<\/table>\n<div class=\"_tableContainer_1rjym_1\">\n<div class=\"group _tableWrapper_1rjym_13 flex w-fit flex-col-reverse\"><\/div>\n<\/div>\n<\/div>\n<\/div>\n<\/div>","protected":false},"excerpt":{"rendered":"<p>The CLW 820 L BLACK is a premium static wine cooler with optional fan operation (on\/off) and solid wood coating. This model consists of 2 assembled refrigeration units; energy class and noise level refer to a single unit. Available finishes: Black: Black Ash Medium Walnut: Walnut Ash White: Bleached Ash Natural: Natural Ash Key Features: [&hellip;]<\/p>\n","protected":false},"featured_media":8967,"comment_status":"open","ping_status":"closed","template":"","meta":[],"product_brand":[],"product_cat":[49],"product_tag":[],"class_list":{"0":"post-8962","1":"product","2":"type-product","3":"status-publish","4":"has-post-thumbnail","6":"product_cat-wine-fridges","8":"first","9":"instock","10":"shipping-taxable","11":"product-type-simple"},"_links":{"self":[{"href":"https:\/\/dersuessestopp.com\/hr\/wp-json\/wp\/v2\/product\/8962","targetHints":{"allow":["GET"]}}],"collection":[{"href":"https:\/\/dersuessestopp.com\/hr\/wp-json\/wp\/v2\/product"}],"about":[{"href":"https:\/\/dersuessestopp.com\/hr\/wp-json\/wp\/v2\/types\/product"}],"replies":[{"embeddable":true,"href":"https:\/\/dersuessestopp.com\/hr\/wp-json\/wp\/v2\/comments?post=8962"}],"version-history":[{"count":1,"href":"https:\/\/dersuessestopp.com\/hr\/wp-json\/wp\/v2\/product\/8962\/revisions"}],"predecessor-version":[{"id":8972,"href":"https:\/\/dersuessestopp.com\/hr\/wp-json\/wp\/v2\/product\/8962\/revisions\/8972"}],"wp:featuredmedia":[{"embeddable":true,"href":"https:\/\/dersuessestopp.com\/hr\/wp-json\/wp\/v2\/media\/8967"}],"wp:attachment":[{"href":"https:\/\/dersuessestopp.com\/hr\/wp-json\/wp\/v2\/media?parent=8962"}],"wp:term":[{"taxonomy":"product_brand","embeddable":true,"href":"https:\/\/dersuessestopp.com\/hr\/wp-json\/wp\/v2\/product_brand?post=8962"},{"taxonomy":"product_cat","embeddable":true,"href":"https:\/\/dersuessestopp.com\/hr\/wp-json\/wp\/v2\/product_cat?post=8962"},{"taxonomy":"product_tag","embeddable":true,"href":"https:\/\/dersuessestopp.com\/hr\/wp-json\/wp\/v2\/product_tag?post=8962"}],"curies":[{"name":"wp","href":"https:\/\/api.w.org\/{rel}","templated":true}]}}