{"id":8959,"date":"2025-09-23T11:33:18","date_gmt":"2025-09-23T11:33:18","guid":{"rendered":"https:\/\/dersuessestopp.com\/?post_type=product&#038;p=8959"},"modified":"2025-09-23T13:29:28","modified_gmt":"2025-09-23T13:29:28","slug":"clw-820-l","status":"publish","type":"product","link":"https:\/\/dersuessestopp.com\/hr\/product\/clw-820-l\/","title":{"rendered":"CLW 820 L"},"content":{"rendered":"<p data-start=\"272\" data-end=\"757\">The <strong data-start=\"276\" data-end=\"289\">CLW 820 L<\/strong> je vrhunski hladnjak za vino dizajniran za elegantno i u\u010dinkovito pohranjivanje i izlaganje va\u0161e kolekcije vina. <strong data-start=\"408\" data-end=\"437\">vrata bez okvira s punim staklom<\/strong> i <strong data-start=\"442\" data-end=\"474\">termoformirana ABS unutarnja obloga<\/strong>, osigurava preciznu kontrolu temperature za optimalno o\u010duvanje vina. Dostupno u <strong data-start=\"559\" data-end=\"639\">dvije luksuzne zavr\u0161ne obrade \u2013 srednji orah (Noce Medio) i bijela (izbijeljeni jasen)<\/strong> \u2013 ovaj hladnjak se savr\u0161eno uklapa u bilo koji interijer. Opcionalno <strong data-start=\"700\" data-end=\"718\">drvene police<\/strong> pru\u017eaju i stil i prakti\u010dnost.<\/p>\n<h3 data-start=\"759\" data-end=\"775\">Kapacitet<\/h3>\n<table>\n<thead>\n<tr>\n<th>Vrsta boce<\/th>\n<th>Kapacitet<\/th>\n<\/tr>\n<\/thead>\n<tbody>\n<tr>\n<td>Boce od 75 cl<\/td>\n<td>252<\/td>\n<\/tr>\n<tr>\n<td>Varijabilno pakiranje<\/td>\n<td>Ovisno o veli\u010dini<\/td>\n<\/tr>\n<\/tbody>\n<\/table>\n<h3 data-start=\"1445\" data-end=\"1459\">Dimenzije<\/h3>\n<div class=\"_tableContainer_1rjym_1\">\n<div class=\"group _tableWrapper_1rjym_13 flex w-fit flex-col-reverse\">\n<table>\n<thead>\n<tr>\n<th>Vrsta dimenzije<\/th>\n<th>CLW 820 L<\/th>\n<\/tr>\n<\/thead>\n<tbody>\n<tr>\n<td>Vanjske dimenzije (\u0160xDxV)<\/td>\n<td>820 x 651 x 1861 mm<\/td>\n<\/tr>\n<tr>\n<td>Dimenzije pakiranja (\u0160xDxV)<\/td>\n<td>870 x 685 x 2058 mm<\/td>\n<\/tr>\n<tr>\n<td>\u0160irina (A)<\/td>\n<td>711 mm<\/td>\n<\/tr>\n<tr>\n<td>Dubina (B)<\/td>\n<td>647 mm<\/td>\n<\/tr>\n<tr>\n<td>Visina (C)<\/td>\n<td>1556 mm<\/td>\n<\/tr>\n<tr>\n<td>Minimalna dubina (D)<\/td>\n<td>179 mm<\/td>\n<\/tr>\n<tr>\n<td>Minimalna visina (E)<\/td>\n<td>1337 mm<\/td>\n<\/tr>\n<tr>\n<td>Bo\u010dna naljepnica<\/td>\n<td>569 x 1810 mm<\/td>\n<\/tr>\n<tr>\n<td>Naljepnica za staklo<\/td>\n<td>482 x 1507 mm<\/td>\n<\/tr>\n<\/tbody>\n<\/table>\n<h3 data-start=\"1832\" data-end=\"1860\">Tehni\u010dke specifikacije<\/h3>\n<div class=\"_tableContainer_1rjym_1\">\n<div class=\"group _tableWrapper_1rjym_13 flex w-fit flex-col-reverse\">\n<table>\n<thead>\n<tr>\n<th>Zna\u010dajka<\/th>\n<th>Specifikacija<\/th>\n<\/tr>\n<\/thead>\n<tbody>\n<tr>\n<td>Raspon temperature<\/td>\n<td>+3\u00b0C do +16\u00b0C (ventilator isklju\u010den), +3\u00b0C do +16\u00b0C (ventilator uklju\u010den)<\/td>\n<\/tr>\n<tr>\n<td>Klimatski razred<\/td>\n<td>ST<\/td>\n<\/tr>\n<tr>\n<td>Bruto volumen<\/td>\n<td>820 L<\/td>\n<\/tr>\n<tr>\n<td>Vanjska povr\u0161ina<\/td>\n<td>Prethodno obojeni lim s antikorozivnom obradom<\/td>\n<\/tr>\n<tr>\n<td>Unutarnja obloga<\/td>\n<td>ABS<\/td>\n<\/tr>\n<tr>\n<td>Termostat<\/td>\n<td>Elektronika<\/td>\n<\/tr>\n<tr>\n<td>Razina buke<\/td>\n<td>60 dB<\/td>\n<\/tr>\n<tr>\n<td>Debljina izolacije<\/td>\n<td>40 mm<\/td>\n<\/tr>\n<tr>\n<td>Odmrzavanje<\/td>\n<td>Automatski s elektri\u010dnim grija\u010dem<\/td>\n<\/tr>\n<tr>\n<td>Rasvjeta<\/td>\n<td>2 vertikalne LED \u017earulje 7 W<\/td>\n<\/tr>\n<tr>\n<td>Vrata<\/td>\n<td>Samozatvaranje, meko zatvaranje s bravom i klju\u010dem<\/td>\n<\/tr>\n<tr>\n<td>Vrata s mogu\u0107no\u0161\u0107u otvaranja i zatvaranja<\/td>\n<td>Da<\/td>\n<\/tr>\n<tr>\n<td>Police<\/td>\n<td>Drvene police po izboru<\/td>\n<\/tr>\n<tr>\n<td>Kota\u010di\u0107i-Noge<\/td>\n<td>4 kota\u010di\u0107a + 2 no\u017eice<\/td>\n<\/tr>\n<tr>\n<td>Neto-bruto te\u017eina<\/td>\n<td>150 \/ 165 kg<\/td>\n<\/tr>\n<tr>\n<td>Napon<\/td>\n<td>220-240 V<\/td>\n<\/tr>\n<tr>\n<td>Frekvencija<\/td>\n<td>50 Hz<\/td>\n<\/tr>\n<tr>\n<td>Rashladno sredstvo<\/td>\n<td>R600A<\/td>\n<\/tr>\n<tr>\n<td>Apsorpcija<\/td>\n<td>250 W<\/td>\n<\/tr>\n<tr>\n<td>Potro\u0161nja energije<\/td>\n<td>2,1 kWh\/24 sata<\/td>\n<\/tr>\n<\/tbody>\n<\/table>\n<\/div>\n<\/div>\n<\/div>\n<\/div>","protected":false},"excerpt":{"rendered":"<p>The CLW 820 L is a premium wine cooler designed to store and display your wine collection with elegance and efficiency. Featuring a full glass frameless door and thermoformed ABS inner liner, it ensures precise temperature control for optimal wine preservation. Available in two luxurious finishes \u2013 Medium Walnut (Noce Medio) and White (Bleached Ash) [&hellip;]<\/p>\n","protected":false},"featured_media":8963,"comment_status":"open","ping_status":"closed","template":"","meta":[],"product_brand":[],"product_cat":[49],"product_tag":[],"class_list":{"0":"post-8959","1":"product","2":"type-product","3":"status-publish","4":"has-post-thumbnail","6":"product_cat-wine-fridges","8":"first","9":"instock","10":"shipping-taxable","11":"purchasable","12":"product-type-variable"},"_links":{"self":[{"href":"https:\/\/dersuessestopp.com\/hr\/wp-json\/wp\/v2\/product\/8959","targetHints":{"allow":["GET"]}}],"collection":[{"href":"https:\/\/dersuessestopp.com\/hr\/wp-json\/wp\/v2\/product"}],"about":[{"href":"https:\/\/dersuessestopp.com\/hr\/wp-json\/wp\/v2\/types\/product"}],"replies":[{"embeddable":true,"href":"https:\/\/dersuessestopp.com\/hr\/wp-json\/wp\/v2\/comments?post=8959"}],"version-history":[{"count":3,"href":"https:\/\/dersuessestopp.com\/hr\/wp-json\/wp\/v2\/product\/8959\/revisions"}],"predecessor-version":[{"id":9040,"href":"https:\/\/dersuessestopp.com\/hr\/wp-json\/wp\/v2\/product\/8959\/revisions\/9040"}],"wp:featuredmedia":[{"embeddable":true,"href":"https:\/\/dersuessestopp.com\/hr\/wp-json\/wp\/v2\/media\/8963"}],"wp:attachment":[{"href":"https:\/\/dersuessestopp.com\/hr\/wp-json\/wp\/v2\/media?parent=8959"}],"wp:term":[{"taxonomy":"product_brand","embeddable":true,"href":"https:\/\/dersuessestopp.com\/hr\/wp-json\/wp\/v2\/product_brand?post=8959"},{"taxonomy":"product_cat","embeddable":true,"href":"https:\/\/dersuessestopp.com\/hr\/wp-json\/wp\/v2\/product_cat?post=8959"},{"taxonomy":"product_tag","embeddable":true,"href":"https:\/\/dersuessestopp.com\/hr\/wp-json\/wp\/v2\/product_tag?post=8959"}],"curies":[{"name":"wp","href":"https:\/\/api.w.org\/{rel}","templated":true}]}}