{"id":8954,"date":"2025-09-23T11:46:21","date_gmt":"2025-09-23T11:46:21","guid":{"rendered":"https:\/\/dersuessestopp.com\/?post_type=product&#038;p=8954"},"modified":"2025-10-08T19:15:26","modified_gmt":"2025-10-08T19:15:26","slug":"clw-820-l-prirodna","status":"publish","type":"product","link":"https:\/\/dersuessestopp.com\/hr\/product\/clw-820-l-natural\/","title":{"rendered":"CLW 820 L PRIRODNI"},"content":{"rendered":"<p data-start=\"198\" data-end=\"480\"><img fetchpriority=\"high\" decoding=\"async\" class=\"alignnone wp-image-11469 size-full\" src=\"https:\/\/dersuessestopp.com\/wp-content\/uploads\/2025\/09\/CLW420L-Dettagli-2.jpg\" alt=\"\" width=\"2000\" height=\"1005\" srcset=\"https:\/\/dersuessestopp.com\/wp-content\/uploads\/2025\/09\/CLW420L-Dettagli-2.jpg 2000w, https:\/\/dersuessestopp.com\/wp-content\/uploads\/2025\/09\/CLW420L-Dettagli-2-300x151.jpg 300w, https:\/\/dersuessestopp.com\/wp-content\/uploads\/2025\/09\/CLW420L-Dettagli-2-1024x515.jpg 1024w, https:\/\/dersuessestopp.com\/wp-content\/uploads\/2025\/09\/CLW420L-Dettagli-2-768x386.jpg 768w, https:\/\/dersuessestopp.com\/wp-content\/uploads\/2025\/09\/CLW420L-Dettagli-2-1536x772.jpg 1536w, https:\/\/dersuessestopp.com\/wp-content\/uploads\/2025\/09\/CLW420L-Dettagli-2-250x126.jpg 250w, https:\/\/dersuessestopp.com\/wp-content\/uploads\/2025\/09\/CLW420L-Dettagli-2-600x302.jpg 600w\" sizes=\"(max-width: 2000px) 100vw, 2000px\" \/><\/p>\n<p data-start=\"198\" data-end=\"480\">The <strong data-start=\"218\" data-end=\"239\">CLW 820 L PRIRODNI<\/strong> je vrhunski stati\u010dki hladnjak za vino s opcijskim radom ventilatora (uklju\u010deno\/isklju\u010deno) i premazom od punog drva. Ovaj model se sastoji od <strong data-start=\"361\" data-end=\"396\">2 sastavljene rashladne jedinice<\/strong>; energetski razred i razina buke odnose se na jednu jedinicu. Dostupne zavr\u0161ne obrade uklju\u010duju:<\/p>\n<ul data-start=\"481\" data-end=\"596\">\n<li data-start=\"481\" data-end=\"509\">\n<p data-start=\"483\" data-end=\"509\"><strong data-start=\"483\" data-end=\"495\">Prirodno:<\/strong> Prirodni pepeo<\/p>\n<\/li>\n<li data-start=\"510\" data-end=\"534\">\n<p data-start=\"512\" data-end=\"534\"><strong data-start=\"512\" data-end=\"522\">Crna:<\/strong> Crni pepeo<\/p>\n<\/li>\n<li data-start=\"535\" data-end=\"568\">\n<p data-start=\"537\" data-end=\"568\"><strong data-start=\"537\" data-end=\"555\">Srednji orah:<\/strong> Orahov jasen<\/p>\n<\/li>\n<li data-start=\"569\" data-end=\"596\">\n<p data-start=\"571\" data-end=\"596\"><strong data-start=\"571\" data-end=\"581\">Bijela:<\/strong> Izbijeljeni pepeo<\/p>\n<\/li>\n<\/ul>\n<p data-start=\"598\" data-end=\"617\"><strong data-start=\"598\" data-end=\"615\">Klju\u010dne zna\u010dajke:<\/strong><\/p>\n<ul data-start=\"618\" data-end=\"766\">\n<li data-start=\"618\" data-end=\"644\">\n<p data-start=\"620\" data-end=\"644\">Premaz od punog jasenovog drva<\/p>\n<\/li>\n<li data-start=\"645\" data-end=\"672\">\n<p data-start=\"647\" data-end=\"672\">Drvene police po izboru<\/p>\n<\/li>\n<li data-start=\"673\" data-end=\"697\">\n<p data-start=\"675\" data-end=\"697\">Zrcalna \u010deli\u010dna plo\u010da<\/p>\n<\/li>\n<li data-start=\"698\" data-end=\"722\">\n<p data-start=\"700\" data-end=\"722\">Uklju\u010divanje\/isklju\u010divanje ventilatora<\/p>\n<\/li>\n<li data-start=\"723\" data-end=\"766\">\n<p data-start=\"725\" data-end=\"766\">Smart Link WiFi opcionalni daljinski upravlja\u010d<\/p>\n<\/li>\n<\/ul>\n<h3 data-start=\"773\" data-end=\"787\"><strong>Kapacitet<\/strong><\/h3>\n<div class=\"_tableContainer_1rjym_1\">\n<div class=\"group _tableWrapper_1rjym_13 flex w-fit flex-col-reverse\">\n<table>\n<thead>\n<tr>\n<th>Model<\/th>\n<th>Kapacitet boce (75 cl)<\/th>\n<th>Bilje\u0161ke<\/th>\n<\/tr>\n<\/thead>\n<tbody>\n<tr>\n<td>CLW 820 L PRIRODNI<\/td>\n<td>252<\/td>\n<td>Podaci se mogu razlikovati ovisno o pakiranju<\/td>\n<\/tr>\n<\/tbody>\n<\/table>\n<\/div>\n<h3 data-start=\"949\" data-end=\"965\"><strong>Dimenzije<\/strong><\/h3>\n<div class=\"_tableContainer_1rjym_1\">\n<div class=\"group _tableWrapper_1rjym_13 flex w-fit flex-col-reverse\">\n<table>\n<thead>\n<tr>\n<th>Opis<\/th>\n<th>Mjerenje (mm)<\/th>\n<\/tr>\n<\/thead>\n<tbody>\n<tr>\n<td>Vanjske dimenzije (\u0160xDxV)<\/td>\n<td>1295 \u00d7 635 \u00d7 1880<\/td>\n<\/tr>\n<tr>\n<td>Dimenzije pakiranja (\u0160xDxV)<\/td>\n<td>1345 \u00d7 740 \u00d7 2050<\/td>\n<\/tr>\n<tr>\n<td>Unutarnja \u0161irina (A)<\/td>\n<td>522 \u00d7 2<\/td>\n<\/tr>\n<tr>\n<td>Unutarnja dubina (B)<\/td>\n<td>449<\/td>\n<\/tr>\n<tr>\n<td>Unutarnja visina (C)<\/td>\n<td>1557<\/td>\n<\/tr>\n<tr>\n<td>Minimalna dubina (D)<\/td>\n<td>179<\/td>\n<\/tr>\n<tr>\n<td>Minimalna visina (E)<\/td>\n<td>1337<\/td>\n<\/tr>\n<tr>\n<td>Naljepnica za staklo<\/td>\n<td>503 \u00d7 1544 (\u00d7 2)<\/td>\n<\/tr>\n<\/tbody>\n<\/table>\n<h3 data-start=\"1333\" data-end=\"1357\"><strong>Tehni\u010dke zna\u010dajke<\/strong><\/h3>\n<div class=\"_tableContainer_1rjym_1\">\n<div class=\"group _tableWrapper_1rjym_13 flex w-fit flex-col-reverse\">\n<table>\n<thead>\n<tr>\n<th>Zna\u010dajka<\/th>\n<th>Specifikacija<\/th>\n<\/tr>\n<\/thead>\n<tbody>\n<tr>\n<td>Raspon temperature (ventilator isklju\u010den)<\/td>\n<td>+16\u00b0C \/ +10\u00b0C \/ +5\u00b0C<\/td>\n<\/tr>\n<tr>\n<td>Raspon temperature (ventilator uklju\u010den)<\/td>\n<td>+4\u00b0C \/ +18\u00b0C<\/td>\n<\/tr>\n<tr>\n<td>Klimatski razred<\/td>\n<td>4<\/td>\n<\/tr>\n<tr>\n<td>Neto \/ Bruto volumen<\/td>\n<td>684 L \/ 764 L<\/td>\n<\/tr>\n<tr>\n<td>Premazivanje<\/td>\n<td>Masivno jasenovo drvo<\/td>\n<\/tr>\n<tr>\n<td>Unutarnja obloga<\/td>\n<td>ABS<\/td>\n<\/tr>\n<tr>\n<td>Termostat<\/td>\n<td>Elektronika<\/td>\n<\/tr>\n<tr>\n<td>Razina buke<\/td>\n<td>55 dB (po jedinici)<\/td>\n<\/tr>\n<tr>\n<td>Daljinski upravlja\u010d<\/td>\n<td>Opcionalni Smart Link WiFi<\/td>\n<\/tr>\n<tr>\n<td>Debljina izolacije<\/td>\n<td>40 mm<\/td>\n<\/tr>\n<tr>\n<td>Sustav za odmrzavanje<\/td>\n<td>Automatski (kompresor isklju\u010den) + Ru\u010dni<\/td>\n<\/tr>\n<tr>\n<td>Rasvjeta<\/td>\n<td>4 vertikalne LED diode<\/td>\n<\/tr>\n<tr>\n<td>Samozatvaraju\u0107a vrata<\/td>\n<td>Da<\/td>\n<\/tr>\n<tr>\n<td>Brava i klju\u010d<\/td>\n<td>Da<\/td>\n<\/tr>\n<tr>\n<td>Police (\u0160xV)<\/td>\n<td>10 \u00d7 513 \u00d7 410 mm, Drvene police opcionalno<\/td>\n<\/tr>\n<tr>\n<td>Kota\u010di\u0107i i no\u017eice<\/td>\n<td>4 noge + 4 kota\u010di\u0107a<\/td>\n<\/tr>\n<tr>\n<td>Neto \/ Bruto te\u017eina<\/td>\n<td>160 \/ 174 kg<\/td>\n<\/tr>\n<\/tbody>\n<\/table>\n<h3 data-start=\"2054\" data-end=\"2075\"><strong>Elektri\u010dni podaci<\/strong><\/h3>\n<div class=\"_tableContainer_1rjym_1\">\n<div class=\"group _tableWrapper_1rjym_13 flex w-fit flex-col-reverse\">\n<table>\n<thead>\n<tr>\n<th>Specifikacija<\/th>\n<th>Vrijednost<\/th>\n<\/tr>\n<\/thead>\n<tbody>\n<tr>\n<td>Napon<\/td>\n<td>220 V<\/td>\n<\/tr>\n<tr>\n<td>Frekvencija<\/td>\n<td>50 Hz<\/td>\n<\/tr>\n<tr>\n<td>Rashladno sredstvo<\/td>\n<td>R600A<\/td>\n<\/tr>\n<tr>\n<td>Apsorpcija snage<\/td>\n<td>244 Z<\/td>\n<\/tr>\n<tr>\n<td>Potro\u0161nja energije (24 sata)<\/td>\n<td>5,68 kWh<\/td>\n<\/tr>\n<\/tbody>\n<\/table>\n<\/div>\n<\/div>\n<\/div>\n<\/div>\n<\/div>\n<\/div>\n<\/div>","protected":false},"excerpt":{"rendered":"<p>The CLW 820 L NATURAL is a premium static wine cooler featuring optional fan operation (on\/off) and solid wood coating. This model consists of 2 assembled refrigeration units; energy class and noise level refer to a single unit. Available finishes include: Natural: Natural Ash Black: Black Ash Medium Walnut: Walnut Ash White: Bleached Ash Key [&hellip;]<\/p>\n","protected":false},"featured_media":8979,"comment_status":"open","ping_status":"closed","template":"","meta":[],"product_brand":[],"product_cat":[49],"product_tag":[],"class_list":{"0":"post-8954","1":"product","2":"type-product","3":"status-publish","4":"has-post-thumbnail","6":"product_cat-wine-fridges","8":"first","9":"instock","10":"shipping-taxable","11":"product-type-simple"},"_links":{"self":[{"href":"https:\/\/dersuessestopp.com\/hr\/wp-json\/wp\/v2\/product\/8954","targetHints":{"allow":["GET"]}}],"collection":[{"href":"https:\/\/dersuessestopp.com\/hr\/wp-json\/wp\/v2\/product"}],"about":[{"href":"https:\/\/dersuessestopp.com\/hr\/wp-json\/wp\/v2\/types\/product"}],"replies":[{"embeddable":true,"href":"https:\/\/dersuessestopp.com\/hr\/wp-json\/wp\/v2\/comments?post=8954"}],"version-history":[{"count":3,"href":"https:\/\/dersuessestopp.com\/hr\/wp-json\/wp\/v2\/product\/8954\/revisions"}],"predecessor-version":[{"id":11507,"href":"https:\/\/dersuessestopp.com\/hr\/wp-json\/wp\/v2\/product\/8954\/revisions\/11507"}],"wp:featuredmedia":[{"embeddable":true,"href":"https:\/\/dersuessestopp.com\/hr\/wp-json\/wp\/v2\/media\/8979"}],"wp:attachment":[{"href":"https:\/\/dersuessestopp.com\/hr\/wp-json\/wp\/v2\/media?parent=8954"}],"wp:term":[{"taxonomy":"product_brand","embeddable":true,"href":"https:\/\/dersuessestopp.com\/hr\/wp-json\/wp\/v2\/product_brand?post=8954"},{"taxonomy":"product_cat","embeddable":true,"href":"https:\/\/dersuessestopp.com\/hr\/wp-json\/wp\/v2\/product_cat?post=8954"},{"taxonomy":"product_tag","embeddable":true,"href":"https:\/\/dersuessestopp.com\/hr\/wp-json\/wp\/v2\/product_tag?post=8954"}],"curies":[{"name":"wp","href":"https:\/\/api.w.org\/{rel}","templated":true}]}}