{"id":8950,"date":"2025-09-23T11:03:48","date_gmt":"2025-09-23T11:03:48","guid":{"rendered":"https:\/\/dersuessestopp.com\/?post_type=product&#038;p=8950"},"modified":"2025-10-08T19:15:47","modified_gmt":"2025-10-08T19:15:47","slug":"clw-420-l-noce-medio","status":"publish","type":"product","link":"https:\/\/dersuessestopp.com\/hr\/product\/clw-420-l-noce-medio\/","title":{"rendered":"CLW 420 L NOCE MEDIO"},"content":{"rendered":"<p><img fetchpriority=\"high\" decoding=\"async\" class=\"alignnone wp-image-11466 size-full\" src=\"https:\/\/dersuessestopp.com\/wp-content\/uploads\/2025\/09\/CLW420L-Dettagli-1.jpg\" alt=\"\" width=\"2000\" height=\"1005\" srcset=\"https:\/\/dersuessestopp.com\/wp-content\/uploads\/2025\/09\/CLW420L-Dettagli-1.jpg 2000w, https:\/\/dersuessestopp.com\/wp-content\/uploads\/2025\/09\/CLW420L-Dettagli-1-300x151.jpg 300w, https:\/\/dersuessestopp.com\/wp-content\/uploads\/2025\/09\/CLW420L-Dettagli-1-1024x515.jpg 1024w, https:\/\/dersuessestopp.com\/wp-content\/uploads\/2025\/09\/CLW420L-Dettagli-1-768x386.jpg 768w, https:\/\/dersuessestopp.com\/wp-content\/uploads\/2025\/09\/CLW420L-Dettagli-1-1536x772.jpg 1536w, https:\/\/dersuessestopp.com\/wp-content\/uploads\/2025\/09\/CLW420L-Dettagli-1-250x126.jpg 250w, https:\/\/dersuessestopp.com\/wp-content\/uploads\/2025\/09\/CLW420L-Dettagli-1-600x302.jpg 600w\" sizes=\"(max-width: 2000px) 100vw, 2000px\" \/><\/p>\n<p>CLW 420 L NOCE MEDIO je vrhunski stati\u010dki hladnjak za vino s opcijskim radom ventilatora (uklju\u010deno\/isklju\u010deno) i premazom od punog drva. Kombinira elegantnu estetiku s profesionalnom funkcionalno\u0161\u0107u, idealan za vinske podrume, restorane, hotele i privatne kolekcionare. Dostupan u vi\u0161e zavr\u0161nih obrada:<\/p>\n<ul data-start=\"500\" data-end=\"615\">\n<li data-start=\"500\" data-end=\"533\">\n<p data-start=\"502\" data-end=\"533\"><strong data-start=\"502\" data-end=\"520\">Srednji orah:<\/strong> Orahov jasen<\/p>\n<\/li>\n<li data-start=\"534\" data-end=\"561\">\n<p data-start=\"536\" data-end=\"561\"><strong data-start=\"536\" data-end=\"546\">Bijela:<\/strong> Izbijeljeni pepeo<\/p>\n<\/li>\n<li data-start=\"562\" data-end=\"590\">\n<p data-start=\"564\" data-end=\"590\"><strong data-start=\"564\" data-end=\"576\">Prirodno:<\/strong> Prirodni pepeo<\/p>\n<\/li>\n<li data-start=\"591\" data-end=\"615\">\n<p data-start=\"593\" data-end=\"615\"><strong data-start=\"593\" data-end=\"603\">Crna:<\/strong> Crni pepeo<\/p>\n<\/li>\n<\/ul>\n<h3 data-start=\"617\" data-end=\"632\"><strong>Kapacitet<\/strong>:<\/h3>\n<table>\n<thead>\n<tr>\n<th>Model<\/th>\n<th>Kapacitet (boce od 75 cl)<\/th>\n<th>Bilje\u0161ke<\/th>\n<\/tr>\n<\/thead>\n<tbody>\n<tr>\n<td>CLW 420 L NOCE MEDIO<\/td>\n<td>126<\/td>\n<td>Podaci se mogu razlikovati ovisno o pakiranju<\/td>\n<\/tr>\n<\/tbody>\n<\/table>\n<h3 data-start=\"735\" data-end=\"751\"><strong>Dimenzije<\/strong><\/h3>\n<div class=\"_tableContainer_1rjym_1\">\n<div class=\"group _tableWrapper_1rjym_13 flex w-fit flex-col-reverse\">\n<table>\n<thead>\n<tr>\n<th>Opis<\/th>\n<th>Mjerenje (mm)<\/th>\n<\/tr>\n<\/thead>\n<tbody>\n<tr>\n<td>Vanjske dimenzije (\u0160xDxV)<\/td>\n<td>655 \u00d7 635 \u00d7 1880<\/td>\n<\/tr>\n<tr>\n<td>Dimenzije pakiranja (\u0160xDxV)<\/td>\n<td>735 \u00d7 715 \u00d7 2050<\/td>\n<\/tr>\n<tr>\n<td>Unutarnja \u0161irina (A)<\/td>\n<td>522<\/td>\n<\/tr>\n<tr>\n<td>Unutarnja dubina (B)<\/td>\n<td>449<\/td>\n<\/tr>\n<tr>\n<td>Unutarnja visina (C)<\/td>\n<td>1557<\/td>\n<\/tr>\n<tr>\n<td>Minimalna dubina (D)<\/td>\n<td>179<\/td>\n<\/tr>\n<tr>\n<td>Minimalna visina (E)<\/td>\n<td>1337<\/td>\n<\/tr>\n<tr>\n<td>Naljepnica za staklo<\/td>\n<td>503 \u00d7 1544<\/td>\n<\/tr>\n<\/tbody>\n<\/table>\n<\/div>\n<\/div>\n<h3 data-start=\"1108\" data-end=\"1132\"><strong>Tehni\u010dke zna\u010dajke<\/strong><\/h3>\n<table>\n<thead>\n<tr>\n<th>Zna\u010dajka<\/th>\n<th>Specifikacija<\/th>\n<\/tr>\n<\/thead>\n<tbody>\n<tr>\n<td>Raspon temperature (ventilator isklju\u010den)<\/td>\n<td>+16\u00b0C \/ +10\u00b0C \/ +5\u00b0C<\/td>\n<\/tr>\n<tr>\n<td>Raspon temperature (ventilator uklju\u010den)<\/td>\n<td>+4\u00b0C \/ +18\u00b0C<\/td>\n<\/tr>\n<tr>\n<td>Klimatski razred<\/td>\n<td>4<\/td>\n<\/tr>\n<tr>\n<td>Neto \/ Bruto volumen<\/td>\n<td>342 l \/ 382 l<\/td>\n<\/tr>\n<tr>\n<td>Premazivanje<\/td>\n<td>Masivno jasenovo drvo<\/td>\n<\/tr>\n<tr>\n<td>Unutarnja obloga<\/td>\n<td>Termoformirani ABS<\/td>\n<\/tr>\n<tr>\n<td>Termostat<\/td>\n<td>Elektronika<\/td>\n<\/tr>\n<tr>\n<td>Daljinski upravlja\u010d<\/td>\n<td>Opcionalna WiFi pametna veza<\/td>\n<\/tr>\n<tr>\n<td>Razina buke<\/td>\n<td>55 dB<\/td>\n<\/tr>\n<tr>\n<td>Debljina izolacije<\/td>\n<td>40 mm<\/td>\n<\/tr>\n<tr>\n<td>Sustav za odmrzavanje<\/td>\n<td>Automatski (kompresor isklju\u010den) + Ru\u010dni<\/td>\n<\/tr>\n<tr>\n<td>Rasvjeta<\/td>\n<td>2 vertikalne LED diode<\/td>\n<\/tr>\n<tr>\n<td>Samozatvaraju\u0107a vrata<\/td>\n<td>Da<\/td>\n<\/tr>\n<tr>\n<td>Brava i klju\u010d<\/td>\n<td>Da<\/td>\n<\/tr>\n<tr>\n<td>Police (\u0160xV)<\/td>\n<td>5 \u00d7 513 \u00d7 410 mm, Drvene police opcionalno<\/td>\n<\/tr>\n<tr>\n<td>Kota\u010di\u0107i i no\u017eice<\/td>\n<td>2 noge + 2 kota\u010di\u0107a<\/td>\n<\/tr>\n<tr>\n<td>Neto \/ Bruto te\u017eina<\/td>\n<td>80 \/ 87 kg<\/td>\n<\/tr>\n<\/tbody>\n<\/table>\n<div class=\"group _tableWrapper_1rjym_13 flex w-fit flex-col-reverse\"><\/div>\n<div>\n<h3 data-start=\"1828\" data-end=\"1849\"><strong>Elektri\u010dni podaci<\/strong><\/h3>\n<div class=\"_tableContainer_1rjym_1\">\n<div class=\"group _tableWrapper_1rjym_13 flex w-fit flex-col-reverse\">\n<table>\n<thead>\n<tr>\n<th>Specifikacija<\/th>\n<th>Vrijednost<\/th>\n<\/tr>\n<\/thead>\n<tbody>\n<tr>\n<td>Napon<\/td>\n<td>220 V<\/td>\n<\/tr>\n<tr>\n<td>Frekvencija<\/td>\n<td>50 Hz<\/td>\n<\/tr>\n<tr>\n<td>Rashladno sredstvo<\/td>\n<td>R600A<\/td>\n<\/tr>\n<tr>\n<td>Apsorpcija snage<\/td>\n<td>230 W<\/td>\n<\/tr>\n<tr>\n<td>Potro\u0161nja energije (24 sata)<\/td>\n<td>2,84 kWh<\/td>\n<\/tr>\n<\/tbody>\n<\/table>\n<\/div>\n<\/div>\n<\/div>","protected":false},"excerpt":{"rendered":"<p>The CLW 420 L NOCE MEDIO is a premium static wine cooler with optional fan operation (on\/off) and solid wood coating. It combines elegant aesthetics with professional functionality, ideal for wine cellars, restaurants, hotels, and private collectors. Available in multiple finishes: Medium Walnut: Walnut Ash White: Bleached Ash Natural: Natural Ash Black: Black Ash Capacity: [&hellip;]<\/p>\n","protected":false},"featured_media":8951,"comment_status":"open","ping_status":"closed","template":"","meta":[],"product_brand":[],"product_cat":[49],"product_tag":[],"class_list":{"0":"post-8950","1":"product","2":"type-product","3":"status-publish","4":"has-post-thumbnail","6":"product_cat-wine-fridges","8":"first","9":"instock","10":"shipping-taxable","11":"product-type-simple"},"_links":{"self":[{"href":"https:\/\/dersuessestopp.com\/hr\/wp-json\/wp\/v2\/product\/8950","targetHints":{"allow":["GET"]}}],"collection":[{"href":"https:\/\/dersuessestopp.com\/hr\/wp-json\/wp\/v2\/product"}],"about":[{"href":"https:\/\/dersuessestopp.com\/hr\/wp-json\/wp\/v2\/types\/product"}],"replies":[{"embeddable":true,"href":"https:\/\/dersuessestopp.com\/hr\/wp-json\/wp\/v2\/comments?post=8950"}],"version-history":[{"count":9,"href":"https:\/\/dersuessestopp.com\/hr\/wp-json\/wp\/v2\/product\/8950\/revisions"}],"predecessor-version":[{"id":11512,"href":"https:\/\/dersuessestopp.com\/hr\/wp-json\/wp\/v2\/product\/8950\/revisions\/11512"}],"wp:featuredmedia":[{"embeddable":true,"href":"https:\/\/dersuessestopp.com\/hr\/wp-json\/wp\/v2\/media\/8951"}],"wp:attachment":[{"href":"https:\/\/dersuessestopp.com\/hr\/wp-json\/wp\/v2\/media?parent=8950"}],"wp:term":[{"taxonomy":"product_brand","embeddable":true,"href":"https:\/\/dersuessestopp.com\/hr\/wp-json\/wp\/v2\/product_brand?post=8950"},{"taxonomy":"product_cat","embeddable":true,"href":"https:\/\/dersuessestopp.com\/hr\/wp-json\/wp\/v2\/product_cat?post=8950"},{"taxonomy":"product_tag","embeddable":true,"href":"https:\/\/dersuessestopp.com\/hr\/wp-json\/wp\/v2\/product_tag?post=8950"}],"curies":[{"name":"wp","href":"https:\/\/api.w.org\/{rel}","templated":true}]}}