{"id":7463,"date":"2025-09-01T08:58:44","date_gmt":"2025-09-01T08:58:44","guid":{"rendered":"https:\/\/dersuessestopp.com\/?post_type=product&#038;p=7463"},"modified":"2025-09-01T08:58:44","modified_gmt":"2025-09-01T08:58:44","slug":"tunel","status":"publish","type":"product","link":"https:\/\/dersuessestopp.com\/hr\/product\/tunnel\/","title":{"rendered":"Tunel"},"content":{"rendered":"<p data-start=\"98\" data-end=\"343\">The <strong data-start=\"102\" data-end=\"127\">Bilaitov rashladni tunel<\/strong> je dizajniran da <strong data-start=\"143\" data-end=\"194\">brzo i u\u010dinkovito hla\u0111enje \u010dokoladnih proizvoda<\/strong>, osiguravaju\u0107i <strong data-start=\"205\" data-end=\"232\">jednoli\u010dna kristalizacija<\/strong> i visokokvalitetni gotov proizvod. Idealno za velike laboratorije i malu do srednju industrijsku proizvodnju.<\/p>\n<h2 data-start=\"701\" data-end=\"718\">Klju\u010dne zna\u010dajke<\/h2>\n<ul data-start=\"720\" data-end=\"1017\">\n<li data-start=\"720\" data-end=\"772\">\n<p data-start=\"722\" data-end=\"772\">Brzo i ravnomjerno hla\u0111enje \u010dokoladnih proizvoda<\/p>\n<\/li>\n<li data-start=\"773\" data-end=\"808\">\n<p data-start=\"775\" data-end=\"808\">Konzistentni rezultati bez gre\u0161aka<\/p>\n<\/li>\n<li data-start=\"809\" data-end=\"872\">\n<p data-start=\"811\" data-end=\"872\"><strong data-start=\"811\" data-end=\"838\">Energetski u\u010dinkovit dizajn<\/strong> smanjuje potro\u0161nju elektri\u010dne energije<\/p>\n<\/li>\n<li data-start=\"873\" data-end=\"952\">\n<p data-start=\"875\" data-end=\"952\"><strong data-start=\"875\" data-end=\"907\">Konstrukcija od nehr\u0111aju\u0107eg \u010delika<\/strong> za trajnost, higijenu i jednostavno \u010di\u0161\u0107enje<\/p>\n<\/li>\n<li data-start=\"953\" data-end=\"1017\">\n<p data-start=\"955\" data-end=\"1017\">Dostupne su prilagodljive opcije (duljina, \u0161irina trake, napon)<\/p>\n<\/li>\n<\/ul>\n<h2 data-start=\"1024\" data-end=\"1053\">Tehni\u010dke specifikacije<\/h2>\n<table>\n<thead>\n<tr>\n<th>Zna\u010dajka<\/th>\n<th>Detalji<\/th>\n<\/tr>\n<\/thead>\n<tbody>\n<tr>\n<td><strong>Duljine rashladnih prostora<\/strong><\/td>\n<td>4 \/ 6 \/ 8 \/ 10 \/ 12 m<\/td>\n<\/tr>\n<tr>\n<td><strong>\u0160irina trake<\/strong><\/td>\n<td>220 mm \/ 300 mm \/ 400 mm (prilagodljivo)<\/td>\n<\/tr>\n<tr>\n<td><strong>Prikladno za<\/strong><\/td>\n<td>Veliki laboratoriji i mala i srednja industrija<\/td>\n<\/tr>\n<tr>\n<td><strong>Gra\u0111evinarstvo<\/strong><\/td>\n<td>Nehr\u0111aju\u0107i \u010delik<\/td>\n<\/tr>\n<tr>\n<td><strong>Opcije napona<\/strong><\/td>\n<td>Prilagodljivo za 220 V trofazno \u2013 50\/60 Hz<\/td>\n<\/tr>\n<tr>\n<td><strong>Energetska u\u010dinkovitost<\/strong><\/td>\n<td>Optimiziran dizajn za smanjenje potro\u0161nje<\/td>\n<\/tr>\n<\/tbody>\n<\/table>","protected":false},"excerpt":{"rendered":"<p>The Bilait Cooling Tunnel is designed to rapidly and effectively cool chocolate products, ensuring uniform crystallization and a high-quality finished product. Ideal for large laboratories and small-to-medium industrial production. Key Features Rapid and uniform cooling for chocolate products Consistent, defect-free results Energy-efficient design reduces electricity consumption Stainless steel construction for durability, hygiene, and easy cleaning [&hellip;]<\/p>\n","protected":false},"featured_media":7464,"comment_status":"open","ping_status":"closed","template":"","meta":[],"product_brand":[],"product_cat":[56],"product_tag":[],"class_list":{"0":"post-7463","1":"product","2":"type-product","3":"status-publish","4":"has-post-thumbnail","6":"product_cat-cooling-tunnel","8":"first","9":"instock","10":"shipping-taxable","11":"product-type-simple"},"_links":{"self":[{"href":"https:\/\/dersuessestopp.com\/hr\/wp-json\/wp\/v2\/product\/7463","targetHints":{"allow":["GET"]}}],"collection":[{"href":"https:\/\/dersuessestopp.com\/hr\/wp-json\/wp\/v2\/product"}],"about":[{"href":"https:\/\/dersuessestopp.com\/hr\/wp-json\/wp\/v2\/types\/product"}],"replies":[{"embeddable":true,"href":"https:\/\/dersuessestopp.com\/hr\/wp-json\/wp\/v2\/comments?post=7463"}],"version-history":[{"count":2,"href":"https:\/\/dersuessestopp.com\/hr\/wp-json\/wp\/v2\/product\/7463\/revisions"}],"predecessor-version":[{"id":7476,"href":"https:\/\/dersuessestopp.com\/hr\/wp-json\/wp\/v2\/product\/7463\/revisions\/7476"}],"wp:featuredmedia":[{"embeddable":true,"href":"https:\/\/dersuessestopp.com\/hr\/wp-json\/wp\/v2\/media\/7464"}],"wp:attachment":[{"href":"https:\/\/dersuessestopp.com\/hr\/wp-json\/wp\/v2\/media?parent=7463"}],"wp:term":[{"taxonomy":"product_brand","embeddable":true,"href":"https:\/\/dersuessestopp.com\/hr\/wp-json\/wp\/v2\/product_brand?post=7463"},{"taxonomy":"product_cat","embeddable":true,"href":"https:\/\/dersuessestopp.com\/hr\/wp-json\/wp\/v2\/product_cat?post=7463"},{"taxonomy":"product_tag","embeddable":true,"href":"https:\/\/dersuessestopp.com\/hr\/wp-json\/wp\/v2\/product_tag?post=7463"}],"curies":[{"name":"wp","href":"https:\/\/api.w.org\/{rel}","templated":true}]}}