{"id":7459,"date":"2025-09-01T08:14:18","date_gmt":"2025-09-01T08:14:18","guid":{"rendered":"https:\/\/dersuessestopp.com\/?post_type=product&#038;p=7459"},"modified":"2025-09-24T21:57:28","modified_gmt":"2025-09-24T21:57:28","slug":"6795c","status":"publish","type":"product","link":"https:\/\/dersuessestopp.com\/hr\/product\/6795-c\/","title":{"rendered":"6795-C"},"content":{"rendered":"<p data-start=\"153\" data-end=\"445\">The <strong data-start=\"157\" data-end=\"176\">Svemirac 6795-C<\/strong> je <strong data-start=\"182\" data-end=\"247\">Zamrziva\u010d za smrznuta pi\u0107a velikog kapaciteta s dva okusa na podu<\/strong>, dizajniran za operacije s velikim volumenom pi\u0107a. Savr\u0161en za barove, restorane i ugostiteljske objekte, u\u010dinkovito poslu\u017euje <strong data-start=\"375\" data-end=\"420\">alkoholna i bezalkoholna smrznuta pi\u0107a<\/strong>, uklju\u010duju\u0107i milkshakeove.<\/p>\n<p data-start=\"447\" data-end=\"728\">Uklju\u010duju\u0107i <strong data-start=\"457\" data-end=\"489\">prozirna vrata za doziranje<\/strong>, <strong data-start=\"491\" data-end=\"511\">brzo zamrzavanje<\/strong>, i <strong data-start=\"517\" data-end=\"537\">mije\u0161alice lijevka<\/strong>, 6795-C osigurava dosljednu kvalitetu proizvoda i brzu uslugu. Dodatne zna\u010dajke uklju\u010duju <strong data-start=\"632\" data-end=\"661\">spinner s jednom rukom<\/strong> i <strong data-start=\"666\" data-end=\"679\">svjetlosna kutija<\/strong> za pobolj\u0161anu produktivnost i privla\u010dnost za kupce.<\/p>\n<h2 data-start=\"735\" data-end=\"752\">Klju\u010dne zna\u010dajke<\/h2>\n<ul data-start=\"754\" data-end=\"1408\">\n<li data-start=\"754\" data-end=\"820\">\n<p data-start=\"756\" data-end=\"820\"><strong data-start=\"756\" data-end=\"782\">Model poda s dva okusa<\/strong> za smrznute napitke i milkshakeove<\/p>\n<\/li>\n<li data-start=\"821\" data-end=\"884\">\n<p data-start=\"823\" data-end=\"884\"><strong data-start=\"823\" data-end=\"855\">Prozirna vrata za doziranje<\/strong> pobolj\u0161ati vidljivost proizvoda<\/p>\n<\/li>\n<li data-start=\"885\" data-end=\"954\">\n<p data-start=\"887\" data-end=\"954\"><strong data-start=\"887\" data-end=\"907\">Brzo zamrzavanje<\/strong> s patentiranim visokou\u010dinkovitim izmjenjiva\u010dem topline<\/p>\n<\/li>\n<li data-start=\"955\" data-end=\"1009\">\n<p data-start=\"957\" data-end=\"1009\"><strong data-start=\"957\" data-end=\"984\">Indikatorska lampica za nisku razinu mje\u0161avine<\/strong> upozorenja kada je mje\u0161avina niska<\/p>\n<\/li>\n<li data-start=\"1010\" data-end=\"1082\">\n<p data-start=\"1012\" data-end=\"1082\"><strong data-start=\"1012\" data-end=\"1051\">Rashladni spremnici s mije\u0161alicama<\/strong> odr\u017eavati konzistentnost proizvoda<\/p>\n<\/li>\n<li data-start=\"1083\" data-end=\"1142\">\n<p data-start=\"1085\" data-end=\"1142\"><strong data-start=\"1085\" data-end=\"1101\">Na\u010din pripravnosti<\/strong> odr\u017eava smjesu ispod 4,4\u00b0C (40\u00b0F) preko no\u0107i<\/p>\n<\/li>\n<li data-start=\"1143\" data-end=\"1198\">\n<p data-start=\"1145\" data-end=\"1198\"><strong data-start=\"1145\" data-end=\"1179\">Samozatvaraju\u0107i ventili za doziranje<\/strong> sprije\u010diti prelijevanje<\/p>\n<\/li>\n<li data-start=\"1199\" data-end=\"1268\">\n<p data-start=\"1201\" data-end=\"1268\"><strong data-start=\"1201\" data-end=\"1223\">Sigurnosne za\u0161tite<\/strong>Visokotla\u010dni prekida\u010d i termi\u010dko preoptere\u0107enje<\/p>\n<\/li>\n<li data-start=\"1269\" data-end=\"1341\">\n<p data-start=\"1271\" data-end=\"1341\"><strong data-start=\"1271\" data-end=\"1309\">Opcionalni spinner s jednom rukom<\/strong> za blendanje i multitasking<\/p>\n<\/li>\n<li data-start=\"1342\" data-end=\"1408\">\n<p data-start=\"1344\" data-end=\"1408\"><strong data-start=\"1344\" data-end=\"1366\">Opcionalna svjetlosna kutija<\/strong> za osvijetljene kartice okusa i upozorenja<\/p>\n<\/li>\n<\/ul>\n<h2 data-start=\"1415\" data-end=\"1434\">Tehni\u010dki podaci<\/h2>\n<table>\n<thead>\n<tr>\n<th><strong>Model<\/strong><\/th>\n<th>Svemirac 6795-C<\/th>\n<\/tr>\n<\/thead>\n<tbody>\n<tr>\n<td><strong>Okusi<\/strong><\/td>\n<td>2<\/td>\n<\/tr>\n<tr>\n<td><strong>Cilindri za zamrzavanje<\/strong><\/td>\n<td>2 \u00d7 6,9 l (7,3 qt)<\/td>\n<\/tr>\n<tr>\n<td><strong>Lijevci za mije\u0161anje<\/strong><\/td>\n<td>2 \u00d7 12 L (12,7 qt)<\/td>\n<\/tr>\n<tr>\n<td><strong>Izlazni kapacitet (250 ml)<\/strong><\/td>\n<td>480 porcija\/sat<\/td>\n<\/tr>\n<tr>\n<td><strong>Upravlja\u010dki sustav<\/strong><\/td>\n<td>Mehani\u010dki, 2 jedinice<\/td>\n<\/tr>\n<tr>\n<td><strong>Dozirni ventili<\/strong><\/td>\n<td>Samozatvaranje<\/td>\n<\/tr>\n<tr>\n<td><strong>Mije\u0161alice s lijevkom<\/strong><\/td>\n<td>Da<\/td>\n<\/tr>\n<tr>\n<td><strong>Na\u010din pripravnosti<\/strong><\/td>\n<td>Da (odr\u017eava smjesu ispod 4,4 \u00b0C \/ 40 \u00b0F)<\/td>\n<\/tr>\n<tr>\n<td><strong>Sigurnosne zna\u010dajke<\/strong><\/td>\n<td>Za\u0161tita od visokog tlaka, za\u0161tita od toplinskog preoptere\u0107enja<\/td>\n<\/tr>\n<\/tbody>\n<\/table>\n<h2 data-start=\"1925\" data-end=\"1949\">Dimenzije i te\u017eina<\/h2>\n<div class=\"_tableContainer_1rjym_1\">\n<div class=\"_tableWrapper_1rjym_13 group flex w-fit flex-col-reverse\">\n<table>\n<thead>\n<tr>\n<th><strong>Mjerenje<\/strong><\/th>\n<th><strong>Neto (mm \/ in)<\/strong><\/th>\n<th><strong>Dostava (mm \/ in)<\/strong><\/th>\n<\/tr>\n<\/thead>\n<tbody>\n<tr>\n<td>\u0160irina<\/td>\n<td>553 mm \/ 21,8 in\u010da<\/td>\n<td>710 mm \/ 28,0 in\u010da<\/td>\n<\/tr>\n<tr>\n<td>Dubina<\/td>\n<td>651 mm \/ 25,6 in\u010da<\/td>\n<td>830 mm \/ 32,7 in\u010da<\/td>\n<\/tr>\n<tr>\n<td>Visina<\/td>\n<td>1497 mm \/ 58,9 in\u010da<\/td>\n<td>1670 mm \/ 65,7 in\u010da<\/td>\n<\/tr>\n<tr>\n<td>Te\u017eina<\/td>\n<td>250 kg \/ 551 lb<\/td>\n<td>270 kg \/ 595 lb<\/td>\n<\/tr>\n<tr>\n<td>Volumen<\/td>\n<td>0,98 kubnih metara \/ 34,75 kubnih metara<\/td>\n<td>&#8211;<\/td>\n<\/tr>\n<\/tbody>\n<\/table>\n<h2 data-start=\"2318\" data-end=\"2333\">Elektri\u010dni<\/h2>\n<div class=\"_tableContainer_1rjym_1\">\n<div class=\"_tableWrapper_1rjym_13 group flex w-fit flex-col-reverse\">\n<table>\n<thead>\n<tr>\n<th><strong>Napon<\/strong><\/th>\n<th><strong>Snaga (kW)<\/strong><\/th>\n<th><strong>Ukupna struja (A)<\/strong><\/th>\n<th><strong>Osigura\u010d (A)<\/strong><\/th>\n<\/tr>\n<\/thead>\n<tbody>\n<tr>\n<td>220\u2013240 V \/ 50 Hz \/ 1 faza<\/td>\n<td>4.6<\/td>\n<td>22<\/td>\n<td>30<\/td>\n<\/tr>\n<tr>\n<td>208\u2013230 V \/ 60 Hz \/ 1 faza<\/td>\n<td>5.0<\/td>\n<td>24<\/td>\n<td>35<\/td>\n<\/tr>\n<\/tbody>\n<\/table>\n<\/div>\n<\/div>\n<\/div>\n<\/div>","protected":false},"excerpt":{"rendered":"<p>The Spaceman 6795-C is a high-capacity, two-flavor floor model frozen beverage freezer, designed for high-volume beverage operations. Perfect for bars, restaurants, and foodservice locations, it efficiently serves alcoholic and non-alcoholic frozen drinks, including milkshakes. Featuring see-through dispensing doors, fast freeze down, and hopper agitators, the 6795-C ensures consistent product quality and quick service. Optional features [&hellip;]<\/p>\n","protected":false},"featured_media":7460,"comment_status":"open","ping_status":"closed","template":"","meta":[],"product_brand":[],"product_cat":[55,67],"product_tag":[],"class_list":{"0":"post-7459","1":"product","2":"type-product","3":"status-publish","4":"has-post-thumbnail","6":"product_cat-frozen-drinks-machines","7":"product_cat-professional-frozen-drink-maschines","9":"first","10":"instock","11":"shipping-taxable","12":"product-type-simple"},"_links":{"self":[{"href":"https:\/\/dersuessestopp.com\/hr\/wp-json\/wp\/v2\/product\/7459","targetHints":{"allow":["GET"]}}],"collection":[{"href":"https:\/\/dersuessestopp.com\/hr\/wp-json\/wp\/v2\/product"}],"about":[{"href":"https:\/\/dersuessestopp.com\/hr\/wp-json\/wp\/v2\/types\/product"}],"replies":[{"embeddable":true,"href":"https:\/\/dersuessestopp.com\/hr\/wp-json\/wp\/v2\/comments?post=7459"}],"version-history":[{"count":2,"href":"https:\/\/dersuessestopp.com\/hr\/wp-json\/wp\/v2\/product\/7459\/revisions"}],"predecessor-version":[{"id":7462,"href":"https:\/\/dersuessestopp.com\/hr\/wp-json\/wp\/v2\/product\/7459\/revisions\/7462"}],"wp:featuredmedia":[{"embeddable":true,"href":"https:\/\/dersuessestopp.com\/hr\/wp-json\/wp\/v2\/media\/7460"}],"wp:attachment":[{"href":"https:\/\/dersuessestopp.com\/hr\/wp-json\/wp\/v2\/media?parent=7459"}],"wp:term":[{"taxonomy":"product_brand","embeddable":true,"href":"https:\/\/dersuessestopp.com\/hr\/wp-json\/wp\/v2\/product_brand?post=7459"},{"taxonomy":"product_cat","embeddable":true,"href":"https:\/\/dersuessestopp.com\/hr\/wp-json\/wp\/v2\/product_cat?post=7459"},{"taxonomy":"product_tag","embeddable":true,"href":"https:\/\/dersuessestopp.com\/hr\/wp-json\/wp\/v2\/product_tag?post=7459"}],"curies":[{"name":"wp","href":"https:\/\/api.w.org\/{rel}","templated":true}]}}