{"id":7452,"date":"2025-09-01T08:11:35","date_gmt":"2025-09-01T08:11:35","guid":{"rendered":"https:\/\/dersuessestopp.com\/?post_type=product&#038;p=7452"},"modified":"2025-09-24T21:57:49","modified_gmt":"2025-09-24T21:57:49","slug":"6695c","status":"publish","type":"product","link":"https:\/\/dersuessestopp.com\/hr\/product\/6695-c\/","title":{"rendered":"6695-C"},"content":{"rendered":"<p data-start=\"161\" data-end=\"436\">The <strong data-start=\"165\" data-end=\"184\">Svemirac 6695-C<\/strong> je <strong data-start=\"190\" data-end=\"254\">Zamrziva\u010d za smrznuta pi\u0107a velikog kapaciteta s dva okusa za radnu povr\u0161inu<\/strong>, idealno za prometne barove, restorane i prodajna mjesta s velikim brojem pi\u0107a. Poslu\u017euje <strong data-start=\"336\" data-end=\"381\">alkoholna i bezalkoholna smrznuta pi\u0107a<\/strong>, uklju\u010duju\u0107i milkshakeove, u\u010dinkovito i dosljedno.<\/p>\n<p data-start=\"438\" data-end=\"792\">Zna\u010dajke 6695-C <strong data-start=\"458\" data-end=\"490\">prozirna vrata za doziranje<\/strong>, <strong data-start=\"492\" data-end=\"512\">brzo zamrzavanje<\/strong>, i <strong data-start=\"518\" data-end=\"538\">mije\u0161alice lijevka<\/strong> kako bi se odr\u017eala savr\u0161ena konzistencija proizvoda. <strong data-start=\"584\" data-end=\"613\">mehani\u010dki upravlja\u010dki sustav<\/strong> omogu\u0107uje jednostavno rukovanje i precizno pode\u0161avanje viskoznosti. Dodatne zna\u010dajke uklju\u010duju <strong data-start=\"698\" data-end=\"727\">spinner s jednom rukom<\/strong> i <strong data-start=\"732\" data-end=\"745\">svjetlosna kutija<\/strong> za pove\u0107anu produktivnost i vizualnu privla\u010dnost.<\/p>\n<h2 data-start=\"799\" data-end=\"816\">Klju\u010dne zna\u010dajke<\/h2>\n<ul data-start=\"818\" data-end=\"1477\">\n<li data-start=\"818\" data-end=\"889\">\n<p data-start=\"820\" data-end=\"889\"><strong data-start=\"820\" data-end=\"851\">Model za kuhinjski pult s dva okusa<\/strong> za smrznute napitke i milkshakeove<\/p>\n<\/li>\n<li data-start=\"890\" data-end=\"953\">\n<p data-start=\"892\" data-end=\"953\"><strong data-start=\"892\" data-end=\"924\">Prozirna vrata za doziranje<\/strong> pobolj\u0161ati vidljivost proizvoda<\/p>\n<\/li>\n<li data-start=\"954\" data-end=\"1023\">\n<p data-start=\"956\" data-end=\"1023\"><strong data-start=\"956\" data-end=\"976\">Brzo zamrzavanje<\/strong> s patentiranim visokou\u010dinkovitim izmjenjiva\u010dem topline<\/p>\n<\/li>\n<li data-start=\"1024\" data-end=\"1078\">\n<p data-start=\"1026\" data-end=\"1078\"><strong data-start=\"1026\" data-end=\"1053\">Indikatorska lampica za nisku razinu mje\u0161avine<\/strong> upozorenja kada je mje\u0161avina niska<\/p>\n<\/li>\n<li data-start=\"1079\" data-end=\"1149\">\n<p data-start=\"1081\" data-end=\"1149\"><strong data-start=\"1081\" data-end=\"1120\">Rashladni spremnici s mije\u0161alicama<\/strong> sprije\u010diti odvajanje proizvoda<\/p>\n<\/li>\n<li data-start=\"1150\" data-end=\"1210\">\n<p data-start=\"1152\" data-end=\"1210\"><strong data-start=\"1152\" data-end=\"1168\">Na\u010din pripravnosti<\/strong> odr\u017eava temperaturu proizvoda preko no\u0107i<\/p>\n<\/li>\n<li data-start=\"1211\" data-end=\"1266\">\n<p data-start=\"1213\" data-end=\"1266\"><strong data-start=\"1213\" data-end=\"1247\">Samozatvaraju\u0107i ventili za doziranje<\/strong> sprije\u010diti prelijevanje<\/p>\n<\/li>\n<li data-start=\"1267\" data-end=\"1336\">\n<p data-start=\"1269\" data-end=\"1336\"><strong data-start=\"1269\" data-end=\"1291\">Sigurnosne za\u0161tite<\/strong>Visokotla\u010dni prekida\u010d i termi\u010dko preoptere\u0107enje<\/p>\n<\/li>\n<li data-start=\"1337\" data-end=\"1410\">\n<p data-start=\"1339\" data-end=\"1410\"><strong data-start=\"1339\" data-end=\"1377\">Opcionalni spinner s jednom rukom<\/strong> za multitasking i blendanje<\/p>\n<\/li>\n<li data-start=\"1411\" data-end=\"1477\">\n<p data-start=\"1413\" data-end=\"1477\"><strong data-start=\"1413\" data-end=\"1435\">Opcionalna svjetlosna kutija<\/strong> za osvijetljene kartice okusa i upozorenja<\/p>\n<\/li>\n<\/ul>\n<h2 data-start=\"1484\" data-end=\"1503\">Tehni\u010dki podaci<\/h2>\n<table>\n<thead>\n<tr>\n<th><strong>Model<\/strong><\/th>\n<th>Svemirac 6695-C<\/th>\n<\/tr>\n<\/thead>\n<tbody>\n<tr>\n<td><strong>Okusi<\/strong><\/td>\n<td>2<\/td>\n<\/tr>\n<tr>\n<td><strong>Cilindri za zamrzavanje<\/strong><\/td>\n<td>2 \u00d7 6,9 l (7,3 qt)<\/td>\n<\/tr>\n<tr>\n<td><strong>Lijevci za mije\u0161anje<\/strong><\/td>\n<td>2 \u00d7 12 L (12,7 qt)<\/td>\n<\/tr>\n<tr>\n<td><strong>Izlazni kapacitet (250 ml)<\/strong><\/td>\n<td>320 porcija\/sat<\/td>\n<\/tr>\n<tr>\n<td><strong>Upravlja\u010dki sustav<\/strong><\/td>\n<td>Mehani\u010dki, 2 jedinice<\/td>\n<\/tr>\n<tr>\n<td><strong>Dozirni ventili<\/strong><\/td>\n<td>Samozatvaranje<\/td>\n<\/tr>\n<tr>\n<td><strong>Mije\u0161alice s lijevkom<\/strong><\/td>\n<td>Da<\/td>\n<\/tr>\n<tr>\n<td><strong>Na\u010din pripravnosti<\/strong><\/td>\n<td>Da (odr\u017eava smjesu ispod 4,4 \u00b0C \/ 40 \u00b0F)<\/td>\n<\/tr>\n<tr>\n<td><strong>Sigurnosne zna\u010dajke<\/strong><\/td>\n<td>Za\u0161tita od visokog tlaka, za\u0161tita od toplinskog preoptere\u0107enja<\/td>\n<\/tr>\n<\/tbody>\n<\/table>\n<h2 data-start=\"1994\" data-end=\"2018\">Dimenzije i te\u017eina<\/h2>\n<div class=\"_tableContainer_1rjym_1\">\n<div class=\"_tableWrapper_1rjym_13 group flex w-fit flex-col-reverse\">\n<table>\n<thead>\n<tr>\n<th><strong>Mjerenje<\/strong><\/th>\n<th><strong>Neto (mm \/ in)<\/strong><\/th>\n<th><strong>Dostava (mm \/ in)<\/strong><\/th>\n<\/tr>\n<\/thead>\n<tbody>\n<tr>\n<td>\u0160irina<\/td>\n<td>532 mm \/ 20,9 in\u010da<\/td>\n<td>570 mm \/ 22,4 in\u010da<\/td>\n<\/tr>\n<tr>\n<td>Dubina<\/td>\n<td>652 mm \/ 25,7 in\u010da<\/td>\n<td>800 mm \/ 31,5 in\u010da<\/td>\n<\/tr>\n<tr>\n<td>Visina<\/td>\n<td>995 mm \/ 39,2 in\u010da<\/td>\n<td>1140 mm \/ 44,9 in\u010da<\/td>\n<\/tr>\n<tr>\n<td>Te\u017eina<\/td>\n<td>220 kg \/ 485 lb<\/td>\n<td>235 kg \/ 518 lb<\/td>\n<\/tr>\n<tr>\n<td>Volumen<\/td>\n<td>0,52 kubi\u010dnih metara \/ 18,36 kubi\u010dnih metara<\/td>\n<td>&#8211;<\/td>\n<\/tr>\n<\/tbody>\n<\/table>\n<h2 data-start=\"2386\" data-end=\"2401\">Elektri\u010dni<\/h2>\n<div class=\"_tableContainer_1rjym_1\">\n<div class=\"_tableWrapper_1rjym_13 group flex w-fit flex-col-reverse\">\n<table>\n<thead>\n<tr>\n<th><strong>Napon<\/strong><\/th>\n<th><strong>Snaga (kW)<\/strong><\/th>\n<th><strong>Ukupna struja (A)<\/strong><\/th>\n<th><strong>Osigura\u010d (A)<\/strong><\/th>\n<\/tr>\n<\/thead>\n<tbody>\n<tr>\n<td>220\u2013240 V \/ 50 Hz \/ 1 faza<\/td>\n<td>3.0<\/td>\n<td>15<\/td>\n<td>25<\/td>\n<\/tr>\n<tr>\n<td>208\u2013230 V \/ 60 Hz \/ 1 faza<\/td>\n<td>3.2<\/td>\n<td>16<\/td>\n<td>25<\/td>\n<\/tr>\n<\/tbody>\n<\/table>\n<\/div>\n<\/div>\n<\/div>\n<\/div>","protected":false},"excerpt":{"rendered":"<p>The Spaceman 6695-C is a high-capacity, two-flavor countertop frozen beverage freezer, perfect for busy bars, restaurants, and high-volume beverage outlets. It serves alcoholic and non-alcoholic frozen drinks, including milkshakes, efficiently and consistently. The 6695-C features see-through dispensing doors, fast freeze down, and hopper agitators to maintain perfect product consistency. Its mechanical control system allows easy [&hellip;]<\/p>\n","protected":false},"featured_media":7456,"comment_status":"open","ping_status":"closed","template":"","meta":[],"product_brand":[],"product_cat":[66,67,55],"product_tag":[],"class_list":{"0":"post-7452","1":"product","2":"type-product","3":"status-publish","4":"has-post-thumbnail","6":"product_cat-milkshake-maschines","7":"product_cat-professional-frozen-drink-maschines","8":"product_cat-frozen-drinks-machines","10":"first","11":"instock","12":"shipping-taxable","13":"product-type-simple"},"_links":{"self":[{"href":"https:\/\/dersuessestopp.com\/hr\/wp-json\/wp\/v2\/product\/7452","targetHints":{"allow":["GET"]}}],"collection":[{"href":"https:\/\/dersuessestopp.com\/hr\/wp-json\/wp\/v2\/product"}],"about":[{"href":"https:\/\/dersuessestopp.com\/hr\/wp-json\/wp\/v2\/types\/product"}],"replies":[{"embeddable":true,"href":"https:\/\/dersuessestopp.com\/hr\/wp-json\/wp\/v2\/comments?post=7452"}],"version-history":[{"count":2,"href":"https:\/\/dersuessestopp.com\/hr\/wp-json\/wp\/v2\/product\/7452\/revisions"}],"predecessor-version":[{"id":7458,"href":"https:\/\/dersuessestopp.com\/hr\/wp-json\/wp\/v2\/product\/7452\/revisions\/7458"}],"wp:featuredmedia":[{"embeddable":true,"href":"https:\/\/dersuessestopp.com\/hr\/wp-json\/wp\/v2\/media\/7456"}],"wp:attachment":[{"href":"https:\/\/dersuessestopp.com\/hr\/wp-json\/wp\/v2\/media?parent=7452"}],"wp:term":[{"taxonomy":"product_brand","embeddable":true,"href":"https:\/\/dersuessestopp.com\/hr\/wp-json\/wp\/v2\/product_brand?post=7452"},{"taxonomy":"product_cat","embeddable":true,"href":"https:\/\/dersuessestopp.com\/hr\/wp-json\/wp\/v2\/product_cat?post=7452"},{"taxonomy":"product_tag","embeddable":true,"href":"https:\/\/dersuessestopp.com\/hr\/wp-json\/wp\/v2\/product_tag?post=7452"}],"curies":[{"name":"wp","href":"https:\/\/api.w.org\/{rel}","templated":true}]}}