{"id":7448,"date":"2025-09-01T08:06:33","date_gmt":"2025-09-01T08:06:33","guid":{"rendered":"https:\/\/dersuessestopp.com\/?post_type=product&#038;p=7448"},"modified":"2025-09-24T21:58:21","modified_gmt":"2025-09-24T21:58:21","slug":"6455c","status":"publish","type":"product","link":"https:\/\/dersuessestopp.com\/hr\/product\/6455-c\/","title":{"rendered":"6455-C"},"content":{"rendered":"<p data-start=\"171\" data-end=\"451\">The <strong data-start=\"175\" data-end=\"194\">Svemirac 6455-C<\/strong> je <strong data-start=\"200\" data-end=\"268\">Kompaktni, svestrani kuhinjski zamrziva\u010d za smrznuta pi\u0107a s dva okusa<\/strong>, idealno za barove, restorane, \u0161kole, bolnice i kioske. Dostavlja smrznute napitke, smoothieje i alkoholna ili bezalkoholna pi\u0107a s dosljednom kvalitetom i u\u010dinkovito\u0161\u0107u.<\/p>\n<p data-start=\"453\" data-end=\"785\">Zna\u010dajke 6455-C <strong data-start=\"473\" data-end=\"505\">prozirna vrata za doziranje<\/strong>, <strong data-start=\"507\" data-end=\"533\">tehnologija brzog zamrzavanja<\/strong>, i <strong data-start=\"539\" data-end=\"559\">mije\u0161alice lijevka<\/strong> kako bi se odr\u017eala konzistencija proizvoda. Njegove intuitivne mehani\u010dke kontrole omogu\u0107uju precizno pode\u0161avanje viskoznosti. Dodatni dodaci kao \u0161to su <strong data-start=\"690\" data-end=\"719\">spinner s jednom rukom<\/strong> i <strong data-start=\"724\" data-end=\"737\">svjetlosna kutija<\/strong> pobolj\u0161ati produktivnost i anga\u017eman kupaca.<\/p>\n<h2 data-start=\"792\" data-end=\"809\">Klju\u010dne zna\u010dajke<\/h2>\n<ul data-start=\"811\" data-end=\"1463\">\n<li data-start=\"811\" data-end=\"881\">\n<p data-start=\"813\" data-end=\"881\"><strong data-start=\"813\" data-end=\"844\">Model za kuhinjski pult s dva okusa<\/strong> za smrznute napitke i smoothieje<\/p>\n<\/li>\n<li data-start=\"882\" data-end=\"959\">\n<p data-start=\"884\" data-end=\"959\"><strong data-start=\"884\" data-end=\"916\">Prozirna vrata za doziranje<\/strong> pobolj\u0161ati vidljivost proizvoda i marketing<\/p>\n<\/li>\n<li data-start=\"960\" data-end=\"1020\">\n<p data-start=\"962\" data-end=\"1020\"><strong data-start=\"962\" data-end=\"982\">Brzo zamrzavanje<\/strong> s visokou\u010dinkovitim izmjenjiva\u010dem topline<\/p>\n<\/li>\n<li data-start=\"1021\" data-end=\"1075\">\n<p data-start=\"1023\" data-end=\"1075\"><strong data-start=\"1023\" data-end=\"1050\">Indikatorska lampica za nisku razinu mje\u0161avine<\/strong> upozorenja kada je mje\u0161avina niska<\/p>\n<\/li>\n<li data-start=\"1076\" data-end=\"1146\">\n<p data-start=\"1078\" data-end=\"1146\"><strong data-start=\"1078\" data-end=\"1117\">Rashladni spremnici s mije\u0161alicama<\/strong> sprije\u010diti odvajanje proizvoda<\/p>\n<\/li>\n<li data-start=\"1147\" data-end=\"1207\">\n<p data-start=\"1149\" data-end=\"1207\"><strong data-start=\"1149\" data-end=\"1165\">Na\u010din pripravnosti<\/strong> odr\u017eava temperaturu proizvoda preko no\u0107i<\/p>\n<\/li>\n<li data-start=\"1208\" data-end=\"1263\">\n<p data-start=\"1210\" data-end=\"1263\"><strong data-start=\"1210\" data-end=\"1244\">Samozatvaraju\u0107i ventili za doziranje<\/strong> sprije\u010diti prelijevanje<\/p>\n<\/li>\n<li data-start=\"1264\" data-end=\"1333\">\n<p data-start=\"1266\" data-end=\"1333\"><strong data-start=\"1266\" data-end=\"1288\">Sigurnosne za\u0161tite<\/strong>Visokotla\u010dni prekida\u010d i termi\u010dko preoptere\u0107enje<\/p>\n<\/li>\n<li data-start=\"1334\" data-end=\"1396\">\n<p data-start=\"1336\" data-end=\"1396\"><strong data-start=\"1336\" data-end=\"1374\">Opcionalni spinner s jednom rukom<\/strong> za mije\u0161anje poslastica<\/p>\n<\/li>\n<li data-start=\"1397\" data-end=\"1463\">\n<p data-start=\"1399\" data-end=\"1463\"><strong data-start=\"1399\" data-end=\"1421\">Opcionalna svjetlosna kutija<\/strong> za osvijetljene kartice okusa i upozorenja<\/p>\n<\/li>\n<\/ul>\n<h2 data-start=\"1470\" data-end=\"1489\">Tehni\u010dki podaci<\/h2>\n<table>\n<thead>\n<tr>\n<th><strong>Model<\/strong><\/th>\n<th>Svemirac 6455-C<\/th>\n<\/tr>\n<\/thead>\n<tbody>\n<tr>\n<td><strong>Okusi<\/strong><\/td>\n<td>2<\/td>\n<\/tr>\n<tr>\n<td><strong>Cilindri za zamrzavanje<\/strong><\/td>\n<td>2 \u00d7 3,8 L (4,0 qt)<\/td>\n<\/tr>\n<tr>\n<td><strong>Lijevci za mije\u0161anje<\/strong><\/td>\n<td>2 \u00d7 8,0 L (8,5 qt)<\/td>\n<\/tr>\n<tr>\n<td><strong>Izlazni kapacitet (250 ml)<\/strong><\/td>\n<td>112 porcija\/sat<\/td>\n<\/tr>\n<tr>\n<td><strong>Upravlja\u010dki sustav<\/strong><\/td>\n<td>Mehani\u010dki, 2 jedinice<\/td>\n<\/tr>\n<tr>\n<td><strong>Dozirni ventili<\/strong><\/td>\n<td>Samozatvaranje<\/td>\n<\/tr>\n<tr>\n<td><strong>Mije\u0161alice s lijevkom<\/strong><\/td>\n<td>Da<\/td>\n<\/tr>\n<tr>\n<td><strong>Na\u010din pripravnosti<\/strong><\/td>\n<td>Da (odr\u017eava smjesu ispod 4,4 \u00b0C \/ 40 \u00b0F)<\/td>\n<\/tr>\n<tr>\n<td><strong>Sigurnosne zna\u010dajke<\/strong><\/td>\n<td>Za\u0161tita od visokog tlaka, za\u0161tita od toplinskog preoptere\u0107enja<\/td>\n<\/tr>\n<\/tbody>\n<\/table>\n<h2 data-start=\"1980\" data-end=\"2004\">Dimenzije i te\u017eina<\/h2>\n<div class=\"_tableContainer_1rjym_1\">\n<div class=\"_tableWrapper_1rjym_13 group flex w-fit flex-col-reverse\">\n<table>\n<thead>\n<tr>\n<th><strong>Mjerenje<\/strong><\/th>\n<th><strong>Neto (mm \/ in)<\/strong><\/th>\n<th><strong>Dostava (mm \/ in)<\/strong><\/th>\n<\/tr>\n<\/thead>\n<tbody>\n<tr>\n<td>\u0160irina<\/td>\n<td>476 mm \/ 18,7 in\u010da<\/td>\n<td>520 mm \/ 20,5 in\u010da<\/td>\n<\/tr>\n<tr>\n<td>Dubina<\/td>\n<td>651 mm \/ 25,6 in\u010da<\/td>\n<td>800 mm \/ 31,5 in\u010da<\/td>\n<\/tr>\n<tr>\n<td>Visina<\/td>\n<td>972 mm \/ 38,3 in\u010da<\/td>\n<td>1090 mm \/ 42,9 in\u010da<\/td>\n<\/tr>\n<tr>\n<td>Te\u017eina<\/td>\n<td>146 kg \/ 322 lb<\/td>\n<td>166 kg \/ 366 lb<\/td>\n<\/tr>\n<tr>\n<td>Volumen<\/td>\n<td>0,45 kubnih metara \/ 16,01 kubnih metara<\/td>\n<td>&#8211;<\/td>\n<\/tr>\n<\/tbody>\n<\/table>\n<h2 data-start=\"2372\" data-end=\"2387\">Elektri\u010dni<\/h2>\n<div class=\"_tableContainer_1rjym_1\">\n<div class=\"_tableWrapper_1rjym_13 group flex w-fit flex-col-reverse\">\n<table>\n<thead>\n<tr>\n<th><strong>Napon<\/strong><\/th>\n<th><strong>Snaga (kW)<\/strong><\/th>\n<th><strong>Ukupna struja (A)<\/strong><\/th>\n<th><strong>Osigura\u010d (A)<\/strong><\/th>\n<\/tr>\n<\/thead>\n<tbody>\n<tr>\n<td>220\u2013240 V \/ 50 Hz \/ 1 faza<\/td>\n<td>2.3<\/td>\n<td>12<\/td>\n<td>16<\/td>\n<\/tr>\n<tr>\n<td>208\u2013230 V \/ 60 Hz \/ 1 faza<\/td>\n<td>2.3<\/td>\n<td>12<\/td>\n<td>15<\/td>\n<\/tr>\n<\/tbody>\n<\/table>\n<\/div>\n<\/div>\n<\/div>\n<\/div>","protected":false},"excerpt":{"rendered":"<p>The Spaceman 6455-C is a compact, versatile two-flavor countertop frozen beverage freezer, ideal for bars, restaurants, schools, hospitals, and kiosks. It delivers frozen drinks, smoothies, and alcoholic or non-alcoholic beverages with consistent quality and efficiency. The 6455-C features see-through dispensing doors, fast freeze technology, and hopper agitators to maintain product consistency. Its intuitive mechanical controls [&hellip;]<\/p>\n","protected":false},"featured_media":7449,"comment_status":"open","ping_status":"closed","template":"","meta":[],"product_brand":[],"product_cat":[66,67,55],"product_tag":[],"class_list":{"0":"post-7448","1":"product","2":"type-product","3":"status-publish","4":"has-post-thumbnail","6":"product_cat-milkshake-maschines","7":"product_cat-professional-frozen-drink-maschines","8":"product_cat-frozen-drinks-machines","10":"first","11":"instock","12":"shipping-taxable","13":"product-type-simple"},"_links":{"self":[{"href":"https:\/\/dersuessestopp.com\/hr\/wp-json\/wp\/v2\/product\/7448","targetHints":{"allow":["GET"]}}],"collection":[{"href":"https:\/\/dersuessestopp.com\/hr\/wp-json\/wp\/v2\/product"}],"about":[{"href":"https:\/\/dersuessestopp.com\/hr\/wp-json\/wp\/v2\/types\/product"}],"replies":[{"embeddable":true,"href":"https:\/\/dersuessestopp.com\/hr\/wp-json\/wp\/v2\/comments?post=7448"}],"version-history":[{"count":3,"href":"https:\/\/dersuessestopp.com\/hr\/wp-json\/wp\/v2\/product\/7448\/revisions"}],"predecessor-version":[{"id":7453,"href":"https:\/\/dersuessestopp.com\/hr\/wp-json\/wp\/v2\/product\/7448\/revisions\/7453"}],"wp:featuredmedia":[{"embeddable":true,"href":"https:\/\/dersuessestopp.com\/hr\/wp-json\/wp\/v2\/media\/7449"}],"wp:attachment":[{"href":"https:\/\/dersuessestopp.com\/hr\/wp-json\/wp\/v2\/media?parent=7448"}],"wp:term":[{"taxonomy":"product_brand","embeddable":true,"href":"https:\/\/dersuessestopp.com\/hr\/wp-json\/wp\/v2\/product_brand?post=7448"},{"taxonomy":"product_cat","embeddable":true,"href":"https:\/\/dersuessestopp.com\/hr\/wp-json\/wp\/v2\/product_cat?post=7448"},{"taxonomy":"product_tag","embeddable":true,"href":"https:\/\/dersuessestopp.com\/hr\/wp-json\/wp\/v2\/product_tag?post=7448"}],"curies":[{"name":"wp","href":"https:\/\/api.w.org\/{rel}","templated":true}]}}