{"id":7444,"date":"2025-09-01T08:05:00","date_gmt":"2025-09-01T08:05:00","guid":{"rendered":"https:\/\/dersuessestopp.com\/?post_type=product&#038;p=7444"},"modified":"2025-09-24T21:58:39","modified_gmt":"2025-09-24T21:58:39","slug":"6690c","status":"publish","type":"product","link":"https:\/\/dersuessestopp.com\/hr\/product\/6690-c\/","title":{"rendered":"6690-C"},"content":{"rendered":"<p data-start=\"172\" data-end=\"397\">The <strong data-start=\"176\" data-end=\"195\">Svemirac 6690-C<\/strong> je <strong data-start=\"201\" data-end=\"268\">Zamrziva\u010d za smrznuta pi\u0107a velikog kapaciteta, s jednim okusom, za kuhinjsku plo\u010du<\/strong>, idealno za kafi\u0107e, restorane i prostore za doga\u0111anja koji \u017eele poslu\u017eiti velike gu\u017eve smrznutim napitcima, smoothiejima i milkshakeovima.<\/p>\n<p data-start=\"399\" data-end=\"736\">Ovaj model ima <strong data-start=\"421\" data-end=\"452\">prozirna vrata za doziranje<\/strong> za vidljivost proizvoda, a <strong data-start=\"479\" data-end=\"501\">sustav za brzo zamrzavanje<\/strong> za brzu pripremu i <strong data-start=\"529\" data-end=\"549\">mije\u0161alice lijevka<\/strong> kako bi se odr\u017eala konzistentnost proizvoda. Uklju\u010duje intuitivne kontrole za jednostavno rukovanje i pode\u0161avanje viskoznosti, plus sigurnosne zna\u010dajke poput toplinskog preoptere\u0107enja i za\u0161tite od visokog tlaka.<\/p>\n<p data-start=\"738\" data-end=\"883\">Dodatni dodaci kao \u0161to su <strong data-start=\"765\" data-end=\"776\">spiner<\/strong> za mije\u0161ana pi\u0107a i <strong data-start=\"802\" data-end=\"815\">svjetlosna kutija<\/strong> za ogla\u0161avanje i upozorenja pove\u0107avaju fleksibilnost i produktivnost.<\/p>\n<h2 data-start=\"890\" data-end=\"907\">Klju\u010dne zna\u010dajke<\/h2>\n<ul data-start=\"909\" data-end=\"1531\">\n<li data-start=\"909\" data-end=\"982\">\n<p data-start=\"911\" data-end=\"982\"><strong data-start=\"911\" data-end=\"942\">Prozirna vrata za doziranje<\/strong> pove\u0107ava privla\u010dnost proizvoda i marketing<\/p>\n<\/li>\n<li data-start=\"983\" data-end=\"1052\">\n<p data-start=\"985\" data-end=\"1052\"><strong data-start=\"985\" data-end=\"1005\">Brzo zamrzavanje<\/strong> s patentiranim visokou\u010dinkovitim izmjenjiva\u010dem topline<\/p>\n<\/li>\n<li data-start=\"1053\" data-end=\"1123\">\n<p data-start=\"1055\" data-end=\"1123\"><strong data-start=\"1055\" data-end=\"1093\">Rashladni spremnik s mije\u0161alicama<\/strong> sprje\u010dava odvajanje proizvoda<\/p>\n<\/li>\n<li data-start=\"1124\" data-end=\"1187\">\n<p data-start=\"1126\" data-end=\"1187\"><strong data-start=\"1126\" data-end=\"1153\">Indikatorska lampica za nisku razinu mje\u0161avine<\/strong> obavje\u0161tava operatera kada je mje\u0161avina niska<\/p>\n<\/li>\n<li data-start=\"1188\" data-end=\"1248\">\n<p data-start=\"1190\" data-end=\"1248\"><strong data-start=\"1190\" data-end=\"1206\">Na\u010din pripravnosti<\/strong> odr\u017eava temperaturu proizvoda preko no\u0107i<\/p>\n<\/li>\n<li data-start=\"1249\" data-end=\"1304\">\n<p data-start=\"1251\" data-end=\"1304\"><strong data-start=\"1251\" data-end=\"1284\">Samozatvaraju\u0107i ventil za doziranje<\/strong> sprje\u010dava prelijevanje<\/p>\n<\/li>\n<li data-start=\"1305\" data-end=\"1382\">\n<p data-start=\"1307\" data-end=\"1382\"><strong data-start=\"1307\" data-end=\"1338\">Ugra\u0111ene sigurnosne za\u0161tite<\/strong> (visokotla\u010dni prekida\u010d i termi\u010dko preoptere\u0107enje)<\/p>\n<\/li>\n<li data-start=\"1383\" data-end=\"1449\">\n<p data-start=\"1385\" data-end=\"1449\"><strong data-start=\"1385\" data-end=\"1405\">Dodatni spinner<\/strong> za mije\u0161anje milkshakeova i smrznutih napitaka<\/p>\n<\/li>\n<li data-start=\"1450\" data-end=\"1531\">\n<p data-start=\"1452\" data-end=\"1531\"><strong data-start=\"1452\" data-end=\"1474\">Opcionalna svjetlosna kutija<\/strong> osvjetljava kartice okusa i ozna\u010dava nisku razinu mije\u0161anja\/stanja pripravnosti<\/p>\n<\/li>\n<\/ul>\n<h2 data-start=\"1538\" data-end=\"1557\">Tehni\u010dki podaci<\/h2>\n<table>\n<thead>\n<tr>\n<th><strong>Model<\/strong><\/th>\n<th>Svemirac 6690-C<\/th>\n<\/tr>\n<\/thead>\n<tbody>\n<tr>\n<td><strong>Okusi<\/strong><\/td>\n<td>1 (Jedan okus)<\/td>\n<\/tr>\n<tr>\n<td><strong>Cilindar za zamrzavanje<\/strong><\/td>\n<td>1 \u00d7 6,9 l (7,3 qt)<\/td>\n<\/tr>\n<tr>\n<td><strong>Lijevak za mije\u0161anje<\/strong><\/td>\n<td>1 \u00d7 20 L (21,2 qt)<\/td>\n<\/tr>\n<tr>\n<td><strong>Izlazni kapacitet<\/strong><\/td>\n<td>~240 porcija\/sat (250 ml svaka)<\/td>\n<\/tr>\n<tr>\n<td><strong>Upravlja\u010dki sustav<\/strong><\/td>\n<td>Mehani\u010dki<\/td>\n<\/tr>\n<tr>\n<td><strong>Dozirni ventil<\/strong><\/td>\n<td>Samozatvaranje<\/td>\n<\/tr>\n<tr>\n<td><strong>Mije\u0161alica s lijevkom<\/strong><\/td>\n<td>Da<\/td>\n<\/tr>\n<tr>\n<td><strong>Funkcija pripravnosti<\/strong><\/td>\n<td>Da (odr\u017eava smjesu ispod 4,4 \u00b0C \/ 40 \u00b0F)<\/td>\n<\/tr>\n<tr>\n<td><strong>Sigurnosne zna\u010dajke<\/strong><\/td>\n<td>Visokotla\u010dni prekida\u010d, za\u0161tita od termi\u010dkog preoptere\u0107enja<\/td>\n<\/tr>\n<\/tbody>\n<\/table>\n<h2 data-start=\"2054\" data-end=\"2069\">Elektri\u010dni<\/h2>\n<div class=\"_tableContainer_1rjym_1\">\n<div class=\"_tableWrapper_1rjym_13 group flex w-fit flex-col-reverse\">\n<table>\n<thead>\n<tr>\n<th><strong>Napon<\/strong><\/th>\n<th><strong>Snaga (kW)<\/strong><\/th>\n<th><strong>Ukupna struja (A)<\/strong><\/th>\n<th><strong>Osigura\u010d (A)<\/strong><\/th>\n<\/tr>\n<\/thead>\n<tbody>\n<tr>\n<td>220\u2013240 V \/ 50 Hz \/ 1 faza<\/td>\n<td>2.4<\/td>\n<td>12<\/td>\n<td>20<\/td>\n<\/tr>\n<tr>\n<td>208\u2013230 V \/ 60 Hz \/ 1 faza<\/td>\n<td>2.6<\/td>\n<td>13<\/td>\n<td>20<\/td>\n<\/tr>\n<\/tbody>\n<\/table>\n<h2 data-start=\"2300\" data-end=\"2324\">Dimenzije i te\u017eina<\/h2>\n<div class=\"_tableContainer_1rjym_1\">\n<div class=\"_tableWrapper_1rjym_13 group flex w-fit flex-col-reverse\">\n<table>\n<thead>\n<tr>\n<th><strong>Mjerenje<\/strong><\/th>\n<th><strong>Neto (mm \/ in)<\/strong><\/th>\n<th><strong>Dostava (mm \/ in)<\/strong><\/th>\n<\/tr>\n<\/thead>\n<tbody>\n<tr>\n<td>\u0160irina<\/td>\n<td>454 mm \/ 17,9 in\u010da<\/td>\n<td>520 mm \/ 20,5 in\u010da<\/td>\n<\/tr>\n<tr>\n<td>Dubina<\/td>\n<td>657 mm \/ 25,9 in\u010da<\/td>\n<td>860 mm \/ 33,9 in\u010da<\/td>\n<\/tr>\n<tr>\n<td>Visina<\/td>\n<td>862 mm \/ 33,9 in\u010da<\/td>\n<td>980 mm \/ 38,6 in\u010da<\/td>\n<\/tr>\n<\/tbody>\n<\/table>\n<\/div>\n<\/div>\n<\/div>\n<\/div>","protected":false},"excerpt":{"rendered":"<p>The Spaceman 6690-C is a high-capacity, single-flavor countertop frozen beverage freezer, perfect for caf\u00e9s, restaurants, and event spaces looking to serve large crowds with frozen drinks, smoothies, and milkshakes. This model features a see-through dispensing door for product visibility, a fast freeze system for quick preparation, and hopper agitators to maintain product consistency. It includes [&hellip;]<\/p>\n","protected":false},"featured_media":7445,"comment_status":"open","ping_status":"closed","template":"","meta":[],"product_brand":[],"product_cat":[66,67,55],"product_tag":[],"class_list":{"0":"post-7444","1":"product","2":"type-product","3":"status-publish","4":"has-post-thumbnail","6":"product_cat-milkshake-maschines","7":"product_cat-professional-frozen-drink-maschines","8":"product_cat-frozen-drinks-machines","10":"first","11":"instock","12":"shipping-taxable","13":"product-type-simple"},"_links":{"self":[{"href":"https:\/\/dersuessestopp.com\/hr\/wp-json\/wp\/v2\/product\/7444","targetHints":{"allow":["GET"]}}],"collection":[{"href":"https:\/\/dersuessestopp.com\/hr\/wp-json\/wp\/v2\/product"}],"about":[{"href":"https:\/\/dersuessestopp.com\/hr\/wp-json\/wp\/v2\/types\/product"}],"replies":[{"embeddable":true,"href":"https:\/\/dersuessestopp.com\/hr\/wp-json\/wp\/v2\/comments?post=7444"}],"version-history":[{"count":3,"href":"https:\/\/dersuessestopp.com\/hr\/wp-json\/wp\/v2\/product\/7444\/revisions"}],"predecessor-version":[{"id":7454,"href":"https:\/\/dersuessestopp.com\/hr\/wp-json\/wp\/v2\/product\/7444\/revisions\/7454"}],"wp:featuredmedia":[{"embeddable":true,"href":"https:\/\/dersuessestopp.com\/hr\/wp-json\/wp\/v2\/media\/7445"}],"wp:attachment":[{"href":"https:\/\/dersuessestopp.com\/hr\/wp-json\/wp\/v2\/media?parent=7444"}],"wp:term":[{"taxonomy":"product_brand","embeddable":true,"href":"https:\/\/dersuessestopp.com\/hr\/wp-json\/wp\/v2\/product_brand?post=7444"},{"taxonomy":"product_cat","embeddable":true,"href":"https:\/\/dersuessestopp.com\/hr\/wp-json\/wp\/v2\/product_cat?post=7444"},{"taxonomy":"product_tag","embeddable":true,"href":"https:\/\/dersuessestopp.com\/hr\/wp-json\/wp\/v2\/product_tag?post=7444"}],"curies":[{"name":"wp","href":"https:\/\/api.w.org\/{rel}","templated":true}]}}