{"id":7439,"date":"2025-09-01T08:02:54","date_gmt":"2025-09-01T08:02:54","guid":{"rendered":"https:\/\/dersuessestopp.com\/?post_type=product&#038;p=7439"},"modified":"2025-09-24T21:59:02","modified_gmt":"2025-09-24T21:59:02","slug":"6450c","status":"publish","type":"product","link":"https:\/\/dersuessestopp.com\/hr\/product\/6450-c\/","title":{"rendered":"6450-C"},"content":{"rendered":"<p data-start=\"172\" data-end=\"425\">The <strong data-start=\"176\" data-end=\"195\">Svemirac 6450-C<\/strong> je kompaktan i svestran kuhinjski zamrziva\u010d za napitke s jednim okusom, idealan za kafi\u0107e, barove, restorane i prostore za doga\u0111anja koji \u017eele poslu\u017eivati smrznute napitke, smoothieje, milkshakeove te alkoholna i bezalkoholna pi\u0107a.<\/p>\n<p data-start=\"427\" data-end=\"862\">Ovaj model ima prozirna vrata za doziranje koja pobolj\u0161avaju vidljivost proizvoda i slu\u017ee kao sna\u017ean marketin\u0161ki alat. S patentiranom tehnologijom brzog zamrzavanja smanjuje vrijeme zamrzavanja uz nisku potro\u0161nju energije. Hla\u0111eni spremnik i mije\u0161alice odr\u017eavaju konzistentnost proizvoda, dok intuitivna upravlja\u010dka plo\u010da pojednostavljuje rukovanje. Sigurnosne zna\u010dajke poput za\u0161tite kompresora i motora osiguravaju trajnost i pouzdanost.<\/p>\n<p data-start=\"864\" data-end=\"1003\">Dodatni dodaci kao \u0161to su <strong data-start=\"891\" data-end=\"902\">spiner<\/strong> za mije\u0161ane poslastice i <strong data-start=\"928\" data-end=\"941\">svjetlosna kutija<\/strong> za ogla\u0161avanje pru\u017eaju fleksibilnost kako bi zadovoljili poslovne potrebe.<\/p>\n<h2 data-start=\"1010\" data-end=\"1027\">Klju\u010dne zna\u010dajke<\/h2>\n<ul data-start=\"1029\" data-end=\"1626\">\n<li data-start=\"1029\" data-end=\"1101\">\n<p data-start=\"1031\" data-end=\"1101\"><strong data-start=\"1031\" data-end=\"1062\">Prozirna vrata za doziranje<\/strong> za vidljivost proizvoda i marketing<\/p>\n<\/li>\n<li data-start=\"1102\" data-end=\"1171\">\n<p data-start=\"1104\" data-end=\"1171\"><strong data-start=\"1104\" data-end=\"1124\">Brzo zamrzavanje<\/strong> s patentiranim visokou\u010dinkovitim izmjenjiva\u010dem topline<\/p>\n<\/li>\n<li data-start=\"1172\" data-end=\"1244\">\n<p data-start=\"1174\" data-end=\"1244\"><strong data-start=\"1174\" data-end=\"1212\">Rashladni spremnik s mije\u0161alicama<\/strong> kako bi se sprije\u010dilo odvajanje proizvoda<\/p>\n<\/li>\n<li data-start=\"1245\" data-end=\"1294\">\n<p data-start=\"1247\" data-end=\"1294\"><strong data-start=\"1247\" data-end=\"1274\">Indikatorska lampica za nisku razinu mje\u0161avine<\/strong> upozoriti operatera<\/p>\n<\/li>\n<li data-start=\"1295\" data-end=\"1363\">\n<p data-start=\"1297\" data-end=\"1363\"><strong data-start=\"1297\" data-end=\"1313\">Na\u010din pripravnosti<\/strong> odr\u017eava proizvod sigurnim preko no\u0107i ispod 4,4\u00b0C (40\u00b0F)<\/p>\n<\/li>\n<li data-start=\"1364\" data-end=\"1419\">\n<p data-start=\"1366\" data-end=\"1419\"><strong data-start=\"1366\" data-end=\"1399\">Samozatvaraju\u0107i ventil za doziranje<\/strong> kako bi se izbjeglo prelijevanje<\/p>\n<\/li>\n<li data-start=\"1420\" data-end=\"1497\">\n<p data-start=\"1422\" data-end=\"1497\"><strong data-start=\"1422\" data-end=\"1453\">Ugra\u0111ene sigurnosne za\u0161tite<\/strong> (visokotla\u010dni prekida\u010d i termi\u010dko preoptere\u0107enje)<\/p>\n<\/li>\n<li data-start=\"1498\" data-end=\"1564\">\n<p data-start=\"1500\" data-end=\"1564\"><strong data-start=\"1500\" data-end=\"1520\">Dodatni spinner<\/strong> za mije\u0161anje milkshakeova i smrznutih napitaka<\/p>\n<\/li>\n<li data-start=\"1565\" data-end=\"1626\">\n<p data-start=\"1567\" data-end=\"1626\"><strong data-start=\"1567\" data-end=\"1589\">Opcionalna svjetlosna kutija<\/strong> s osvijetljenim reklamnim karticama<\/p>\n<\/li>\n<\/ul>\n<h2 data-start=\"1633\" data-end=\"1652\">Tehni\u010dki podaci<\/h2>\n<div class=\"_tableContainer_1rjym_1\">\n<div class=\"_tableWrapper_1rjym_13 group flex w-fit flex-col-reverse\">\n<table>\n<thead>\n<tr>\n<th><strong>Model<\/strong><\/th>\n<th>Svemirac 6450-C<\/th>\n<\/tr>\n<\/thead>\n<tbody>\n<tr>\n<td><strong>Okusi<\/strong><\/td>\n<td>1 (Jedan okus)<\/td>\n<\/tr>\n<tr>\n<td><strong>Cilindar za zamrzavanje<\/strong><\/td>\n<td>1 \u00d7 3,8 L (4,0 qt)<\/td>\n<\/tr>\n<tr>\n<td><strong>Lijevak za mije\u0161anje<\/strong><\/td>\n<td>1 \u00d7 12 L (12,7 qt)<\/td>\n<\/tr>\n<tr>\n<td><strong>Izlazni kapacitet<\/strong><\/td>\n<td>~80 porcija\/sat (250 ml svaka)<\/td>\n<\/tr>\n<tr>\n<td><strong>Upravlja\u010dki sustav<\/strong><\/td>\n<td>Mehani\u010dki<\/td>\n<\/tr>\n<tr>\n<td><strong>Dozirni ventil<\/strong><\/td>\n<td>Samozatvaranje<\/td>\n<\/tr>\n<tr>\n<td><strong>Mije\u0161alica s lijevkom<\/strong><\/td>\n<td>Da<\/td>\n<\/tr>\n<tr>\n<td><strong>Funkcija pripravnosti<\/strong><\/td>\n<td>Da (odr\u017eava smjesu ispod 4,4 \u00b0C \/ 40 \u00b0F)<\/td>\n<\/tr>\n<tr>\n<td><strong>Sigurnosne zna\u010dajke<\/strong><\/td>\n<td>Visokotla\u010dni prekida\u010d, za\u0161tita od termi\u010dkog preoptere\u0107enja<\/td>\n<\/tr>\n<\/tbody>\n<\/table>\n<h2 data-start=\"2148\" data-end=\"2163\">Elektri\u010dni<\/h2>\n<div class=\"_tableContainer_1rjym_1\">\n<div class=\"_tableWrapper_1rjym_13 group flex w-fit flex-col-reverse\">\n<table>\n<thead>\n<tr>\n<th><strong>Napon<\/strong><\/th>\n<th><strong>Snaga (kW)<\/strong><\/th>\n<th><strong>Ukupna struja (A)<\/strong><\/th>\n<th><strong>Osigura\u010d (A)<\/strong><\/th>\n<\/tr>\n<\/thead>\n<tbody>\n<tr>\n<td>220\u2013240 V \/ 50 Hz \/ 1 faza<\/td>\n<td>1.6<\/td>\n<td>7<\/td>\n<td>13<\/td>\n<\/tr>\n<tr>\n<td>208\u2013230 V \/ 60 Hz \/ 1 faza<\/td>\n<td>1.6<\/td>\n<td>8<\/td>\n<td>15<\/td>\n<\/tr>\n<tr>\n<td>110\u2013120 V \/ 60 Hz \/ 1 faza<\/td>\n<td>1.4<\/td>\n<td>14<\/td>\n<td>20<\/td>\n<\/tr>\n<\/tbody>\n<\/table>\n<h2 data-start=\"2434\" data-end=\"2458\">Dimenzije i te\u017eina<\/h2>\n<div class=\"_tableContainer_1rjym_1\">\n<div class=\"_tableWrapper_1rjym_13 group flex w-fit flex-col-reverse\">\n<table>\n<thead>\n<tr>\n<th><strong>Mjerenje<\/strong><\/th>\n<th><strong>Neto (mm \/ in)<\/strong><\/th>\n<th><strong>Dostava (mm \/ in)<\/strong><\/th>\n<\/tr>\n<\/thead>\n<tbody>\n<tr>\n<td>\u0160irina<\/td>\n<td>384 mm \/ 15,1 in\u010da<\/td>\n<td>420 mm \/ 16,5 in\u010da<\/td>\n<\/tr>\n<tr>\n<td>Dubina<\/td>\n<td>645 mm \/ 25,4 in\u010da<\/td>\n<td>790 mm \/ 31,1 in\u010da<\/td>\n<\/tr>\n<tr>\n<td>Visina<\/td>\n<td>760 mm \/ 29,9 in\u010da<\/td>\n<td>890 mm \/ 35,0 in\u010da<\/td>\n<\/tr>\n<\/tbody>\n<\/table>\n<\/div>\n<\/div>\n<\/div>\n<\/div>\n<\/div>\n<\/div>","protected":false},"excerpt":{"rendered":"<p>The Spaceman 6450-C is a compact and versatile single-flavor countertop beverage freezer, ideal for caf\u00e9s, bars, restaurants, and event spaces that want to serve frozen beverages, smoothies, milkshakes, and both alcoholic and non-alcoholic drinks. This model features a clear dispensing door that enhances product visibility and serves as a strong marketing tool. With patented fast [&hellip;]<\/p>\n","protected":false},"featured_media":7440,"comment_status":"open","ping_status":"closed","template":"","meta":[],"product_brand":[],"product_cat":[66,67,55],"product_tag":[],"class_list":{"0":"post-7439","1":"product","2":"type-product","3":"status-publish","4":"has-post-thumbnail","6":"product_cat-milkshake-maschines","7":"product_cat-professional-frozen-drink-maschines","8":"product_cat-frozen-drinks-machines","10":"first","11":"instock","12":"shipping-taxable","13":"product-type-simple"},"_links":{"self":[{"href":"https:\/\/dersuessestopp.com\/hr\/wp-json\/wp\/v2\/product\/7439","targetHints":{"allow":["GET"]}}],"collection":[{"href":"https:\/\/dersuessestopp.com\/hr\/wp-json\/wp\/v2\/product"}],"about":[{"href":"https:\/\/dersuessestopp.com\/hr\/wp-json\/wp\/v2\/types\/product"}],"replies":[{"embeddable":true,"href":"https:\/\/dersuessestopp.com\/hr\/wp-json\/wp\/v2\/comments?post=7439"}],"version-history":[{"count":4,"href":"https:\/\/dersuessestopp.com\/hr\/wp-json\/wp\/v2\/product\/7439\/revisions"}],"predecessor-version":[{"id":7455,"href":"https:\/\/dersuessestopp.com\/hr\/wp-json\/wp\/v2\/product\/7439\/revisions\/7455"}],"wp:featuredmedia":[{"embeddable":true,"href":"https:\/\/dersuessestopp.com\/hr\/wp-json\/wp\/v2\/media\/7440"}],"wp:attachment":[{"href":"https:\/\/dersuessestopp.com\/hr\/wp-json\/wp\/v2\/media?parent=7439"}],"wp:term":[{"taxonomy":"product_brand","embeddable":true,"href":"https:\/\/dersuessestopp.com\/hr\/wp-json\/wp\/v2\/product_brand?post=7439"},{"taxonomy":"product_cat","embeddable":true,"href":"https:\/\/dersuessestopp.com\/hr\/wp-json\/wp\/v2\/product_cat?post=7439"},{"taxonomy":"product_tag","embeddable":true,"href":"https:\/\/dersuessestopp.com\/hr\/wp-json\/wp\/v2\/product_tag?post=7439"}],"curies":[{"name":"wp","href":"https:\/\/api.w.org\/{rel}","templated":true}]}}