{"id":7428,"date":"2025-09-01T07:37:21","date_gmt":"2025-09-01T07:37:21","guid":{"rendered":"https:\/\/dersuessestopp.com\/?post_type=product&#038;p=7428"},"modified":"2025-09-01T07:37:21","modified_gmt":"2025-09-01T07:37:21","slug":"flow-a3-stol","status":"publish","type":"product","link":"https:\/\/dersuessestopp.com\/hr\/product\/flow-a3-desk\/","title":{"rendered":"Flow A3 radni stol"},"content":{"rendered":"<p data-start=\"202\" data-end=\"522\">The <strong data-start=\"206\" data-end=\"222\">FLOW A3 radni stol<\/strong> je profesionalni stroj za termoformiranje dizajniran za obradu <strong data-start=\"283\" data-end=\"310\">Plasti\u010dni listovi veli\u010dine A3<\/strong> s debljinama u rasponu od <strong data-start=\"341\" data-end=\"356\">0,5 do 4 mm<\/strong>. To je savr\u0161eno rje\u0161enje za slasti\u010dare, \u010dokolatijere i kreativne profesionalce koji \u017eele i\u0107i dalje od standardnih kalupa i proizvoditi <strong data-start=\"493\" data-end=\"519\">prilago\u0111eni, jedinstveni dizajni<\/strong>.<\/p>\n<p data-start=\"524\" data-end=\"810\">S FLOW A3 stolom mo\u017eete stvarati <strong data-start=\"562\" data-end=\"646\">personalizirane \u010dokoladice, prilago\u0111eni kalupi s logotipima ili imenima i tematski oblici<\/strong> kao \u0161to su alati, igra\u010dke ili modeli. Bilo koji predmet s ravnom povr\u0161inom pogodnom za termooblikovanje mo\u017ee se pretvoriti u kalup, \u0161to otvara neograni\u010dene kreativne mogu\u0107nosti.<\/p>\n<h3 data-start=\"812\" data-end=\"834\">Zna\u010dajke proizvoda<\/h3>\n<ul data-start=\"835\" data-end=\"1195\">\n<li data-start=\"835\" data-end=\"892\">\n<p data-start=\"837\" data-end=\"892\"><strong data-start=\"837\" data-end=\"861\">Ugra\u0111ena vakuumska pumpa<\/strong> za savr\u0161eno prianjanje plo\u010de.<\/p>\n<\/li>\n<li data-start=\"893\" data-end=\"976\">\n<p data-start=\"895\" data-end=\"976\"><strong data-start=\"895\" data-end=\"933\">Trenutno zagrijavanje halogenim \u017earuljama<\/strong> (1.600 W) za brz i u\u010dinkovit rad.<\/p>\n<\/li>\n<li data-start=\"977\" data-end=\"1050\">\n<p data-start=\"979\" data-end=\"1050\">Idealno za <strong data-start=\"989\" data-end=\"1047\">izrada prototipova i profesionalnih kalupa za slasti\u010darstvo<\/strong>.<\/p>\n<\/li>\n<li data-start=\"1051\" data-end=\"1112\">\n<p data-start=\"1053\" data-end=\"1112\">\u0160iroko kori\u0161ten u <strong data-start=\"1072\" data-end=\"1109\">prehrambeni, medicinski i stomatolo\u0161ki sektor<\/strong>.<\/p>\n<\/li>\n<li data-start=\"1113\" data-end=\"1195\">\n<p data-start=\"1115\" data-end=\"1195\"><strong data-start=\"1115\" data-end=\"1135\">Funkcija obrnutog hoda<\/strong> kako bi se termoformirani proizvod lako izvadio iz kalupa.<\/p>\n<\/li>\n<\/ul>\n<h3 data-start=\"1197\" data-end=\"1227\">Tehni\u010dke specifikacije<\/h3>\n<table>\n<thead>\n<tr>\n<th><strong>Kategorija<\/strong><\/th>\n<th><strong>Detalji<\/strong><\/th>\n<\/tr>\n<\/thead>\n<tbody>\n<tr>\n<td><strong>Dimenzije i te\u017eina<\/strong><\/td>\n<td>Duljina: 45 cm \u0160irina: 30 cm Te\u017eina: 21 kg Materijal ku\u0107i\u0161ta: Plastika Korisna povr\u0161ina za ispis: 41 \u00d7 26 cm<\/td>\n<\/tr>\n<tr>\n<td><strong>Potro\u0161nja<\/strong><\/td>\n<td>1.780 kW (trofazni) 230 V \u2013 50\/60 Hz<\/td>\n<\/tr>\n<tr>\n<td><strong>Razina buke<\/strong><\/td>\n<td>69 dBA maks.<\/td>\n<\/tr>\n<tr>\n<td><strong>Snaga motora<\/strong><\/td>\n<td>180 W pri 220 V \u2013 0,7 Ah<\/td>\n<\/tr>\n<tr>\n<td><strong>Protok pumpe<\/strong><\/td>\n<td>4 m\u00b3\/h<\/td>\n<\/tr>\n<tr>\n<td><strong>Zavr\u0161ni vakuum<\/strong><\/td>\n<td>150 mbara<\/td>\n<\/tr>\n<tr>\n<td><strong>Sustav grijanja<\/strong><\/td>\n<td>Halogene \u017earulje (4 \u00d7 400 W) Trenuta\u010dno zagrijavanje \u2013 1600 W<\/td>\n<\/tr>\n<tr>\n<td><strong>Podr\u017eana debljina lima (PETG prehrambene kvalitete)<\/strong><\/td>\n<td>0,50 mm 0,75 mm 1 mm 2 mm 3 mm<\/td>\n<\/tr>\n<tr>\n<td><strong>Obrnuta funkcija<\/strong><\/td>\n<td>Da \u2013 za jednostavno va\u0111enje proizvoda<\/td>\n<\/tr>\n<\/tbody>\n<\/table>","protected":false},"excerpt":{"rendered":"<p>The FLOW A3 Desk is a professional thermoforming machine designed to process A3-sized plastic sheets with thicknesses ranging from 0.5 to 4 mm. It is the perfect solution for pastry chefs, chocolatiers, and creative professionals who want to go beyond standard molds and produce custom, unique designs. With the FLOW A3 Desk, you can create [&hellip;]<\/p>\n","protected":false},"featured_media":7429,"comment_status":"open","ping_status":"closed","template":"","meta":[],"product_brand":[],"product_cat":[54],"product_tag":[],"class_list":{"0":"post-7428","1":"product","2":"type-product","3":"status-publish","4":"has-post-thumbnail","6":"product_cat-other-machines","8":"first","9":"instock","10":"shipping-taxable","11":"product-type-simple"},"_links":{"self":[{"href":"https:\/\/dersuessestopp.com\/hr\/wp-json\/wp\/v2\/product\/7428","targetHints":{"allow":["GET"]}}],"collection":[{"href":"https:\/\/dersuessestopp.com\/hr\/wp-json\/wp\/v2\/product"}],"about":[{"href":"https:\/\/dersuessestopp.com\/hr\/wp-json\/wp\/v2\/types\/product"}],"replies":[{"embeddable":true,"href":"https:\/\/dersuessestopp.com\/hr\/wp-json\/wp\/v2\/comments?post=7428"}],"version-history":[{"count":2,"href":"https:\/\/dersuessestopp.com\/hr\/wp-json\/wp\/v2\/product\/7428\/revisions"}],"predecessor-version":[{"id":7438,"href":"https:\/\/dersuessestopp.com\/hr\/wp-json\/wp\/v2\/product\/7428\/revisions\/7438"}],"wp:featuredmedia":[{"embeddable":true,"href":"https:\/\/dersuessestopp.com\/hr\/wp-json\/wp\/v2\/media\/7429"}],"wp:attachment":[{"href":"https:\/\/dersuessestopp.com\/hr\/wp-json\/wp\/v2\/media?parent=7428"}],"wp:term":[{"taxonomy":"product_brand","embeddable":true,"href":"https:\/\/dersuessestopp.com\/hr\/wp-json\/wp\/v2\/product_brand?post=7428"},{"taxonomy":"product_cat","embeddable":true,"href":"https:\/\/dersuessestopp.com\/hr\/wp-json\/wp\/v2\/product_cat?post=7428"},{"taxonomy":"product_tag","embeddable":true,"href":"https:\/\/dersuessestopp.com\/hr\/wp-json\/wp\/v2\/product_tag?post=7428"}],"curies":[{"name":"wp","href":"https:\/\/api.w.org\/{rel}","templated":true}]}}