{"id":7414,"date":"2025-09-01T07:32:20","date_gmt":"2025-09-01T07:32:20","guid":{"rendered":"https:\/\/dersuessestopp.com\/?post_type=product&#038;p=7414"},"modified":"2025-09-24T22:16:14","modified_gmt":"2025-09-24T22:16:14","slug":"minijel","status":"publish","type":"product","link":"https:\/\/dersuessestopp.com\/hr\/product\/minijel\/","title":{"rendered":"Minijel"},"content":{"rendered":"<p data-start=\"285\" data-end=\"611\">The <strong data-start=\"289\" data-end=\"300\">Minijel<\/strong> je profesionalno rje\u0161enje osmi\u0161ljeno za slasti\u010darnice, pekare i prera\u0111iva\u010de hrane kojima je potrebno pojednostaviti proces premazivanja \u017eelatinom. \u017delatina, koja se \u0161iroko koristi u prehrambenoj industriji, slu\u017ei kao prirodni konzervans stvaranjem za\u0161titnog sloja koji \u0161titi proizvode od oksidacije i produ\u017euje im rok trajanja.<\/p>\n<p data-start=\"613\" data-end=\"1029\">U slasti\u010darstvu, Minijel je savr\u0161en za premazivanje vo\u0107nih torti, kola\u010da i peciva, daju\u0107i im <strong data-start=\"716\" data-end=\"743\">briljantan sjajni zavr\u0161etak<\/strong> \u0161to pobolj\u0161ava i izgled i svje\u017einu. Stroj zagrijava \u017eelatinu izravno iz vanjskog spremnika - uklanjaju\u0107i ograni\u010denja kapaciteta - a zatim odr\u017eava njezinu temperaturu dok prolazi kroz zagrijanu cijev do airbrusha od nehr\u0111aju\u0107eg \u010delika, gdje se fino atomizira za ravnomjerno nano\u0161enje.<\/p>\n<p data-start=\"1031\" data-end=\"1168\">Ovaj inovativni sustav osigurava preciznost, u\u010dinkovitost i profesionalne rezultate, a istovremeno ostaje kompaktan, prakti\u010dan i jednostavan za rukovanje.<\/p>\n<h3 data-start=\"1175\" data-end=\"1197\">Zna\u010dajke proizvoda<\/h3>\n<ul data-start=\"1198\" data-end=\"1568\">\n<li data-start=\"1198\" data-end=\"1270\">\n<p data-start=\"1200\" data-end=\"1270\">Izravno usisavanje iz vanjske posude s \u017eelatinom (bez ograni\u010denja kapaciteta).<\/p>\n<\/li>\n<li data-start=\"1271\" data-end=\"1328\">\n<p data-start=\"1273\" data-end=\"1328\">Automatski sustav grijanja i odr\u017eavanja temperature.<\/p>\n<\/li>\n<li data-start=\"1329\" data-end=\"1376\">\n<p data-start=\"1331\" data-end=\"1376\">Grijana cijev za doziranje za kontinuirani protok.<\/p>\n<\/li>\n<li data-start=\"1377\" data-end=\"1443\">\n<p data-start=\"1379\" data-end=\"1443\">Profesionalni airbrush od nehr\u0111aju\u0107eg \u010delika za precizno raspr\u0161ivanje.<\/p>\n<\/li>\n<li data-start=\"1444\" data-end=\"1514\">\n<p data-start=\"1446\" data-end=\"1514\">Kompaktna konstrukcija od nehr\u0111aju\u0107eg \u010delika s ru\u010dkama za jednostavno premje\u0161tanje.<\/p>\n<\/li>\n<li data-start=\"1515\" data-end=\"1568\">\n<p data-start=\"1517\" data-end=\"1568\">Dizajniran za u\u010dinkovitost, higijenu i trajnost.<\/p>\n<\/li>\n<\/ul>\n<h3 data-start=\"1575\" data-end=\"1605\">Tehni\u010dke specifikacije<\/h3>\n<div class=\"_tableContainer_1rjym_1\">\n<div class=\"_tableWrapper_1rjym_13 group flex w-fit flex-col-reverse\">\n<table>\n<thead>\n<tr>\n<th><strong>Kategorija<\/strong><\/th>\n<th><strong>Detalji<\/strong><\/th>\n<\/tr>\n<\/thead>\n<tbody>\n<tr>\n<td><strong>Dimenzije i te\u017eina<\/strong><\/td>\n<td>Duljina: 28 cm \u00b7 \u0160irina: 32 cm \u00b7 Visina: 38 cm \u00b7 Te\u017eina: 32 kg \u00b7 Tijelo od nehr\u0111aju\u0107eg \u010delika s ru\u010dkama<\/td>\n<\/tr>\n<tr>\n<td><strong>Potro\u0161nja<\/strong><\/td>\n<td>2,1 kW \u00b7 230 V \u2013 50\/60 Hz<\/td>\n<\/tr>\n<tr>\n<td><strong>Upravlja\u010dki i elektri\u010dni sustav<\/strong><\/td>\n<td>Plo\u010da s vidljivim kontrolama: \u2013 2 regulatora temperature \u2013 2 regulatora tlaka (maks. 3,5 bara) \u2013 1 manometar \u2013 1 airbrush od nehr\u0111aju\u0107eg \u010delika \u2013 1 termi\u010dka za\u0161titna podloga<\/td>\n<\/tr>\n<tr>\n<td><strong>Sustav za rukovanje proizvodima<\/strong><\/td>\n<td>\u2013 Plasti\u010dna pumpa za prehrambenu industriju \u2013 Integrirani kompresor \u2013 Usisna cijev \u2013 Grijana cijev za doziranje<\/td>\n<\/tr>\n<tr>\n<td><strong>Sustav grijanja<\/strong><\/td>\n<td>\u2013 Unutarnji bojler \u2013 Grijana cijev za to\u010denje \u2013 Podesiva temperatura 0\u00b0\u201390\u00b0<\/td>\n<\/tr>\n<\/tbody>\n<\/table>\n<\/div>\n<\/div>","protected":false},"excerpt":{"rendered":"<h3 data-start=\"1278\" data-end=\"1355\"><strong data-start=\"1282\" data-end=\"1353\">Minijel \u2013 Stroj za prskanje teku\u0107e \u017eelatine na visokim temperaturama<\/strong><\/h3>\n<p data-start=\"1357\" data-end=\"1555\"><em data-start=\"1357\" data-end=\"1553\">Kompaktni stroj za prskanje za ravnomjerno nano\u0161enje vru\u0107e teku\u0107e \u017eelatine ili neutralne glazure na kola\u010de, vo\u0107ne torte i peciva. Osigurava profesionalan, sjajan zavr\u0161etak, a istovremeno \u0161tedi vrijeme i smanjuje otpad.<\/em><\/p>","protected":false},"featured_media":7415,"comment_status":"open","ping_status":"closed","template":"","meta":[],"product_brand":[],"product_cat":[70],"product_tag":[],"class_list":{"0":"post-7414","1":"product","2":"type-product","3":"status-publish","4":"has-post-thumbnail","6":"product_cat-pastry-line","8":"first","9":"instock","10":"shipping-taxable","11":"product-type-simple"},"_links":{"self":[{"href":"https:\/\/dersuessestopp.com\/hr\/wp-json\/wp\/v2\/product\/7414","targetHints":{"allow":["GET"]}}],"collection":[{"href":"https:\/\/dersuessestopp.com\/hr\/wp-json\/wp\/v2\/product"}],"about":[{"href":"https:\/\/dersuessestopp.com\/hr\/wp-json\/wp\/v2\/types\/product"}],"replies":[{"embeddable":true,"href":"https:\/\/dersuessestopp.com\/hr\/wp-json\/wp\/v2\/comments?post=7414"}],"version-history":[{"count":3,"href":"https:\/\/dersuessestopp.com\/hr\/wp-json\/wp\/v2\/product\/7414\/revisions"}],"predecessor-version":[{"id":9298,"href":"https:\/\/dersuessestopp.com\/hr\/wp-json\/wp\/v2\/product\/7414\/revisions\/9298"}],"wp:featuredmedia":[{"embeddable":true,"href":"https:\/\/dersuessestopp.com\/hr\/wp-json\/wp\/v2\/media\/7415"}],"wp:attachment":[{"href":"https:\/\/dersuessestopp.com\/hr\/wp-json\/wp\/v2\/media?parent=7414"}],"wp:term":[{"taxonomy":"product_brand","embeddable":true,"href":"https:\/\/dersuessestopp.com\/hr\/wp-json\/wp\/v2\/product_brand?post=7414"},{"taxonomy":"product_cat","embeddable":true,"href":"https:\/\/dersuessestopp.com\/hr\/wp-json\/wp\/v2\/product_cat?post=7414"},{"taxonomy":"product_tag","embeddable":true,"href":"https:\/\/dersuessestopp.com\/hr\/wp-json\/wp\/v2\/product_tag?post=7414"}],"curies":[{"name":"wp","href":"https:\/\/api.w.org\/{rel}","templated":true}]}}