{"id":7400,"date":"2025-09-01T07:27:31","date_gmt":"2025-09-01T07:27:31","guid":{"rendered":"https:\/\/dersuessestopp.com\/?post_type=product&#038;p=7400"},"modified":"2025-09-24T22:09:09","modified_gmt":"2025-09-24T22:09:09","slug":"aparat-za-tartlete","status":"publish","type":"product","link":"https:\/\/dersuessestopp.com\/hr\/product\/tartlet-machine\/","title":{"rendered":"Stroj za tartlete"},"content":{"rendered":"<p data-start=\"239\" data-end=\"546\">The <strong data-start=\"243\" data-end=\"269\">Bilait aparat za tartlete<\/strong> je osmi\u0161ljen da zna\u010dajno <strong data-start=\"299\" data-end=\"344\">ubrzava pripremu podloga za tartlete<\/strong> napravljeno od slatkog ili slanog prhkog tijesta. <strong data-start=\"394\" data-end=\"420\">izmjenjive plo\u010de<\/strong> omogu\u0107uju prilagodbu veli\u010dine i oblika tartleta, s vi\u0161e modela dostupnih iz kataloga ili izra\u0111enih po mjeri na zahtjev.<\/p>\n<p data-start=\"548\" data-end=\"960\">Ovaj profesionalni stroj za slastice kombinira <strong data-start=\"590\" data-end=\"620\">u\u010dinkovitost s jednostavno\u0161\u0107u<\/strong>. Nakon \u0161to se tijesto stavi izme\u0111u plo\u010da i podese vrijeme pe\u010denja i temperatura, dvije plo\u010de se spajaju kako bi se za nekoliko minuta proizvele savr\u0161eno oblikovane tartlete. Zahvaljuju\u0107i visokoj produktivnosti, <strong data-start=\"817\" data-end=\"878\">Jedan operater mo\u017ee proizvesti do 750 tartleta na sat<\/strong>, \u0161to ga \u010dini idealnim za pekare, slasti\u010darnice i velike ugostiteljske usluge.<\/p>\n<h3 data-start=\"962\" data-end=\"984\">Zna\u010dajke proizvoda<\/h3>\n<ul data-start=\"985\" data-end=\"1468\">\n<li data-start=\"985\" data-end=\"1055\">\n<p data-start=\"987\" data-end=\"1055\"><strong data-start=\"987\" data-end=\"1013\">Izmjenjive plo\u010de<\/strong> za razli\u010dite veli\u010dine i oblike tartleta.<\/p>\n<\/li>\n<li data-start=\"1056\" data-end=\"1124\">\n<p data-start=\"1058\" data-end=\"1124\"><strong data-start=\"1058\" data-end=\"1091\">Brza i u\u010dinkovita proizvodnja<\/strong> \u2013 do 750 tartleta na sat.<\/p>\n<\/li>\n<li data-start=\"1125\" data-end=\"1219\">\n<p data-start=\"1127\" data-end=\"1219\"><strong data-start=\"1127\" data-end=\"1154\">Jednostavno kori\u0161tenje<\/strong> s digitalnim zaslonom za kontrolu temperature i vremena kuhanja.<\/p>\n<\/li>\n<li data-start=\"1220\" data-end=\"1353\">\n<p data-start=\"1222\" data-end=\"1353\">Izgra\u0111eno s <strong data-start=\"1233\" data-end=\"1265\">izdr\u017eljivo tijelo od nehr\u0111aju\u0107eg \u010delika<\/strong> i <strong data-start=\"1270\" data-end=\"1303\">Aluminijske plo\u010de oblo\u017eene teflonom<\/strong> za jednostavno \u010di\u0161\u0107enje i dugotrajne performanse.<\/p>\n<\/li>\n<li data-start=\"1354\" data-end=\"1468\">\n<p data-start=\"1356\" data-end=\"1468\"><strong data-start=\"1356\" data-end=\"1382\">Precizan sustav grijanja<\/strong> s dvostrukim unutarnjim otpornicima i termoelementom J za precizno mjerenje temperature.<\/p>\n<\/li>\n<\/ul>\n<h3 data-start=\"1475\" data-end=\"1505\">Tehni\u010dke specifikacije<\/h3>\n<div class=\"_tableContainer_1rjym_1\">\n<div class=\"_tableWrapper_1rjym_13 group flex w-fit flex-col-reverse\">\n<table>\n<thead>\n<tr>\n<th><strong>Kategorija<\/strong><\/th>\n<th><strong>Detalji<\/strong><\/th>\n<\/tr>\n<\/thead>\n<tbody>\n<tr>\n<td><strong>Dimenzije stroja<\/strong><\/td>\n<td>D 54,5 \u00d7 \u0160 44 \u00d7 V 35 cm<\/td>\n<\/tr>\n<tr>\n<td><strong>Te\u017eina stroja<\/strong><\/td>\n<td>34 kg<\/td>\n<\/tr>\n<tr>\n<td><strong>Materijal tijela<\/strong><\/td>\n<td>Nehr\u0111aju\u0107i \u010delik<\/td>\n<\/tr>\n<tr>\n<td><strong>Materijal plo\u010de<\/strong><\/td>\n<td>Aluminij s teflonskim premazom<\/td>\n<\/tr>\n<tr>\n<td><strong>Dimenzije plo\u010de<\/strong><\/td>\n<td>D 32,9 \u00d7 \u0160 38 cm<\/td>\n<\/tr>\n<tr>\n<td><strong>Potro\u0161nja<\/strong><\/td>\n<td>3,2 kW (trofazni)<\/td>\n<\/tr>\n<tr>\n<td><strong>Napajanje<\/strong><\/td>\n<td>230 V \u2013 50\/60 Hz<\/td>\n<\/tr>\n<tr>\n<td><strong>Instrumentacija<\/strong><\/td>\n<td>Digitalni prikaz (temperatura i vrijeme)<\/td>\n<\/tr>\n<tr>\n<td><strong>Rukovanje proizvodima<\/strong><\/td>\n<td>Priru\u010dnik<\/td>\n<\/tr>\n<tr>\n<td><strong>Sustav grijanja<\/strong><\/td>\n<td>2 unutarnja otpornika<\/td>\n<\/tr>\n<tr>\n<td><strong>Maks. temperatura<\/strong><\/td>\n<td>250 \u00b0C<\/td>\n<\/tr>\n<tr>\n<td><strong>Detekcija temperature<\/strong><\/td>\n<td>Termoelement J<\/td>\n<\/tr>\n<\/tbody>\n<\/table>\n<\/div>\n<\/div>","protected":false},"excerpt":{"rendered":"<h3 data-start=\"1007\" data-end=\"1057\"><strong data-start=\"1011\" data-end=\"1055\">Stroj za tartlete \u2013 Stroj za tartlete<\/strong><\/h3>\n<p data-start=\"1059\" data-end=\"1271\"><em data-start=\"1059\" data-end=\"1269\">Automatski aparat za izradu ujedna\u010denih podloga za tartlete za brzu i minimalnu ru\u010dnu izradu. Konzistentna veli\u010dina, debljina i kvaliteta pe\u010denja - idealno za proizvodnju velikih koli\u010dina slastica ili ugostiteljske laboratorije.<\/em><\/p>","protected":false},"featured_media":7401,"comment_status":"open","ping_status":"closed","template":"","meta":[],"product_brand":[],"product_cat":[70],"product_tag":[],"class_list":{"0":"post-7400","1":"product","2":"type-product","3":"status-publish","4":"has-post-thumbnail","6":"product_cat-pastry-line","8":"first","9":"instock","10":"shipping-taxable","11":"product-type-simple"},"_links":{"self":[{"href":"https:\/\/dersuessestopp.com\/hr\/wp-json\/wp\/v2\/product\/7400","targetHints":{"allow":["GET"]}}],"collection":[{"href":"https:\/\/dersuessestopp.com\/hr\/wp-json\/wp\/v2\/product"}],"about":[{"href":"https:\/\/dersuessestopp.com\/hr\/wp-json\/wp\/v2\/types\/product"}],"replies":[{"embeddable":true,"href":"https:\/\/dersuessestopp.com\/hr\/wp-json\/wp\/v2\/comments?post=7400"}],"version-history":[{"count":4,"href":"https:\/\/dersuessestopp.com\/hr\/wp-json\/wp\/v2\/product\/7400\/revisions"}],"predecessor-version":[{"id":9299,"href":"https:\/\/dersuessestopp.com\/hr\/wp-json\/wp\/v2\/product\/7400\/revisions\/9299"}],"wp:featuredmedia":[{"embeddable":true,"href":"https:\/\/dersuessestopp.com\/hr\/wp-json\/wp\/v2\/media\/7401"}],"wp:attachment":[{"href":"https:\/\/dersuessestopp.com\/hr\/wp-json\/wp\/v2\/media?parent=7400"}],"wp:term":[{"taxonomy":"product_brand","embeddable":true,"href":"https:\/\/dersuessestopp.com\/hr\/wp-json\/wp\/v2\/product_brand?post=7400"},{"taxonomy":"product_cat","embeddable":true,"href":"https:\/\/dersuessestopp.com\/hr\/wp-json\/wp\/v2\/product_cat?post=7400"},{"taxonomy":"product_tag","embeddable":true,"href":"https:\/\/dersuessestopp.com\/hr\/wp-json\/wp\/v2\/product_tag?post=7400"}],"curies":[{"name":"wp","href":"https:\/\/api.w.org\/{rel}","templated":true}]}}