{"id":7388,"date":"2025-09-01T07:24:20","date_gmt":"2025-09-01T07:24:20","guid":{"rendered":"https:\/\/dersuessestopp.com\/?post_type=product&#038;p=7388"},"modified":"2025-09-24T22:09:53","modified_gmt":"2025-09-24T22:09:53","slug":"jedna-gitara","status":"publish","type":"product","link":"https:\/\/dersuessestopp.com\/hr\/product\/single-guitar\/","title":{"rendered":"Jedna gitara"},"content":{"rendered":"<p data-start=\"279\" data-end=\"668\">The <strong data-start=\"283\" data-end=\"307\">Bilait Single gitara<\/strong> je svestrani alat za slasti\u010darstvo dizajniran za <strong data-start=\"348\" data-end=\"379\">precizno i ujedna\u010deno rezanje<\/strong> slasti\u010darskih proizvoda, uklju\u010duju\u0107i cremini, ganache, semifreddo i druge kreacije na bazi tijesta. Savr\u0161ena za slasti\u010dare i \u010dokolatijere, ova verzija s jednim okvirom jednostavna je za kori\u0161tenje i idealna za srednje do velike serijsku proizvodnju, osiguravaju\u0107i \u010diste rezove i dosljedne rezultate svaki put.<\/p>\n<h3 data-start=\"670\" data-end=\"692\">Zna\u010dajke proizvoda<\/h3>\n<ul data-start=\"693\" data-end=\"1016\">\n<li data-start=\"693\" data-end=\"777\">\n<p data-start=\"695\" data-end=\"777\">Dostupno u <strong data-start=\"708\" data-end=\"726\">jedna verzija<\/strong>, s kompatibilno\u0161\u0107u s vi\u0161e veli\u010dina okvira.<\/p>\n<\/li>\n<li data-start=\"778\" data-end=\"866\">\n<p data-start=\"780\" data-end=\"866\">Zna\u010dajke <strong data-start=\"792\" data-end=\"826\">inovativni sustav me\u0111usobnog zaklju\u010davanja<\/strong> za brzo i sigurno umetanje okvira.<\/p>\n<\/li>\n<li data-start=\"867\" data-end=\"928\">\n<p data-start=\"869\" data-end=\"928\">Smanjuje <strong data-start=\"877\" data-end=\"925\">vrijeme monta\u017ee, demonta\u017ee i odr\u017eavanja<\/strong>.<\/p>\n<\/li>\n<li data-start=\"929\" data-end=\"1016\">\n<p data-start=\"931\" data-end=\"1016\">Izgra\u0111eno s <strong data-start=\"948\" data-end=\"975\">izdr\u017eljivi nehr\u0111aju\u0107i \u010delik<\/strong> za dugoro\u010dnu pouzdanost i higijenu.<\/p>\n<\/li>\n<\/ul>\n<h3 data-start=\"1023\" data-end=\"1053\">Tehni\u010dke specifikacije<\/h3>\n<div class=\"_tableContainer_1rjym_1\">\n<div class=\"_tableWrapper_1rjym_13 group flex w-fit flex-col-reverse\">\n<table>\n<thead>\n<tr>\n<th><strong>Kategorija<\/strong><\/th>\n<th><strong>Detalji<\/strong><\/th>\n<\/tr>\n<\/thead>\n<tbody>\n<tr>\n<td><strong>Osnovne dimenzije<\/strong><\/td>\n<td>400 \u00d7 595 mm<\/td>\n<\/tr>\n<tr>\n<td><strong>Osnovna te\u017eina<\/strong><\/td>\n<td>6 kg<\/td>\n<\/tr>\n<tr>\n<td><strong>Modeli okvira<\/strong><\/td>\n<td>60 \u2013 45 \u2013 37,5 \u2013 30 \u2013 22,5 \u2013 15 mm<\/td>\n<\/tr>\n<tr>\n<td><strong>Te\u017eina okvira<\/strong><\/td>\n<td>6 kg<\/td>\n<\/tr>\n<tr>\n<td><strong>Veli\u010dina okvira<\/strong><\/td>\n<td>430 \u00d7 650 mm<\/td>\n<\/tr>\n<tr>\n<td><strong>Materijal<\/strong><\/td>\n<td>Nehr\u0111aju\u0107i \u010delik<\/td>\n<\/tr>\n<\/tbody>\n<\/table>\n<\/div>\n<\/div>","protected":false},"excerpt":{"rendered":"<h3 data-start=\"731\" data-end=\"779\"><strong data-start=\"735\" data-end=\"777\">Jedna gitara \u2013 gitara za pecivo<\/strong><\/h3>\n<p data-start=\"781\" data-end=\"1000\"><em data-start=\"781\" data-end=\"998\">Kompaktna gitara za slasti\u010darstvo s jednim okvirom za savr\u0161eno ravnomjerno rezanje ganachea, pralina, sljezovih kola\u010da i jo\u0161 mnogo toga. Jednostavna za rukovanje i \u010di\u0161\u0107enje - obavezna za majstore \u010dokolade i slasti\u010dare koji rade s manjim serijama.<\/em><\/p>","protected":false},"featured_media":7389,"comment_status":"open","ping_status":"closed","template":"","meta":[],"product_brand":[],"product_cat":[70],"product_tag":[],"class_list":{"0":"post-7388","1":"product","2":"type-product","3":"status-publish","4":"has-post-thumbnail","6":"product_cat-pastry-line","8":"first","9":"instock","10":"shipping-taxable","11":"product-type-simple"},"_links":{"self":[{"href":"https:\/\/dersuessestopp.com\/hr\/wp-json\/wp\/v2\/product\/7388","targetHints":{"allow":["GET"]}}],"collection":[{"href":"https:\/\/dersuessestopp.com\/hr\/wp-json\/wp\/v2\/product"}],"about":[{"href":"https:\/\/dersuessestopp.com\/hr\/wp-json\/wp\/v2\/types\/product"}],"replies":[{"embeddable":true,"href":"https:\/\/dersuessestopp.com\/hr\/wp-json\/wp\/v2\/comments?post=7388"}],"version-history":[{"count":3,"href":"https:\/\/dersuessestopp.com\/hr\/wp-json\/wp\/v2\/product\/7388\/revisions"}],"predecessor-version":[{"id":9300,"href":"https:\/\/dersuessestopp.com\/hr\/wp-json\/wp\/v2\/product\/7388\/revisions\/9300"}],"wp:featuredmedia":[{"embeddable":true,"href":"https:\/\/dersuessestopp.com\/hr\/wp-json\/wp\/v2\/media\/7389"}],"wp:attachment":[{"href":"https:\/\/dersuessestopp.com\/hr\/wp-json\/wp\/v2\/media?parent=7388"}],"wp:term":[{"taxonomy":"product_brand","embeddable":true,"href":"https:\/\/dersuessestopp.com\/hr\/wp-json\/wp\/v2\/product_brand?post=7388"},{"taxonomy":"product_cat","embeddable":true,"href":"https:\/\/dersuessestopp.com\/hr\/wp-json\/wp\/v2\/product_cat?post=7388"},{"taxonomy":"product_tag","embeddable":true,"href":"https:\/\/dersuessestopp.com\/hr\/wp-json\/wp\/v2\/product_tag?post=7388"}],"curies":[{"name":"wp","href":"https:\/\/api.w.org\/{rel}","templated":true}]}}