{"id":7378,"date":"2025-09-01T07:21:30","date_gmt":"2025-09-01T07:21:30","guid":{"rendered":"https:\/\/dersuessestopp.com\/?post_type=product&#038;p=7378"},"modified":"2025-09-24T22:10:35","modified_gmt":"2025-09-24T22:10:35","slug":"dvostruka-gitara","status":"publish","type":"product","link":"https:\/\/dersuessestopp.com\/hr\/product\/double-guitar\/","title":{"rendered":"Dvostruka gitara"},"content":{"rendered":"<h3 data-start=\"184\" data-end=\"201\">Opis<\/h3>\n<p data-start=\"202\" data-end=\"678\">The <strong data-start=\"206\" data-end=\"230\">Bilait dvostruka gitara<\/strong> je profesionalni alat za slasti\u010darstvo dizajniran za <strong data-start=\"274\" data-end=\"319\">precizno rezanje slasti\u010darskih proizvoda<\/strong> kao \u0161to su cremini, ganache, semifreddo i druge delikatne kreacije na bazi tijesta. Njegov sustav dvostrukog okvira omogu\u0107uje brzo i ujedna\u010deno rezanje, \u0161to ga \u010dini posebno prikladnim za proizvodnju velikih serija s dosljedno\u0161\u0107u i precizno\u0161\u0107u. Bilo da se radi o obrtni\u010dkim radionicama ili profesionalnim slasti\u010darskim kuhinjama, Double Guitar osigurava u\u010dinkovitost i preciznost u svakom rezu.<\/p>\n<h3 data-start=\"680\" data-end=\"702\">Zna\u010dajke proizvoda<\/h3>\n<ul data-start=\"703\" data-end=\"1027\">\n<li data-start=\"703\" data-end=\"784\">\n<p data-start=\"705\" data-end=\"784\">Dostupno u <strong data-start=\"718\" data-end=\"754\">verzije s jednom ili dvije gitare<\/strong> za svestrane primjene.<\/p>\n<\/li>\n<li data-start=\"785\" data-end=\"873\">\n<p data-start=\"787\" data-end=\"873\">Dizajniran s <strong data-start=\"804\" data-end=\"838\">inovativni sustav me\u0111usobnog zaklju\u010davanja<\/strong> \u0161to pojednostavljuje umetanje okvira.<\/p>\n<\/li>\n<li data-start=\"874\" data-end=\"949\">\n<p data-start=\"876\" data-end=\"949\">Zna\u010dajno smanjuje <strong data-start=\"898\" data-end=\"946\">vrijeme monta\u017ee, demonta\u017ee i odr\u017eavanja<\/strong>.<\/p>\n<\/li>\n<li data-start=\"950\" data-end=\"1027\">\n<p data-start=\"952\" data-end=\"1027\">Izgra\u0111eno u cijelosti od <strong data-start=\"978\" data-end=\"997\">nehr\u0111aju\u0107i \u010delik<\/strong> za trajnost i higijenu.<\/p>\n<\/li>\n<\/ul>\n<h3 data-start=\"1034\" data-end=\"1064\">Tehni\u010dke specifikacije<\/h3>\n<div class=\"_tableContainer_1rjym_1\">\n<div class=\"_tableWrapper_1rjym_13 group flex w-fit flex-col-reverse\">\n<table>\n<thead>\n<tr>\n<th><strong>Kategorija<\/strong><\/th>\n<th><strong>Detalji<\/strong><\/th>\n<\/tr>\n<\/thead>\n<tbody>\n<tr>\n<td><strong>Osnovne dimenzije<\/strong><\/td>\n<td>530 \u00d7 520 mm<\/td>\n<\/tr>\n<tr>\n<td><strong>Osnovna te\u017eina<\/strong><\/td>\n<td>14 kg<\/td>\n<\/tr>\n<tr>\n<td><strong>Modeli okvira<\/strong><\/td>\n<td>60 \u2013 45 \u2013 37,5 \u2013 30 \u2013 22,5 \u2013 15 mm<\/td>\n<\/tr>\n<tr>\n<td><strong>Te\u017eina okvira<\/strong><\/td>\n<td>6 kg<\/td>\n<\/tr>\n<tr>\n<td><strong>Veli\u010dina okvira<\/strong><\/td>\n<td>430 \u00d7 650 mm<\/td>\n<\/tr>\n<tr>\n<td><strong>Materijal<\/strong><\/td>\n<td>Nehr\u0111aju\u0107i \u010delik<\/td>\n<\/tr>\n<\/tbody>\n<\/table>\n<\/div>\n<\/div>","protected":false},"excerpt":{"rendered":"<h3 data-start=\"415\" data-end=\"463\"><strong data-start=\"419\" data-end=\"461\">Dvostruka gitara \u2013 gitara za pecivo<\/strong><\/h3>\n<p data-start=\"465\" data-end=\"724\"><em data-start=\"465\" data-end=\"722\">Profesionalna slasti\u010darska gitara s dvostrukim okvirom za rezanje slojevitih deserta, pralina, ganachea ili \u017eelea u jednoli\u010dne kvadrate ili pravokutnike. Dva izmjenjiva okvira za razli\u010dite veli\u010dine rezanja. \u017dice od nehr\u0111aju\u0107eg \u010delika osiguravaju \u010diste rezove i visoku produktivnost.<\/em><\/p>","protected":false},"featured_media":7379,"comment_status":"open","ping_status":"closed","template":"","meta":[],"product_brand":[],"product_cat":[70],"product_tag":[],"class_list":{"0":"post-7378","1":"product","2":"type-product","3":"status-publish","4":"has-post-thumbnail","6":"product_cat-pastry-line","8":"first","9":"instock","10":"shipping-taxable","11":"product-type-simple"},"_links":{"self":[{"href":"https:\/\/dersuessestopp.com\/hr\/wp-json\/wp\/v2\/product\/7378","targetHints":{"allow":["GET"]}}],"collection":[{"href":"https:\/\/dersuessestopp.com\/hr\/wp-json\/wp\/v2\/product"}],"about":[{"href":"https:\/\/dersuessestopp.com\/hr\/wp-json\/wp\/v2\/types\/product"}],"replies":[{"embeddable":true,"href":"https:\/\/dersuessestopp.com\/hr\/wp-json\/wp\/v2\/comments?post=7378"}],"version-history":[{"count":3,"href":"https:\/\/dersuessestopp.com\/hr\/wp-json\/wp\/v2\/product\/7378\/revisions"}],"predecessor-version":[{"id":9301,"href":"https:\/\/dersuessestopp.com\/hr\/wp-json\/wp\/v2\/product\/7378\/revisions\/9301"}],"wp:featuredmedia":[{"embeddable":true,"href":"https:\/\/dersuessestopp.com\/hr\/wp-json\/wp\/v2\/media\/7379"}],"wp:attachment":[{"href":"https:\/\/dersuessestopp.com\/hr\/wp-json\/wp\/v2\/media?parent=7378"}],"wp:term":[{"taxonomy":"product_brand","embeddable":true,"href":"https:\/\/dersuessestopp.com\/hr\/wp-json\/wp\/v2\/product_brand?post=7378"},{"taxonomy":"product_cat","embeddable":true,"href":"https:\/\/dersuessestopp.com\/hr\/wp-json\/wp\/v2\/product_cat?post=7378"},{"taxonomy":"product_tag","embeddable":true,"href":"https:\/\/dersuessestopp.com\/hr\/wp-json\/wp\/v2\/product_tag?post=7378"}],"curies":[{"name":"wp","href":"https:\/\/api.w.org\/{rel}","templated":true}]}}