{"id":7365,"date":"2025-09-01T07:17:30","date_gmt":"2025-09-01T07:17:30","guid":{"rendered":"https:\/\/dersuessestopp.com\/?post_type=product&#038;p=7365"},"modified":"2025-09-24T22:11:43","modified_gmt":"2025-09-24T22:11:43","slug":"sprej-s-cokoladom","status":"publish","type":"product","link":"https:\/\/dersuessestopp.com\/hr\/product\/chocohot-spray\/","title":{"rendered":"\u010cokohot sprej"},"content":{"rendered":"<p data-start=\"262\" data-end=\"586\">The <strong data-start=\"266\" data-end=\"284\">\u010cokohot sprej<\/strong> je profesionalni stroj dizajniran za jednostavno stvaranje elegantnih ukrasa od \u010dokolade i kakao maslaca. Usitnjavanjem \u010dokolade ili kakao maslaca - po \u017eelji pomije\u0161anih s prehrambenom bojom - omogu\u0107uje \u010dokolatijerima i slasti\u010darima nano\u0161enje \u017eivih boja i tekstura na praline, kola\u010de, uskrsna jaja i jo\u0161 mnogo toga.<\/p>\n<p data-start=\"588\" data-end=\"1018\">Ovaj kompaktni model uklju\u010duje <strong data-start=\"618\" data-end=\"636\">zagrijana komora<\/strong> koji odr\u017eava proizvod na ispravnoj radnoj temperaturi, osiguravaju\u0107i pravilno temperiranje za primjenu s \u010dokoladom i kakao maslacem. <strong data-start=\"775\" data-end=\"794\">sustav airbrusha<\/strong> s podesivim gumbima pru\u017ea potpunu kontrolu nad veli\u010dinom \u010destica, pokriveno\u0161\u0107u i efektima prskanja. Njegova najpopularnija zavr\u0161na obrada, <strong data-start=\"917\" data-end=\"934\">efekt bar\u0161una<\/strong>, \u010dini deserte vizualno zapanjuju\u0107im, iako je jedino ograni\u010denje va\u0161a kreativnost.<\/p>\n<h2 data-start=\"1025\" data-end=\"1046\">Zna\u010dajke proizvoda<\/h2>\n<ul data-start=\"1047\" data-end=\"1326\">\n<li data-start=\"1047\" data-end=\"1107\">\n<p data-start=\"1049\" data-end=\"1107\">Profesionalni sustav za airbrush raspr\u0161ivanje s posudom od 1 l.<\/p>\n<\/li>\n<li data-start=\"1108\" data-end=\"1171\">\n<p data-start=\"1110\" data-end=\"1171\">Zagrijana komora za odr\u017eavanje temperiranja \u010dokolade i kakao maslaca.<\/p>\n<\/li>\n<li data-start=\"1172\" data-end=\"1234\">\n<p data-start=\"1174\" data-end=\"1234\">Podesive postavke prskanja za vi\u0161e dekorativnih efekata.<\/p>\n<\/li>\n<li data-start=\"1235\" data-end=\"1287\">\n<p data-start=\"1237\" data-end=\"1287\">Tijelo od nehr\u0111aju\u0107eg \u010delika za trajnost i higijenu.<\/p>\n<\/li>\n<li data-start=\"1288\" data-end=\"1326\">\n<p data-start=\"1290\" data-end=\"1326\">Idealno za zavr\u0161nu obradu s efektom bar\u0161una.<\/p>\n<\/li>\n<\/ul>\n<h2 data-start=\"1333\" data-end=\"1362\">Tehni\u010dke specifikacije<\/h2>\n<div class=\"_tableContainer_1rjym_1\">\n<div class=\"_tableWrapper_1rjym_13 group flex w-fit flex-col-reverse\">\n<table>\n<thead>\n<tr>\n<th><strong>Kategorija<\/strong><\/th>\n<th><strong>Detalji<\/strong><\/th>\n<\/tr>\n<\/thead>\n<tbody>\n<tr>\n<td><strong>Dimenzije i te\u017eina<\/strong><\/td>\n<td>Duljina: 24 cm \u0160irina: 22 cm Visina: 45 cm Te\u017eina: 12 kg Materijal: Nehr\u0111aju\u0107i \u010delik<\/td>\n<\/tr>\n<tr>\n<td><strong>Potro\u0161nja<\/strong><\/td>\n<td>0,5 kW 220 V, 50\/60 Hz<\/td>\n<\/tr>\n<tr>\n<td><strong>Instrumentacija i elektri\u010dni sustav<\/strong><\/td>\n<td>Digitalni prikaz temperature 1x Regulator tlaka 1x Manometar 2x Priklju\u010dci za priklju\u010dak kompresora<\/td>\n<\/tr>\n<tr>\n<td><strong>Zna\u010dajke airbrusha<\/strong><\/td>\n<td>Dimenzije: 20 \u00d7 11 \u00d7 26 cm Kapacitet posude: 1 litra 3x Kontrolne tipke: usis zraka, koli\u010dina proizvoda, ispuh zraka Podesiva mlaznica 1,9 mm<\/td>\n<\/tr>\n<tr>\n<td><strong>Sustav grijanja<\/strong><\/td>\n<td>1x Grijana komora s utorom za airbrush 1x Otpornik za grijanje 1x Ventilator za ventilaciju vru\u0107im zrakom<\/td>\n<\/tr>\n<\/tbody>\n<\/table>\n<\/div>\n<\/div>","protected":false},"excerpt":{"rendered":"<h3 data-start=\"1213\" data-end=\"1290\"><strong data-start=\"1217\" data-end=\"1288\">Chocohot Spray \u2013 Stroj za prskanje \u010dokolade i kakao maslaca<\/strong><\/h3>\n<p data-start=\"1292\" data-end=\"1545\"><em data-start=\"1292\" data-end=\"1543\">Stroj za prskanje \u010dokolade i kakao maslaca s jednim spremnikom. Savr\u0161en za nano\u0161enje glatkog, dekorativnog premaza na torte, peciva, praline ili semifreddo. Brz, precizan i higijenski - neophodan alat za profesionalne \u010dokolatijere i slasti\u010dare.<\/em><\/p>","protected":false},"featured_media":7366,"comment_status":"open","ping_status":"closed","template":"","meta":[],"product_brand":[],"product_cat":[52],"product_tag":[],"class_list":{"0":"post-7365","1":"product","2":"type-product","3":"status-publish","4":"has-post-thumbnail","6":"product_cat-chocolate-equipment","8":"first","9":"instock","10":"shipping-taxable","11":"product-type-simple"},"_links":{"self":[{"href":"https:\/\/dersuessestopp.com\/hr\/wp-json\/wp\/v2\/product\/7365","targetHints":{"allow":["GET"]}}],"collection":[{"href":"https:\/\/dersuessestopp.com\/hr\/wp-json\/wp\/v2\/product"}],"about":[{"href":"https:\/\/dersuessestopp.com\/hr\/wp-json\/wp\/v2\/types\/product"}],"replies":[{"embeddable":true,"href":"https:\/\/dersuessestopp.com\/hr\/wp-json\/wp\/v2\/comments?post=7365"}],"version-history":[{"count":3,"href":"https:\/\/dersuessestopp.com\/hr\/wp-json\/wp\/v2\/product\/7365\/revisions"}],"predecessor-version":[{"id":9302,"href":"https:\/\/dersuessestopp.com\/hr\/wp-json\/wp\/v2\/product\/7365\/revisions\/9302"}],"wp:featuredmedia":[{"embeddable":true,"href":"https:\/\/dersuessestopp.com\/hr\/wp-json\/wp\/v2\/media\/7366"}],"wp:attachment":[{"href":"https:\/\/dersuessestopp.com\/hr\/wp-json\/wp\/v2\/media?parent=7365"}],"wp:term":[{"taxonomy":"product_brand","embeddable":true,"href":"https:\/\/dersuessestopp.com\/hr\/wp-json\/wp\/v2\/product_brand?post=7365"},{"taxonomy":"product_cat","embeddable":true,"href":"https:\/\/dersuessestopp.com\/hr\/wp-json\/wp\/v2\/product_cat?post=7365"},{"taxonomy":"product_tag","embeddable":true,"href":"https:\/\/dersuessestopp.com\/hr\/wp-json\/wp\/v2\/product_tag?post=7365"}],"curies":[{"name":"wp","href":"https:\/\/api.w.org\/{rel}","templated":true}]}}