{"id":7337,"date":"2025-09-01T07:07:43","date_gmt":"2025-09-01T07:07:43","guid":{"rendered":"https:\/\/dersuessestopp.com\/?post_type=product&#038;p=7337"},"modified":"2025-09-24T22:13:16","modified_gmt":"2025-09-24T22:13:16","slug":"kutija-cokolade","status":"publish","type":"product","link":"https:\/\/dersuessestopp.com\/hr\/product\/chocobox\/","title":{"rendered":"\u010cokobox"},"content":{"rendered":"<p data-start=\"149\" data-end=\"727\">Bilo da ste \u010dokolatijer, slasti\u010dar ili vodite restoran, <strong data-start=\"221\" data-end=\"257\">Bilait Chocobox aparat za topljenje \u010dokolade<\/strong> dizajniran je da zadovolji svaku profesionalnu potrebu. Dostupan u vi\u0161e veli\u010dina \u2013 <strong data-start=\"333\" data-end=\"367\">0,8 l, 1,5 l, 2,5 l, 3,5 l i 6 l<\/strong> \u2013 osigurava glatko topljenje i savr\u0161eno odr\u017eavanje temperature do <strong data-start=\"438\" data-end=\"446\">50\u00b0C<\/strong>. The <strong data-start=\"452\" data-end=\"477\">izmjenjive ladice<\/strong> omogu\u0107uju vam jednostavno prebacivanje izme\u0111u razli\u010ditih vrsta \u010dokolade, \u0161to va\u0161 tijek rada \u010dini u\u010dinkovitijim. Izra\u0111en s <strong data-start=\"588\" data-end=\"612\">tijelo od nehr\u0111aju\u0107eg \u010delika<\/strong>, ova talina ne samo da jam\u010di trajnost, ve\u0107 i osigurava izvrsnu toplinsku vodljivost za dosljedne rezultate.<\/p>\n<h3 data-start=\"734\" data-end=\"756\">Zna\u010dajke proizvoda<\/h3>\n<ul data-start=\"757\" data-end=\"1064\">\n<li data-start=\"757\" data-end=\"825\">\n<p data-start=\"759\" data-end=\"825\">Dostupno u <strong data-start=\"772\" data-end=\"791\">pet kapaciteta<\/strong>0,8 l, 1,5 l, 2,5 l, 3,5 l i 6 l<\/p>\n<\/li>\n<li data-start=\"826\" data-end=\"859\">\n<p data-start=\"828\" data-end=\"859\"><strong data-start=\"828\" data-end=\"852\">Maksimalna temperatura:<\/strong> 50\u00b0C<\/p>\n<\/li>\n<li data-start=\"860\" data-end=\"926\">\n<p data-start=\"862\" data-end=\"926\"><strong data-start=\"862\" data-end=\"887\">Izmjenjive ladice<\/strong> za rad s vi\u0161e vrsta \u010dokolade<\/p>\n<\/li>\n<li data-start=\"927\" data-end=\"1000\">\n<p data-start=\"929\" data-end=\"1000\"><strong data-start=\"929\" data-end=\"958\">Konstrukcija od nehr\u0111aju\u0107eg \u010delika<\/strong> za trajnost i bolji prijenos topline<\/p>\n<\/li>\n<li data-start=\"1001\" data-end=\"1064\">\n<p data-start=\"1003\" data-end=\"1064\">Idealno za profesionalne radionice, pekare i restorane<\/p>\n<\/li>\n<\/ul>\n<h3 data-start=\"1071\" data-end=\"1101\">Tehni\u010dke specifikacije<\/h3>\n<div class=\"_tableContainer_1rjym_1\">\n<div class=\"_tableWrapper_1rjym_13 group flex w-fit flex-col-reverse\">\n<table>\n<thead>\n<tr>\n<th>Zna\u010dajka<\/th>\n<th>Detalji<\/th>\n<\/tr>\n<\/thead>\n<tbody>\n<tr>\n<td><strong>Materijal<\/strong><\/td>\n<td>Nehr\u0111aju\u0107i \u010delik<\/td>\n<\/tr>\n<tr>\n<td><strong>Kapacitet<\/strong><\/td>\n<td>0,8L \/ 1,5L \/ 2,5L \/ 3,5L \/ 6L<\/td>\n<\/tr>\n<tr>\n<td><strong>Dimenzije<\/strong><\/td>\n<td>230 \u00d7 140 \u00d7 270 mm<\/td>\n<\/tr>\n<tr>\n<td><strong>Te\u017eina<\/strong><\/td>\n<td>Razlikuje se ovisno o modelu<\/td>\n<\/tr>\n<tr>\n<td><strong>Maks. temperatura<\/strong><\/td>\n<td>50\u00b0C<\/td>\n<\/tr>\n<tr>\n<td><strong>Potro\u0161nja<\/strong><\/td>\n<td>60 W<\/td>\n<\/tr>\n<tr>\n<td><strong>Napon<\/strong><\/td>\n<td>230 V<\/td>\n<\/tr>\n<tr>\n<td><strong>Frekvencija<\/strong><\/td>\n<td>50\/60 Hz<\/td>\n<\/tr>\n<\/tbody>\n<\/table>\n<\/div>\n<\/div>","protected":false},"excerpt":{"rendered":"<h3 data-start=\"490\" data-end=\"536\"><strong data-start=\"494\" data-end=\"534\"> Chocobox \u2013 Topilica za \u010dokoladu<\/strong><\/h3>\n<p data-start=\"538\" data-end=\"802\"><em data-start=\"538\" data-end=\"800\">Kompaktni profesionalni topitelj za \u010dokoladu, fondan ili premaze. Chocobox odr\u017eava \u010dokoladu na savr\u0161enoj radnoj temperaturi uz ravnomjerno zagrijavanje i jednostavno upravljanje. Idealan za umakanje, oblikovanje i proizvodnju malih serija u slasti\u010darnicama, kafi\u0107ima i \u010dokoladnim laboratorijima.<\/em><\/p>","protected":false},"featured_media":7338,"comment_status":"open","ping_status":"closed","template":"","meta":[],"product_brand":[],"product_cat":[52],"product_tag":[],"class_list":{"0":"post-7337","1":"product","2":"type-product","3":"status-publish","4":"has-post-thumbnail","6":"product_cat-chocolate-equipment","8":"first","9":"instock","10":"shipping-taxable","11":"product-type-simple"},"_links":{"self":[{"href":"https:\/\/dersuessestopp.com\/hr\/wp-json\/wp\/v2\/product\/7337","targetHints":{"allow":["GET"]}}],"collection":[{"href":"https:\/\/dersuessestopp.com\/hr\/wp-json\/wp\/v2\/product"}],"about":[{"href":"https:\/\/dersuessestopp.com\/hr\/wp-json\/wp\/v2\/types\/product"}],"replies":[{"embeddable":true,"href":"https:\/\/dersuessestopp.com\/hr\/wp-json\/wp\/v2\/comments?post=7337"}],"version-history":[{"count":3,"href":"https:\/\/dersuessestopp.com\/hr\/wp-json\/wp\/v2\/product\/7337\/revisions"}],"predecessor-version":[{"id":9304,"href":"https:\/\/dersuessestopp.com\/hr\/wp-json\/wp\/v2\/product\/7337\/revisions\/9304"}],"wp:featuredmedia":[{"embeddable":true,"href":"https:\/\/dersuessestopp.com\/hr\/wp-json\/wp\/v2\/media\/7338"}],"wp:attachment":[{"href":"https:\/\/dersuessestopp.com\/hr\/wp-json\/wp\/v2\/media?parent=7337"}],"wp:term":[{"taxonomy":"product_brand","embeddable":true,"href":"https:\/\/dersuessestopp.com\/hr\/wp-json\/wp\/v2\/product_brand?post=7337"},{"taxonomy":"product_cat","embeddable":true,"href":"https:\/\/dersuessestopp.com\/hr\/wp-json\/wp\/v2\/product_cat?post=7337"},{"taxonomy":"product_tag","embeddable":true,"href":"https:\/\/dersuessestopp.com\/hr\/wp-json\/wp\/v2\/product_tag?post=7337"}],"curies":[{"name":"wp","href":"https:\/\/api.w.org\/{rel}","templated":true}]}}