{"id":7331,"date":"2025-09-01T06:57:13","date_gmt":"2025-09-01T06:57:13","guid":{"rendered":"https:\/\/dersuessestopp.com\/?post_type=product&#038;p=7331"},"modified":"2025-10-08T23:17:12","modified_gmt":"2025-10-08T23:17:12","slug":"saladette-sf-903-top","status":"publish","type":"product","link":"https:\/\/dersuessestopp.com\/hr\/product\/saladette-sf-903-top\/","title":{"rendered":"SALADETTE SF 903 VRH"},"content":{"rendered":"<p data-start=\"195\" data-end=\"635\"><img decoding=\"async\" src=\"https:\/\/customer.klimaitalia.it\/api\/file\/image\/6851\" \/><\/p>\n<p data-start=\"195\" data-end=\"635\">\n<p data-start=\"195\" data-end=\"635\">The <strong data-start=\"199\" data-end=\"223\">SALADETTE SF 903 VRH<\/strong> je visokokvalitetna stati\u010dna klupa za salate s ventilatorom, dizajnirana da zadovolji zahtjeve profesionalnih ugostiteljskih okru\u017eenja. Izra\u0111ena s <strong data-start=\"360\" data-end=\"417\">izdr\u017eljivo tijelo i unutarnja obloga od nehr\u0111aju\u0107eg \u010delika AISI 304<\/strong>, osigurava maksimalnu higijenu, \u010dvrsto\u0107u i otpornost na koroziju. <strong data-start=\"490\" data-end=\"515\">elektroni\u010dki termostat<\/strong> omogu\u0107uje preciznu kontrolu temperature izme\u0111u <strong data-start=\"559\" data-end=\"578\">+2 \u00b0C i +8 \u00b0C<\/strong>, \u0161to ga \u010dini idealnim za sigurno skladi\u0161tenje svje\u017eih sastojaka.<\/p>\n<p data-start=\"637\" data-end=\"960\">The <strong data-start=\"641\" data-end=\"672\">kompaktan, ali prostran dizajn<\/strong> zna\u010dajke <strong data-start=\"682\" data-end=\"701\">klizne police<\/strong>, automatsko odmrzavanje kompresorskog ciklusa i opcionalno <strong data-start=\"752\" data-end=\"786\">Smart Link WiFi daljinski upravlja\u010d<\/strong> za modernu prakti\u010dnost. Savr\u0161en za restorane, catering usluge i profesionalne kuhinje, SALADETTE SF 903 TOP kombinira funkcionalnost, izdr\u017eljivost i u\u010dinkovitost.<\/p>\n<h2 data-start=\"1416\" data-end=\"1447\"><strong data-start=\"1419\" data-end=\"1447\">Tehni\u010dke specifikacije<\/strong><\/h2>\n<table>\n<thead>\n<tr>\n<th><strong>Zna\u010dajka<\/strong><\/th>\n<th><strong>SF 901<\/strong><\/th>\n<th><strong>SF 903 VRH<\/strong><\/th>\n<\/tr>\n<\/thead>\n<tbody>\n<tr>\n<td><strong>Vanjske dimenzije (\u0160xDxV)<\/strong><\/td>\n<td>900 \u00d7 700 \u00d7 870 mm<\/td>\n<td>1368 \u00d7 700 \u00d7 870 mm<\/td>\n<\/tr>\n<tr>\n<td><strong>Dimenzije pakiranja (\u0160xDxV)<\/strong><\/td>\n<td>978 \u00d7 760 \u00d7 1060 mm<\/td>\n<td>1390 \u00d7 730 \u00d7 1054 mm<\/td>\n<\/tr>\n<tr>\n<td><strong>Neto\/bruto volumen<\/strong><\/td>\n<td>160 \/ 257 l.<\/td>\n<td>251 \/ 400 litara.<\/td>\n<\/tr>\n<tr>\n<td><strong>Raspon temperature<\/strong><\/td>\n<td>+2 \u00b0C \/ +8 \u00b0C<\/td>\n<td>+2 \u00b0C \/ +8 \u00b0C<\/td>\n<\/tr>\n<tr>\n<td><strong>Klimatski razred<\/strong><\/td>\n<td>4<\/td>\n<td>4<\/td>\n<\/tr>\n<tr>\n<td><strong>Razina buke<\/strong><\/td>\n<td>42 dB<\/td>\n<td>42 dB<\/td>\n<\/tr>\n<tr>\n<td><strong>Termostat<\/strong><\/td>\n<td>Elektronika<\/td>\n<td>Elektronika<\/td>\n<\/tr>\n<tr>\n<td><strong>Sustav za odmrzavanje<\/strong><\/td>\n<td>Automatski ciklus kompresora<\/td>\n<td>Automatski ciklus kompresora<\/td>\n<\/tr>\n<tr>\n<td><strong>Police (\u0160xV)<\/strong><\/td>\n<td>2 \u00d7 335 \u00d7 530 mm<\/td>\n<td>3 \u00d7 335 \u00d7 530 mm<\/td>\n<\/tr>\n<tr>\n<td><strong>No\u017eice \/ Kota\u010di\u0107i<\/strong><\/td>\n<td>4 stope \u2013 v 25\/33 mm<\/td>\n<td>4 stope \u2013 v 25\/33 mm<\/td>\n<\/tr>\n<tr>\n<td><strong>Ko\u0161are<\/strong><\/td>\n<td>Nije dostupno<\/td>\n<td>Nije dostupno<\/td>\n<\/tr>\n<tr>\n<td><strong>Neto\/bruto te\u017eina<\/strong><\/td>\n<td>72 \/ 83 kg<\/td>\n<td>110 \/ 130 kg<\/td>\n<\/tr>\n<tr>\n<td><strong>Napon<\/strong><\/td>\n<td>220-240 V<\/td>\n<td>220-240 V<\/td>\n<\/tr>\n<tr>\n<td><strong>Frekvencija<\/strong><\/td>\n<td>50 Hz<\/td>\n<td>50 Hz<\/td>\n<\/tr>\n<tr>\n<td><strong>Rashladno sredstvo<\/strong><\/td>\n<td>R600A<\/td>\n<td>R600A<\/td>\n<\/tr>\n<tr>\n<td><strong>Apsorpcija<\/strong><\/td>\n<td>155 W<\/td>\n<td>235 W<\/td>\n<\/tr>\n<tr>\n<td><strong>Potro\u0161nja energije (24 sata)<\/strong><\/td>\n<td>2,38 kWh\/24 h<\/td>\n<td>2,96 kWh\/24 h<\/td>\n<\/tr>\n<tr>\n<td><strong>Debljina izolacije<\/strong><\/td>\n<td>35 mm<\/td>\n<td>35 mm<\/td>\n<\/tr>\n<tr>\n<td><strong>WiFi pametni daljinski upravlja\u010d<\/strong><\/td>\n<td>Izborno<\/td>\n<td>Izborno<\/td>\n<\/tr>\n<\/tbody>\n<\/table>\n<div class=\"_tableContainer_1rjym_1\">\n<div class=\"_tableWrapper_1rjym_13 group flex w-fit flex-col-reverse\"><\/div>\n<\/div>","protected":false},"excerpt":{"rendered":"<p>The SALADETTE SF 903 TOP is a high-quality static fan-assisted saladette bench, designed to meet the demands of professional catering environments. Built with a durable AISI 304 stainless steel body and inner liner, it ensures maximum hygiene, strength, and resistance to corrosion. Its electronic thermostat allows precise temperature control between +2 \u00b0C and +8 \u00b0C, [&hellip;]<\/p>\n","protected":false},"featured_media":7332,"comment_status":"open","ping_status":"closed","template":"","meta":[],"product_brand":[],"product_cat":[51],"product_tag":[],"class_list":{"0":"post-7331","1":"product","2":"type-product","3":"status-publish","4":"has-post-thumbnail","6":"product_cat-kitchen-catering-cooling","8":"first","9":"instock","10":"shipping-taxable","11":"product-type-simple"},"_links":{"self":[{"href":"https:\/\/dersuessestopp.com\/hr\/wp-json\/wp\/v2\/product\/7331","targetHints":{"allow":["GET"]}}],"collection":[{"href":"https:\/\/dersuessestopp.com\/hr\/wp-json\/wp\/v2\/product"}],"about":[{"href":"https:\/\/dersuessestopp.com\/hr\/wp-json\/wp\/v2\/types\/product"}],"replies":[{"embeddable":true,"href":"https:\/\/dersuessestopp.com\/hr\/wp-json\/wp\/v2\/comments?post=7331"}],"version-history":[{"count":3,"href":"https:\/\/dersuessestopp.com\/hr\/wp-json\/wp\/v2\/product\/7331\/revisions"}],"predecessor-version":[{"id":11945,"href":"https:\/\/dersuessestopp.com\/hr\/wp-json\/wp\/v2\/product\/7331\/revisions\/11945"}],"wp:featuredmedia":[{"embeddable":true,"href":"https:\/\/dersuessestopp.com\/hr\/wp-json\/wp\/v2\/media\/7332"}],"wp:attachment":[{"href":"https:\/\/dersuessestopp.com\/hr\/wp-json\/wp\/v2\/media?parent=7331"}],"wp:term":[{"taxonomy":"product_brand","embeddable":true,"href":"https:\/\/dersuessestopp.com\/hr\/wp-json\/wp\/v2\/product_brand?post=7331"},{"taxonomy":"product_cat","embeddable":true,"href":"https:\/\/dersuessestopp.com\/hr\/wp-json\/wp\/v2\/product_cat?post=7331"},{"taxonomy":"product_tag","embeddable":true,"href":"https:\/\/dersuessestopp.com\/hr\/wp-json\/wp\/v2\/product_tag?post=7331"}],"curies":[{"name":"wp","href":"https:\/\/api.w.org\/{rel}","templated":true}]}}