{"id":7326,"date":"2025-09-01T06:51:53","date_gmt":"2025-09-01T06:51:53","guid":{"rendered":"https:\/\/dersuessestopp.com\/?post_type=product&#038;p=7326"},"modified":"2025-10-08T23:16:23","modified_gmt":"2025-10-08T23:16:23","slug":"saladette-sf-901","status":"publish","type":"product","link":"https:\/\/dersuessestopp.com\/hr\/product\/saladette-sf-901\/","title":{"rendered":"SALADETTE SF 901"},"content":{"rendered":"<p data-start=\"203\" data-end=\"549\"><img decoding=\"async\" src=\"https:\/\/customer.klimaitalia.it\/api\/file\/image\/6845\" \/><\/p>\n<p data-start=\"203\" data-end=\"549\">\n<p data-start=\"203\" data-end=\"549\">The <strong data-start=\"207\" data-end=\"227\">Salateta SF 901<\/strong> i <strong data-start=\"232\" data-end=\"246\">SF 903 VRH<\/strong> su visokokvalitetne rashladne klupe s ventilatorima, dizajnirane da zadovolje potrebe profesionalnih kuhinja, ugostiteljskih usluga i restorana. Izra\u0111ene s <strong data-start=\"408\" data-end=\"465\">izdr\u017eljivo tijelo i unutarnja obloga od nehr\u0111aju\u0107eg \u010delika AISI 304<\/strong>, ovi ure\u0111aji osiguravaju maksimalnu higijenu, jednostavno \u010di\u0161\u0107enje i dugotrajne performanse.<\/p>\n<p data-start=\"551\" data-end=\"861\">Opremljen s <strong data-start=\"568\" data-end=\"593\">elektroni\u010dki termostat<\/strong>, salatice odr\u017eavaju precizni temperaturni raspon izme\u0111u <strong data-start=\"655\" data-end=\"674\">+2 \u00b0C i +8 \u00b0C<\/strong>, \u0161to ih \u010dini idealnim za o\u010duvanje svje\u017eih sastojaka. Njihovi <strong data-start=\"734\" data-end=\"762\">automatski sustav odmrzavanja<\/strong> osigurava nesmetan rad, dok <strong data-start=\"804\" data-end=\"823\">klizne police<\/strong> nude fleksibilna rje\u0161enja za skladi\u0161tenje.<\/p>\n<p data-start=\"863\" data-end=\"1164\">Za dodatnu udobnost, jedinice mogu biti opremljene s <strong data-start=\"917\" data-end=\"951\">Smart Link WiFi daljinski upravlja\u010d<\/strong> (opcionalno), \u0161to omogu\u0107uje digitalni nadzor i upravljanje. Dizajn ima podesive no\u017eice za stabilnost i rad s niskom razinom buke pri samo <strong data-start=\"1090\" data-end=\"1099\">42 dB<\/strong>, \u0161to ih \u010dini u\u010dinkovitima i jednostavnima za kori\u0161tenje u prometnim okru\u017eenjima.<\/p>\n<h3 data-start=\"1171\" data-end=\"1187\">Dimenzije<\/h3>\n<div class=\"_tableContainer_1rjym_1\">\n<div class=\"_tableWrapper_1rjym_13 group flex w-fit flex-col-reverse\">\n<table>\n<thead>\n<tr>\n<th>Model<\/th>\n<th>Vanjske dimenzije (\u0160xDxV)<\/th>\n<th>Dimenzije pakiranja (\u0160xDxV)<\/th>\n<th>\u0160irina (A)<\/th>\n<th>Dubina (B)<\/th>\n<th>Visina (C)<\/th>\n<\/tr>\n<\/thead>\n<tbody>\n<tr>\n<td>SF 901<\/td>\n<td>900 x 700 x 870 mm*<\/td>\n<td>978 x 760 x 1060 mm<\/td>\n<td>830 mm<\/td>\n<td>595 mm<\/td>\n<td>456 mm<\/td>\n<\/tr>\n<tr>\n<td>SF 903 VRH<\/td>\n<td>1368 x 700 x 870 mm*<\/td>\n<td>1390 x 730 x 1054 mm<\/td>\n<td>1295 mm<\/td>\n<td>595 mm<\/td>\n<td>456 mm<\/td>\n<\/tr>\n<\/tbody>\n<\/table>\n<h3 data-start=\"1720\" data-end=\"1744\">Tehni\u010dke zna\u010dajke<\/h3>\n<div class=\"_tableContainer_1rjym_1\">\n<div class=\"_tableWrapper_1rjym_13 group flex w-fit flex-col-reverse\">\n<table>\n<thead>\n<tr>\n<th>Zna\u010dajka<\/th>\n<th>SF 901<\/th>\n<th>SF 903 VRH<\/th>\n<\/tr>\n<\/thead>\n<tbody>\n<tr>\n<td>Raspon temperature<\/td>\n<td>+2 \u00b0C \/ +8 \u00b0C<\/td>\n<td>+2 \u00b0C \/ +8 \u00b0C<\/td>\n<\/tr>\n<tr>\n<td>Klimatski razred<\/td>\n<td>4<\/td>\n<td>4<\/td>\n<\/tr>\n<tr>\n<td>Neto \/ Bruto volumen<\/td>\n<td>160 \/ 257 l.<\/td>\n<td>251 \/ 400 litara.<\/td>\n<\/tr>\n<tr>\n<td>Materijal tijela<\/td>\n<td>Nehr\u0111aju\u0107i \u010delik AISI 304<\/td>\n<td>Nehr\u0111aju\u0107i \u010delik AISI 304<\/td>\n<\/tr>\n<tr>\n<td>Materijal unutarnje obloge<\/td>\n<td>Nehr\u0111aju\u0107i \u010delik AISI 304<\/td>\n<td>Nehr\u0111aju\u0107i \u010delik AISI 304<\/td>\n<\/tr>\n<tr>\n<td>Termostat<\/td>\n<td>Elektronika<\/td>\n<td>Elektronika<\/td>\n<\/tr>\n<tr>\n<td>Razina buke<\/td>\n<td>42 dB<\/td>\n<td>42 dB<\/td>\n<\/tr>\n<tr>\n<td>Pametna veza WiFi<\/td>\n<td>Izborno<\/td>\n<td>Izborno<\/td>\n<\/tr>\n<tr>\n<td>Debljina izolacije<\/td>\n<td>35 mm<\/td>\n<td>35 mm<\/td>\n<\/tr>\n<tr>\n<td>Odmrzavanje<\/td>\n<td>Automatski ciklus kompresora<\/td>\n<td>Automatski ciklus kompresora<\/td>\n<\/tr>\n<tr>\n<td>Police (\u0160xV)<\/td>\n<td>2 \u2013 335 x 530 mm<\/td>\n<td>3 \u2013 335 x 530 mm<\/td>\n<\/tr>\n<tr>\n<td>Kota\u010di\u0107i \/ No\u017eice<\/td>\n<td>4 stope \u2013 v 25\/33 mm<\/td>\n<td>4 stope \u2013 v 25\/33 mm<\/td>\n<\/tr>\n<tr>\n<td>Ko\u0161are<\/td>\n<td>Nije dostupno<\/td>\n<td>Nije dostupno<\/td>\n<\/tr>\n<tr>\n<td>Neto \/ Bruto te\u017eina<\/td>\n<td>72 \/ 83 kg<\/td>\n<td>110 \/ 130 kg<\/td>\n<\/tr>\n<tr>\n<td>Napon<\/td>\n<td>220-240 V<\/td>\n<td>220-240 V<\/td>\n<\/tr>\n<tr>\n<td>Frekvencija<\/td>\n<td>50 Hz<\/td>\n<td>50 Hz<\/td>\n<\/tr>\n<tr>\n<td>Rashladno sredstvo<\/td>\n<td>R600A<\/td>\n<td>R600A<\/td>\n<\/tr>\n<tr>\n<td>Potro\u0161nja energije<\/td>\n<td>155 W<\/td>\n<td>235 W<\/td>\n<\/tr>\n<tr>\n<td>Potro\u0161nja energije (24 sata)<\/td>\n<td>2,38 kWh<\/td>\n<td>2,96 kWh<\/td>\n<\/tr>\n<\/tbody>\n<\/table>\n<\/div>\n<\/div>\n<\/div>\n<\/div>","protected":false},"excerpt":{"rendered":"<p>The Saladette SF 901 and SF 903 TOP are high-quality static-fan assisted refrigerated benches, designed to meet the needs of professional kitchens, catering services, and restaurants. Built with a durable AISI 304 stainless steel body and inner liner, these units ensure maximum hygiene, easy cleaning, and long-lasting performance. Equipped with an electronic thermostat, the saladettes [&hellip;]<\/p>\n","protected":false},"featured_media":7328,"comment_status":"open","ping_status":"closed","template":"","meta":[],"product_brand":[],"product_cat":[51],"product_tag":[],"class_list":{"0":"post-7326","1":"product","2":"type-product","3":"status-publish","4":"has-post-thumbnail","6":"product_cat-kitchen-catering-cooling","8":"first","9":"instock","10":"shipping-taxable","11":"product-type-simple"},"_links":{"self":[{"href":"https:\/\/dersuessestopp.com\/hr\/wp-json\/wp\/v2\/product\/7326","targetHints":{"allow":["GET"]}}],"collection":[{"href":"https:\/\/dersuessestopp.com\/hr\/wp-json\/wp\/v2\/product"}],"about":[{"href":"https:\/\/dersuessestopp.com\/hr\/wp-json\/wp\/v2\/types\/product"}],"replies":[{"embeddable":true,"href":"https:\/\/dersuessestopp.com\/hr\/wp-json\/wp\/v2\/comments?post=7326"}],"version-history":[{"count":3,"href":"https:\/\/dersuessestopp.com\/hr\/wp-json\/wp\/v2\/product\/7326\/revisions"}],"predecessor-version":[{"id":11944,"href":"https:\/\/dersuessestopp.com\/hr\/wp-json\/wp\/v2\/product\/7326\/revisions\/11944"}],"wp:featuredmedia":[{"embeddable":true,"href":"https:\/\/dersuessestopp.com\/hr\/wp-json\/wp\/v2\/media\/7328"}],"wp:attachment":[{"href":"https:\/\/dersuessestopp.com\/hr\/wp-json\/wp\/v2\/media?parent=7326"}],"wp:term":[{"taxonomy":"product_brand","embeddable":true,"href":"https:\/\/dersuessestopp.com\/hr\/wp-json\/wp\/v2\/product_brand?post=7326"},{"taxonomy":"product_cat","embeddable":true,"href":"https:\/\/dersuessestopp.com\/hr\/wp-json\/wp\/v2\/product_cat?post=7326"},{"taxonomy":"product_tag","embeddable":true,"href":"https:\/\/dersuessestopp.com\/hr\/wp-json\/wp\/v2\/product_tag?post=7326"}],"curies":[{"name":"wp","href":"https:\/\/api.w.org\/{rel}","templated":true}]}}