{"id":7321,"date":"2025-09-01T06:48:59","date_gmt":"2025-09-01T06:48:59","guid":{"rendered":"https:\/\/dersuessestopp.com\/?post_type=product&#038;p=7321"},"modified":"2025-10-08T23:15:23","modified_gmt":"2025-10-08T23:15:23","slug":"saladette-sf-903-pz","status":"publish","type":"product","link":"https:\/\/dersuessestopp.com\/hr\/product\/saladette-sf-903-pz\/","title":{"rendered":"SALADETTE SF 903 PZ"},"content":{"rendered":"<p data-start=\"219\" data-end=\"635\"><img decoding=\"async\" src=\"https:\/\/customer.klimaitalia.it\/api\/file\/image\/6839\" \/><\/p>\n<p data-start=\"219\" data-end=\"635\">The <strong data-start=\"223\" data-end=\"246\">SALADETTE SF 903 PZ<\/strong> je profesionalna rashladna klupa za pizzu dizajnirana za visokou\u010dinkovite ugostiteljske objekte. U potpunosti izgra\u0111ena u <strong data-start=\"361\" data-end=\"389\">Nehr\u0111aju\u0107i \u010delik AISI 304<\/strong>, kako iznutra tako i izvana, osigurava higijenu, trajnost i otpornost na koroziju. Opremljen s <strong data-start=\"493\" data-end=\"512\">granitna radna plo\u010da<\/strong>, ovaj ure\u0111aj pru\u017ea idealnu povr\u0161inu za pripremu pizze, a istovremeno odr\u017eava sastojke svje\u017eima unutar rashladnog dna.<\/p>\n<p data-start=\"637\" data-end=\"988\">Zahvaljuju\u0107i svojoj <strong data-start=\"651\" data-end=\"689\">sustav hla\u0111enja uz pomo\u0107 stati\u010dkog ventilatora<\/strong>, oja\u010dana struktura i opcionalno <strong data-start=\"726\" data-end=\"760\">Smart Link WiFi daljinski upravlja\u010d<\/strong>, serija SALADETTE jam\u010di u\u010dinkovitost i pouzdanost. Model dolazi s <strong data-start=\"843\" data-end=\"881\">automatsko odmrzavanje kompresorskog ciklusa<\/strong>, vrata s mekim zatvaranjem i podesive no\u017eice za stabilnost, \u0161to ga \u010dini neizostavnim u profesionalnim pizzerijama.<\/p>\n<h2 data-start=\"1462\" data-end=\"1483\"><strong data-start=\"1465\" data-end=\"1483\">Pregled modela<\/strong><\/h2>\n<div class=\"_tableContainer_1rjym_1\">\n<div class=\"_tableWrapper_1rjym_13 group flex w-fit flex-col-reverse\">\n<table>\n<thead>\n<tr>\n<th>Model<\/th>\n<th>Opis<\/th>\n<th>Hla\u0111enje<\/th>\n<th>Raspon temperature<\/th>\n<th>Radna plo\u010da<\/th>\n<\/tr>\n<\/thead>\n<tbody>\n<tr>\n<td><strong>SF 903 PZ<\/strong><\/td>\n<td>Stol za pizzu s potpomognutim stati\u010dkim ventilatorom<\/td>\n<td>Stati\u010dki<\/td>\n<td>+2 \u00b0C \/ +8 \u00b0C<\/td>\n<td>Granit<\/td>\n<\/tr>\n<tr>\n<td><strong>PZF 02 C<\/strong><\/td>\n<td>Ventilirana klupa za pizzu s ladicama<\/td>\n<td>Ventilirano<\/td>\n<td>+2 \u00b0C \/ +8 \u00b0C<\/td>\n<td>Granit<\/td>\n<\/tr>\n<tr>\n<td><strong>PZF 03<\/strong><\/td>\n<td>Ventilirana klupa za pizzu<\/td>\n<td>Ventilirano<\/td>\n<td>+2 \u00b0C \/ +8 \u00b0C<\/td>\n<td>Granit<\/td>\n<\/tr>\n<\/tbody>\n<\/table>\n<h2 data-start=\"1867\" data-end=\"1884\"><strong data-start=\"1870\" data-end=\"1884\">Dimenzije<\/strong><\/h2>\n<div class=\"_tableContainer_1rjym_1\">\n<div class=\"_tableWrapper_1rjym_13 group flex w-fit flex-col-reverse\">\n<table>\n<thead>\n<tr>\n<th>Specifikacija<\/th>\n<th>SF 903 PZ<\/th>\n<th>PZF 02 C<\/th>\n<th>PZF 03<\/th>\n<\/tr>\n<\/thead>\n<tbody>\n<tr>\n<td><strong>Vanjske dimenzije (\u0160xDxV)<\/strong><\/td>\n<td>1400 x 700 x 1010 mm*<\/td>\n<td>2025 x 800 x 1000 mm*<\/td>\n<td>2020 x 800 x 1000 mm*<\/td>\n<\/tr>\n<tr>\n<td><strong>Dimenzije pakiranja (\u0160xDxV)<\/strong><\/td>\n<td>1430 x 730 x 1264 mm<\/td>\n<td>2055 x 830 x 1050 mm<\/td>\n<td>2050 x 830 x 1050 mm<\/td>\n<\/tr>\n<tr>\n<td><strong>\u0160irina (A)<\/strong><\/td>\n<td>1295 mm<\/td>\n<td>945 mm<\/td>\n<td>1455 mm<\/td>\n<\/tr>\n<tr>\n<td><strong>Dubina (B)<\/strong><\/td>\n<td>595 mm<\/td>\n<td>680 mm<\/td>\n<td>680 mm<\/td>\n<\/tr>\n<tr>\n<td><strong>Visina (C)<\/strong><\/td>\n<td>456 mm<\/td>\n<td>564 mm<\/td>\n<td>564 mm<\/td>\n<\/tr>\n<tr>\n<td><strong>Ukupna visina sa stopama<\/strong><\/td>\n<td>1010 mm<\/td>\n<td>1000 mm<\/td>\n<td>1000 mm<\/td>\n<\/tr>\n<\/tbody>\n<\/table>\n<h2 data-start=\"2461\" data-end=\"2486\"><strong data-start=\"2464\" data-end=\"2486\">Tehni\u010dke zna\u010dajke<\/strong><\/h2>\n<div class=\"_tableContainer_1rjym_1\">\n<div class=\"_tableWrapper_1rjym_13 group flex w-fit flex-col-reverse\">\n<table>\n<thead>\n<tr>\n<th>Zna\u010dajka<\/th>\n<th>SF 903 PZ<\/th>\n<th>PZF 02 C<\/th>\n<th>PZF 03<\/th>\n<\/tr>\n<\/thead>\n<tbody>\n<tr>\n<td><strong>Raspon temperature<\/strong><\/td>\n<td>+2 \u00b0C \/ +8 \u00b0C<\/td>\n<td>+2 \u00b0C \/ +8 \u00b0C<\/td>\n<td>+2 \u00b0C \/ +8 \u00b0C<\/td>\n<\/tr>\n<tr>\n<td><strong>Klimatski razred<\/strong><\/td>\n<td>4<\/td>\n<td>5<\/td>\n<td>5<\/td>\n<\/tr>\n<tr>\n<td><strong>Neto bruto volumen<\/strong><\/td>\n<td>251 \/ 400 L<\/td>\n<td>266 \/ 428 L<\/td>\n<td>406 \/ 635 L<\/td>\n<\/tr>\n<tr>\n<td><strong>Vanjsko tijelo<\/strong><\/td>\n<td>Nehr\u0111aju\u0107i \u010delik AISI 304<\/td>\n<td>Nehr\u0111aju\u0107i \u010delik<\/td>\n<td>Nehr\u0111aju\u0107i \u010delik<\/td>\n<\/tr>\n<tr>\n<td><strong>Unutarnja obloga<\/strong><\/td>\n<td>Nehr\u0111aju\u0107i \u010delik AISI 304<\/td>\n<td>Nehr\u0111aju\u0107i \u010delik<\/td>\n<td>Nehr\u0111aju\u0107i \u010delik<\/td>\n<\/tr>\n<tr>\n<td><strong>Termostat<\/strong><\/td>\n<td>Elektronika<\/td>\n<td>Elektronika<\/td>\n<td>Elektronika<\/td>\n<\/tr>\n<tr>\n<td><strong>Razina buke<\/strong><\/td>\n<td>42 dB<\/td>\n<td>42 dB<\/td>\n<td>42 dB<\/td>\n<\/tr>\n<tr>\n<td><strong>Pametna veza WiFi<\/strong><\/td>\n<td>Izborno<\/td>\n<td>Izborno<\/td>\n<td>Izborno<\/td>\n<\/tr>\n<tr>\n<td><strong>Debljina izolacije<\/strong><\/td>\n<td>35 mm<\/td>\n<td>60 mm<\/td>\n<td>60 mm<\/td>\n<\/tr>\n<tr>\n<td><strong>Odmrzavanje<\/strong><\/td>\n<td>Automatski \u2013 ciklus kompresora<\/td>\n<td>Automatski \u2013 elektri\u010dni grija\u010d<\/td>\n<td>Automatski \u2013 elektri\u010dni grija\u010d<\/td>\n<\/tr>\n<tr>\n<td><strong>Police<\/strong><\/td>\n<td>3 \u00d7 335 \u00d7 530 mm + 3 \u00d7 323 \u00d7 570 mm<\/td>\n<td>2 \u00d7 465 \u00d7 605 mm (dolje)<\/td>\n<td>3 \u00d7 465 \u00d7 605 mm (dolje)<\/td>\n<\/tr>\n<tr>\n<td><strong>Vrata<\/strong><\/td>\n<td>Meko zatvaranje<\/td>\n<td>Meko zatvaranje<\/td>\n<td>Meko zatvaranje<\/td>\n<\/tr>\n<tr>\n<td><strong>Ladice<\/strong><\/td>\n<td>\u2013<\/td>\n<td>7 \u00d7 400x630x70 mm<\/td>\n<td>\u2013<\/td>\n<\/tr>\n<tr>\n<td><strong>Stopala<\/strong><\/td>\n<td>4 podesiva (25\u201333 mm)<\/td>\n<td>8 podesivih (110\u2013170 mm)<\/td>\n<td>6 podesivih (110\u2013170 mm)<\/td>\n<\/tr>\n<tr>\n<td><strong>Kota\u010di\u0107i<\/strong><\/td>\n<td>Opcionalno v 140 mm<\/td>\n<td>Opcionalno v 140 mm<\/td>\n<td>Opcionalno v 140 mm<\/td>\n<\/tr>\n<tr>\n<td><strong>Radna plo\u010da<\/strong><\/td>\n<td>Granit, 25 mm<\/td>\n<td>Granit, 25 mm<\/td>\n<td>Granit, 25 mm<\/td>\n<\/tr>\n<tr>\n<td><strong>Neto-bruto te\u017eina<\/strong><\/td>\n<td>170 \/ 190 kg<\/td>\n<td>362 \/ 380 kg<\/td>\n<td>320 \/ 340 kg<\/td>\n<\/tr>\n<tr>\n<td><strong>Napon<\/strong><\/td>\n<td>220\u2013240 V<\/td>\n<td>220\u2013240 V<\/td>\n<td>220\u2013240 V<\/td>\n<\/tr>\n<tr>\n<td><strong>Frekvencija<\/strong><\/td>\n<td>50 Hz<\/td>\n<td>50 Hz<\/td>\n<td>50 Hz<\/td>\n<\/tr>\n<tr>\n<td><strong>Rashladno sredstvo<\/strong><\/td>\n<td>R600A<\/td>\n<td>R600A<\/td>\n<td>R600A<\/td>\n<\/tr>\n<tr>\n<td><strong>Apsorpcija<\/strong><\/td>\n<td>235 W<\/td>\n<td>300 W<\/td>\n<td>300 W<\/td>\n<\/tr>\n<tr>\n<td><strong>Potro\u0161nja energije (24 sata)<\/strong><\/td>\n<td>2,96 kWh<\/td>\n<td>2,17 kWh<\/td>\n<td>3,20 kWh<\/td>\n<\/tr>\n<\/tbody>\n<\/table>\n<\/div>\n<\/div>\n<\/div>\n<\/div>\n<\/div>\n<\/div>","protected":false},"excerpt":{"rendered":"<p>The SALADETTE SF 903 PZ is a professional refrigerated pizza bench designed for high-performance catering environments. Built entirely in AISI 304 stainless steel, both inside and outside, it ensures hygiene, durability, and resistance to corrosion. Equipped with a granite worktop, this unit provides an ideal surface for pizza preparation while keeping ingredients fresh within the [&hellip;]<\/p>\n","protected":false},"featured_media":7322,"comment_status":"open","ping_status":"closed","template":"","meta":[],"product_brand":[],"product_cat":[51],"product_tag":[],"class_list":{"0":"post-7321","1":"product","2":"type-product","3":"status-publish","4":"has-post-thumbnail","6":"product_cat-kitchen-catering-cooling","8":"first","9":"instock","10":"shipping-taxable","11":"product-type-simple"},"_links":{"self":[{"href":"https:\/\/dersuessestopp.com\/hr\/wp-json\/wp\/v2\/product\/7321","targetHints":{"allow":["GET"]}}],"collection":[{"href":"https:\/\/dersuessestopp.com\/hr\/wp-json\/wp\/v2\/product"}],"about":[{"href":"https:\/\/dersuessestopp.com\/hr\/wp-json\/wp\/v2\/types\/product"}],"replies":[{"embeddable":true,"href":"https:\/\/dersuessestopp.com\/hr\/wp-json\/wp\/v2\/comments?post=7321"}],"version-history":[{"count":4,"href":"https:\/\/dersuessestopp.com\/hr\/wp-json\/wp\/v2\/product\/7321\/revisions"}],"predecessor-version":[{"id":11943,"href":"https:\/\/dersuessestopp.com\/hr\/wp-json\/wp\/v2\/product\/7321\/revisions\/11943"}],"wp:featuredmedia":[{"embeddable":true,"href":"https:\/\/dersuessestopp.com\/hr\/wp-json\/wp\/v2\/media\/7322"}],"wp:attachment":[{"href":"https:\/\/dersuessestopp.com\/hr\/wp-json\/wp\/v2\/media?parent=7321"}],"wp:term":[{"taxonomy":"product_brand","embeddable":true,"href":"https:\/\/dersuessestopp.com\/hr\/wp-json\/wp\/v2\/product_brand?post=7321"},{"taxonomy":"product_cat","embeddable":true,"href":"https:\/\/dersuessestopp.com\/hr\/wp-json\/wp\/v2\/product_cat?post=7321"},{"taxonomy":"product_tag","embeddable":true,"href":"https:\/\/dersuessestopp.com\/hr\/wp-json\/wp\/v2\/product_tag?post=7321"}],"curies":[{"name":"wp","href":"https:\/\/api.w.org\/{rel}","templated":true}]}}