{"id":7311,"date":"2025-09-01T06:44:01","date_gmt":"2025-09-01T06:44:01","guid":{"rendered":"https:\/\/dersuessestopp.com\/?post_type=product&#038;p=7311"},"modified":"2025-10-09T02:31:16","modified_gmt":"2025-10-09T02:31:16","slug":"gn-200-g-tn","status":"publish","type":"product","link":"https:\/\/dersuessestopp.com\/hr\/product\/gn-200-g-tn\/","title":{"rendered":"GN 200 G TN"},"content":{"rendered":"<p><img decoding=\"async\" src=\"https:\/\/customer.klimaitalia.it\/api\/file\/image\/3904\" \/><\/p>\n<p>The <strong data-start=\"284\" data-end=\"323\">Rashladni ormari serije GN 200<\/strong> su kompaktne, profesionalne jedinice dizajnirane za ugostiteljstvo, barove, restorane i ugostiteljske objekte. Dostupne u <strong data-start=\"445\" data-end=\"467\">puna vrata (PS TN)<\/strong> i <strong data-start=\"472\" data-end=\"499\">staklena vrata (G TN \/ BLK)<\/strong> U razli\u010ditim verzijama, ovi ormari\u0107i kombiniraju moderan dizajn s pouzdano\u0161\u0107u. S ugra\u0111enim ru\u010dkama, oja\u010danim policama, LED rasvjetom i opcionalnim WiFi Smart Link daljinskim upravlja\u010dem, nude prakti\u010dnost i stil. Ormari\u0107i imaju ventilator za ravnomjerno hla\u0111enje, osiguravaju\u0107i stabilno skladi\u0161tenje svje\u017eih proizvoda na pozitivnim temperaturama.<\/p>\n<h2 data-start=\"1476\" data-end=\"1493\"><strong data-start=\"1479\" data-end=\"1493\">Dimenzije<\/strong><\/h2>\n<div class=\"_tableContainer_1rjym_1\">\n<div class=\"_tableWrapper_1rjym_13 group flex w-fit flex-col-reverse\">\n<table>\n<thead>\n<tr>\n<th>Specifikacija<\/th>\n<th>GN 200 PS TN<\/th>\n<th>GN 200 G TN \/ BLK<\/th>\n<\/tr>\n<\/thead>\n<tbody>\n<tr>\n<td>Vanjske dimenzije (\u0160xDxV)<\/td>\n<td>600 x 625 x 850 mm<\/td>\n<td>600 x 625 x 850 mm<\/td>\n<\/tr>\n<tr>\n<td>Dimenzije pakiranja (\u0160xDxV)<\/td>\n<td>660 x 725 x 1000 mm<\/td>\n<td>660 x 725 x 1000 mm<\/td>\n<\/tr>\n<tr>\n<td>Unutarnja \u0161irina (A)<\/td>\n<td>457 mm<\/td>\n<td>457 mm<\/td>\n<\/tr>\n<tr>\n<td>Unutarnja dubina (B)<\/td>\n<td>474 mm<\/td>\n<td>474 mm<\/td>\n<\/tr>\n<tr>\n<td>Unutarnja visina (C)<\/td>\n<td>600 mm<\/td>\n<td>600 mm<\/td>\n<\/tr>\n<tr>\n<td>Minimalna dubina (D)<\/td>\n<td>264 mm<\/td>\n<td>264 mm<\/td>\n<\/tr>\n<tr>\n<td>Minimalna visina (E)<\/td>\n<td>390 mm<\/td>\n<td>390 mm<\/td>\n<\/tr>\n<\/tbody>\n<\/table>\n<h2 data-start=\"1962\" data-end=\"1987\"><strong data-start=\"1965\" data-end=\"1987\">Tehni\u010dke zna\u010dajke<\/strong><\/h2>\n<div class=\"_tableContainer_1rjym_1\">\n<div class=\"_tableWrapper_1rjym_13 group flex w-fit flex-col-reverse\">\n<table>\n<thead>\n<tr>\n<th>Zna\u010dajka<\/th>\n<th>GN 200 PS TN<\/th>\n<th>GN 200 G TN \/ BLK<\/th>\n<\/tr>\n<\/thead>\n<tbody>\n<tr>\n<td>Temperatura<\/td>\n<td>0\u00b0C do +10\u00b0C<\/td>\n<td>+2\u00b0C do +10\u00b0C<\/td>\n<\/tr>\n<tr>\n<td>Klimatski razred<\/td>\n<td>4<\/td>\n<td>4<\/td>\n<\/tr>\n<tr>\n<td>Kapacitet<\/td>\n<td>200 l<\/td>\n<td>200 l<\/td>\n<\/tr>\n<tr>\n<td>Vanjsko tijelo<\/td>\n<td>Prethodno obojeni \u010delik s antikorozivnom obradom<\/td>\n<td>Prethodno obojeni \u010delik s antikorozivnom obradom<\/td>\n<\/tr>\n<tr>\n<td>Unutarnja obloga<\/td>\n<td>ABS<\/td>\n<td>ABS<\/td>\n<\/tr>\n<tr>\n<td>Termostat<\/td>\n<td>Elektronika<\/td>\n<td>Elektronika<\/td>\n<\/tr>\n<tr>\n<td>Odmrzavanje<\/td>\n<td>Automatski<\/td>\n<td>Automatski<\/td>\n<\/tr>\n<tr>\n<td>Rasvjeta<\/td>\n<td>1 horizontalna LED dioda (6 W)<\/td>\n<td>2 vertikalne LED diode (6 W + 6 W)<\/td>\n<\/tr>\n<tr>\n<td>Vrata<\/td>\n<td>\u010cvrsti ABS<\/td>\n<td>Staklo<\/td>\n<\/tr>\n<tr>\n<td>Police<\/td>\n<td>2 kom (476 \u00d7 436 mm) + 1 kom (477 \u00d7 207 mm)<\/td>\n<td>2 kom (476 \u00d7 436 mm) + 1 kom (477 \u00d7 207 mm)<\/td>\n<\/tr>\n<tr>\n<td>Brava i klju\u010d<\/td>\n<td>Da<\/td>\n<td>Da<\/td>\n<\/tr>\n<tr>\n<td>Vrata s mogu\u0107no\u0161\u0107u otvaranja i zatvaranja<\/td>\n<td>Da<\/td>\n<td>Ne<\/td>\n<\/tr>\n<tr>\n<td>Razina buke<\/td>\n<td>43,8 dB<\/td>\n<td>38,6 dB<\/td>\n<\/tr>\n<tr>\n<td>Kota\u010di\u0107i\/No\u017eice<\/td>\n<td>2 noge + 2 kota\u010di\u0107a<\/td>\n<td>2 noge + 2 kota\u010di\u0107a<\/td>\n<\/tr>\n<tr>\n<td>Neto \/ Bruto te\u017eina<\/td>\n<td>40 \/ 43 kg<\/td>\n<td>41 \/ 45 kg<\/td>\n<\/tr>\n<tr>\n<td>Napon<\/td>\n<td>220-240 V<\/td>\n<td>220-240 V<\/td>\n<\/tr>\n<tr>\n<td>Frekvencija<\/td>\n<td>50 Hz<\/td>\n<td>50 Hz<\/td>\n<\/tr>\n<tr>\n<td>Rashladno sredstvo<\/td>\n<td>R600A<\/td>\n<td>R600A<\/td>\n<\/tr>\n<tr>\n<td>Apsorpcija snage<\/td>\n<td>125 W<\/td>\n<td>157 Z<\/td>\n<\/tr>\n<tr>\n<td>Potro\u0161nja energije<\/td>\n<td>1,25 kWh\/24 h<\/td>\n<td>1,96 kWh\/24 h<\/td>\n<\/tr>\n<\/tbody>\n<\/table>\n<\/div>\n<\/div>\n<\/div>\n<\/div>","protected":false},"excerpt":{"rendered":"<p>The GN 200 Series Refrigerated Cabinets are compact, professional-grade units designed for catering, bars, restaurants, and hospitality businesses. Available in solid door (PS TN) and glass door (G TN \/ BLK) versions, these cabinets combine modern design with reliability. With built-in handles, reinforced shelves, LED lighting, and optional WiFi Smart Link remote control, they offer [&hellip;]<\/p>\n","protected":false},"featured_media":7312,"comment_status":"open","ping_status":"closed","template":"","meta":[],"product_brand":[],"product_cat":[51],"product_tag":[],"class_list":{"0":"post-7311","1":"product","2":"type-product","3":"status-publish","4":"has-post-thumbnail","6":"product_cat-kitchen-catering-cooling","8":"first","9":"instock","10":"shipping-taxable","11":"product-type-simple"},"_links":{"self":[{"href":"https:\/\/dersuessestopp.com\/hr\/wp-json\/wp\/v2\/product\/7311","targetHints":{"allow":["GET"]}}],"collection":[{"href":"https:\/\/dersuessestopp.com\/hr\/wp-json\/wp\/v2\/product"}],"about":[{"href":"https:\/\/dersuessestopp.com\/hr\/wp-json\/wp\/v2\/types\/product"}],"replies":[{"embeddable":true,"href":"https:\/\/dersuessestopp.com\/hr\/wp-json\/wp\/v2\/comments?post=7311"}],"version-history":[{"count":3,"href":"https:\/\/dersuessestopp.com\/hr\/wp-json\/wp\/v2\/product\/7311\/revisions"}],"predecessor-version":[{"id":12195,"href":"https:\/\/dersuessestopp.com\/hr\/wp-json\/wp\/v2\/product\/7311\/revisions\/12195"}],"wp:featuredmedia":[{"embeddable":true,"href":"https:\/\/dersuessestopp.com\/hr\/wp-json\/wp\/v2\/media\/7312"}],"wp:attachment":[{"href":"https:\/\/dersuessestopp.com\/hr\/wp-json\/wp\/v2\/media?parent=7311"}],"wp:term":[{"taxonomy":"product_brand","embeddable":true,"href":"https:\/\/dersuessestopp.com\/hr\/wp-json\/wp\/v2\/product_brand?post=7311"},{"taxonomy":"product_cat","embeddable":true,"href":"https:\/\/dersuessestopp.com\/hr\/wp-json\/wp\/v2\/product_cat?post=7311"},{"taxonomy":"product_tag","embeddable":true,"href":"https:\/\/dersuessestopp.com\/hr\/wp-json\/wp\/v2\/product_tag?post=7311"}],"curies":[{"name":"wp","href":"https:\/\/api.w.org\/{rel}","templated":true}]}}