{"id":7307,"date":"2025-09-01T06:39:49","date_gmt":"2025-09-01T06:39:49","guid":{"rendered":"https:\/\/dersuessestopp.com\/?post_type=product&#038;p=7307"},"modified":"2025-10-09T02:30:26","modified_gmt":"2025-10-09T02:30:26","slug":"gn-200-ps-tn","status":"publish","type":"product","link":"https:\/\/dersuessestopp.com\/hr\/product\/gn-200-ps-tn\/","title":{"rendered":"GN 200 PS TN"},"content":{"rendered":"<p><img decoding=\"async\" src=\"https:\/\/customer.klimaitalia.it\/api\/file\/image\/3898\" \/><\/p>\n<p>Kompaktni i u\u010dinkoviti rashladni ormari dizajnirani za catering, barove i profesionalne kuhinje.<br data-start=\"351\" data-end=\"354\" \/>Uklju\u010duju\u0107i <strong data-start=\"364\" data-end=\"464\">ugra\u0111ene ru\u010dke, LED rasvjeta, oja\u010dane police i opcionalni Smart Link WiFi daljinski upravlja\u010d.<\/strong><\/p>\n<h2 data-start=\"471\" data-end=\"494\"><strong data-start=\"474\" data-end=\"494\">Dostupni modeli<\/strong><\/h2>\n<ul data-start=\"495\" data-end=\"784\">\n<li data-start=\"495\" data-end=\"588\">\n<p data-start=\"497\" data-end=\"588\"><strong data-start=\"497\" data-end=\"513\">GN 200 PS TN<\/strong> \u2013 Ormari\u0107 sa stati\u010dkim ventilatorom i punim ABS vratima, pozitivna temperatura.<\/p>\n<\/li>\n<li data-start=\"589\" data-end=\"677\">\n<p data-start=\"591\" data-end=\"677\"><strong data-start=\"591\" data-end=\"606\">GN 200 G TN<\/strong> \u2013 Ormari\u0107 sa stati\u010dkim ventilatorom i staklenim vratima, pozitivna temperatura.<\/p>\n<\/li>\n<li data-start=\"678\" data-end=\"784\">\n<p data-start=\"680\" data-end=\"784\"><strong data-start=\"680\" data-end=\"699\">GN 200 G TN BLK<\/strong> \u2013 Ormari\u0107 sa stati\u010dkim ventilatorom i staklenim vratima, crne boje, pozitivna temperatura.<\/p>\n<\/li>\n<\/ul>\n<h2 data-start=\"791\" data-end=\"808\"><strong data-start=\"794\" data-end=\"808\">Dimenzije<\/strong><\/h2>\n<div class=\"_tableContainer_1rjym_1\">\n<div class=\"_tableWrapper_1rjym_13 group flex w-fit flex-col-reverse\">\n<table>\n<thead>\n<tr>\n<th>Zna\u010dajka<\/th>\n<th>GN 200 PS TN<\/th>\n<th>GN 200 G TN \/ BLK<\/th>\n<\/tr>\n<\/thead>\n<tbody>\n<tr>\n<td>Vanjske dimenzije (\u0160xDxV)<\/td>\n<td>600 \u00d7 625 \u00d7 850 mm<\/td>\n<td>600 \u00d7 625 \u00d7 850 mm<\/td>\n<\/tr>\n<tr>\n<td>Dimenzije pakiranja (\u0160xDxV)<\/td>\n<td>660 \u00d7 725 \u00d7 1000 mm<\/td>\n<td>660 \u00d7 725 \u00d7 1000 mm<\/td>\n<\/tr>\n<tr>\n<td>\u0160irina (A)<\/td>\n<td>457 mm<\/td>\n<td>457 mm<\/td>\n<\/tr>\n<tr>\n<td>Dubina (B)<\/td>\n<td>474 mm<\/td>\n<td>474 mm<\/td>\n<\/tr>\n<tr>\n<td>Visina (C)<\/td>\n<td>600 mm<\/td>\n<td>600 mm<\/td>\n<\/tr>\n<tr>\n<td>Min. dubina (D)<\/td>\n<td>264 mm<\/td>\n<td>264 mm<\/td>\n<\/tr>\n<tr>\n<td>Min. visina (E)<\/td>\n<td>390 mm<\/td>\n<td>390 mm<\/td>\n<\/tr>\n<\/tbody>\n<\/table>\n<h2 data-start=\"1233\" data-end=\"1258\"><strong data-start=\"1236\" data-end=\"1258\">Tehni\u010dke zna\u010dajke<\/strong><\/h2>\n<div class=\"_tableContainer_1rjym_1\">\n<div class=\"_tableWrapper_1rjym_13 group flex w-fit flex-col-reverse\">\n<table>\n<thead>\n<tr>\n<th>Zna\u010dajka<\/th>\n<th>GN 200 PS TN<\/th>\n<th>GN 200 G TN \/ BLK<\/th>\n<\/tr>\n<\/thead>\n<tbody>\n<tr>\n<td>Raspon temperature<\/td>\n<td>0 \u00b0C \/ +10 \u00b0C<\/td>\n<td>+2 \u00b0C \/ +10 \u00b0C<\/td>\n<\/tr>\n<tr>\n<td>Klimatski razred<\/td>\n<td>4<\/td>\n<td>4<\/td>\n<\/tr>\n<tr>\n<td>Kapacitet<\/td>\n<td>200 l<\/td>\n<td>200 l<\/td>\n<\/tr>\n<tr>\n<td>Vanjsko tijelo<\/td>\n<td>Prethodno obojeni lim, antikorozivna za\u0161tita<\/td>\n<td>Prethodno obojeni lim, antikorozivna za\u0161tita<\/td>\n<\/tr>\n<tr>\n<td>Unutarnja obloga<\/td>\n<td>ABS<\/td>\n<td>ABS<\/td>\n<\/tr>\n<tr>\n<td>Termostat<\/td>\n<td>Elektronika<\/td>\n<td>Elektronika<\/td>\n<\/tr>\n<tr>\n<td>Razina buke<\/td>\n<td>43,8 dB<\/td>\n<td>38,6 dB<\/td>\n<\/tr>\n<tr>\n<td>Smart Link WiFi daljinski upravlja\u010d<\/td>\n<td>Izborno<\/td>\n<td>Izborno<\/td>\n<\/tr>\n<tr>\n<td>Debljina izolacije<\/td>\n<td>70 mm<\/td>\n<td>70 mm<\/td>\n<\/tr>\n<tr>\n<td>Odmrzavanje<\/td>\n<td>Automatski<\/td>\n<td>Automatski<\/td>\n<\/tr>\n<tr>\n<td>Rasvjeta<\/td>\n<td>1 \u00d7 6W horizontalna LED dioda<\/td>\n<td>2 \u00d7 6W vertikalna LED \u017earulja<\/td>\n<\/tr>\n<tr>\n<td>Samozatvaraju\u0107a vrata<\/td>\n<td>Da<\/td>\n<td>Da<\/td>\n<\/tr>\n<tr>\n<td>Brava i klju\u010d<\/td>\n<td>Da<\/td>\n<td>Da<\/td>\n<\/tr>\n<tr>\n<td>Vrata s mogu\u0107no\u0161\u0107u otvaranja i zatvaranja<\/td>\n<td>Da<\/td>\n<td>Ne<\/td>\n<\/tr>\n<tr>\n<td>Police<\/td>\n<td>2 \u00d7 476 \u00d7 436 mm + 1 \u00d7 477 \u00d7 207 mm<\/td>\n<td>2 \u00d7 476 \u00d7 436 mm + 1 \u00d7 477 \u00d7 207 mm<\/td>\n<\/tr>\n<tr>\n<td>Kota\u010di\u0107i i no\u017eice<\/td>\n<td>2 noge + 2 kota\u010di\u0107a<\/td>\n<td>2 noge + 2 kota\u010di\u0107a<\/td>\n<\/tr>\n<tr>\n<td>Vrsta vrata<\/td>\n<td>ABS (\u010dvrsti)<\/td>\n<td>Staklo<\/td>\n<\/tr>\n<tr>\n<td>Neto \/ Bruto te\u017eina<\/td>\n<td>40 \/ 43 kg<\/td>\n<td>41 \/ 45 kg<\/td>\n<\/tr>\n<tr>\n<td>Napon<\/td>\n<td>220\u2013240 V<\/td>\n<td>220\u2013240 V<\/td>\n<\/tr>\n<tr>\n<td>Frekvencija<\/td>\n<td>50 Hz<\/td>\n<td>50 Hz<\/td>\n<\/tr>\n<tr>\n<td>Rashladno sredstvo<\/td>\n<td>R600A<\/td>\n<td>R600A<\/td>\n<\/tr>\n<tr>\n<td>Apsorpcija snage<\/td>\n<td>125 W<\/td>\n<td>157 Z<\/td>\n<\/tr>\n<tr>\n<td>Potro\u0161nja energije<\/td>\n<td>1,25 kWh \/ 24 sata<\/td>\n<td>1,96 kWh \/ 24 sata<\/td>\n<\/tr>\n<\/tbody>\n<\/table>\n<\/div>\n<\/div>\n<\/div>\n<\/div>","protected":false},"excerpt":{"rendered":"<p>Compact and efficient refrigerated cabinets designed for catering, bars, and professional kitchens.Featuring built-in handles, LED lighting, reinforced shelves, and optional Smart Link WiFi remote control. Models Available GN 200 PS TN \u2013 Static-fan assisted cabinet with solid ABS door, positive temperature. GN 200 G TN \u2013 Static-fan assisted cabinet with glass door, positive temperature. GN [&hellip;]<\/p>\n","protected":false},"featured_media":7308,"comment_status":"open","ping_status":"closed","template":"","meta":[],"product_brand":[],"product_cat":[51],"product_tag":[],"class_list":{"0":"post-7307","1":"product","2":"type-product","3":"status-publish","4":"has-post-thumbnail","6":"product_cat-kitchen-catering-cooling","8":"first","9":"instock","10":"shipping-taxable","11":"product-type-simple"},"_links":{"self":[{"href":"https:\/\/dersuessestopp.com\/hr\/wp-json\/wp\/v2\/product\/7307","targetHints":{"allow":["GET"]}}],"collection":[{"href":"https:\/\/dersuessestopp.com\/hr\/wp-json\/wp\/v2\/product"}],"about":[{"href":"https:\/\/dersuessestopp.com\/hr\/wp-json\/wp\/v2\/types\/product"}],"replies":[{"embeddable":true,"href":"https:\/\/dersuessestopp.com\/hr\/wp-json\/wp\/v2\/comments?post=7307"}],"version-history":[{"count":2,"href":"https:\/\/dersuessestopp.com\/hr\/wp-json\/wp\/v2\/product\/7307\/revisions"}],"predecessor-version":[{"id":12191,"href":"https:\/\/dersuessestopp.com\/hr\/wp-json\/wp\/v2\/product\/7307\/revisions\/12191"}],"wp:featuredmedia":[{"embeddable":true,"href":"https:\/\/dersuessestopp.com\/hr\/wp-json\/wp\/v2\/media\/7308"}],"wp:attachment":[{"href":"https:\/\/dersuessestopp.com\/hr\/wp-json\/wp\/v2\/media?parent=7307"}],"wp:term":[{"taxonomy":"product_brand","embeddable":true,"href":"https:\/\/dersuessestopp.com\/hr\/wp-json\/wp\/v2\/product_brand?post=7307"},{"taxonomy":"product_cat","embeddable":true,"href":"https:\/\/dersuessestopp.com\/hr\/wp-json\/wp\/v2\/product_cat?post=7307"},{"taxonomy":"product_tag","embeddable":true,"href":"https:\/\/dersuessestopp.com\/hr\/wp-json\/wp\/v2\/product_tag?post=7307"}],"curies":[{"name":"wp","href":"https:\/\/api.w.org\/{rel}","templated":true}]}}