{"id":7302,"date":"2025-09-01T06:34:15","date_gmt":"2025-09-01T06:34:15","guid":{"rendered":"https:\/\/dersuessestopp.com\/?post_type=product&#038;p=7302"},"modified":"2025-10-08T23:11:12","modified_gmt":"2025-10-08T23:11:12","slug":"axf-1500-tn","status":"publish","type":"product","link":"https:\/\/dersuessestopp.com\/hr\/product\/axf-1500-tn\/","title":{"rendered":"AXF 1500 TN"},"content":{"rendered":"<p data-start=\"350\" data-end=\"677\"><img fetchpriority=\"high\" decoding=\"async\" class=\"alignnone size-full wp-image-11940\" src=\"https:\/\/dersuessestopp.com\/wp-content\/uploads\/2025\/09\/AXF-1500-TN-BT-Dettagli.jpg\" alt=\"\" width=\"2000\" height=\"600\" srcset=\"https:\/\/dersuessestopp.com\/wp-content\/uploads\/2025\/09\/AXF-1500-TN-BT-Dettagli.jpg 2000w, https:\/\/dersuessestopp.com\/wp-content\/uploads\/2025\/09\/AXF-1500-TN-BT-Dettagli-300x90.jpg 300w, https:\/\/dersuessestopp.com\/wp-content\/uploads\/2025\/09\/AXF-1500-TN-BT-Dettagli-1024x307.jpg 1024w, https:\/\/dersuessestopp.com\/wp-content\/uploads\/2025\/09\/AXF-1500-TN-BT-Dettagli-768x230.jpg 768w, https:\/\/dersuessestopp.com\/wp-content\/uploads\/2025\/09\/AXF-1500-TN-BT-Dettagli-1536x461.jpg 1536w, https:\/\/dersuessestopp.com\/wp-content\/uploads\/2025\/09\/AXF-1500-TN-BT-Dettagli-250x75.jpg 250w, https:\/\/dersuessestopp.com\/wp-content\/uploads\/2025\/09\/AXF-1500-TN-BT-Dettagli-600x180.jpg 600w\" sizes=\"(max-width: 2000px) 100vw, 2000px\" \/><\/p>\n<p data-start=\"350\" data-end=\"677\">\n<p data-start=\"350\" data-end=\"677\">The <strong data-start=\"354\" data-end=\"369\">AXF 1500 TN<\/strong> je visokou\u010dinkovit <strong data-start=\"392\" data-end=\"449\">Hladnja\u010da s dvostrukim vratima i pozitivnom temperaturom<\/strong> dizajnirano za profesionalne kuhinje, hotele, pekare i ugostiteljske usluge. Izgra\u0111eno u potpunosti u <strong data-start=\"545\" data-end=\"573\">Nehr\u0111aju\u0107i \u010delik AISI 304<\/strong> s <strong data-start=\"581\" data-end=\"611\">Debljina izolacije 60 mm<\/strong>, osigurava maksimalnu trajnost, higijenu i energetsku u\u010dinkovitost.<\/p>\n<p data-start=\"679\" data-end=\"1020\">Opremljen s <strong data-start=\"696\" data-end=\"721\">elektroni\u010dki termostat<\/strong>, <strong data-start=\"723\" data-end=\"766\">vrata s mekim zatvaranjem i ugra\u0111enom ru\u010dkom<\/strong>, <strong data-start=\"768\" data-end=\"784\">brava i klju\u010d<\/strong>, i <strong data-start=\"790\" data-end=\"818\">opcionalni Smart Link WiFi<\/strong> Za daljinski nadzor, AXF 1500 TN nudi pouzdanost i prakti\u010dnost. <strong data-start=\"898\" data-end=\"928\">ispariva\u010d montiran na strop<\/strong> i <strong data-start=\"933\" data-end=\"970\">automatski elektri\u010dni sustav odmrzavanja<\/strong> osiguravaju dosljedno hla\u0111enje i jednostavno odr\u017eavanje.<\/p>\n<h2 data-start=\"1652\" data-end=\"1681\">Tehni\u010dke specifikacije<\/h2>\n<table>\n<thead>\n<tr>\n<th>Zna\u010dajka<\/th>\n<th>AXF 1500 TN<\/th>\n<\/tr>\n<\/thead>\n<tbody>\n<tr>\n<td>Neto \/ Bruto volumen<\/td>\n<td>1056 \/ 1476 L<\/td>\n<\/tr>\n<tr>\n<td>Vanjske dimenzije (\u0160\u00d7D\u00d7V)<\/td>\n<td>1480 \u00d7 830 \u00d7 2010 mm*<\/td>\n<\/tr>\n<tr>\n<td>Dimenzije pakiranja (\u0160\u00d7D\u00d7V)<\/td>\n<td>1505 \u00d7 855 \u00d7 2070 mm<\/td>\n<\/tr>\n<tr>\n<td>A \u2013 \u0160irina<\/td>\n<td>1360 mm<\/td>\n<\/tr>\n<tr>\n<td>B \u2013 Dubina<\/td>\n<td>700 mm<\/td>\n<\/tr>\n<tr>\n<td>C \u2013 Visina<\/td>\n<td>1410 mm<\/td>\n<\/tr>\n<tr>\n<td>Neto \/ Bruto te\u017eina<\/td>\n<td>195 \/ 210 kg<\/td>\n<\/tr>\n<tr>\n<td>Debljina izolacije<\/td>\n<td>60 mm<\/td>\n<\/tr>\n<tr>\n<td>Police (\u0160xV)<\/td>\n<td>6 \u00d7 534 \u00d7 650 mm + 2 \u00d7 636 \u00d7 660 mm<\/td>\n<\/tr>\n<\/tbody>\n<\/table>\n<h3 data-start=\"2176\" data-end=\"2193\">Performanse<\/h3>\n<div class=\"_tableContainer_1rjym_1\">\n<div class=\"_tableWrapper_1rjym_13 group flex w-fit flex-col-reverse\">\n<table>\n<thead>\n<tr>\n<th>Zna\u010dajka<\/th>\n<th>AXF 1500 TN<\/th>\n<\/tr>\n<\/thead>\n<tbody>\n<tr>\n<td>Raspon temperature<\/td>\n<td>-2\u00b0C do +8\u00b0C<\/td>\n<\/tr>\n<tr>\n<td>Klimatski razred<\/td>\n<td>5 (tropski)<\/td>\n<\/tr>\n<tr>\n<td>Sustav hla\u0111enja<\/td>\n<td>Stropni ispariva\u010d<\/td>\n<\/tr>\n<tr>\n<td>Sustav za odmrzavanje<\/td>\n<td>Automatski s elektri\u010dnim grija\u010dem<\/td>\n<\/tr>\n<tr>\n<td>Razina buke<\/td>\n<td>52 dB<\/td>\n<\/tr>\n<tr>\n<td>Potro\u0161nja energije<\/td>\n<td>3,32 kWh\/24 h<\/td>\n<\/tr>\n<\/tbody>\n<\/table>\n<h3 data-start=\"2482\" data-end=\"2511\">Konstrukcija i zna\u010dajke<\/h3>\n<div class=\"_tableContainer_1rjym_1\">\n<div class=\"_tableWrapper_1rjym_13 group flex w-fit flex-col-reverse\">\n<table>\n<thead>\n<tr>\n<th>Zna\u010dajka<\/th>\n<th>AXF 1500 TN<\/th>\n<\/tr>\n<\/thead>\n<tbody>\n<tr>\n<td>Tijelo i unutarnja obloga<\/td>\n<td>Nehr\u0111aju\u0107i \u010delik AISI 304<\/td>\n<\/tr>\n<tr>\n<td>Vrsta vrata<\/td>\n<td>Dvostruka vrata, meko zatvaranje, integrirana ru\u010dka<\/td>\n<\/tr>\n<tr>\n<td>Brava i klju\u010d<\/td>\n<td>Da<\/td>\n<\/tr>\n<tr>\n<td>Rasvjeta<\/td>\n<td>LED 220V \/ 0,6W<\/td>\n<\/tr>\n<tr>\n<td>Pametna veza WiFi<\/td>\n<td>Izborno<\/td>\n<\/tr>\n<tr>\n<td>No\u017eice \/ Kota\u010di\u0107i<\/td>\n<td>4 podesive no\u017eice (110\u2013170 mm) \/ opcionalni kota\u010di\u0107i (140 mm)<\/td>\n<\/tr>\n<\/tbody>\n<\/table>\n<h3 data-start=\"2846\" data-end=\"2862\">Elektri\u010dni<\/h3>\n<div class=\"_tableContainer_1rjym_1\">\n<div class=\"_tableWrapper_1rjym_13 group flex w-fit flex-col-reverse\">\n<table>\n<thead>\n<tr>\n<th>Zna\u010dajka<\/th>\n<th>AXF 1500 TN<\/th>\n<\/tr>\n<\/thead>\n<tbody>\n<tr>\n<td>Napon \/ Frekvencija<\/td>\n<td>220\u2013240 V \/ 50 Hz<\/td>\n<\/tr>\n<tr>\n<td>Apsorpcija snage<\/td>\n<td>320 W<\/td>\n<\/tr>\n<tr>\n<td>Rashladno sredstvo<\/td>\n<td>290 kuna<\/td>\n<\/tr>\n<\/tbody>\n<\/table>\n<\/div>\n<\/div>\n<\/div>\n<\/div>\n<\/div>\n<\/div>","protected":false},"excerpt":{"rendered":"<p>The AXF 1500 TN is a high-performance positive temperature double-door refrigerated cabinet designed for professional kitchens, hotels, bakeries, and catering services. Built entirely in AISI 304 stainless steel with a 60 mm insulation thickness, it ensures maximum durability, hygiene, and energy efficiency. Equipped with an electronic thermostat, soft-closing doors with built-in handle, lock and key, [&hellip;]<\/p>\n","protected":false},"featured_media":7303,"comment_status":"open","ping_status":"closed","template":"","meta":[],"product_brand":[],"product_cat":[51],"product_tag":[],"class_list":{"0":"post-7302","1":"product","2":"type-product","3":"status-publish","4":"has-post-thumbnail","6":"product_cat-kitchen-catering-cooling","8":"first","9":"instock","10":"shipping-taxable","11":"product-type-simple"},"_links":{"self":[{"href":"https:\/\/dersuessestopp.com\/hr\/wp-json\/wp\/v2\/product\/7302","targetHints":{"allow":["GET"]}}],"collection":[{"href":"https:\/\/dersuessestopp.com\/hr\/wp-json\/wp\/v2\/product"}],"about":[{"href":"https:\/\/dersuessestopp.com\/hr\/wp-json\/wp\/v2\/types\/product"}],"replies":[{"embeddable":true,"href":"https:\/\/dersuessestopp.com\/hr\/wp-json\/wp\/v2\/comments?post=7302"}],"version-history":[{"count":4,"href":"https:\/\/dersuessestopp.com\/hr\/wp-json\/wp\/v2\/product\/7302\/revisions"}],"predecessor-version":[{"id":11941,"href":"https:\/\/dersuessestopp.com\/hr\/wp-json\/wp\/v2\/product\/7302\/revisions\/11941"}],"wp:featuredmedia":[{"embeddable":true,"href":"https:\/\/dersuessestopp.com\/hr\/wp-json\/wp\/v2\/media\/7303"}],"wp:attachment":[{"href":"https:\/\/dersuessestopp.com\/hr\/wp-json\/wp\/v2\/media?parent=7302"}],"wp:term":[{"taxonomy":"product_brand","embeddable":true,"href":"https:\/\/dersuessestopp.com\/hr\/wp-json\/wp\/v2\/product_brand?post=7302"},{"taxonomy":"product_cat","embeddable":true,"href":"https:\/\/dersuessestopp.com\/hr\/wp-json\/wp\/v2\/product_cat?post=7302"},{"taxonomy":"product_tag","embeddable":true,"href":"https:\/\/dersuessestopp.com\/hr\/wp-json\/wp\/v2\/product_tag?post=7302"}],"curies":[{"name":"wp","href":"https:\/\/api.w.org\/{rel}","templated":true}]}}