{"id":7297,"date":"2025-09-01T06:30:51","date_gmt":"2025-09-01T06:30:51","guid":{"rendered":"https:\/\/dersuessestopp.com\/?post_type=product&#038;p=7297"},"modified":"2025-10-08T23:03:47","modified_gmt":"2025-10-08T23:03:47","slug":"axf-800-tn","status":"publish","type":"product","link":"https:\/\/dersuessestopp.com\/hr\/product\/axf-800-tn\/","title":{"rendered":"AXF 800 TN"},"content":{"rendered":"<p data-start=\"344\" data-end=\"689\"><img fetchpriority=\"high\" decoding=\"async\" class=\"alignnone size-full wp-image-11937\" src=\"https:\/\/dersuessestopp.com\/wp-content\/uploads\/2025\/09\/AXF-800-TN_BT-Dettagli.jpg\" alt=\"\" width=\"2000\" height=\"600\" srcset=\"https:\/\/dersuessestopp.com\/wp-content\/uploads\/2025\/09\/AXF-800-TN_BT-Dettagli.jpg 2000w, https:\/\/dersuessestopp.com\/wp-content\/uploads\/2025\/09\/AXF-800-TN_BT-Dettagli-300x90.jpg 300w, https:\/\/dersuessestopp.com\/wp-content\/uploads\/2025\/09\/AXF-800-TN_BT-Dettagli-1024x307.jpg 1024w, https:\/\/dersuessestopp.com\/wp-content\/uploads\/2025\/09\/AXF-800-TN_BT-Dettagli-768x230.jpg 768w, https:\/\/dersuessestopp.com\/wp-content\/uploads\/2025\/09\/AXF-800-TN_BT-Dettagli-1536x461.jpg 1536w, https:\/\/dersuessestopp.com\/wp-content\/uploads\/2025\/09\/AXF-800-TN_BT-Dettagli-250x75.jpg 250w, https:\/\/dersuessestopp.com\/wp-content\/uploads\/2025\/09\/AXF-800-TN_BT-Dettagli-600x180.jpg 600w\" sizes=\"(max-width: 2000px) 100vw, 2000px\" \/><\/p>\n<p data-start=\"344\" data-end=\"689\">\n<p data-start=\"344\" data-end=\"689\">The <strong data-start=\"348\" data-end=\"362\">AXF 800 TN<\/strong> je vitrina od nehr\u0111aju\u0107eg \u010delika s pozitivnom temperaturom i ventilacijom, dizajnirana za pouzdanost i u\u010dinkovitost u zahtjevnim ugostiteljskim okru\u017eenjima. U potpunosti izgra\u0111ena u <strong data-start=\"518\" data-end=\"546\">Nehr\u0111aju\u0107i \u010delik AISI 304<\/strong>, s debelom izolacijom (103,5 mm) i naprednim elektroni\u010dkim upravljanjem, osigurava o\u010duvanje hrane u tropskim uvjetima (klimatska klasa 5).<\/p>\n<p data-start=\"691\" data-end=\"911\">Opremljen s <strong data-start=\"705\" data-end=\"735\">Smart Link WiFi (opcionalno)<\/strong> Za daljinski nadzor, LED rasvjetu i vrata s mekim zatvaranjem i klju\u010dem, AXF 800 TN je konstruiran kako bi kombinirao izdr\u017eljivost, higijenu i energetsku u\u010dinkovitost.<\/p>\n<h2 data-start=\"1474\" data-end=\"1503\">Tehni\u010dke specifikacije<\/h2>\n<table>\n<thead>\n<tr>\n<th>Zna\u010dajka<\/th>\n<th>AXF 800 TN<\/th>\n<\/tr>\n<\/thead>\n<tbody>\n<tr>\n<td>Neto \/ Bruto volumen<\/td>\n<td>408 \/ 560 L<\/td>\n<\/tr>\n<tr>\n<td>Vanjske dimenzije (\u0160\u00d7D\u00d7V)<\/td>\n<td>740 \u00d7 875 \u00d7 2090 mm*<\/td>\n<\/tr>\n<tr>\n<td>Dimenzije pakiranja (\u0160\u00d7D\u00d7V)<\/td>\n<td>760 \u00d7 905 \u00d7 2150 mm<\/td>\n<\/tr>\n<tr>\n<td>A \u2013 \u0160irina<\/td>\n<td>533 mm<\/td>\n<\/tr>\n<tr>\n<td>B \u2013 Dubina<\/td>\n<td>700 mm<\/td>\n<\/tr>\n<tr>\n<td>C \u2013 Visina<\/td>\n<td>1501 mm<\/td>\n<\/tr>\n<tr>\n<td>Neto \/ Bruto te\u017eina<\/td>\n<td>134 \/ 143 kg<\/td>\n<\/tr>\n<tr>\n<td>Debljina izolacije<\/td>\n<td>103,5 mm<\/td>\n<\/tr>\n<tr>\n<td>Police (\u0160xV)<\/td>\n<td>3 \u00d7 530 \u00d7 650 mm + 1 \u00d7 510 \u00d7 605 mm<\/td>\n<\/tr>\n<\/tbody>\n<\/table>\n<h3 data-start=\"2101\" data-end=\"2118\">Performanse<\/h3>\n<div class=\"_tableContainer_1rjym_1\">\n<div class=\"_tableWrapper_1rjym_13 group flex w-fit flex-col-reverse\">\n<table>\n<thead>\n<tr>\n<th>Zna\u010dajka<\/th>\n<th>AXF 800 TN<\/th>\n<\/tr>\n<\/thead>\n<tbody>\n<tr>\n<td>Raspon temperature<\/td>\n<td>-2\u00b0C do +8\u00b0C<\/td>\n<\/tr>\n<tr>\n<td>Klimatski razred<\/td>\n<td>5 (tropski)<\/td>\n<\/tr>\n<tr>\n<td>Sustav hla\u0111enja<\/td>\n<td>Stropni ispariva\u010d<\/td>\n<\/tr>\n<tr>\n<td>Sustav za odmrzavanje<\/td>\n<td>Automatski (ciklus kompresora)<\/td>\n<\/tr>\n<tr>\n<td>Razina buke<\/td>\n<td>38 dB<\/td>\n<\/tr>\n<tr>\n<td>Potro\u0161nja energije<\/td>\n<td>0,812 kWh\/24 h<\/td>\n<\/tr>\n<\/tbody>\n<\/table>\n<h3 data-start=\"2496\" data-end=\"2525\">Konstrukcija i zna\u010dajke<\/h3>\n<div class=\"_tableContainer_1rjym_1\">\n<div class=\"_tableWrapper_1rjym_13 group flex w-fit flex-col-reverse\">\n<table>\n<thead>\n<tr>\n<th>Zna\u010dajka<\/th>\n<th>AXF 800 TN<\/th>\n<\/tr>\n<\/thead>\n<tbody>\n<tr>\n<td>Tijelo i unutarnja obloga<\/td>\n<td>Nehr\u0111aju\u0107i \u010delik AISI 304<\/td>\n<\/tr>\n<tr>\n<td>Vrsta vrata<\/td>\n<td>Meko zatvaranje, reverzibilno<\/td>\n<\/tr>\n<tr>\n<td>Brava i klju\u010d<\/td>\n<td>Da<\/td>\n<\/tr>\n<tr>\n<td>Rasvjeta<\/td>\n<td>1 horizontalna LED dioda (12 V \/ 2,4 W)<\/td>\n<\/tr>\n<tr>\n<td>Pametna veza WiFi<\/td>\n<td>Izborno<\/td>\n<\/tr>\n<tr>\n<td>No\u017eice \/ Kota\u010di\u0107i<\/td>\n<td>4 podesive no\u017eice (110\u2013170 mm) \/ opcionalni kota\u010di\u0107i (140 mm)<\/td>\n<\/tr>\n<\/tbody>\n<\/table>\n<h3 data-start=\"2957\" data-end=\"2973\">Elektri\u010dni<\/h3>\n<div class=\"_tableContainer_1rjym_1\">\n<div class=\"_tableWrapper_1rjym_13 group flex w-fit flex-col-reverse\">\n<table>\n<thead>\n<tr>\n<th>Zna\u010dajka<\/th>\n<th>AXF 800 TN<\/th>\n<\/tr>\n<\/thead>\n<tbody>\n<tr>\n<td>Napon \/ Frekvencija<\/td>\n<td>220 V \/ 50 Hz<\/td>\n<\/tr>\n<tr>\n<td>Apsorpcija snage<\/td>\n<td>250 W<\/td>\n<\/tr>\n<tr>\n<td>Rashladno sredstvo<\/td>\n<td>R600A<\/td>\n<\/tr>\n<\/tbody>\n<\/table>\n<\/div>\n<\/div>\n<\/div>\n<\/div>\n<\/div>\n<\/div>","protected":false},"excerpt":{"rendered":"<p>The AXF 800 TN is a positive temperature ventilated stainless steel cabinet designed for reliability and efficiency in demanding catering environments. Built entirely in AISI 304 stainless steel, with thick insulation (103.5 mm) and advanced electronic control, it ensures food preservation under tropical conditions (Climate Class 5). Equipped with Smart Link WiFi (optional) for remote [&hellip;]<\/p>\n","protected":false},"featured_media":7298,"comment_status":"open","ping_status":"closed","template":"","meta":[],"product_brand":[],"product_cat":[51],"product_tag":[],"class_list":{"0":"post-7297","1":"product","2":"type-product","3":"status-publish","4":"has-post-thumbnail","6":"product_cat-kitchen-catering-cooling","8":"first","9":"instock","10":"shipping-taxable","11":"product-type-simple"},"_links":{"self":[{"href":"https:\/\/dersuessestopp.com\/hr\/wp-json\/wp\/v2\/product\/7297","targetHints":{"allow":["GET"]}}],"collection":[{"href":"https:\/\/dersuessestopp.com\/hr\/wp-json\/wp\/v2\/product"}],"about":[{"href":"https:\/\/dersuessestopp.com\/hr\/wp-json\/wp\/v2\/types\/product"}],"replies":[{"embeddable":true,"href":"https:\/\/dersuessestopp.com\/hr\/wp-json\/wp\/v2\/comments?post=7297"}],"version-history":[{"count":4,"href":"https:\/\/dersuessestopp.com\/hr\/wp-json\/wp\/v2\/product\/7297\/revisions"}],"predecessor-version":[{"id":11938,"href":"https:\/\/dersuessestopp.com\/hr\/wp-json\/wp\/v2\/product\/7297\/revisions\/11938"}],"wp:featuredmedia":[{"embeddable":true,"href":"https:\/\/dersuessestopp.com\/hr\/wp-json\/wp\/v2\/media\/7298"}],"wp:attachment":[{"href":"https:\/\/dersuessestopp.com\/hr\/wp-json\/wp\/v2\/media?parent=7297"}],"wp:term":[{"taxonomy":"product_brand","embeddable":true,"href":"https:\/\/dersuessestopp.com\/hr\/wp-json\/wp\/v2\/product_brand?post=7297"},{"taxonomy":"product_cat","embeddable":true,"href":"https:\/\/dersuessestopp.com\/hr\/wp-json\/wp\/v2\/product_cat?post=7297"},{"taxonomy":"product_tag","embeddable":true,"href":"https:\/\/dersuessestopp.com\/hr\/wp-json\/wp\/v2\/product_tag?post=7297"}],"curies":[{"name":"wp","href":"https:\/\/api.w.org\/{rel}","templated":true}]}}