{"id":7286,"date":"2025-09-01T06:22:10","date_gmt":"2025-09-01T06:22:10","guid":{"rendered":"https:\/\/dersuessestopp.com\/?post_type=product&#038;p=7286"},"modified":"2025-10-08T22:49:00","modified_gmt":"2025-10-08T22:49:00","slug":"sf-180-nehrdajuci-celik","status":"publish","type":"product","link":"https:\/\/dersuessestopp.com\/hr\/product\/sf-180-inox\/","title":{"rendered":"SF 180 INOX"},"content":{"rendered":"<p data-start=\"219\" data-end=\"525\"><img fetchpriority=\"high\" decoding=\"async\" class=\"alignnone size-full wp-image-11914\" src=\"https:\/\/dersuessestopp.com\/wp-content\/uploads\/2025\/09\/SF-180-INOX-Dettagli.jpg\" alt=\"\" width=\"2000\" height=\"600\" srcset=\"https:\/\/dersuessestopp.com\/wp-content\/uploads\/2025\/09\/SF-180-INOX-Dettagli.jpg 2000w, https:\/\/dersuessestopp.com\/wp-content\/uploads\/2025\/09\/SF-180-INOX-Dettagli-300x90.jpg 300w, https:\/\/dersuessestopp.com\/wp-content\/uploads\/2025\/09\/SF-180-INOX-Dettagli-1024x307.jpg 1024w, https:\/\/dersuessestopp.com\/wp-content\/uploads\/2025\/09\/SF-180-INOX-Dettagli-768x230.jpg 768w, https:\/\/dersuessestopp.com\/wp-content\/uploads\/2025\/09\/SF-180-INOX-Dettagli-1536x461.jpg 1536w, https:\/\/dersuessestopp.com\/wp-content\/uploads\/2025\/09\/SF-180-INOX-Dettagli-250x75.jpg 250w, https:\/\/dersuessestopp.com\/wp-content\/uploads\/2025\/09\/SF-180-INOX-Dettagli-600x180.jpg 600w\" sizes=\"(max-width: 2000px) 100vw, 2000px\" \/><\/p>\n<p data-start=\"219\" data-end=\"525\">\n<p data-start=\"219\" data-end=\"525\">The <strong data-start=\"223\" data-end=\"238\">SF 180 INOX<\/strong> je profesionalni ormar za pohranu posebno dizajniran za <strong data-start=\"299\" data-end=\"336\">konzerviranje sira i narezaka<\/strong>. Izra\u0111eno visokokvalitetno <strong data-start=\"362\" data-end=\"400\">Unutra\u0161njost od nehr\u0111aju\u0107eg \u010delika AISI 304<\/strong> i jedan <strong data-start=\"407\" data-end=\"453\">prethodno obojena vanjska strana obra\u0111ena antikorozivnom obradom<\/strong>, osigurava trajnost, higijenu i savr\u0161ene uvjete skladi\u0161tenja hrane.<\/p>\n<p data-start=\"527\" data-end=\"836\">Opremljen s <strong data-start=\"543\" data-end=\"582\">elektroni\u010dki termostat s dodirnim upravljanjem<\/strong>, <strong data-start=\"584\" data-end=\"612\">automatski sustav odmrzavanja<\/strong>, i <strong data-start=\"618\" data-end=\"651\">energetski u\u010dinkovita LED rasvjeta<\/strong>, jam\u010di jednostavnost kori\u0161tenja i optimalno o\u010duvanje prehrambenih proizvoda. Njegove vi\u0161estruke police i vise\u0107e \u0161ipke \u010dine ga idealnim i za ugostiteljske profesionalce i za gurmanske prehrambene tvrtke.<\/p>\n<h2 data-start=\"1358\" data-end=\"1375\"><strong data-start=\"1361\" data-end=\"1375\">Dimenzije<\/strong><\/h2>\n<div class=\"_tableContainer_1rjym_1\">\n<div class=\"_tableWrapper_1rjym_13 group flex w-fit flex-col-reverse\">\n<table>\n<thead>\n<tr>\n<th>Specifikacija<\/th>\n<th>SF 180 INOX<\/th>\n<\/tr>\n<\/thead>\n<tbody>\n<tr>\n<td>Vanjske dimenzije (\u0160xDxV)<\/td>\n<td>595 \u00d7 700 \u00d7 1804 mm<\/td>\n<\/tr>\n<tr>\n<td>Dimenzije pakiranja (\u0160xDxV)<\/td>\n<td>645 \u00d7 770 \u00d7 1996 mm<\/td>\n<\/tr>\n<tr>\n<td>\u0160irina (A)<\/td>\n<td>515 mm<\/td>\n<\/tr>\n<tr>\n<td>Dubina (B)<\/td>\n<td>540 mm<\/td>\n<\/tr>\n<tr>\n<td>Visina (C1)<\/td>\n<td>853 mm<\/td>\n<\/tr>\n<tr>\n<td>Visina (C2)<\/td>\n<td>695 mm<\/td>\n<\/tr>\n<tr>\n<td>Minimalna dubina (D)<\/td>\n<td>380 mm<\/td>\n<\/tr>\n<tr>\n<td>Minimalna visina (E)<\/td>\n<td>555 mm<\/td>\n<\/tr>\n<\/tbody>\n<\/table>\n<h2 data-start=\"1715\" data-end=\"1740\"><strong data-start=\"1718\" data-end=\"1740\">Tehni\u010dke zna\u010dajke<\/strong><\/h2>\n<div class=\"_tableContainer_1rjym_1\">\n<div class=\"_tableWrapper_1rjym_13 group flex w-fit flex-col-reverse\">\n<table>\n<thead>\n<tr>\n<th>Specifikacija<\/th>\n<th>SF 180 INOX<\/th>\n<\/tr>\n<\/thead>\n<tbody>\n<tr>\n<td>Raspon temperature<\/td>\n<td>0\u00b0C do +20\u00b0C<\/td>\n<\/tr>\n<tr>\n<td>Klimatski razred<\/td>\n<td>4<\/td>\n<\/tr>\n<tr>\n<td>Neto \/ Bruto volumen<\/td>\n<td>441 \/ 455 L<\/td>\n<\/tr>\n<tr>\n<td>Vanjska povr\u0161ina<\/td>\n<td>Prethodno obojeni lim s antikorozivnom obradom<\/td>\n<\/tr>\n<tr>\n<td>Unutarnja povr\u0161ina<\/td>\n<td>Nehr\u0111aju\u0107i \u010delik AISI 304<\/td>\n<\/tr>\n<tr>\n<td>Termostat<\/td>\n<td>Elektroni\u010dko upravljanje dodirom<\/td>\n<\/tr>\n<tr>\n<td>Razina buke<\/td>\n<td>44 dB<\/td>\n<\/tr>\n<tr>\n<td>Debljina izolacije<\/td>\n<td>55 mm<\/td>\n<\/tr>\n<tr>\n<td>Odmrzavanje<\/td>\n<td>Automatski<\/td>\n<\/tr>\n<tr>\n<td>Rasvjeta<\/td>\n<td>2 horizontalna LED svjetla (1 po odjeljku)<\/td>\n<\/tr>\n<tr>\n<td>Vrata<\/td>\n<td>Reverzibilno<\/td>\n<\/tr>\n<tr>\n<td>Sustav polica<\/td>\n<td>3 vje\u0161alice + 9 polica od nehr\u0111aju\u0107eg \u010delika (535 \u00d7 513 mm)<\/td>\n<\/tr>\n<tr>\n<td>No\u017eice \/ Kota\u010di\u0107i<\/td>\n<td>4 stope<\/td>\n<\/tr>\n<tr>\n<td>Neto \/ Bruto te\u017eina<\/td>\n<td>102 \/ 120 kg<\/td>\n<\/tr>\n<\/tbody>\n<\/table>\n<h2 data-start=\"2376\" data-end=\"2398\"><strong data-start=\"2379\" data-end=\"2398\">Elektri\u010dni podaci<\/strong><\/h2>\n<div class=\"_tableContainer_1rjym_1\">\n<div class=\"_tableWrapper_1rjym_13 group flex w-fit flex-col-reverse\">\n<table>\n<thead>\n<tr>\n<th>Specifikacija<\/th>\n<th>Vrijednost<\/th>\n<\/tr>\n<\/thead>\n<tbody>\n<tr>\n<td>Napon<\/td>\n<td>220 V<\/td>\n<\/tr>\n<tr>\n<td>Frekvencija<\/td>\n<td>50 Hz<\/td>\n<\/tr>\n<tr>\n<td>Rashladno sredstvo<\/td>\n<td>R600A<\/td>\n<\/tr>\n<tr>\n<td>Apsorpcija snage<\/td>\n<td>118 Z<\/td>\n<\/tr>\n<tr>\n<td>Potro\u0161nja energije<\/td>\n<td>0,46 kWh \/ 24 sata<\/td>\n<\/tr>\n<\/tbody>\n<\/table>\n<\/div>\n<\/div>\n<\/div>\n<\/div>\n<\/div>\n<\/div>\n<div class=\"_tableContainer_1rjym_1\">\n<div class=\"_tableWrapper_1rjym_13 group flex w-fit flex-col-reverse\"><\/div>\n<\/div>","protected":false},"excerpt":{"rendered":"<p>The SF 180 INOX is a professional storage cabinet designed specifically for cheese and cold cuts preservation. Built with high-quality AISI 304 stainless steel interiors and a pre-painted anticorrosion-treated exterior, it ensures durability, hygiene, and perfect food storage conditions. Equipped with a touch control electronic thermostat, automatic defrost system, and energy-efficient LED lighting, it guarantees [&hellip;]<\/p>\n","protected":false},"featured_media":7287,"comment_status":"open","ping_status":"closed","template":"","meta":[],"product_brand":[],"product_cat":[51],"product_tag":[],"class_list":{"0":"post-7286","1":"product","2":"type-product","3":"status-publish","4":"has-post-thumbnail","6":"product_cat-kitchen-catering-cooling","8":"first","9":"instock","10":"shipping-taxable","11":"product-type-simple"},"_links":{"self":[{"href":"https:\/\/dersuessestopp.com\/hr\/wp-json\/wp\/v2\/product\/7286","targetHints":{"allow":["GET"]}}],"collection":[{"href":"https:\/\/dersuessestopp.com\/hr\/wp-json\/wp\/v2\/product"}],"about":[{"href":"https:\/\/dersuessestopp.com\/hr\/wp-json\/wp\/v2\/types\/product"}],"replies":[{"embeddable":true,"href":"https:\/\/dersuessestopp.com\/hr\/wp-json\/wp\/v2\/comments?post=7286"}],"version-history":[{"count":5,"href":"https:\/\/dersuessestopp.com\/hr\/wp-json\/wp\/v2\/product\/7286\/revisions"}],"predecessor-version":[{"id":11916,"href":"https:\/\/dersuessestopp.com\/hr\/wp-json\/wp\/v2\/product\/7286\/revisions\/11916"}],"wp:featuredmedia":[{"embeddable":true,"href":"https:\/\/dersuessestopp.com\/hr\/wp-json\/wp\/v2\/media\/7287"}],"wp:attachment":[{"href":"https:\/\/dersuessestopp.com\/hr\/wp-json\/wp\/v2\/media?parent=7286"}],"wp:term":[{"taxonomy":"product_brand","embeddable":true,"href":"https:\/\/dersuessestopp.com\/hr\/wp-json\/wp\/v2\/product_brand?post=7286"},{"taxonomy":"product_cat","embeddable":true,"href":"https:\/\/dersuessestopp.com\/hr\/wp-json\/wp\/v2\/product_cat?post=7286"},{"taxonomy":"product_tag","embeddable":true,"href":"https:\/\/dersuessestopp.com\/hr\/wp-json\/wp\/v2\/product_tag?post=7286"}],"curies":[{"name":"wp","href":"https:\/\/api.w.org\/{rel}","templated":true}]}}