{"id":7281,"date":"2025-09-01T06:17:38","date_gmt":"2025-09-01T06:17:38","guid":{"rendered":"https:\/\/dersuessestopp.com\/?post_type=product&#038;p=7281"},"modified":"2025-09-01T06:17:38","modified_gmt":"2025-09-01T06:17:38","slug":"samo-125-l","status":"publish","type":"product","link":"https:\/\/dersuessestopp.com\/hr\/product\/sama-125-l\/","title":{"rendered":"SAMA 125 L"},"content":{"rendered":"<p data-start=\"190\" data-end=\"514\">The <strong data-start=\"194\" data-end=\"208\">SAMA 125 L<\/strong> je <strong data-start=\"214\" data-end=\"249\">ventilirani rashladni pult<\/strong> posebno dizajniran za <strong data-start=\"276\" data-end=\"336\">mesnice, delikatese, supermarketi i minimarketi<\/strong>. Nude\u0107i <strong data-start=\"349\" data-end=\"384\">ve\u0107a povr\u0161ina za izlaganje (0,9 m\u00b2)<\/strong> Za razliku od SAMA 95 L, savr\u0161en je za prezentaciju i konzerviranje svje\u017eeg mesa, delikatesnih proizvoda i narezaka. <strong data-start=\"493\" data-end=\"511\">0 \u00b0C do +10 \u00b0C<\/strong>.<\/p>\n<p data-start=\"516\" data-end=\"739\">Izgra\u0111eno s <strong data-start=\"529\" data-end=\"549\">robusna struktura<\/strong> u <strong data-start=\"553\" data-end=\"612\">prethodno obojeni lim s antikorozivnom obradom i staklom<\/strong>, i <strong data-start=\"621\" data-end=\"660\">Unutarnji spremnik od nehr\u0111aju\u0107eg \u010delika AISI 304<\/strong>, SAMA 125 L osigurava <strong data-start=\"685\" data-end=\"736\">maksimalna higijena, izdr\u017eljivost i elegantan dizajn<\/strong>.<\/p>\n<h2 data-start=\"1488\" data-end=\"1515\"><strong data-start=\"1491\" data-end=\"1515\">Standardni pribor<\/strong><\/h2>\n<ul data-start=\"1516\" data-end=\"1556\">\n<li data-start=\"1516\" data-end=\"1556\">\n<p data-start=\"1518\" data-end=\"1556\">No\u0107no zatvaranje s pleksiglas plo\u010dama<\/p>\n<\/li>\n<\/ul>\n<h2 data-start=\"1558\" data-end=\"1585\"><strong data-start=\"1561\" data-end=\"1585\">Dodatna oprema<\/strong><\/h2>\n<ul data-start=\"1586\" data-end=\"1804\">\n<li data-start=\"1586\" data-end=\"1610\">\n<p data-start=\"1588\" data-end=\"1610\">Komplet za monta\u017eu na pult<\/p>\n<\/li>\n<li data-start=\"1611\" data-end=\"1651\">\n<p data-start=\"1613\" data-end=\"1651\">Klizna daska za rezanje suhomesnatih proizvoda<\/p>\n<\/li>\n<li data-start=\"1652\" data-end=\"1674\">\n<p data-start=\"1654\" data-end=\"1674\">Nosa\u010d za vre\u0107ice<\/p>\n<\/li>\n<li data-start=\"1675\" data-end=\"1707\">\n<p data-start=\"1677\" data-end=\"1707\">Spremnik za ambala\u017eni materijal<\/p>\n<\/li>\n<li data-start=\"1708\" data-end=\"1724\">\n<p data-start=\"1710\" data-end=\"1724\">Dr\u017ea\u010d za no\u017e<\/p>\n<\/li>\n<li data-start=\"1725\" data-end=\"1750\">\n<p data-start=\"1727\" data-end=\"1750\">Dozator papirnatih ru\u010dnika<\/p>\n<\/li>\n<li data-start=\"1751\" data-end=\"1774\">\n<p data-start=\"1753\" data-end=\"1774\">Dr\u017ea\u010d za plasti\u010dni pladanj<\/p>\n<\/li>\n<li data-start=\"1775\" data-end=\"1804\">\n<p data-start=\"1777\" data-end=\"1804\">Kota\u010di\u0107i za lak\u0161e kretanje<\/p>\n<\/li>\n<\/ul>\n<h2 data-start=\"1811\" data-end=\"1855\"><strong data-start=\"1814\" data-end=\"1855\">Tehni\u010dke specifikacije \u2013 SAMA 125 L<\/strong><\/h2>\n<table>\n<thead>\n<tr>\n<th>Zna\u010dajka<\/th>\n<th>Specifikacija<\/th>\n<\/tr>\n<\/thead>\n<tbody>\n<tr>\n<td><strong>Raspon temperature<\/strong><\/td>\n<td>0 \u00b0C \/ +10 \u00b0C<\/td>\n<\/tr>\n<tr>\n<td><strong>Klimatski razred<\/strong><\/td>\n<td>3<\/td>\n<\/tr>\n<tr>\n<td><strong>Podru\u010dje prikaza<\/strong><\/td>\n<td>0,9 m\u00b2<\/td>\n<\/tr>\n<tr>\n<td><strong>Tijelo (vanjska povr\u0161ina)<\/strong><\/td>\n<td>Prethodno obojeni lim s antikorozivnom obradom + staklo<\/td>\n<\/tr>\n<tr>\n<td><strong>Unutarnja obloga<\/strong><\/td>\n<td>Nehr\u0111aju\u0107i \u010delik AISI 304<\/td>\n<\/tr>\n<tr>\n<td><strong>Termostat<\/strong><\/td>\n<td>Elektronika<\/td>\n<\/tr>\n<tr>\n<td><strong>Razina buke<\/strong><\/td>\n<td>55 dB<\/td>\n<\/tr>\n<tr>\n<td><strong>Pametna veza WiFi<\/strong><\/td>\n<td>Izborno<\/td>\n<\/tr>\n<tr>\n<td><strong>Debljina izolacije<\/strong><\/td>\n<td>60 mm<\/td>\n<\/tr>\n<tr>\n<td><strong>Odmrzavanje<\/strong><\/td>\n<td>Elektri\u010dni<\/td>\n<\/tr>\n<tr>\n<td><strong>Rasvjeta<\/strong><\/td>\n<td>2 horizontalne LED diode<\/td>\n<\/tr>\n<tr>\n<td><strong>Stopala<\/strong><\/td>\n<td>4<\/td>\n<\/tr>\n<tr>\n<td><strong>Kota\u010di\u0107i<\/strong><\/td>\n<td>Izborno<\/td>\n<\/tr>\n<tr>\n<td><strong>Neto \/ Bruto te\u017eina<\/strong><\/td>\n<td>150 \/ 190 kg<\/td>\n<\/tr>\n<tr>\n<td><strong>Napon \/ Frekvencija<\/strong><\/td>\n<td>220\u2013240 V \/ 50 Hz<\/td>\n<\/tr>\n<tr>\n<td><strong>Rashladno sredstvo<\/strong><\/td>\n<td>290 kuna<\/td>\n<\/tr>\n<tr>\n<td><strong>Apsorpcija snage<\/strong><\/td>\n<td>500 W<\/td>\n<\/tr>\n<tr>\n<td><strong>Potro\u0161nja energije<\/strong><\/td>\n<td>6,85 kWh \/ 24 sata<\/td>\n<\/tr>\n<\/tbody>\n<\/table>\n<h2 data-start=\"2585\" data-end=\"2615\"><strong data-start=\"2588\" data-end=\"2615\">Dimenzije \u2013 SAMA 125 L<\/strong><\/h2>\n<div class=\"_tableContainer_1rjym_1\">\n<div class=\"_tableWrapper_1rjym_13 group flex w-fit flex-col-reverse\">\n<table>\n<thead>\n<tr>\n<th>Mjerenje<\/th>\n<th>Vrijednost<\/th>\n<\/tr>\n<\/thead>\n<tbody>\n<tr>\n<td><strong>Vanjske dimenzije (\u0160xDxV)<\/strong><\/td>\n<td>1310 \u00d7 1000 \u00d7 1280 mm<\/td>\n<\/tr>\n<tr>\n<td><strong>Dimenzije pakiranja (\u0160xDxV)<\/strong><\/td>\n<td>1410 \u00d7 1100 \u00d7 1430 mm<\/td>\n<\/tr>\n<tr>\n<td><strong>\u0160irina \u0107elije za pohranu proizvoda<\/strong><\/td>\n<td>1200 mm<\/td>\n<\/tr>\n<\/tbody>\n<\/table>\n<\/div>\n<\/div>","protected":false},"excerpt":{"rendered":"<p>The SAMA 125 L is a ventilated refrigerated counter specifically designed for butcheries, delicatessens, supermarkets, and minimarkets. Offering a larger display surface (0.9 m\u00b2) than the SAMA 95 L, it is perfect for presenting and preserving fresh meat, deli products, and cold cuts at 0 \u00b0C to +10 \u00b0C. Built with a robust structure in [&hellip;]<\/p>\n","protected":false},"featured_media":7282,"comment_status":"open","ping_status":"closed","template":"","meta":[],"product_brand":[],"product_cat":[50],"product_tag":[],"class_list":{"0":"post-7281","1":"product","2":"type-product","3":"status-publish","4":"has-post-thumbnail","6":"product_cat-minimarket-supermarket-cooling","8":"first","9":"instock","10":"shipping-taxable","11":"product-type-simple"},"_links":{"self":[{"href":"https:\/\/dersuessestopp.com\/hr\/wp-json\/wp\/v2\/product\/7281","targetHints":{"allow":["GET"]}}],"collection":[{"href":"https:\/\/dersuessestopp.com\/hr\/wp-json\/wp\/v2\/product"}],"about":[{"href":"https:\/\/dersuessestopp.com\/hr\/wp-json\/wp\/v2\/types\/product"}],"replies":[{"embeddable":true,"href":"https:\/\/dersuessestopp.com\/hr\/wp-json\/wp\/v2\/comments?post=7281"}],"version-history":[{"count":2,"href":"https:\/\/dersuessestopp.com\/hr\/wp-json\/wp\/v2\/product\/7281\/revisions"}],"predecessor-version":[{"id":7285,"href":"https:\/\/dersuessestopp.com\/hr\/wp-json\/wp\/v2\/product\/7281\/revisions\/7285"}],"wp:featuredmedia":[{"embeddable":true,"href":"https:\/\/dersuessestopp.com\/hr\/wp-json\/wp\/v2\/media\/7282"}],"wp:attachment":[{"href":"https:\/\/dersuessestopp.com\/hr\/wp-json\/wp\/v2\/media?parent=7281"}],"wp:term":[{"taxonomy":"product_brand","embeddable":true,"href":"https:\/\/dersuessestopp.com\/hr\/wp-json\/wp\/v2\/product_brand?post=7281"},{"taxonomy":"product_cat","embeddable":true,"href":"https:\/\/dersuessestopp.com\/hr\/wp-json\/wp\/v2\/product_cat?post=7281"},{"taxonomy":"product_tag","embeddable":true,"href":"https:\/\/dersuessestopp.com\/hr\/wp-json\/wp\/v2\/product_tag?post=7281"}],"curies":[{"name":"wp","href":"https:\/\/api.w.org\/{rel}","templated":true}]}}