{"id":7269,"date":"2025-09-01T06:07:33","date_gmt":"2025-09-01T06:07:33","guid":{"rendered":"https:\/\/dersuessestopp.com\/?post_type=product&#038;p=7269"},"modified":"2025-09-01T06:10:19","modified_gmt":"2025-09-01T06:10:19","slug":"vizija-200","status":"publish","type":"product","link":"https:\/\/dersuessestopp.com\/hr\/product\/vision-200\/","title":{"rendered":"VIZIJA 200"},"content":{"rendered":"<p data-start=\"147\" data-end=\"410\">The <strong data-start=\"151\" data-end=\"165\">VIZIJA 200<\/strong> je <strong data-start=\"171\" data-end=\"258\">ventilirani vi\u0161ekatni hladnjak s tri staklene stranice i tri vrata bez okvira na \u0161arkama<\/strong>, dizajniran za <strong data-start=\"273\" data-end=\"326\">supermarketi, minimarketi i trgovine mje\u0161ovitom robom<\/strong> koji zahtijevaju hla\u0111enje velikog kapaciteta <strong data-start=\"373\" data-end=\"407\">rad na pozitivnoj temperaturi<\/strong>.<\/p>\n<p data-start=\"412\" data-end=\"723\">S <strong data-start=\"419\" data-end=\"459\">temperaturni raspon od +1 \u00b0C do +10 \u00b0C<\/strong>, osigurava sigurno skladi\u0161tenje svje\u017eih proizvoda uz o\u010duvanje <strong data-start=\"522\" data-end=\"546\">izvrsna vidljivost<\/strong> zahvaljuju\u0107i <strong data-start=\"561\" data-end=\"587\">dizajn stakla bez okvira<\/strong>. Izgra\u0111eno s <strong data-start=\"600\" data-end=\"652\">prethodno obojeni lim tretiran protiv korozije<\/strong>, VISION 200 kombinira izdr\u017eljivost, higijenu i modernu estetiku.<\/p>\n<h2 data-start=\"1474\" data-end=\"1518\"><strong data-start=\"1477\" data-end=\"1518\">Tehni\u010dke specifikacije \u2013 VISION 200<\/strong><\/h2>\n<div class=\"_tableContainer_1rjym_1\">\n<div class=\"_tableWrapper_1rjym_13 group flex w-fit flex-col-reverse\">\n<table>\n<thead>\n<tr>\n<th>Zna\u010dajka<\/th>\n<th>Specifikacija<\/th>\n<\/tr>\n<\/thead>\n<tbody>\n<tr>\n<td><strong>Raspon temperature<\/strong><\/td>\n<td>+1 \u00b0C \/ +10 \u00b0C<\/td>\n<\/tr>\n<tr>\n<td><strong>Klimatski razred<\/strong><\/td>\n<td>3<\/td>\n<\/tr>\n<tr>\n<td><strong>Neto \/ Bruto volumen<\/strong><\/td>\n<td>1147 L \/ 1939 L<\/td>\n<\/tr>\n<tr>\n<td><strong>Tijelo (vanjska povr\u0161ina)<\/strong><\/td>\n<td>Prethodno obojeni lim s antikorozivnom obradom<\/td>\n<\/tr>\n<tr>\n<td><strong>Unutarnja obloga<\/strong><\/td>\n<td>Prethodno obojeni lim s antikorozivnom obradom<\/td>\n<\/tr>\n<tr>\n<td><strong>Termostat<\/strong><\/td>\n<td>Elektronika<\/td>\n<\/tr>\n<tr>\n<td><strong>Razina buke<\/strong><\/td>\n<td>62 dB<\/td>\n<\/tr>\n<tr>\n<td><strong>Pametna veza WiFi<\/strong><\/td>\n<td>Izborno<\/td>\n<\/tr>\n<tr>\n<td><strong>Debljina izolacije<\/strong><\/td>\n<td>40 mm<\/td>\n<\/tr>\n<tr>\n<td><strong>Sustav za odmrzavanje<\/strong><\/td>\n<td>Automatski<\/td>\n<\/tr>\n<tr>\n<td><strong>Rasvjeta<\/strong><\/td>\n<td>LED<\/td>\n<\/tr>\n<tr>\n<td><strong>Police<\/strong><\/td>\n<td>10 polica (935 \u00d7 450 mm), podesive i nagibne<\/td>\n<\/tr>\n<tr>\n<td><strong>Stopala<\/strong><\/td>\n<td>6<\/td>\n<\/tr>\n<tr>\n<td><strong>Napon \/ Frekvencija<\/strong><\/td>\n<td>220\u2013240 V \/ 50 Hz<\/td>\n<\/tr>\n<tr>\n<td><strong>Rashladno sredstvo<\/strong><\/td>\n<td>290 kuna<\/td>\n<\/tr>\n<tr>\n<td><strong>Apsorpcija snage<\/strong><\/td>\n<td>980 W<\/td>\n<\/tr>\n<tr>\n<td><strong>Potro\u0161nja energije<\/strong><\/td>\n<td>8,13 kWh \/ 24 sata<\/td>\n<\/tr>\n<tr>\n<td><strong>Neto \/ Bruto te\u017eina<\/strong><\/td>\n<td>370 \/ 420 kg<\/td>\n<\/tr>\n<\/tbody>\n<\/table>\n<h2 data-start=\"2312\" data-end=\"2342\"><strong data-start=\"2315\" data-end=\"2342\">Dimenzije \u2013 VISION 200<\/strong><\/h2>\n<div class=\"_tableContainer_1rjym_1\">\n<div class=\"_tableWrapper_1rjym_13 group flex w-fit flex-col-reverse\">\n<table>\n<thead>\n<tr>\n<th>Mjerenje<\/th>\n<th>Vrijednost<\/th>\n<\/tr>\n<\/thead>\n<tbody>\n<tr>\n<td><strong>Vanjske dimenzije (\u0160xDxV)<\/strong><\/td>\n<td>1935 \u00d7 740 \u00d7 2010 mm<\/td>\n<\/tr>\n<tr>\n<td><strong>Dimenzije pakiranja (\u0160xDxV)<\/strong><\/td>\n<td>1965 \u00d7 767 \u00d7 2120 mm<\/td>\n<\/tr>\n<tr>\n<td><strong>Unutarnja \u0161irina (A)<\/strong><\/td>\n<td>1875 mm<\/td>\n<\/tr>\n<tr>\n<td><strong>Unutarnja dubina (B)<\/strong><\/td>\n<td>544 mm<\/td>\n<\/tr>\n<tr>\n<td><strong>Unutarnja visina (C)<\/strong><\/td>\n<td>1540 mm<\/td>\n<\/tr>\n<\/tbody>\n<\/table>\n<\/div>\n<\/div>\n<\/div>\n<\/div>","protected":false},"excerpt":{"rendered":"<p>The VISION 200 is a ventilated multideck cooler with three glass sides and three frameless hinged doors, designed for supermarkets, minimarkets, and convenience stores that require high-capacity refrigeration with positive temperature operation. With a temperature range of +1 \u00b0C to +10 \u00b0C, it ensures safe storage for fresh products while maintaining excellent visibility thanks to [&hellip;]<\/p>\n","protected":false},"featured_media":7270,"comment_status":"open","ping_status":"closed","template":"","meta":[],"product_brand":[],"product_cat":[50],"product_tag":[],"class_list":{"0":"post-7269","1":"product","2":"type-product","3":"status-publish","4":"has-post-thumbnail","6":"product_cat-minimarket-supermarket-cooling","8":"first","9":"instock","10":"shipping-taxable","11":"product-type-simple"},"_links":{"self":[{"href":"https:\/\/dersuessestopp.com\/hr\/wp-json\/wp\/v2\/product\/7269","targetHints":{"allow":["GET"]}}],"collection":[{"href":"https:\/\/dersuessestopp.com\/hr\/wp-json\/wp\/v2\/product"}],"about":[{"href":"https:\/\/dersuessestopp.com\/hr\/wp-json\/wp\/v2\/types\/product"}],"replies":[{"embeddable":true,"href":"https:\/\/dersuessestopp.com\/hr\/wp-json\/wp\/v2\/comments?post=7269"}],"version-history":[{"count":3,"href":"https:\/\/dersuessestopp.com\/hr\/wp-json\/wp\/v2\/product\/7269\/revisions"}],"predecessor-version":[{"id":7274,"href":"https:\/\/dersuessestopp.com\/hr\/wp-json\/wp\/v2\/product\/7269\/revisions\/7274"}],"wp:featuredmedia":[{"embeddable":true,"href":"https:\/\/dersuessestopp.com\/hr\/wp-json\/wp\/v2\/media\/7270"}],"wp:attachment":[{"href":"https:\/\/dersuessestopp.com\/hr\/wp-json\/wp\/v2\/media?parent=7269"}],"wp:term":[{"taxonomy":"product_brand","embeddable":true,"href":"https:\/\/dersuessestopp.com\/hr\/wp-json\/wp\/v2\/product_brand?post=7269"},{"taxonomy":"product_cat","embeddable":true,"href":"https:\/\/dersuessestopp.com\/hr\/wp-json\/wp\/v2\/product_cat?post=7269"},{"taxonomy":"product_tag","embeddable":true,"href":"https:\/\/dersuessestopp.com\/hr\/wp-json\/wp\/v2\/product_tag?post=7269"}],"curies":[{"name":"wp","href":"https:\/\/api.w.org\/{rel}","templated":true}]}}