{"id":7264,"date":"2025-09-01T06:06:01","date_gmt":"2025-09-01T06:06:01","guid":{"rendered":"https:\/\/dersuessestopp.com\/?post_type=product&#038;p=7264"},"modified":"2025-09-01T06:06:01","modified_gmt":"2025-09-01T06:06:01","slug":"vizija-150","status":"publish","type":"product","link":"https:\/\/dersuessestopp.com\/hr\/product\/vision-150\/","title":{"rendered":"VIZIJA 150"},"content":{"rendered":"<p data-start=\"189\" data-end=\"423\">The <strong data-start=\"193\" data-end=\"207\">VIZIJA 150<\/strong> je <strong data-start=\"213\" data-end=\"298\">ventilirani vi\u0161ekatni hladnjak s tri staklene stranice i dvoja vrata bez okvira na \u0161arkama<\/strong>, dizajniran za <strong data-start=\"313\" data-end=\"362\">supermarketi, minimarketi i maloprodajni objekti<\/strong> koji zahtijevaju pouzdane <strong data-start=\"382\" data-end=\"420\">hla\u0111enje na pozitivnoj temperaturi<\/strong>.<\/p>\n<p data-start=\"425\" data-end=\"741\">Djeluju\u0107i u <strong data-start=\"442\" data-end=\"461\">+1 \u00b0C do +10 \u00b0C<\/strong> raspon, osigurava <strong data-start=\"480\" data-end=\"522\">savr\u0161eno o\u010duvanje svje\u017eih proizvoda<\/strong> dok pru\u017ea <strong data-start=\"539\" data-end=\"561\">maksimalna vidljivost<\/strong> zahvaljuju\u0107i <strong data-start=\"576\" data-end=\"597\">dizajn s punim staklom<\/strong>. Izgra\u0111eno s <strong data-start=\"610\" data-end=\"662\">prethodno obojeni lim tretiran protiv korozije<\/strong> I iznutra i izvana, VISION 150 je izdr\u017eljiv, higijenski i jednostavan za \u010di\u0161\u0107enje.<\/p>\n<h2 data-start=\"1438\" data-end=\"1482\"><strong data-start=\"1441\" data-end=\"1482\">Tehni\u010dke specifikacije \u2013 VISION 150<\/strong><\/h2>\n<div class=\"_tableContainer_1rjym_1\">\n<div class=\"_tableWrapper_1rjym_13 group flex w-fit flex-col-reverse\">\n<table>\n<thead>\n<tr>\n<th>Zna\u010dajka<\/th>\n<th>Specifikacija<\/th>\n<\/tr>\n<\/thead>\n<tbody>\n<tr>\n<td><strong>Raspon temperature<\/strong><\/td>\n<td>+1 \u00b0C \/ +10 \u00b0C<\/td>\n<\/tr>\n<tr>\n<td><strong>Klimatski razred<\/strong><\/td>\n<td>3<\/td>\n<\/tr>\n<tr>\n<td><strong>Neto \/ Bruto volumen<\/strong><\/td>\n<td>764 l \/ 1292 l<\/td>\n<\/tr>\n<tr>\n<td><strong>Tijelo (vanjska povr\u0161ina)<\/strong><\/td>\n<td>Prethodno obojeni lim s antikorozivnom obradom<\/td>\n<\/tr>\n<tr>\n<td><strong>Unutarnja obloga<\/strong><\/td>\n<td>Prethodno obojeni lim s antikorozivnom obradom<\/td>\n<\/tr>\n<tr>\n<td><strong>Termostat<\/strong><\/td>\n<td>Elektronika<\/td>\n<\/tr>\n<tr>\n<td><strong>Razina buke<\/strong><\/td>\n<td>58 dB<\/td>\n<\/tr>\n<tr>\n<td><strong>Pametna veza WiFi<\/strong><\/td>\n<td>Izborno<\/td>\n<\/tr>\n<tr>\n<td><strong>Debljina izolacije<\/strong><\/td>\n<td>40 mm<\/td>\n<\/tr>\n<tr>\n<td><strong>Sustav za odmrzavanje<\/strong><\/td>\n<td>Automatski<\/td>\n<\/tr>\n<tr>\n<td><strong>Rasvjeta<\/strong><\/td>\n<td>LED<\/td>\n<\/tr>\n<tr>\n<td><strong>Police<\/strong><\/td>\n<td>5 polica (1248 \u00d7 450 mm), podesive i nagibne<\/td>\n<\/tr>\n<tr>\n<td><strong>Stopala<\/strong><\/td>\n<td>4<\/td>\n<\/tr>\n<tr>\n<td><strong>Napon \/ Frekvencija<\/strong><\/td>\n<td>220\u2013240 V \/ 50 Hz<\/td>\n<\/tr>\n<tr>\n<td><strong>Rashladno sredstvo<\/strong><\/td>\n<td>290 kuna<\/td>\n<\/tr>\n<tr>\n<td><strong>Apsorpcija snage<\/strong><\/td>\n<td>550 W<\/td>\n<\/tr>\n<tr>\n<td><strong>Potro\u0161nja energije<\/strong><\/td>\n<td>5,87 kWh \/ 24 sata<\/td>\n<\/tr>\n<tr>\n<td><strong>Neto \/ Bruto te\u017eina<\/strong><\/td>\n<td>260 \/ 300 kg<\/td>\n<\/tr>\n<\/tbody>\n<\/table>\n<h2 data-start=\"2275\" data-end=\"2305\"><strong data-start=\"2278\" data-end=\"2305\">Dimenzije \u2013 VISION 150<\/strong><\/h2>\n<div class=\"_tableContainer_1rjym_1\">\n<div class=\"_tableWrapper_1rjym_13 group flex w-fit flex-col-reverse\">\n<table>\n<thead>\n<tr>\n<th>Mjerenje<\/th>\n<th>Vrijednost<\/th>\n<\/tr>\n<\/thead>\n<tbody>\n<tr>\n<td><strong>Vanjske dimenzije (\u0160xDxV)<\/strong><\/td>\n<td>1310 \u00d7 740 \u00d7 2010 mm<\/td>\n<\/tr>\n<tr>\n<td><strong>Dimenzije pakiranja (\u0160xDxV)<\/strong><\/td>\n<td>1340 \u00d7 767 \u00d7 2120 mm<\/td>\n<\/tr>\n<tr>\n<td><strong>Unutarnja \u0161irina (A)<\/strong><\/td>\n<td>1250 mm<\/td>\n<\/tr>\n<tr>\n<td><strong>Unutarnja dubina (B)<\/strong><\/td>\n<td>544 mm<\/td>\n<\/tr>\n<tr>\n<td><strong>Unutarnja visina (C)<\/strong><\/td>\n<td>1540 mm<\/td>\n<\/tr>\n<\/tbody>\n<\/table>\n<\/div>\n<\/div>\n<\/div>\n<\/div>","protected":false},"excerpt":{"rendered":"<p>The VISION 150 is a ventilated multideck cooler with three glass sides and two frameless hinged doors, designed for supermarkets, minimarkets, and retail outlets requiring reliable positive temperature refrigeration. Operating in the +1 \u00b0C to +10 \u00b0C range, it ensures perfect preservation of fresh products while providing maximum visibility thanks to its full-glass design. Built [&hellip;]<\/p>\n","protected":false},"featured_media":7265,"comment_status":"open","ping_status":"closed","template":"","meta":[],"product_brand":[],"product_cat":[50],"product_tag":[],"class_list":{"0":"post-7264","1":"product","2":"type-product","3":"status-publish","4":"has-post-thumbnail","6":"product_cat-minimarket-supermarket-cooling","8":"first","9":"instock","10":"shipping-taxable","11":"product-type-simple"},"_links":{"self":[{"href":"https:\/\/dersuessestopp.com\/hr\/wp-json\/wp\/v2\/product\/7264","targetHints":{"allow":["GET"]}}],"collection":[{"href":"https:\/\/dersuessestopp.com\/hr\/wp-json\/wp\/v2\/product"}],"about":[{"href":"https:\/\/dersuessestopp.com\/hr\/wp-json\/wp\/v2\/types\/product"}],"replies":[{"embeddable":true,"href":"https:\/\/dersuessestopp.com\/hr\/wp-json\/wp\/v2\/comments?post=7264"}],"version-history":[{"count":2,"href":"https:\/\/dersuessestopp.com\/hr\/wp-json\/wp\/v2\/product\/7264\/revisions"}],"predecessor-version":[{"id":7268,"href":"https:\/\/dersuessestopp.com\/hr\/wp-json\/wp\/v2\/product\/7264\/revisions\/7268"}],"wp:featuredmedia":[{"embeddable":true,"href":"https:\/\/dersuessestopp.com\/hr\/wp-json\/wp\/v2\/media\/7265"}],"wp:attachment":[{"href":"https:\/\/dersuessestopp.com\/hr\/wp-json\/wp\/v2\/media?parent=7264"}],"wp:term":[{"taxonomy":"product_brand","embeddable":true,"href":"https:\/\/dersuessestopp.com\/hr\/wp-json\/wp\/v2\/product_brand?post=7264"},{"taxonomy":"product_cat","embeddable":true,"href":"https:\/\/dersuessestopp.com\/hr\/wp-json\/wp\/v2\/product_cat?post=7264"},{"taxonomy":"product_tag","embeddable":true,"href":"https:\/\/dersuessestopp.com\/hr\/wp-json\/wp\/v2\/product_tag?post=7264"}],"curies":[{"name":"wp","href":"https:\/\/api.w.org\/{rel}","templated":true}]}}