{"id":7259,"date":"2025-09-01T06:03:05","date_gmt":"2025-09-01T06:03:05","guid":{"rendered":"https:\/\/dersuessestopp.com\/?post_type=product&#038;p=7259"},"modified":"2025-09-01T06:03:39","modified_gmt":"2025-09-01T06:03:39","slug":"gospodin-75-bt1","status":"publish","type":"product","link":"https:\/\/dersuessestopp.com\/hr\/product\/mr-75-bt1\/","title":{"rendered":"MR 75 BT1"},"content":{"rendered":"<p data-start=\"157\" data-end=\"450\">The <strong data-start=\"161\" data-end=\"174\">MR 75 BT1<\/strong> je <strong data-start=\"180\" data-end=\"219\">kompaktni vi\u0161ekatni zamrziva\u010d bez zamrzavanja<\/strong> dizajnirano za <strong data-start=\"233\" data-end=\"281\">supermarketi, minimarketi i maloprodajne trgovine<\/strong> koji zahtijevaju pouzdane <strong data-start=\"301\" data-end=\"333\">skladi\u0161tenje na negativnoj temperaturi<\/strong>. S <strong data-start=\"342\" data-end=\"383\">temperaturni raspon od -22 \u00b0C do -18 \u00b0C<\/strong>, ovaj uspravni zamrziva\u010d osigurava sigurno \u010duvanje smrznute robe.<\/p>\n<p data-start=\"452\" data-end=\"755\">Izgra\u0111eno s <strong data-start=\"465\" data-end=\"487\">tijelo od obojenog \u010delika<\/strong> i <strong data-start=\"492\" data-end=\"525\">unutarnja obloga od obojenog aluminija<\/strong>, kombinira <strong data-start=\"539\" data-end=\"572\">izdr\u017eljivost s jednostavnim \u010di\u0161\u0107enjem<\/strong>. Zamrziva\u010d ima <strong data-start=\"598\" data-end=\"623\">elektroni\u010dki termostat<\/strong>, <strong data-start=\"625\" data-end=\"675\">automatsko odmrzavanje vru\u0107im plinom (s ru\u010dnom opcijom)<\/strong>, i <strong data-start=\"681\" data-end=\"723\">energetski u\u010dinkovita vertikalna LED rasvjeta<\/strong> za jasnu vidljivost proizvoda.<\/p>\n<h2 data-start=\"1428\" data-end=\"1459\"><strong data-start=\"1431\" data-end=\"1459\">Tehni\u010dke specifikacije<\/strong><\/h2>\n<div class=\"_tableContainer_1rjym_1\">\n<div class=\"_tableWrapper_1rjym_13 group flex w-fit flex-col-reverse\">\n<table>\n<thead>\n<tr>\n<th>Zna\u010dajka<\/th>\n<th>MR 75 BT1<\/th>\n<\/tr>\n<\/thead>\n<tbody>\n<tr>\n<td><strong>Raspon temperature<\/strong><\/td>\n<td>-22 \u00b0C \/ -18 \u00b0C<\/td>\n<\/tr>\n<tr>\n<td><strong>Klimatski razred<\/strong><\/td>\n<td>3<\/td>\n<\/tr>\n<tr>\n<td><strong>Neto \/ Bruto volumen<\/strong><\/td>\n<td>390 L \/ 560 L<\/td>\n<\/tr>\n<tr>\n<td><strong>Tijelo (vanjska povr\u0161ina)<\/strong><\/td>\n<td>Obojeni \u010delik (crna \/ RAL7015 siva)<\/td>\n<\/tr>\n<tr>\n<td><strong>Unutarnja obloga<\/strong><\/td>\n<td>Obojeni aluminij<\/td>\n<\/tr>\n<tr>\n<td><strong>Termostat<\/strong><\/td>\n<td>Elektronika<\/td>\n<\/tr>\n<tr>\n<td><strong>Razina buke<\/strong><\/td>\n<td>61 dB<\/td>\n<\/tr>\n<tr>\n<td><strong>Pametna veza WiFi<\/strong><\/td>\n<td>Izborno<\/td>\n<\/tr>\n<tr>\n<td><strong>Debljina izolacije<\/strong><\/td>\n<td>60 mm<\/td>\n<\/tr>\n<tr>\n<td><strong>Sustav za odmrzavanje<\/strong><\/td>\n<td>Automatski s vru\u0107im plinom + ru\u010dni<\/td>\n<\/tr>\n<tr>\n<td><strong>Rasvjeta<\/strong><\/td>\n<td>2 vertikalne LED diode<\/td>\n<\/tr>\n<tr>\n<td><strong>Vrata<\/strong><\/td>\n<td>Samozatvaranje<\/td>\n<\/tr>\n<tr>\n<td><strong>Police<\/strong><\/td>\n<td>5 polica (610 \u00d7 470 mm)<\/td>\n<\/tr>\n<tr>\n<td><strong>Kota\u010di\u0107i<\/strong><\/td>\n<td>4<\/td>\n<\/tr>\n<tr>\n<td><strong>Napon \/ Frekvencija<\/strong><\/td>\n<td>220\u2013240 V \/ 50 Hz<\/td>\n<\/tr>\n<tr>\n<td><strong>Rashladno sredstvo<\/strong><\/td>\n<td>290 kuna<\/td>\n<\/tr>\n<tr>\n<td><strong>Apsorpcija snage<\/strong><\/td>\n<td>600 W<\/td>\n<\/tr>\n<tr>\n<td><strong>Potro\u0161nja energije<\/strong><\/td>\n<td>9,07 kWh \/ 24 sata<\/td>\n<\/tr>\n<tr>\n<td><strong>Neto \/ Bruto te\u017eina<\/strong><\/td>\n<td>150 \/ 158,5 kg<\/td>\n<\/tr>\n<\/tbody>\n<\/table>\n<h2 data-start=\"2250\" data-end=\"2267\"><strong data-start=\"2253\" data-end=\"2267\">Dimenzije<\/strong><\/h2>\n<div class=\"_tableContainer_1rjym_1\">\n<div class=\"_tableWrapper_1rjym_13 group flex w-fit flex-col-reverse\">\n<table>\n<thead>\n<tr>\n<th>Mjerenje<\/th>\n<th>MR 75 BT1<\/th>\n<\/tr>\n<\/thead>\n<tbody>\n<tr>\n<td><strong>Vanjske dimenzije (\u0160xDxV)<\/strong><\/td>\n<td>750 \u00d7 760 \u00d7 2003 mm<\/td>\n<\/tr>\n<tr>\n<td><strong>Dimenzije pakiranja (\u0160xDxV)<\/strong><\/td>\n<td>775 \u00d7 780 \u00d7 2090 mm<\/td>\n<\/tr>\n<tr>\n<td><strong>Unutarnja \u0161irina (A)<\/strong><\/td>\n<td>630 mm<\/td>\n<\/tr>\n<tr>\n<td><strong>Unutarnja dubina (B)<\/strong><\/td>\n<td>580 mm<\/td>\n<\/tr>\n<tr>\n<td><strong>Unutarnja visina (C)<\/strong><\/td>\n<td>1538 mm<\/td>\n<\/tr>\n<\/tbody>\n<\/table>\n<\/div>\n<\/div>\n<\/div>\n<\/div>","protected":false},"excerpt":{"rendered":"<p>The MR 75 BT1 is a compact, no-frost multideck freezer designed for supermarkets, minimarkets, and retail stores requiring reliable negative temperature storage. With a temperature range of -22 \u00b0C to -18 \u00b0C, this upright freezer ensures safe preservation of frozen goods. Built with a painted steel body and painted aluminium inner liner, it combines durability [&hellip;]<\/p>\n","protected":false},"featured_media":7260,"comment_status":"open","ping_status":"closed","template":"","meta":[],"product_brand":[],"product_cat":[50],"product_tag":[],"class_list":{"0":"post-7259","1":"product","2":"type-product","3":"status-publish","4":"has-post-thumbnail","6":"product_cat-minimarket-supermarket-cooling","8":"first","9":"instock","10":"shipping-taxable","11":"product-type-simple"},"_links":{"self":[{"href":"https:\/\/dersuessestopp.com\/hr\/wp-json\/wp\/v2\/product\/7259","targetHints":{"allow":["GET"]}}],"collection":[{"href":"https:\/\/dersuessestopp.com\/hr\/wp-json\/wp\/v2\/product"}],"about":[{"href":"https:\/\/dersuessestopp.com\/hr\/wp-json\/wp\/v2\/types\/product"}],"replies":[{"embeddable":true,"href":"https:\/\/dersuessestopp.com\/hr\/wp-json\/wp\/v2\/comments?post=7259"}],"version-history":[{"count":2,"href":"https:\/\/dersuessestopp.com\/hr\/wp-json\/wp\/v2\/product\/7259\/revisions"}],"predecessor-version":[{"id":7263,"href":"https:\/\/dersuessestopp.com\/hr\/wp-json\/wp\/v2\/product\/7259\/revisions\/7263"}],"wp:featuredmedia":[{"embeddable":true,"href":"https:\/\/dersuessestopp.com\/hr\/wp-json\/wp\/v2\/media\/7260"}],"wp:attachment":[{"href":"https:\/\/dersuessestopp.com\/hr\/wp-json\/wp\/v2\/media?parent=7259"}],"wp:term":[{"taxonomy":"product_brand","embeddable":true,"href":"https:\/\/dersuessestopp.com\/hr\/wp-json\/wp\/v2\/product_brand?post=7259"},{"taxonomy":"product_cat","embeddable":true,"href":"https:\/\/dersuessestopp.com\/hr\/wp-json\/wp\/v2\/product_cat?post=7259"},{"taxonomy":"product_tag","embeddable":true,"href":"https:\/\/dersuessestopp.com\/hr\/wp-json\/wp\/v2\/product_tag?post=7259"}],"curies":[{"name":"wp","href":"https:\/\/api.w.org\/{rel}","templated":true}]}}