{"id":7254,"date":"2025-09-01T06:00:47","date_gmt":"2025-09-01T06:00:47","guid":{"rendered":"https:\/\/dersuessestopp.com\/?post_type=product&#038;p=7254"},"modified":"2025-09-01T06:00:55","modified_gmt":"2025-09-01T06:00:55","slug":"aljaska-top-210","status":"publish","type":"product","link":"https:\/\/dersuessestopp.com\/hr\/product\/alaska-top-210\/","title":{"rendered":"ALJASKA TOP 210"},"content":{"rendered":"<p data-start=\"160\" data-end=\"509\">The <strong data-start=\"164\" data-end=\"182\">ALJASKA TOP 210<\/strong> je <strong data-start=\"188\" data-end=\"214\">ve\u0107i uspravni zamrziva\u010d<\/strong> dizajnirano za <strong data-start=\"228\" data-end=\"282\">supermarketi, minimarketi i maloprodajni objekti<\/strong> gdje je potreban produ\u017eeni kapacitet skladi\u0161tenja u zamrziva\u010du. Izgra\u0111en s <strong data-start=\"348\" data-end=\"417\">vanjska strana od prethodno obojenog \u010delika (RAL7015) s antikorozivnom obradom<\/strong> i jedan <strong data-start=\"424\" data-end=\"455\">unutarnja obloga od bijelog aluminija<\/strong>, jam\u010di dugotrajnu izdr\u017eljivost i higijenu.<\/p>\n<p data-start=\"511\" data-end=\"856\">Ovaj model ima <strong data-start=\"533\" data-end=\"577\">klizni sustav otvaranja stakla (Manhattan)<\/strong> za prakti\u010dan pristup, u kombinaciji s <strong data-start=\"615\" data-end=\"644\">automatsko odmrzavanje vru\u0107im plinom<\/strong> za jednostavno odr\u017eavanje. S <strong data-start=\"674\" data-end=\"715\">temperaturni raspon od -22 \u00b0C do -18 \u00b0C<\/strong>, ALASKA TOP 210 osigurava dosljedne performanse zamrzavanja uz pru\u017eanje <strong data-start=\"792\" data-end=\"853\">izvrsna vidljivost proizvoda s 3 integrirana LED svjetla<\/strong>.<\/p>\n<h2 data-start=\"1470\" data-end=\"1501\"><strong data-start=\"1473\" data-end=\"1501\">Tehni\u010dke specifikacije<\/strong><\/h2>\n<div class=\"_tableContainer_1rjym_1\">\n<div class=\"_tableWrapper_1rjym_13 group flex w-fit flex-col-reverse\">\n<table>\n<thead>\n<tr>\n<th>Zna\u010dajka<\/th>\n<th>ALJASKA TOP 210<\/th>\n<\/tr>\n<\/thead>\n<tbody>\n<tr>\n<td><strong>Raspon temperature<\/strong><\/td>\n<td>-22 \u00b0C \/ -18 \u00b0C<\/td>\n<\/tr>\n<tr>\n<td><strong>Klimatski razred<\/strong><\/td>\n<td>3<\/td>\n<\/tr>\n<tr>\n<td><strong>Neto \/ Bruto volumen<\/strong><\/td>\n<td>346 l \/ 559 l<\/td>\n<\/tr>\n<tr>\n<td><strong>Tijelo (vanjska povr\u0161ina)<\/strong><\/td>\n<td>Prethodno obojeni lim (RAL7015) s antikorozivnom obradom<\/td>\n<\/tr>\n<tr>\n<td><strong>Unutarnja obloga<\/strong><\/td>\n<td>Bijeli aluminij<\/td>\n<\/tr>\n<tr>\n<td><strong>Termostat<\/strong><\/td>\n<td>Elektronika<\/td>\n<\/tr>\n<tr>\n<td><strong>Razina buke<\/strong><\/td>\n<td>65 dB<\/td>\n<\/tr>\n<tr>\n<td><strong>Pametna veza WiFi<\/strong><\/td>\n<td>\u2013<\/td>\n<\/tr>\n<tr>\n<td><strong>Debljina izolacije<\/strong><\/td>\n<td>60 mm<\/td>\n<\/tr>\n<tr>\n<td><strong>Sustav za odmrzavanje<\/strong><\/td>\n<td>Vru\u0107i plin<\/td>\n<\/tr>\n<tr>\n<td><strong>Rasvjeta<\/strong><\/td>\n<td>3 LED diode<\/td>\n<\/tr>\n<tr>\n<td><strong>Police<\/strong><\/td>\n<td>6 polica (br. 4 \u2013 624 \u00d7 292 mm, br. 2 \u2013 699 \u00d7 292 mm)<\/td>\n<\/tr>\n<tr>\n<td><strong>Stopala<\/strong><\/td>\n<td>4 podesiva<\/td>\n<\/tr>\n<tr>\n<td><strong>Napon \/ Frekvencija<\/strong><\/td>\n<td>220\u2013240 V \/ 50 Hz<\/td>\n<\/tr>\n<tr>\n<td><strong>Rashladno sredstvo<\/strong><\/td>\n<td>290 kuna<\/td>\n<\/tr>\n<tr>\n<td><strong>Apsorpcija snage<\/strong><\/td>\n<td>820 W<\/td>\n<\/tr>\n<tr>\n<td><strong>Potro\u0161nja energije<\/strong><\/td>\n<td>20,12 kWh \/ 24 sata<\/td>\n<\/tr>\n<tr>\n<td><strong>Neto \/ Bruto te\u017eina<\/strong><\/td>\n<td>188 \/ 203 kg<\/td>\n<\/tr>\n<\/tbody>\n<\/table>\n<h2 data-start=\"2284\" data-end=\"2301\"><strong data-start=\"2287\" data-end=\"2301\">Dimenzije<\/strong><\/h2>\n<div class=\"_tableContainer_1rjym_1\">\n<div class=\"_tableWrapper_1rjym_13 group flex w-fit flex-col-reverse\">\n<table>\n<thead>\n<tr>\n<th>Mjerenje<\/th>\n<th>ALJASKA TOP 210<\/th>\n<\/tr>\n<\/thead>\n<tbody>\n<tr>\n<td><strong>Vanjske dimenzije (\u0160xDxV)<\/strong><\/td>\n<td>2100 \u00d7 590 \u00d7 1022 mm<\/td>\n<\/tr>\n<tr>\n<td><strong>Dimenzije pakiranja (\u0160xDxV)<\/strong><\/td>\n<td>2180 \u00d7 660 \u00d7 1245 mm<\/td>\n<\/tr>\n<tr>\n<td><strong>Unutarnja \u0161irina (A)<\/strong><\/td>\n<td>1980 mm<\/td>\n<\/tr>\n<tr>\n<td><strong>Unutarnja dubina (B)<\/strong><\/td>\n<td>390 mm<\/td>\n<\/tr>\n<tr>\n<td><strong>Unutarnja visina (C)<\/strong><\/td>\n<td>645 mm<\/td>\n<\/tr>\n<\/tbody>\n<\/table>\n<\/div>\n<\/div>\n<\/div>\n<\/div>","protected":false},"excerpt":{"rendered":"<p>The ALASKA TOP 210 is a larger upright freezer designed for supermarkets, minimarkets, and retail environments where extended frozen storage capacity is required. Built with a pre-painted steel exterior (RAL7015) with anticorrosion treatment and a white aluminium inner liner, it guarantees long-lasting durability and hygiene. This model features a sliding glass opening system (Manhattan) for [&hellip;]<\/p>\n","protected":false},"featured_media":7255,"comment_status":"open","ping_status":"closed","template":"","meta":[],"product_brand":[],"product_cat":[50],"product_tag":[],"class_list":{"0":"post-7254","1":"product","2":"type-product","3":"status-publish","4":"has-post-thumbnail","6":"product_cat-minimarket-supermarket-cooling","8":"first","9":"instock","10":"shipping-taxable","11":"product-type-simple"},"_links":{"self":[{"href":"https:\/\/dersuessestopp.com\/hr\/wp-json\/wp\/v2\/product\/7254","targetHints":{"allow":["GET"]}}],"collection":[{"href":"https:\/\/dersuessestopp.com\/hr\/wp-json\/wp\/v2\/product"}],"about":[{"href":"https:\/\/dersuessestopp.com\/hr\/wp-json\/wp\/v2\/types\/product"}],"replies":[{"embeddable":true,"href":"https:\/\/dersuessestopp.com\/hr\/wp-json\/wp\/v2\/comments?post=7254"}],"version-history":[{"count":2,"href":"https:\/\/dersuessestopp.com\/hr\/wp-json\/wp\/v2\/product\/7254\/revisions"}],"predecessor-version":[{"id":7258,"href":"https:\/\/dersuessestopp.com\/hr\/wp-json\/wp\/v2\/product\/7254\/revisions\/7258"}],"wp:featuredmedia":[{"embeddable":true,"href":"https:\/\/dersuessestopp.com\/hr\/wp-json\/wp\/v2\/media\/7255"}],"wp:attachment":[{"href":"https:\/\/dersuessestopp.com\/hr\/wp-json\/wp\/v2\/media?parent=7254"}],"wp:term":[{"taxonomy":"product_brand","embeddable":true,"href":"https:\/\/dersuessestopp.com\/hr\/wp-json\/wp\/v2\/product_brand?post=7254"},{"taxonomy":"product_cat","embeddable":true,"href":"https:\/\/dersuessestopp.com\/hr\/wp-json\/wp\/v2\/product_cat?post=7254"},{"taxonomy":"product_tag","embeddable":true,"href":"https:\/\/dersuessestopp.com\/hr\/wp-json\/wp\/v2\/product_tag?post=7254"}],"curies":[{"name":"wp","href":"https:\/\/api.w.org\/{rel}","templated":true}]}}