{"id":7250,"date":"2025-09-01T05:58:54","date_gmt":"2025-09-01T05:58:54","guid":{"rendered":"https:\/\/dersuessestopp.com\/?post_type=product&#038;p=7250"},"modified":"2025-09-01T05:58:54","modified_gmt":"2025-09-01T05:58:54","slug":"aljaska-top-145","status":"publish","type":"product","link":"https:\/\/dersuessestopp.com\/hr\/product\/alaska-top-145\/","title":{"rendered":"ALJASKA TOP 145"},"content":{"rendered":"<p data-start=\"178\" data-end=\"496\">The <strong data-start=\"182\" data-end=\"200\">ALJASKA TOP 145<\/strong> je <strong data-start=\"206\" data-end=\"233\">kompaktni uspravni zamrziva\u010d<\/strong> dizajniran za supermarkete, minimarkete i profesionalne maloprodajne prostore. Izra\u0111en s <strong data-start=\"325\" data-end=\"390\">ku\u0107i\u0161te od prethodno obojenog \u010delika (RAL7015) s antikorozivnom obradom<\/strong> i jedan <strong data-start=\"397\" data-end=\"428\">unutarnja obloga od bijelog aluminija<\/strong>, jam\u010di trajnost, higijenu i dugotrajne performanse.<\/p>\n<p data-start=\"498\" data-end=\"746\">Ovaj model ima <strong data-start=\"520\" data-end=\"564\">klizni sustav otvaranja stakla (Manhattan)<\/strong> za jednostavan pristup, u kombinaciji s <strong data-start=\"596\" data-end=\"625\">automatsko odmrzavanje vru\u0107im plinom<\/strong> za jednostavno odr\u017eavanje. S <strong data-start=\"654\" data-end=\"695\">temperaturni raspon od -22 \u00b0C do -18 \u00b0C<\/strong>, osigurava pouzdano skladi\u0161tenje smrznutih proizvoda.<\/p>\n<p data-start=\"748\" data-end=\"966\">Opremljen s <strong data-start=\"762\" data-end=\"778\">LED rasvjeta<\/strong>, <strong data-start=\"780\" data-end=\"813\">elektroni\u010dka kontrola termostata<\/strong>, i <strong data-start=\"821\" data-end=\"842\">kompaktan otisak<\/strong>, ALASKA TOP 145 je izvrsno rje\u0161enje za pobolj\u0161anje izlaganja proizvoda i optimizaciju hladnog skladi\u0161tenja u ograni\u010denim prostorima.<\/p>\n<h2 data-start=\"1543\" data-end=\"1574\"><strong data-start=\"1546\" data-end=\"1574\">Tehni\u010dke specifikacije<\/strong><\/h2>\n<div class=\"_tableContainer_1rjym_1\">\n<div class=\"_tableWrapper_1rjym_13 group flex w-fit flex-col-reverse\">\n<table>\n<thead>\n<tr>\n<th>Zna\u010dajka<\/th>\n<th>ALJASKA TOP 145<\/th>\n<\/tr>\n<\/thead>\n<tbody>\n<tr>\n<td><strong>Raspon temperature<\/strong><\/td>\n<td>-22 \u00b0C \/ -18 \u00b0C<\/td>\n<\/tr>\n<tr>\n<td><strong>Klimatski razred<\/strong><\/td>\n<td>3<\/td>\n<\/tr>\n<tr>\n<td><strong>Neto \/ Bruto volumen<\/strong><\/td>\n<td>232 l \/ 373 l<\/td>\n<\/tr>\n<tr>\n<td><strong>Tijelo (vanjska povr\u0161ina)<\/strong><\/td>\n<td>Prethodno obojeni lim (RAL7015) s antikorozivnom obradom<\/td>\n<\/tr>\n<tr>\n<td><strong>Unutarnja obloga<\/strong><\/td>\n<td>Bijeli aluminij<\/td>\n<\/tr>\n<tr>\n<td><strong>Termostat<\/strong><\/td>\n<td>Elektronika<\/td>\n<\/tr>\n<tr>\n<td><strong>Razina buke<\/strong><\/td>\n<td>58 dB<\/td>\n<\/tr>\n<tr>\n<td><strong>Pametna veza WiFi<\/strong><\/td>\n<td>\u2013<\/td>\n<\/tr>\n<tr>\n<td><strong>Debljina izolacije<\/strong><\/td>\n<td>60 mm<\/td>\n<\/tr>\n<tr>\n<td><strong>Sustav za odmrzavanje<\/strong><\/td>\n<td>Vru\u0107i plin<\/td>\n<\/tr>\n<tr>\n<td><strong>Rasvjeta<\/strong><\/td>\n<td>2 LED diode<\/td>\n<\/tr>\n<tr>\n<td><strong>Police<\/strong><\/td>\n<td>4 police (649 \u00d7 292 mm)<\/td>\n<\/tr>\n<tr>\n<td><strong>Stopala<\/strong><\/td>\n<td>4 podesiva<\/td>\n<\/tr>\n<tr>\n<td><strong>Napon \/ Frekvencija<\/strong><\/td>\n<td>220\u2013240 V \/ 50 Hz<\/td>\n<\/tr>\n<tr>\n<td><strong>Rashladno sredstvo<\/strong><\/td>\n<td>R290 (ekolo\u0161ki prihvatljivo)<\/td>\n<\/tr>\n<tr>\n<td><strong>Apsorpcija snage<\/strong><\/td>\n<td>650 W<\/td>\n<\/tr>\n<tr>\n<td><strong>Potro\u0161nja energije<\/strong><\/td>\n<td>14,47 kWh \/ 24 sata<\/td>\n<\/tr>\n<tr>\n<td><strong>Neto \/ Bruto te\u017eina<\/strong><\/td>\n<td>139 \/ 149 kg<\/td>\n<\/tr>\n<\/tbody>\n<\/table>\n<\/div>\n<\/div>\n<h2 data-start=\"1543\" data-end=\"1574\"><strong data-start=\"1546\" data-end=\"1574\">Dimenzije<\/strong><\/h2>\n<table>\n<thead>\n<tr>\n<th>Mjerenje<\/th>\n<th>ALJASKA TOP 145<\/th>\n<\/tr>\n<\/thead>\n<tbody>\n<tr>\n<td><strong>Vanjske dimenzije (\u0160xDxV)<\/strong><\/td>\n<td>1450 \u00d7 590 \u00d7 1022 mm<\/td>\n<\/tr>\n<tr>\n<td><strong>Dimenzije pakiranja (\u0160xDxV)<\/strong><\/td>\n<td>1530 \u00d7 660 \u00d7 1245 mm<\/td>\n<\/tr>\n<tr>\n<td><strong>Unutarnja \u0161irina (A)<\/strong><\/td>\n<td>1330 mm<\/td>\n<\/tr>\n<tr>\n<td><strong>Unutarnja dubina (B)<\/strong><\/td>\n<td>390 mm<\/td>\n<\/tr>\n<tr>\n<td><strong>Unutarnja visina (C)<\/strong><\/td>\n<td>645 mm<\/td>\n<\/tr>\n<\/tbody>\n<\/table>\n<p>&nbsp;<\/p>","protected":false},"excerpt":{"rendered":"<p>The ALASKA TOP 145 is a compact upright freezer designed for supermarkets, minimarkets, and professional retail environments. Built with a pre-painted steel body (RAL7015) with anticorrosion treatment and a white aluminium inner liner, it guarantees durability, hygiene, and long-lasting performance. This model features a sliding glass opening system (Manhattan) for easy access, combined with hot-gas [&hellip;]<\/p>\n","protected":false},"featured_media":7251,"comment_status":"open","ping_status":"closed","template":"","meta":[],"product_brand":[],"product_cat":[50],"product_tag":[],"class_list":{"0":"post-7250","1":"product","2":"type-product","3":"status-publish","4":"has-post-thumbnail","6":"product_cat-minimarket-supermarket-cooling","8":"first","9":"instock","10":"shipping-taxable","11":"product-type-simple"},"_links":{"self":[{"href":"https:\/\/dersuessestopp.com\/hr\/wp-json\/wp\/v2\/product\/7250","targetHints":{"allow":["GET"]}}],"collection":[{"href":"https:\/\/dersuessestopp.com\/hr\/wp-json\/wp\/v2\/product"}],"about":[{"href":"https:\/\/dersuessestopp.com\/hr\/wp-json\/wp\/v2\/types\/product"}],"replies":[{"embeddable":true,"href":"https:\/\/dersuessestopp.com\/hr\/wp-json\/wp\/v2\/comments?post=7250"}],"version-history":[{"count":1,"href":"https:\/\/dersuessestopp.com\/hr\/wp-json\/wp\/v2\/product\/7250\/revisions"}],"predecessor-version":[{"id":7253,"href":"https:\/\/dersuessestopp.com\/hr\/wp-json\/wp\/v2\/product\/7250\/revisions\/7253"}],"wp:featuredmedia":[{"embeddable":true,"href":"https:\/\/dersuessestopp.com\/hr\/wp-json\/wp\/v2\/media\/7251"}],"wp:attachment":[{"href":"https:\/\/dersuessestopp.com\/hr\/wp-json\/wp\/v2\/media?parent=7250"}],"wp:term":[{"taxonomy":"product_brand","embeddable":true,"href":"https:\/\/dersuessestopp.com\/hr\/wp-json\/wp\/v2\/product_brand?post=7250"},{"taxonomy":"product_cat","embeddable":true,"href":"https:\/\/dersuessestopp.com\/hr\/wp-json\/wp\/v2\/product_cat?post=7250"},{"taxonomy":"product_tag","embeddable":true,"href":"https:\/\/dersuessestopp.com\/hr\/wp-json\/wp\/v2\/product_tag?post=7250"}],"curies":[{"name":"wp","href":"https:\/\/api.w.org\/{rel}","templated":true}]}}