{"id":7246,"date":"2025-09-01T05:53:59","date_gmt":"2025-09-01T05:53:59","guid":{"rendered":"https:\/\/dersuessestopp.com\/?post_type=product&#038;p=7246"},"modified":"2025-09-01T05:53:59","modified_gmt":"2025-09-01T05:53:59","slug":"iglu-25","status":"publish","type":"product","link":"https:\/\/dersuessestopp.com\/hr\/product\/igloo-25\/","title":{"rendered":"IGLOO 25"},"content":{"rendered":"<p data-start=\"221\" data-end=\"385\">The <strong data-start=\"225\" data-end=\"237\">IGLOO 25<\/strong> je najve\u0107i model u IGLOO asortimanu otoka za zamrzavanje, dizajniran za <strong data-start=\"307\" data-end=\"339\">supermarketi i minimarketi<\/strong> zahtijevaju\u0107i <strong data-start=\"350\" data-end=\"382\">skladi\u0161tenje visokog kapaciteta zamrziva\u010da<\/strong>.<\/p>\n<p data-start=\"387\" data-end=\"728\">Ovaj <strong data-start=\"392\" data-end=\"423\">stati\u010dki jumbo oto\u010dni zamrziva\u010d<\/strong> opremljen je s <strong data-start=\"441\" data-end=\"468\">klizni ravni stakleni poklopci<\/strong>, osiguravaju\u0107i izvrsnu vidljivost proizvoda i prakti\u010dan pristup kupcima. <strong data-start=\"544\" data-end=\"580\">tijelo od \u010delika obra\u0111enog antikorozivnom obradom<\/strong> i <strong data-start=\"585\" data-end=\"615\">unutra\u0161njost od reljefnog aluminija<\/strong> pru\u017eaju trajnost i higijenu, dok <strong data-start=\"658\" data-end=\"694\">automatski sustav odmrzavanja vru\u0107im plinom<\/strong> jam\u010di jednostavnost odr\u017eavanja.<\/p>\n<p data-start=\"730\" data-end=\"955\">IGLOO 25 kombajni <strong data-start=\"752\" data-end=\"776\">veliki volumen pohrane<\/strong>, <strong data-start=\"778\" data-end=\"801\">moderna LED rasvjeta<\/strong>, i <strong data-start=\"807\" data-end=\"848\">opcionalna Smart Link WiFi povezivost<\/strong> za daljinsko upravljanje, \u0161to ga \u010dini pouzdanim i u\u010dinkovitim rje\u0161enjem za profesionalna maloprodajna okru\u017eenja.<\/p>\n<h2 data-start=\"1561\" data-end=\"1592\"><strong data-start=\"1564\" data-end=\"1592\">Tehni\u010dke specifikacije<\/strong><\/h2>\n<div class=\"_tableContainer_1rjym_1\">\n<div class=\"_tableWrapper_1rjym_13 group flex w-fit flex-col-reverse\">\n<table>\n<thead>\n<tr>\n<th>Zna\u010dajka<\/th>\n<th>IGLOO 25<\/th>\n<\/tr>\n<\/thead>\n<tbody>\n<tr>\n<td><strong>Raspon temperature<\/strong><\/td>\n<td>-21 \u00b0C \/ -18 \u00b0C<\/td>\n<\/tr>\n<tr>\n<td><strong>Klimatski razred<\/strong><\/td>\n<td>3<\/td>\n<\/tr>\n<tr>\n<td><strong>Neto \/ Bruto volumen<\/strong><\/td>\n<td>766 L \/ 1040 L<\/td>\n<\/tr>\n<tr>\n<td><strong>Sustav hla\u0111enja<\/strong><\/td>\n<td>Stati\u010dki<\/td>\n<\/tr>\n<tr>\n<td><strong>Odmrzavanje<\/strong><\/td>\n<td>Automatski (vru\u0107i plin) + Ru\u010dni<\/td>\n<\/tr>\n<tr>\n<td><strong>Tijelo (vanjska povr\u0161ina)<\/strong><\/td>\n<td>Prethodno obojeni lim s antikorozivnom obradom<\/td>\n<\/tr>\n<tr>\n<td><strong>Unutarnja obloga<\/strong><\/td>\n<td>Reljefni aluminij<\/td>\n<\/tr>\n<tr>\n<td><strong>Separatori<\/strong><\/td>\n<td>5<\/td>\n<\/tr>\n<tr>\n<td><strong>Ko\u0161are<\/strong><\/td>\n<td>Izborno<\/td>\n<\/tr>\n<tr>\n<td><strong>Termostat<\/strong><\/td>\n<td>Elektronika<\/td>\n<\/tr>\n<tr>\n<td><strong>Razina buke<\/strong><\/td>\n<td>65 dB<\/td>\n<\/tr>\n<tr>\n<td><strong>Pametna veza WiFi<\/strong><\/td>\n<td>Opcionalno (daljinski upravlja\u010d)<\/td>\n<\/tr>\n<tr>\n<td><strong>Debljina izolacije<\/strong><\/td>\n<td>65 mm<\/td>\n<\/tr>\n<tr>\n<td><strong>Rasvjeta<\/strong><\/td>\n<td>LED<\/td>\n<\/tr>\n<tr>\n<td><strong>Stopala<\/strong><\/td>\n<td>4 podesiva<\/td>\n<\/tr>\n<tr>\n<td><strong>Kota\u010di\u0107i<\/strong><\/td>\n<td>Izborno<\/td>\n<\/tr>\n<tr>\n<td><strong>Napon \/ Frekvencija<\/strong><\/td>\n<td>220\u2013240 V \/ 50 Hz<\/td>\n<\/tr>\n<tr>\n<td><strong>Rashladno sredstvo<\/strong><\/td>\n<td>R290 (ekolo\u0161ki prihvatljivo)<\/td>\n<\/tr>\n<tr>\n<td><strong>Apsorpcija snage<\/strong><\/td>\n<td>935 Z<\/td>\n<\/tr>\n<tr>\n<td><strong>Potro\u0161nja energije<\/strong><\/td>\n<td>9,20 kWh \/ 24 sata<\/td>\n<\/tr>\n<tr>\n<td><strong>Neto \/ Bruto te\u017eina<\/strong><\/td>\n<td>165 \/ 200 kg<\/td>\n<\/tr>\n<\/tbody>\n<\/table>\n<h2 data-start=\"2448\" data-end=\"2465\"><strong data-start=\"2451\" data-end=\"2465\">Dimenzije<\/strong><\/h2>\n<div class=\"_tableContainer_1rjym_1\">\n<div class=\"_tableWrapper_1rjym_13 group flex w-fit flex-col-reverse\">\n<table>\n<thead>\n<tr>\n<th>Mjerenje<\/th>\n<th>IGLOO 25<\/th>\n<\/tr>\n<\/thead>\n<tbody>\n<tr>\n<td><strong>Vanjske dimenzije (\u0160xDxV)<\/strong><\/td>\n<td>2500 \u00d7 850 \u00d7 870 mm<\/td>\n<\/tr>\n<tr>\n<td><strong>Dimenzije pakiranja (\u0160xDxV)<\/strong><\/td>\n<td>2580 \u00d7 934 \u00d7 1010 mm<\/td>\n<\/tr>\n<tr>\n<td><strong>Unutarnja \u0161irina (A)<\/strong><\/td>\n<td>2353 mm<\/td>\n<\/tr>\n<tr>\n<td><strong>Unutarnja dubina (B)<\/strong><\/td>\n<td>691 mm<\/td>\n<\/tr>\n<tr>\n<td><strong>Unutarnja visina (C)<\/strong><\/td>\n<td>733 mm<\/td>\n<\/tr>\n<tr>\n<td><strong>Min. visina (E)<\/strong><\/td>\n<td>473 mm<\/td>\n<\/tr>\n<tr>\n<td><strong>Min. \u0161irina (F)<\/strong><\/td>\n<td>2118 mm<\/td>\n<\/tr>\n<\/tbody>\n<\/table>\n<h2 data-start=\"2448\" data-end=\"2465\"><strong data-start=\"2451\" data-end=\"2465\">Opcije brendiranja\u00a0<\/strong><\/h2>\n<table>\n<thead>\n<tr>\n<th>Polo\u017eaj<\/th>\n<th>Dimenzije<\/th>\n<\/tr>\n<\/thead>\n<tbody>\n<tr>\n<td><strong>Desna strana<\/strong><\/td>\n<td>820 \u00d7 700 \/ 770 mm<\/td>\n<\/tr>\n<tr>\n<td><strong>Prednja naljepnica<\/strong><\/td>\n<td>2505 \u00d7 610 mm<\/td>\n<\/tr>\n<tr>\n<td><strong>Naljepnica za donje staklo<\/strong><\/td>\n<td>1155 \u00d7 357 mm<\/td>\n<\/tr>\n<tr>\n<td><strong>Naljepnica za gornje staklo<\/strong><\/td>\n<td>1125 \u00d7 345 mm<\/td>\n<\/tr>\n<\/tbody>\n<\/table>\n<\/div>\n<\/div>\n<\/div>\n<\/div>","protected":false},"excerpt":{"rendered":"<p>The IGLOO 25 is the largest model in the IGLOO freezer island range, designed for supermarkets and minimarkets requiring high-capacity frozen storage. This static jumbo island freezer is equipped with sliding flat glass lids, ensuring excellent product visibility and convenient customer access. Its anticorrosion-treated steel body and embossed aluminum interior provide durability and hygiene, while [&hellip;]<\/p>\n","protected":false},"featured_media":7247,"comment_status":"open","ping_status":"closed","template":"","meta":[],"product_brand":[],"product_cat":[50],"product_tag":[],"class_list":{"0":"post-7246","1":"product","2":"type-product","3":"status-publish","4":"has-post-thumbnail","6":"product_cat-minimarket-supermarket-cooling","8":"first","9":"instock","10":"shipping-taxable","11":"product-type-simple"},"_links":{"self":[{"href":"https:\/\/dersuessestopp.com\/hr\/wp-json\/wp\/v2\/product\/7246","targetHints":{"allow":["GET"]}}],"collection":[{"href":"https:\/\/dersuessestopp.com\/hr\/wp-json\/wp\/v2\/product"}],"about":[{"href":"https:\/\/dersuessestopp.com\/hr\/wp-json\/wp\/v2\/types\/product"}],"replies":[{"embeddable":true,"href":"https:\/\/dersuessestopp.com\/hr\/wp-json\/wp\/v2\/comments?post=7246"}],"version-history":[{"count":1,"href":"https:\/\/dersuessestopp.com\/hr\/wp-json\/wp\/v2\/product\/7246\/revisions"}],"predecessor-version":[{"id":7249,"href":"https:\/\/dersuessestopp.com\/hr\/wp-json\/wp\/v2\/product\/7246\/revisions\/7249"}],"wp:featuredmedia":[{"embeddable":true,"href":"https:\/\/dersuessestopp.com\/hr\/wp-json\/wp\/v2\/media\/7247"}],"wp:attachment":[{"href":"https:\/\/dersuessestopp.com\/hr\/wp-json\/wp\/v2\/media?parent=7246"}],"wp:term":[{"taxonomy":"product_brand","embeddable":true,"href":"https:\/\/dersuessestopp.com\/hr\/wp-json\/wp\/v2\/product_brand?post=7246"},{"taxonomy":"product_cat","embeddable":true,"href":"https:\/\/dersuessestopp.com\/hr\/wp-json\/wp\/v2\/product_cat?post=7246"},{"taxonomy":"product_tag","embeddable":true,"href":"https:\/\/dersuessestopp.com\/hr\/wp-json\/wp\/v2\/product_tag?post=7246"}],"curies":[{"name":"wp","href":"https:\/\/api.w.org\/{rel}","templated":true}]}}