{"id":7241,"date":"2025-09-01T05:48:49","date_gmt":"2025-09-01T05:48:49","guid":{"rendered":"https:\/\/dersuessestopp.com\/?post_type=product&#038;p=7241"},"modified":"2025-09-01T05:48:49","modified_gmt":"2025-09-01T05:48:49","slug":"iglu-21","status":"publish","type":"product","link":"https:\/\/dersuessestopp.com\/hr\/product\/igloo-21\/","title":{"rendered":"IGLOO 21"},"content":{"rendered":"<p data-start=\"215\" data-end=\"436\">The <strong data-start=\"219\" data-end=\"231\">IGLOO 21<\/strong> je <strong data-start=\"237\" data-end=\"268\">stati\u010dki jumbo oto\u010dni zamrziva\u010d<\/strong> dizajnirano za <strong data-start=\"282\" data-end=\"314\">supermarketi i minimarketi<\/strong>, ponuda <strong data-start=\"325\" data-end=\"349\">veliki volumen pohrane<\/strong>, <strong data-start=\"351\" data-end=\"383\">izvrsna vidljivost proizvoda<\/strong>, i <strong data-start=\"389\" data-end=\"433\">jednostavan pristup s kliznim poklopcima od ravnog stakla<\/strong>.<\/p>\n<p data-start=\"438\" data-end=\"641\">Sa svojim <strong data-start=\"447\" data-end=\"484\">robusna karoserija obra\u0111ena antikorozivnom obradom<\/strong>, <strong data-start=\"486\" data-end=\"519\">unutarnja obloga od reljefnog aluminija<\/strong>, i <strong data-start=\"525\" data-end=\"561\">automatski sustav odmrzavanja vru\u0107im plinom<\/strong>, IGLOO 21 osigurava <strong data-start=\"584\" data-end=\"638\">dugotrajna pouzdanost i u\u010dinkovite performanse<\/strong>.<\/p>\n<p data-start=\"643\" data-end=\"869\">Opremljen s <strong data-start=\"657\" data-end=\"673\">LED rasvjeta<\/strong>, <strong data-start=\"675\" data-end=\"700\">elektroni\u010dki termostat<\/strong>, i opcionalno <strong data-start=\"715\" data-end=\"752\">Smart Link WiFi daljinsko pra\u0107enje<\/strong>, kombinira <strong data-start=\"766\" data-end=\"793\">prakti\u010dna funkcionalnost<\/strong> s <strong data-start=\"799\" data-end=\"818\">moderne zna\u010dajke<\/strong> kako bi se zadovoljili zahtjevi profesionalne maloprodaje hrane.<\/p>\n<h2 data-start=\"1487\" data-end=\"1518\"><strong data-start=\"1490\" data-end=\"1518\">Tehni\u010dke specifikacije<\/strong><\/h2>\n<div class=\"_tableContainer_1rjym_1\">\n<div class=\"_tableWrapper_1rjym_13 group flex w-fit flex-col-reverse\">\n<table>\n<thead>\n<tr>\n<th>Zna\u010dajka<\/th>\n<th>IGLOO 21<\/th>\n<\/tr>\n<\/thead>\n<tbody>\n<tr>\n<td><strong>Raspon temperature<\/strong><\/td>\n<td>-21 \u00b0C \/ -18 \u00b0C<\/td>\n<\/tr>\n<tr>\n<td><strong>Klimatski razred<\/strong><\/td>\n<td>3<\/td>\n<\/tr>\n<tr>\n<td><strong>Neto \/ Bruto volumen<\/strong><\/td>\n<td>621 l \/ 850 l<\/td>\n<\/tr>\n<tr>\n<td><strong>Sustav hla\u0111enja<\/strong><\/td>\n<td>Stati\u010dki<\/td>\n<\/tr>\n<tr>\n<td><strong>Odmrzavanje<\/strong><\/td>\n<td>Automatski (vru\u0107i plin) + Ru\u010dni<\/td>\n<\/tr>\n<tr>\n<td><strong>Tijelo (vanjska povr\u0161ina)<\/strong><\/td>\n<td>Prethodno obojeni lim s antikorozivnom obradom<\/td>\n<\/tr>\n<tr>\n<td><strong>Unutarnja obloga<\/strong><\/td>\n<td>Reljefni aluminij<\/td>\n<\/tr>\n<tr>\n<td><strong>Separatori<\/strong><\/td>\n<td>4<\/td>\n<\/tr>\n<tr>\n<td><strong>Ko\u0161are<\/strong><\/td>\n<td>Izborno<\/td>\n<\/tr>\n<tr>\n<td><strong>Termostat<\/strong><\/td>\n<td>Elektronika<\/td>\n<\/tr>\n<tr>\n<td><strong>Razina buke<\/strong><\/td>\n<td>61 dB<\/td>\n<\/tr>\n<tr>\n<td><strong>Pametna veza WiFi<\/strong><\/td>\n<td>Opcionalno (daljinski upravlja\u010d)<\/td>\n<\/tr>\n<tr>\n<td><strong>Debljina izolacije<\/strong><\/td>\n<td>65 mm<\/td>\n<\/tr>\n<tr>\n<td><strong>Rasvjeta<\/strong><\/td>\n<td>LED<\/td>\n<\/tr>\n<tr>\n<td><strong>Stopala<\/strong><\/td>\n<td>4 podesiva<\/td>\n<\/tr>\n<tr>\n<td><strong>Kota\u010di\u0107i<\/strong><\/td>\n<td>Izborno<\/td>\n<\/tr>\n<tr>\n<td><strong>Napon \/ Frekvencija<\/strong><\/td>\n<td>220\u2013240 V \/ 50 Hz<\/td>\n<\/tr>\n<tr>\n<td><strong>Rashladno sredstvo<\/strong><\/td>\n<td>R290 (ekolo\u0161ki prihvatljivo)<\/td>\n<\/tr>\n<tr>\n<td><strong>Apsorpcija snage<\/strong><\/td>\n<td>606 Z<\/td>\n<\/tr>\n<tr>\n<td><strong>Potro\u0161nja energije<\/strong><\/td>\n<td>7,8 kWh \/ 24 sata<\/td>\n<\/tr>\n<tr>\n<td><strong>Neto \/ Bruto te\u017eina<\/strong><\/td>\n<td>145 \/ 175 kg<\/td>\n<\/tr>\n<\/tbody>\n<\/table>\n<h2 data-start=\"2372\" data-end=\"2389\"><strong data-start=\"2375\" data-end=\"2389\">Dimenzije<\/strong><\/h2>\n<div class=\"_tableContainer_1rjym_1\">\n<div class=\"_tableWrapper_1rjym_13 group flex w-fit flex-col-reverse\">\n<table>\n<thead>\n<tr>\n<th>Mjerenje<\/th>\n<th>IGLOO 21<\/th>\n<\/tr>\n<\/thead>\n<tbody>\n<tr>\n<td><strong>Vanjske dimenzije (\u0160xDxV)<\/strong><\/td>\n<td>2100 \u00d7 850 \u00d7 870 mm<\/td>\n<\/tr>\n<tr>\n<td><strong>Dimenzije pakiranja (\u0160xDxV)<\/strong><\/td>\n<td>2175 \u00d7 934 \u00d7 1010 mm<\/td>\n<\/tr>\n<tr>\n<td><strong>Unutarnja \u0161irina (A)<\/strong><\/td>\n<td>1953 mm<\/td>\n<\/tr>\n<tr>\n<td><strong>Unutarnja dubina (B)<\/strong><\/td>\n<td>691 mm<\/td>\n<\/tr>\n<tr>\n<td><strong>Unutarnja visina (C)<\/strong><\/td>\n<td>733 mm<\/td>\n<\/tr>\n<tr>\n<td><strong>Min. visina (E)<\/strong><\/td>\n<td>473 mm<\/td>\n<\/tr>\n<tr>\n<td><strong>Min. \u0161irina (F)<\/strong><\/td>\n<td>1718 mm<\/td>\n<\/tr>\n<\/tbody>\n<\/table>\n<h2 data-start=\"2372\" data-end=\"2389\"><strong data-start=\"2375\" data-end=\"2389\">Opcije brendiranja<\/strong><\/h2>\n<table>\n<thead>\n<tr>\n<th>Polo\u017eaj<\/th>\n<th>Dimenzije<\/th>\n<\/tr>\n<\/thead>\n<tbody>\n<tr>\n<td><strong>Desna strana<\/strong><\/td>\n<td>820 \u00d7 700 \/ 770 mm<\/td>\n<\/tr>\n<tr>\n<td><strong>Prednja naljepnica<\/strong><\/td>\n<td>2105 \u00d7 610 mm<\/td>\n<\/tr>\n<tr>\n<td><strong>Naljepnica za donje staklo<\/strong><\/td>\n<td>953 \u00d7 358 mm<\/td>\n<\/tr>\n<tr>\n<td><strong>Naljepnica za gornje staklo<\/strong><\/td>\n<td>920 \u00d7 345 mm<\/td>\n<\/tr>\n<\/tbody>\n<\/table>\n<\/div>\n<\/div>\n<\/div>\n<\/div>","protected":false},"excerpt":{"rendered":"<p>The IGLOO 21 is a static jumbo island freezer designed for supermarkets and minimarkets, offering large storage volume, excellent product visibility, and easy access with sliding flat glass lids. With its robust anticorrosion-treated body, embossed aluminum inner liner, and automatic hot-gas defrost system, the IGLOO 21 ensures long-lasting reliability and efficient performance. Equipped with LED [&hellip;]<\/p>\n","protected":false},"featured_media":7242,"comment_status":"open","ping_status":"closed","template":"","meta":[],"product_brand":[],"product_cat":[50],"product_tag":[],"class_list":{"0":"post-7241","1":"product","2":"type-product","3":"status-publish","4":"has-post-thumbnail","6":"product_cat-minimarket-supermarket-cooling","8":"first","9":"instock","10":"shipping-taxable","11":"product-type-simple"},"_links":{"self":[{"href":"https:\/\/dersuessestopp.com\/hr\/wp-json\/wp\/v2\/product\/7241","targetHints":{"allow":["GET"]}}],"collection":[{"href":"https:\/\/dersuessestopp.com\/hr\/wp-json\/wp\/v2\/product"}],"about":[{"href":"https:\/\/dersuessestopp.com\/hr\/wp-json\/wp\/v2\/types\/product"}],"replies":[{"embeddable":true,"href":"https:\/\/dersuessestopp.com\/hr\/wp-json\/wp\/v2\/comments?post=7241"}],"version-history":[{"count":2,"href":"https:\/\/dersuessestopp.com\/hr\/wp-json\/wp\/v2\/product\/7241\/revisions"}],"predecessor-version":[{"id":7245,"href":"https:\/\/dersuessestopp.com\/hr\/wp-json\/wp\/v2\/product\/7241\/revisions\/7245"}],"wp:featuredmedia":[{"embeddable":true,"href":"https:\/\/dersuessestopp.com\/hr\/wp-json\/wp\/v2\/media\/7242"}],"wp:attachment":[{"href":"https:\/\/dersuessestopp.com\/hr\/wp-json\/wp\/v2\/media?parent=7241"}],"wp:term":[{"taxonomy":"product_brand","embeddable":true,"href":"https:\/\/dersuessestopp.com\/hr\/wp-json\/wp\/v2\/product_brand?post=7241"},{"taxonomy":"product_cat","embeddable":true,"href":"https:\/\/dersuessestopp.com\/hr\/wp-json\/wp\/v2\/product_cat?post=7241"},{"taxonomy":"product_tag","embeddable":true,"href":"https:\/\/dersuessestopp.com\/hr\/wp-json\/wp\/v2\/product_tag?post=7241"}],"curies":[{"name":"wp","href":"https:\/\/api.w.org\/{rel}","templated":true}]}}