{"id":7237,"date":"2025-09-01T05:45:40","date_gmt":"2025-09-01T05:45:40","guid":{"rendered":"https:\/\/dersuessestopp.com\/?post_type=product&#038;p=7237"},"modified":"2025-09-01T05:45:50","modified_gmt":"2025-09-01T05:45:50","slug":"iglu-18","status":"publish","type":"product","link":"https:\/\/dersuessestopp.com\/hr\/product\/igloo-18\/","title":{"rendered":"IGLOO 18"},"content":{"rendered":"<p data-start=\"230\" data-end=\"583\">The <strong data-start=\"234\" data-end=\"246\">IGLOO 18<\/strong> je <strong data-start=\"252\" data-end=\"283\">stati\u010dki jumbo oto\u010dni zamrziva\u010d<\/strong> dizajniran za supermarkete i minimarkete, nude\u0107i <strong data-start=\"336\" data-end=\"361\">visoki kapacitet pohrane<\/strong>, <strong data-start=\"363\" data-end=\"407\">jednostavan pristup s kliznim poklopcima od ravnog stakla<\/strong>, i <strong data-start=\"413\" data-end=\"442\">automatsko odmrzavanje vru\u0107im plinom<\/strong>.<br data-start=\"443\" data-end=\"446\" \/>Njegovo <strong data-start=\"450\" data-end=\"512\">robusna prethodno obojena karoserija od lima s antikorozivnom obradom<\/strong> i <strong data-start=\"517\" data-end=\"550\">unutarnja obloga od reljefnog aluminija<\/strong> osigurati trajnost i higijenu.<\/p>\n<p data-start=\"585\" data-end=\"804\">Opremljen s <strong data-start=\"599\" data-end=\"615\">LED rasvjeta<\/strong>, <strong data-start=\"617\" data-end=\"642\">elektroni\u010dki termostat<\/strong>, i opcionalno <strong data-start=\"657\" data-end=\"691\">Smart Link WiFi daljinski upravlja\u010d<\/strong>, IGLOO 18 kombinira <strong data-start=\"715\" data-end=\"762\">u\u010dinkovitost, prakti\u010dnost i moderan dizajn<\/strong> za izlaganje i skladi\u0161tenje smrznutih proizvoda.<\/p>\n<h2 data-start=\"1434\" data-end=\"1465\"><strong data-start=\"1437\" data-end=\"1465\">Tehni\u010dke specifikacije<\/strong><\/h2>\n<div class=\"_tableContainer_1rjym_1\">\n<div class=\"_tableWrapper_1rjym_13 group flex w-fit flex-col-reverse\">\n<table>\n<thead>\n<tr>\n<th>Zna\u010dajka<\/th>\n<th>IGLOO 18<\/th>\n<\/tr>\n<\/thead>\n<tbody>\n<tr>\n<td><strong>Raspon temperature<\/strong><\/td>\n<td>-21 \u00b0C \/ -18 \u00b0C<\/td>\n<\/tr>\n<tr>\n<td><strong>Klimatski razred<\/strong><\/td>\n<td>3<\/td>\n<\/tr>\n<tr>\n<td><strong>Neto \/ Bruto volumen<\/strong><\/td>\n<td>436 L \/ 630 L<\/td>\n<\/tr>\n<tr>\n<td><strong>Sustav hla\u0111enja<\/strong><\/td>\n<td>Stati\u010dki<\/td>\n<\/tr>\n<tr>\n<td><strong>Odmrzavanje<\/strong><\/td>\n<td>Automatski (vru\u0107i plin) + Ru\u010dni<\/td>\n<\/tr>\n<tr>\n<td><strong>Tijelo (vanjska povr\u0161ina)<\/strong><\/td>\n<td>Prethodno obojeni lim s antikorozivnom obradom<\/td>\n<\/tr>\n<tr>\n<td><strong>Unutarnja obloga<\/strong><\/td>\n<td>Reljefni aluminij<\/td>\n<\/tr>\n<tr>\n<td><strong>Separatori<\/strong><\/td>\n<td>3<\/td>\n<\/tr>\n<tr>\n<td><strong>Ko\u0161are<\/strong><\/td>\n<td>Izborno<\/td>\n<\/tr>\n<tr>\n<td><strong>Termostat<\/strong><\/td>\n<td>Elektronika<\/td>\n<\/tr>\n<tr>\n<td><strong>Razina buke<\/strong><\/td>\n<td>61 dB<\/td>\n<\/tr>\n<tr>\n<td><strong>Pametna veza WiFi<\/strong><\/td>\n<td>Opcionalno (daljinski upravlja\u010d)<\/td>\n<\/tr>\n<tr>\n<td><strong>Debljina izolacije<\/strong><\/td>\n<td>65 mm<\/td>\n<\/tr>\n<tr>\n<td><strong>Rasvjeta<\/strong><\/td>\n<td>LED<\/td>\n<\/tr>\n<tr>\n<td><strong>Stopala<\/strong><\/td>\n<td>4 podesiva<\/td>\n<\/tr>\n<tr>\n<td><strong>Kota\u010di\u0107i<\/strong><\/td>\n<td>Izborno<\/td>\n<\/tr>\n<tr>\n<td><strong>Napon \/ Frekvencija<\/strong><\/td>\n<td>220\u2013240 V \/ 50 Hz<\/td>\n<\/tr>\n<tr>\n<td><strong>Rashladno sredstvo<\/strong><\/td>\n<td>R290 (ekolo\u0161ki prihvatljivo)<\/td>\n<\/tr>\n<tr>\n<td><strong>Apsorpcija snage<\/strong><\/td>\n<td>495 W<\/td>\n<\/tr>\n<tr>\n<td><strong>Potro\u0161nja energije<\/strong><\/td>\n<td>6,36 kWh \/ 24 sata<\/td>\n<\/tr>\n<tr>\n<td><strong>Neto \/ Bruto te\u017eina<\/strong><\/td>\n<td>130 \/ 160 kg<\/td>\n<\/tr>\n<\/tbody>\n<\/table>\n<h2 data-start=\"2320\" data-end=\"2337\"><strong data-start=\"2323\" data-end=\"2337\">Dimenzije<\/strong><\/h2>\n<div class=\"_tableContainer_1rjym_1\">\n<div class=\"_tableWrapper_1rjym_13 group flex w-fit flex-col-reverse\">\n<table>\n<thead>\n<tr>\n<th>Mjerenje<\/th>\n<th>IGLOO 18<\/th>\n<\/tr>\n<\/thead>\n<tbody>\n<tr>\n<td><strong>Vanjske dimenzije (\u0160xDxV)<\/strong><\/td>\n<td>1850 \u00d7 850 \u00d7 795 mm<\/td>\n<\/tr>\n<tr>\n<td><strong>Dimenzije pakiranja (\u0160xDxV)<\/strong><\/td>\n<td>1903 \u00d7 934 \u00d7 937 mm<\/td>\n<\/tr>\n<tr>\n<td><strong>Unutarnja \u0161irina (A)<\/strong><\/td>\n<td>1680 mm<\/td>\n<\/tr>\n<tr>\n<td><strong>Unutarnja dubina (B)<\/strong><\/td>\n<td>691 mm<\/td>\n<\/tr>\n<tr>\n<td><strong>Unutarnja visina (C)<\/strong><\/td>\n<td>660 mm<\/td>\n<\/tr>\n<tr>\n<td><strong>Min. visina (E)<\/strong><\/td>\n<td>400 mm<\/td>\n<\/tr>\n<tr>\n<td><strong>Min. \u0161irina (F)<\/strong><\/td>\n<td>1445 mm<\/td>\n<\/tr>\n<\/tbody>\n<\/table>\n<h2 data-start=\"2320\" data-end=\"2337\"><strong data-start=\"2323\" data-end=\"2337\">Opcije brendiranja\u00a0<\/strong><\/h2>\n<table>\n<thead>\n<tr>\n<th>Polo\u017eaj<\/th>\n<th>Dimenzije<\/th>\n<\/tr>\n<\/thead>\n<tbody>\n<tr>\n<td><strong>Desna strana<\/strong><\/td>\n<td>830 \u00d7 625 \/ 700 mm<\/td>\n<\/tr>\n<tr>\n<td><strong>Prednja naljepnica<\/strong><\/td>\n<td>1850 \u00d7 625 mm<\/td>\n<\/tr>\n<tr>\n<td><strong>Naljepnica za donje staklo<\/strong><\/td>\n<td>808 \u00d7 358 mm<\/td>\n<\/tr>\n<tr>\n<td><strong>Naljepnica za gornje staklo<\/strong><\/td>\n<td>775 \u00d7 345 mm<\/td>\n<\/tr>\n<\/tbody>\n<\/table>\n<\/div>\n<\/div>\n<\/div>\n<\/div>","protected":false},"excerpt":{"rendered":"<p>The IGLOO 18 is a static jumbo island freezer designed for supermarkets and minimarkets, offering high storage capacity, easy access with sliding flat glass lids, and automatic hot-gas defrost.Its robust pre-painted sheet body with anticorrosion treatment and embossed aluminum inner liner ensure durability and hygiene. Equipped with LED lighting, electronic thermostat, and optional Smart Link [&hellip;]<\/p>\n","protected":false},"featured_media":7238,"comment_status":"open","ping_status":"closed","template":"","meta":[],"product_brand":[],"product_cat":[50],"product_tag":[],"class_list":{"0":"post-7237","1":"product","2":"type-product","3":"status-publish","4":"has-post-thumbnail","6":"product_cat-minimarket-supermarket-cooling","8":"first","9":"instock","10":"shipping-taxable","11":"product-type-simple"},"_links":{"self":[{"href":"https:\/\/dersuessestopp.com\/hr\/wp-json\/wp\/v2\/product\/7237","targetHints":{"allow":["GET"]}}],"collection":[{"href":"https:\/\/dersuessestopp.com\/hr\/wp-json\/wp\/v2\/product"}],"about":[{"href":"https:\/\/dersuessestopp.com\/hr\/wp-json\/wp\/v2\/types\/product"}],"replies":[{"embeddable":true,"href":"https:\/\/dersuessestopp.com\/hr\/wp-json\/wp\/v2\/comments?post=7237"}],"version-history":[{"count":1,"href":"https:\/\/dersuessestopp.com\/hr\/wp-json\/wp\/v2\/product\/7237\/revisions"}],"predecessor-version":[{"id":7240,"href":"https:\/\/dersuessestopp.com\/hr\/wp-json\/wp\/v2\/product\/7237\/revisions\/7240"}],"wp:featuredmedia":[{"embeddable":true,"href":"https:\/\/dersuessestopp.com\/hr\/wp-json\/wp\/v2\/media\/7238"}],"wp:attachment":[{"href":"https:\/\/dersuessestopp.com\/hr\/wp-json\/wp\/v2\/media?parent=7237"}],"wp:term":[{"taxonomy":"product_brand","embeddable":true,"href":"https:\/\/dersuessestopp.com\/hr\/wp-json\/wp\/v2\/product_brand?post=7237"},{"taxonomy":"product_cat","embeddable":true,"href":"https:\/\/dersuessestopp.com\/hr\/wp-json\/wp\/v2\/product_cat?post=7237"},{"taxonomy":"product_tag","embeddable":true,"href":"https:\/\/dersuessestopp.com\/hr\/wp-json\/wp\/v2\/product_tag?post=7237"}],"curies":[{"name":"wp","href":"https:\/\/api.w.org\/{rel}","templated":true}]}}