{"id":7232,"date":"2025-09-01T05:38:08","date_gmt":"2025-09-01T05:38:08","guid":{"rendered":"https:\/\/dersuessestopp.com\/?post_type=product&#038;p=7232"},"modified":"2025-10-08T19:11:14","modified_gmt":"2025-10-08T19:11:14","slug":"sommelier-8","status":"publish","type":"product","link":"https:\/\/dersuessestopp.com\/hr\/product\/sommelier-8\/","title":{"rendered":"SOMELIER 8"},"content":{"rendered":"<p data-start=\"202\" data-end=\"544\"><img fetchpriority=\"high\" decoding=\"async\" class=\"alignnone wp-image-11542 size-full\" src=\"https:\/\/dersuessestopp.com\/wp-content\/uploads\/2025\/09\/SOMMELIER-4.jpg\" alt=\"\" width=\"2000\" height=\"600\" srcset=\"https:\/\/dersuessestopp.com\/wp-content\/uploads\/2025\/09\/SOMMELIER-4.jpg 2000w, https:\/\/dersuessestopp.com\/wp-content\/uploads\/2025\/09\/SOMMELIER-4-300x90.jpg 300w, https:\/\/dersuessestopp.com\/wp-content\/uploads\/2025\/09\/SOMMELIER-4-1024x307.jpg 1024w, https:\/\/dersuessestopp.com\/wp-content\/uploads\/2025\/09\/SOMMELIER-4-768x230.jpg 768w, https:\/\/dersuessestopp.com\/wp-content\/uploads\/2025\/09\/SOMMELIER-4-1536x461.jpg 1536w, https:\/\/dersuessestopp.com\/wp-content\/uploads\/2025\/09\/SOMMELIER-4-250x75.jpg 250w, https:\/\/dersuessestopp.com\/wp-content\/uploads\/2025\/09\/SOMMELIER-4-600x180.jpg 600w\" sizes=\"(max-width: 2000px) 100vw, 2000px\" \/><\/p>\n<p data-start=\"202\" data-end=\"544\">The <strong data-start=\"206\" data-end=\"221\">SOMELIER 8<\/strong> je elegantan, kompaktan hladnjak za vino dizajniran za pohranu do <strong data-start=\"280\" data-end=\"302\">8 boca (klasa 75)<\/strong> pod idealnim uvjetima. S elegantnim <strong data-start=\"343\" data-end=\"372\">vrata od punog stakla bez okvira<\/strong>, napredni <strong data-start=\"383\" data-end=\"409\">termoelektri\u010dno hla\u0111enje<\/strong>, i <strong data-start=\"415\" data-end=\"444\">elektroni\u010dke kontrole na dodir<\/strong>, to je savr\u0161eno rje\u0161enje za ljubitelje vina koji \u017eele profesionalno skladi\u0161tenje u malom prostoru.<\/p>\n<h3 data-start=\"1174\" data-end=\"1206\"><strong data-start=\"1178\" data-end=\"1206\">Tehni\u010dke specifikacije<\/strong><\/h3>\n<div class=\"_tableContainer_1rjym_1\">\n<div class=\"_tableWrapper_1rjym_13 group flex w-fit flex-col-reverse\">\n<table>\n<thead>\n<tr>\n<th>Zna\u010dajka<\/th>\n<th>SOMELIER 8<\/th>\n<\/tr>\n<\/thead>\n<tbody>\n<tr>\n<td><strong>Kapacitet (boce klasa 75)<\/strong><\/td>\n<td>8<\/td>\n<\/tr>\n<tr>\n<td><strong>Raspon temperature<\/strong><\/td>\n<td>+8 \u00b0C do +18 \u00b0C<\/td>\n<\/tr>\n<tr>\n<td><strong>Sustav hla\u0111enja<\/strong><\/td>\n<td>Termoelektri\u010dni<\/td>\n<\/tr>\n<tr>\n<td><strong>Odmrzavanje<\/strong><\/td>\n<td>Automatski<\/td>\n<\/tr>\n<tr>\n<td><strong>Vrata<\/strong><\/td>\n<td>Bezokvirno puno staklo (crna zavr\u0161na obrada)<\/td>\n<\/tr>\n<tr>\n<td><strong>Police<\/strong><\/td>\n<td>Kromirano, uklonjivo<\/td>\n<\/tr>\n<tr>\n<td><strong>Rasvjeta<\/strong><\/td>\n<td>Unutarnja LED rasvjeta<\/td>\n<\/tr>\n<tr>\n<td><strong>Upravlja\u010dki sustav<\/strong><\/td>\n<td>Elektroni\u010dka dodirna plo\u010da<\/td>\n<\/tr>\n<tr>\n<td><strong>Razina buke<\/strong><\/td>\n<td>33 dB (tihi rad)<\/td>\n<\/tr>\n<tr>\n<td><strong>Neto volumen<\/strong><\/td>\n<td>~25 l<\/td>\n<\/tr>\n<tr>\n<td><strong>Energetska u\u010dinkovitost<\/strong><\/td>\n<td>Niska potro\u0161nja energije<\/td>\n<\/tr>\n<tr>\n<td><strong>Napon<\/strong><\/td>\n<td>220\u2013240 V<\/td>\n<\/tr>\n<tr>\n<td><strong>Frekvencija<\/strong><\/td>\n<td>50 Hz<\/td>\n<\/tr>\n<tr>\n<td><strong>Potro\u0161nja energije<\/strong><\/td>\n<td>~70 W<\/td>\n<\/tr>\n<tr>\n<td><strong>Rashladno sredstvo<\/strong><\/td>\n<td>Ekolo\u0161ki prihvatljivo (bez CFC-a)<\/td>\n<\/tr>\n<\/tbody>\n<\/table>\n<h3 data-start=\"1848\" data-end=\"1875\"><strong data-start=\"1852\" data-end=\"1875\">Dimenzije i te\u017eina<\/strong><\/h3>\n<div class=\"_tableContainer_1rjym_1\">\n<div class=\"_tableWrapper_1rjym_13 group flex w-fit flex-col-reverse\">\n<table>\n<thead>\n<tr>\n<th>Tip<\/th>\n<th>Mjerenje<\/th>\n<\/tr>\n<\/thead>\n<tbody>\n<tr>\n<td><strong>Dimenzije jedinice (mm)<\/strong><\/td>\n<td>475 (V) \u00d7 252 (\u0160) \u00d7 500 (D)<\/td>\n<\/tr>\n<tr>\n<td><strong>Dimenzije pakiranja (mm)<\/strong><\/td>\n<td>525 \u00d7 305 \u00d7 545<\/td>\n<\/tr>\n<tr>\n<td><strong>Neto \/ Bruto te\u017eina<\/strong><\/td>\n<td>9 kg \/ 11 kg<\/td>\n<\/tr>\n<\/tbody>\n<\/table>\n<\/div>\n<\/div>\n<\/div>\n<\/div>","protected":false},"excerpt":{"rendered":"<p>The SOMMELIER 8 is a stylish, compact wine cooler designed to store up to 8 bottles (cl. 75) under ideal conditions. With an elegant frameless full-glass door, advanced thermoelectric cooling, and electronic touch controls, it is the perfect solution for wine lovers who want professional-grade storage in a small space. Technical Specifications Feature SOMMELIER 8 [&hellip;]<\/p>\n","protected":false},"featured_media":7233,"comment_status":"open","ping_status":"closed","template":"","meta":[],"product_brand":[],"product_cat":[49],"product_tag":[],"class_list":{"0":"post-7232","1":"product","2":"type-product","3":"status-publish","4":"has-post-thumbnail","6":"product_cat-wine-fridges","8":"first","9":"instock","10":"shipping-taxable","11":"product-type-simple"},"_links":{"self":[{"href":"https:\/\/dersuessestopp.com\/hr\/wp-json\/wp\/v2\/product\/7232","targetHints":{"allow":["GET"]}}],"collection":[{"href":"https:\/\/dersuessestopp.com\/hr\/wp-json\/wp\/v2\/product"}],"about":[{"href":"https:\/\/dersuessestopp.com\/hr\/wp-json\/wp\/v2\/types\/product"}],"replies":[{"embeddable":true,"href":"https:\/\/dersuessestopp.com\/hr\/wp-json\/wp\/v2\/comments?post=7232"}],"version-history":[{"count":3,"href":"https:\/\/dersuessestopp.com\/hr\/wp-json\/wp\/v2\/product\/7232\/revisions"}],"predecessor-version":[{"id":11651,"href":"https:\/\/dersuessestopp.com\/hr\/wp-json\/wp\/v2\/product\/7232\/revisions\/11651"}],"wp:featuredmedia":[{"embeddable":true,"href":"https:\/\/dersuessestopp.com\/hr\/wp-json\/wp\/v2\/media\/7233"}],"wp:attachment":[{"href":"https:\/\/dersuessestopp.com\/hr\/wp-json\/wp\/v2\/media?parent=7232"}],"wp:term":[{"taxonomy":"product_brand","embeddable":true,"href":"https:\/\/dersuessestopp.com\/hr\/wp-json\/wp\/v2\/product_brand?post=7232"},{"taxonomy":"product_cat","embeddable":true,"href":"https:\/\/dersuessestopp.com\/hr\/wp-json\/wp\/v2\/product_cat?post=7232"},{"taxonomy":"product_tag","embeddable":true,"href":"https:\/\/dersuessestopp.com\/hr\/wp-json\/wp\/v2\/product_tag?post=7232"}],"curies":[{"name":"wp","href":"https:\/\/api.w.org\/{rel}","templated":true}]}}