{"id":7221,"date":"2025-09-01T05:23:00","date_gmt":"2025-09-01T05:23:00","guid":{"rendered":"https:\/\/dersuessestopp.com\/?post_type=product&#038;p=7221"},"modified":"2025-10-08T19:12:32","modified_gmt":"2025-10-08T19:12:32","slug":"sommelier-4","status":"publish","type":"product","link":"https:\/\/dersuessestopp.com\/hr\/product\/sommelier-4\/","title":{"rendered":"SOMELIER 4"},"content":{"rendered":"<p data-start=\"198\" data-end=\"500\"><img fetchpriority=\"high\" decoding=\"async\" class=\"alignnone wp-image-11542 size-full\" src=\"https:\/\/dersuessestopp.com\/wp-content\/uploads\/2025\/09\/SOMMELIER-4.jpg\" alt=\"\" width=\"2000\" height=\"600\" srcset=\"https:\/\/dersuessestopp.com\/wp-content\/uploads\/2025\/09\/SOMMELIER-4.jpg 2000w, https:\/\/dersuessestopp.com\/wp-content\/uploads\/2025\/09\/SOMMELIER-4-300x90.jpg 300w, https:\/\/dersuessestopp.com\/wp-content\/uploads\/2025\/09\/SOMMELIER-4-1024x307.jpg 1024w, https:\/\/dersuessestopp.com\/wp-content\/uploads\/2025\/09\/SOMMELIER-4-768x230.jpg 768w, https:\/\/dersuessestopp.com\/wp-content\/uploads\/2025\/09\/SOMMELIER-4-1536x461.jpg 1536w, https:\/\/dersuessestopp.com\/wp-content\/uploads\/2025\/09\/SOMMELIER-4-250x75.jpg 250w, https:\/\/dersuessestopp.com\/wp-content\/uploads\/2025\/09\/SOMMELIER-4-600x180.jpg 600w\" sizes=\"(max-width: 2000px) 100vw, 2000px\" \/><\/p>\n<p data-start=\"198\" data-end=\"500\">The <strong data-start=\"202\" data-end=\"220\">Linija sommeliera<\/strong> je profesionalno rje\u0161enje za poslu\u017eivanje i \u010duvanje vina, dostupno u <strong data-start=\"296\" data-end=\"324\">Modeli za 4, 6 ili 8 boca<\/strong>. Dizajnirani za restorane, vinske barove i ku\u0161aonice, ovi dispenzeri kombiniraju <strong data-start=\"407\" data-end=\"447\">elegantna konstrukcija od nehr\u0111aju\u0107eg \u010delika<\/strong> s naprednim <strong data-start=\"462\" data-end=\"497\">tehnologija digitalnog to\u010denja vina<\/strong>.<\/p>\n<p data-start=\"502\" data-end=\"775\">The <strong data-start=\"506\" data-end=\"545\">sustav za o\u010duvanje du\u0161ika (E941)<\/strong> sprje\u010dava oksidaciju i odr\u017eava izvorne karakteristike vina do <strong data-start=\"625\" data-end=\"638\">3\u20134 tjedna<\/strong> nakon otvaranja. Svaka boca je opremljena <strong data-start=\"685\" data-end=\"706\">digitalni dozator<\/strong>, \u0161to omogu\u0107uje kontrolirane i prilagodljive doze poslu\u017eivanja (zadano 75 ml).<\/p>\n<p data-start=\"777\" data-end=\"948\">Jedinice imaju <strong data-start=\"795\" data-end=\"861\">neovisna elektroni\u010dka regulacija temperature (+4 \u00b0C \/ +18 \u00b0C)<\/strong>, <strong data-start=\"863\" data-end=\"883\">LED osvjetljenje<\/strong>, <strong data-start=\"885\" data-end=\"909\">staklena vrata koja se mogu zaklju\u010dati<\/strong>, i <strong data-start=\"917\" data-end=\"945\">tihi kompresorski sustav<\/strong>.<\/p>\n<h2 data-start=\"955\" data-end=\"970\"><strong data-start=\"958\" data-end=\"970\">Kapacitet<\/strong><\/h2>\n<table>\n<thead>\n<tr>\n<th>Model<\/th>\n<th>Kapacitet boce<\/th>\n<\/tr>\n<\/thead>\n<tbody>\n<tr>\n<td>Sommelier 4<\/td>\n<td>4 boce<\/td>\n<\/tr>\n<tr>\n<td>Sommelier 6<\/td>\n<td>6 boca<\/td>\n<\/tr>\n<tr>\n<td>Sommelier 8<\/td>\n<td>8 boca<\/td>\n<\/tr>\n<\/tbody>\n<\/table>\n<h2 data-start=\"1117\" data-end=\"1134\"><strong data-start=\"1120\" data-end=\"1134\">Dimenzije<\/strong><\/h2>\n<div class=\"_tableContainer_1rjym_1\">\n<div class=\"_tableWrapper_1rjym_13 group flex w-fit flex-col-reverse\">\n<table>\n<thead>\n<tr>\n<th>Specifikacija<\/th>\n<th>Sommelier 4<\/th>\n<th>Sommelier 6<\/th>\n<th>Sommelier 8<\/th>\n<\/tr>\n<\/thead>\n<tbody>\n<tr>\n<td>Vanjske dimenzije (\u0160xDxV mm)<\/td>\n<td>650 \u00d7 325 \u00d7 610<\/td>\n<td>845 \u00d7 380 \u00d7 641<\/td>\n<td>1002 \u00d7 359 \u00d7 645<\/td>\n<\/tr>\n<tr>\n<td>Dimenzije pakiranja (\u0160xDxV mm)<\/td>\n<td>715 \u00d7 390 \u00d7 755<\/td>\n<td>910 \u00d7 440 \u00d7 800<\/td>\n<td>1070 \u00d7 430 \u00d7 800<\/td>\n<\/tr>\n<tr>\n<td>Naljepnica za staklo (mm)<\/td>\n<td>233,5 \u00d7 447 (x2)<\/td>\n<td>333 \u00d7 477,5 (x2)<\/td>\n<td>413,5 \u00d7 477,5 (x2)<\/td>\n<\/tr>\n<tr>\n<td>Neto \/ Bruto te\u017eina<\/td>\n<td>40 \/ 43 kg<\/td>\n<td>51 \/ 55 kg<\/td>\n<td>54 \/ 58,5 kg<\/td>\n<\/tr>\n<\/tbody>\n<\/table>\n<h2 data-start=\"1588\" data-end=\"1613\"><strong data-start=\"1591\" data-end=\"1613\">Tehni\u010dke zna\u010dajke<\/strong><\/h2>\n<div class=\"_tableContainer_1rjym_1\">\n<div class=\"_tableWrapper_1rjym_13 group flex w-fit flex-col-reverse\">\n<table>\n<thead>\n<tr>\n<th>Zna\u010dajka<\/th>\n<th>Sommelier 4<\/th>\n<th>Sommelier 6<\/th>\n<th>Sommelier 8<\/th>\n<\/tr>\n<\/thead>\n<tbody>\n<tr>\n<td>Raspon temperature<\/td>\n<td>+4 \u00b0C do +18 \u00b0C<\/td>\n<td>+4 \u00b0C do +18 \u00b0C<\/td>\n<td>+4 \u00b0C do +18 \u00b0C<\/td>\n<\/tr>\n<tr>\n<td>Klimatski razred<\/td>\n<td>3<\/td>\n<td>3<\/td>\n<td>3<\/td>\n<\/tr>\n<tr>\n<td>Vanjsko tijelo<\/td>\n<td>Nehr\u0111aju\u0107i \u010delik<\/td>\n<td>Nehr\u0111aju\u0107i \u010delik<\/td>\n<td>Nehr\u0111aju\u0107i \u010delik<\/td>\n<\/tr>\n<tr>\n<td>Unutarnja obloga<\/td>\n<td>Nehr\u0111aju\u0107i \u010delik<\/td>\n<td>Nehr\u0111aju\u0107i \u010delik<\/td>\n<td>Nehr\u0111aju\u0107i \u010delik<\/td>\n<\/tr>\n<tr>\n<td>Termostat<\/td>\n<td>Elektronika<\/td>\n<td>Elektronika<\/td>\n<td>Elektronika<\/td>\n<\/tr>\n<tr>\n<td>Razina buke<\/td>\n<td>40 dB<\/td>\n<td>40 dB<\/td>\n<td>40 dB<\/td>\n<\/tr>\n<tr>\n<td>Odmrzavanje<\/td>\n<td>Automatski (zaustavljanje kompresora)<\/td>\n<td>Automatski (zaustavljanje kompresora)<\/td>\n<td>Automatski (zaustavljanje kompresora)<\/td>\n<\/tr>\n<tr>\n<td>Rashladni sustav<\/td>\n<td>Tihi kompresor<\/td>\n<td>Tihi kompresor<\/td>\n<td>Tihi kompresor<\/td>\n<\/tr>\n<tr>\n<td>Rasvjeta<\/td>\n<td>4 LED diode<\/td>\n<td>4 LED diode<\/td>\n<td>4 LED diode<\/td>\n<\/tr>\n<tr>\n<td>Brava i klju\u010d<\/td>\n<td>Da<\/td>\n<td>Da<\/td>\n<td>Da<\/td>\n<\/tr>\n<tr>\n<td>Kota\u010di\u0107i \/ No\u017eice<\/td>\n<td>1,8 metara<\/td>\n<td>1,8 metara<\/td>\n<td>1,8 metara<\/td>\n<\/tr>\n<tr>\n<td>Monta\u017ea<\/td>\n<td>Uklju\u010di i koristi<\/td>\n<td>Uklju\u010di i koristi<\/td>\n<td>Uklju\u010di i koristi<\/td>\n<\/tr>\n<tr>\n<td>Dispenzer<\/td>\n<td>Digitalno<\/td>\n<td>Digitalno<\/td>\n<td>Digitalno<\/td>\n<\/tr>\n<tr>\n<td>Sustav za pohranu<\/td>\n<td>Du\u0161ik E941 (bez boce, 950 ml)<\/td>\n<td>Du\u0161ik E941 (bez boce, 950 ml)<\/td>\n<td>Du\u0161ik E941 (bez boce, 950 ml)<\/td>\n<\/tr>\n<tr>\n<td>Razdoblje skladi\u0161tenja vina<\/td>\n<td>3\u20134 tjedna<\/td>\n<td>3\u20134 tjedna<\/td>\n<td>3\u20134 tjedna<\/td>\n<\/tr>\n<tr>\n<td>Podesiva doza<\/td>\n<td>Zadano 75 ml<\/td>\n<td>Zadano 75 ml<\/td>\n<td>Zadano 75 ml<\/td>\n<\/tr>\n<tr>\n<td>Napon<\/td>\n<td>220\u2013240 V<\/td>\n<td>220\u2013240 V<\/td>\n<td>220\u2013240 V<\/td>\n<\/tr>\n<tr>\n<td>Frekvencija<\/td>\n<td>50 Hz<\/td>\n<td>50 Hz<\/td>\n<td>50 Hz<\/td>\n<\/tr>\n<tr>\n<td>Rashladno sredstvo<\/td>\n<td>R600A<\/td>\n<td>R600A<\/td>\n<td>R600A<\/td>\n<\/tr>\n<tr>\n<td>Apsorpcija<\/td>\n<td>95 W<\/td>\n<td>100 W<\/td>\n<td>105 W<\/td>\n<\/tr>\n<tr>\n<td>Potro\u0161nja energije<\/td>\n<td>0,36 kWh\/24 h<\/td>\n<td>0,36 kWh\/24 h<\/td>\n<td>0,35 kWh\/24 h<\/td>\n<\/tr>\n<\/tbody>\n<\/table>\n<\/div>\n<\/div>\n<\/div>\n<\/div>","protected":false},"excerpt":{"rendered":"<p>The Sommelier Line is a professional solution for wine service and preservation, available in 4, 6, or 8 bottle models. Designed for restaurants, wine bars, and tasting rooms, these dispensers combine elegant stainless-steel construction with advanced digital wine pouring technology. The nitrogen preservation system (E941) prevents oxidation and maintains the wine\u2019s original characteristics for up [&hellip;]<\/p>\n","protected":false},"featured_media":7224,"comment_status":"open","ping_status":"closed","template":"","meta":[],"product_brand":[],"product_cat":[49],"product_tag":[],"class_list":{"0":"post-7221","1":"product","2":"type-product","3":"status-publish","4":"has-post-thumbnail","6":"product_cat-wine-fridges","8":"first","9":"instock","10":"shipping-taxable","11":"product-type-simple"},"_links":{"self":[{"href":"https:\/\/dersuessestopp.com\/hr\/wp-json\/wp\/v2\/product\/7221","targetHints":{"allow":["GET"]}}],"collection":[{"href":"https:\/\/dersuessestopp.com\/hr\/wp-json\/wp\/v2\/product"}],"about":[{"href":"https:\/\/dersuessestopp.com\/hr\/wp-json\/wp\/v2\/types\/product"}],"replies":[{"embeddable":true,"href":"https:\/\/dersuessestopp.com\/hr\/wp-json\/wp\/v2\/comments?post=7221"}],"version-history":[{"count":4,"href":"https:\/\/dersuessestopp.com\/hr\/wp-json\/wp\/v2\/product\/7221\/revisions"}],"predecessor-version":[{"id":11543,"href":"https:\/\/dersuessestopp.com\/hr\/wp-json\/wp\/v2\/product\/7221\/revisions\/11543"}],"wp:featuredmedia":[{"embeddable":true,"href":"https:\/\/dersuessestopp.com\/hr\/wp-json\/wp\/v2\/media\/7224"}],"wp:attachment":[{"href":"https:\/\/dersuessestopp.com\/hr\/wp-json\/wp\/v2\/media?parent=7221"}],"wp:term":[{"taxonomy":"product_brand","embeddable":true,"href":"https:\/\/dersuessestopp.com\/hr\/wp-json\/wp\/v2\/product_brand?post=7221"},{"taxonomy":"product_cat","embeddable":true,"href":"https:\/\/dersuessestopp.com\/hr\/wp-json\/wp\/v2\/product_cat?post=7221"},{"taxonomy":"product_tag","embeddable":true,"href":"https:\/\/dersuessestopp.com\/hr\/wp-json\/wp\/v2\/product_tag?post=7221"}],"curies":[{"name":"wp","href":"https:\/\/api.w.org\/{rel}","templated":true}]}}